{"id":851,"date":"2023-09-14T11:30:36","date_gmt":"2023-09-14T09:30:36","guid":{"rendered":"https:\/\/webs.uab.cat\/setmanainnovacio\/?page_id=851"},"modified":"2024-03-01T11:38:44","modified_gmt":"2024-03-01T09:38:44","slug":"innovacio-social","status":"publish","type":"page","link":"https:\/\/webs.uab.cat\/setmanainnovacio\/activitats-2023\/innovacio-social\/","title":{"rendered":"Activitats"},"content":{"rendered":"\n<div class=\"wp-block-columns is-layout-flex wp-container-core-columns-is-layout-9d6595d7 wp-block-columns-is-layout-flex\">\n<div class=\"wp-block-column has-blanc-coco-color has-text-color is-layout-flow wp-block-column-is-layout-flow\" style=\"flex-basis:30%\">\n<h6 class=\"wp-block-heading has-negre-eben-background-color has-background\">17 d&#8217;OCTUBRE<\/h6>\n<\/div>\n\n\n\n<div class=\"wp-block-column is-layout-flow wp-block-column-is-layout-flow\">\n<h3 class=\"wp-block-heading has-larger-font-size\">Innovaci\u00f3 social i transformativa: una nova manera d\u2019enfocar els reptes socials, econ\u00f2mics i ambientals<\/h3>\n<\/div>\n<\/div>\n\n\n\n<p><strong>Lloc<\/strong>: <a href=\"https:\/\/goo.gl\/maps\/dLYTjTnTLHL1z8LR8?coh=178571&amp;entry=tt\">Hotel Exe&nbsp;<\/a><a rel=\"noreferrer noopener\" href=\"https:\/\/goo.gl\/maps\/dLYTjTnTLHL1z8LR8?coh=178571&amp;entry=tt\" target=\"_blank\">Campus<\/a><br><strong>Hora<\/strong>: de 15 h a 15:30 h<\/p>\n\n\n\n<p>En un context on hem de fer front a reptes globals, la innovaci\u00f3 social i transformativa pret\u00e9n alinear m\u00faltiples actors per a donar-hi resposta, tot buscant pr\u00e0ctiques alternatives a les actuals, per transformar els sistemes de provisi\u00f3 de b\u00e9ns i serveis i orientar-los cap a un model socioecon\u00f2mic m\u00e9s resilient, verd, just i inclusiu.<\/p>\n\n\n\n<p>La Xarxa de Labs del Vall\u00e8s organitza aquesta taula rodona per donar l\u2019oportunitat a persones emprenedores, empreses, organitzacions, associacions, personal investigador, educadors, inversors, a fer diagnosis compartides sobre els reptes que ens afecten, a m\u00e9s de codissenyar, experimentar i implementar solucions i pr\u00e0ctiques alternatives a les actuals.<\/p>\n","protected":false},"excerpt":{"rendered":"<p>17 d&#8217;OCTUBRE Innovaci\u00f3 social i transformativa: una nova manera d\u2019enfocar els reptes socials, econ\u00f2mics i ambientals Lloc: Hotel Exe&nbsp;CampusHora: de 15 h a 15:30 h En un context on hem de fer front a reptes globals, la innovaci\u00f3 social i transformativa pret\u00e9n alinear m\u00faltiples actors per a donar-hi resposta, tot buscant pr\u00e0ctiques alternatives a les [&hellip;]<\/p>\n","protected":false},"author":73,"featured_media":0,"parent":4,"menu_order":0,"comment_status":"closed","ping_status":"closed","template":"","meta":{"footnotes":""},"class_list":["post-851","page","type-page","status-publish","hentry"],"_links":{"self":[{"href":"https:\/\/webs.uab.cat\/setmanainnovacio\/wp-json\/wp\/v2\/pages\/851","targetHints":{"allow":["GET"]}}],"collection":[{"href":"https:\/\/webs.uab.cat\/setmanainnovacio\/wp-json\/wp\/v2\/pages"}],"about":[{"href":"https:\/\/webs.uab.cat\/setmanainnovacio\/wp-json\/wp\/v2\/types\/page"}],"author":[{"embeddable":true,"href":"https:\/\/webs.uab.cat\/setmanainnovacio\/wp-json\/wp\/v2\/users\/73"}],"replies":[{"embeddable":true,"href":"https:\/\/webs.uab.cat\/setmanainnovacio\/wp-json\/wp\/v2\/comments?post=851"}],"version-history":[{"count":5,"href":"https:\/\/webs.uab.cat\/setmanainnovacio\/wp-json\/wp\/v2\/pages\/851\/revisions"}],"predecessor-version":[{"id":1091,"href":"https:\/\/webs.uab.cat\/setmanainnovacio\/wp-json\/wp\/v2\/pages\/851\/revisions\/1091"}],"up":[{"embeddable":true,"href":"https:\/\/webs.uab.cat\/setmanainnovacio\/wp-json\/wp\/v2\/pages\/4"}],"wp:attachment":[{"href":"https:\/\/webs.uab.cat\/setmanainnovacio\/wp-json\/wp\/v2\/media?parent=851"}],"curies":[{"name":"wp","href":"https:\/\/api.w.org\/{rel}","templated":true}]}}