{"id":871,"date":"2023-09-18T12:07:48","date_gmt":"2023-09-18T10:07:48","guid":{"rendered":"https:\/\/webs.uab.cat\/setmanainnovacio\/?page_id=871"},"modified":"2023-09-18T12:07:48","modified_gmt":"2023-09-18T10:07:48","slug":"portes-obertes-audiolab","status":"publish","type":"page","link":"https:\/\/webs.uab.cat\/setmanainnovacio\/activitats-2023\/portes-obertes-audiolab\/","title":{"rendered":"Activitats"},"content":{"rendered":"\n<div class=\"wp-block-columns is-layout-flex wp-container-core-columns-is-layout-9d6595d7 wp-block-columns-is-layout-flex\">\n<div class=\"wp-block-column has-blanc-coco-color has-text-color is-layout-flow wp-block-column-is-layout-flow\" style=\"flex-basis:30%\">\n<h6 class=\"wp-block-heading has-negre-eben-background-color has-background\">19 d&#8217;OCTUBRE<\/h6>\n<\/div>\n\n\n\n<div class=\"wp-block-column is-layout-flow wp-block-column-is-layout-flow\">\n<h3 class=\"wp-block-heading has-larger-font-size\">Portes Obertes a l&#8217;\u00c0udioLab<\/h3>\n<\/div>\n<\/div>\n\n\n\n<p><strong>Lloc<\/strong>: \u00c0udio Lab (Facultat de Filosofia i Lletres)<br><strong>Hora<\/strong>: Tot el dia<\/p>\n\n\n\n<p>L\u2019<a href=\"https:\/\/www.uab.cat\/web\/espais\/medialab-1345875801737.html\" target=\"_blank\" rel=\"noreferrer noopener\">\u00c0udio Lab<\/a>, \u00e9s un aut\u00e8ntic estudi de gravaci\u00f3, amagat en el rac\u00f3 m\u00e9s inesperat del Campus. Dues sales d\u2019enregistrament on podr\u00e0s gravar fins a 18 canals de forma simult\u00e0nia. On t\u2019oferim la possibilitat de crear la teva pr\u00f2pia m\u00fasica com un professional, aix\u00ed com de digitalitzar qualsevol element sonor: veus, instruments musicals i sons procedents d\u2019altres fonts, com aquells que es poden enregistrar fent \u00fas de la gravadora de 360 graus.<\/p>\n\n\n\n<p>Capacitant-te en l\u2019\u00fas d\u2019aquest equipament, descobrir\u00e0s tot un univers de possibles aplicacions: fon\u00e8tica, dicci\u00f3, mapes de sons, producci\u00f3 musical, etc.&nbsp;Els sons ens envolten i ens transporten en el temps i l\u2019espai.<\/p>\n\n\n\n<p>Descobreix l\u2019univers sonor de la UAB.<\/p>\n","protected":false},"excerpt":{"rendered":"<p>19 d&#8217;OCTUBRE Portes Obertes a l&#8217;\u00c0udioLab Lloc: \u00c0udio Lab (Facultat de Filosofia i Lletres)Hora: Tot el dia L\u2019\u00c0udio Lab, \u00e9s un aut\u00e8ntic estudi de gravaci\u00f3, amagat en el rac\u00f3 m\u00e9s inesperat del Campus. Dues sales d\u2019enregistrament on podr\u00e0s gravar fins a 18 canals de forma simult\u00e0nia. On t\u2019oferim la possibilitat de crear la teva pr\u00f2pia [&hellip;]<\/p>\n","protected":false},"author":73,"featured_media":0,"parent":4,"menu_order":0,"comment_status":"closed","ping_status":"closed","template":"","meta":{"footnotes":""},"class_list":["post-871","page","type-page","status-publish","hentry"],"_links":{"self":[{"href":"https:\/\/webs.uab.cat\/setmanainnovacio\/wp-json\/wp\/v2\/pages\/871","targetHints":{"allow":["GET"]}}],"collection":[{"href":"https:\/\/webs.uab.cat\/setmanainnovacio\/wp-json\/wp\/v2\/pages"}],"about":[{"href":"https:\/\/webs.uab.cat\/setmanainnovacio\/wp-json\/wp\/v2\/types\/page"}],"author":[{"embeddable":true,"href":"https:\/\/webs.uab.cat\/setmanainnovacio\/wp-json\/wp\/v2\/users\/73"}],"replies":[{"embeddable":true,"href":"https:\/\/webs.uab.cat\/setmanainnovacio\/wp-json\/wp\/v2\/comments?post=871"}],"version-history":[{"count":2,"href":"https:\/\/webs.uab.cat\/setmanainnovacio\/wp-json\/wp\/v2\/pages\/871\/revisions"}],"predecessor-version":[{"id":904,"href":"https:\/\/webs.uab.cat\/setmanainnovacio\/wp-json\/wp\/v2\/pages\/871\/revisions\/904"}],"up":[{"embeddable":true,"href":"https:\/\/webs.uab.cat\/setmanainnovacio\/wp-json\/wp\/v2\/pages\/4"}],"wp:attachment":[{"href":"https:\/\/webs.uab.cat\/setmanainnovacio\/wp-json\/wp\/v2\/media?parent=871"}],"curies":[{"name":"wp","href":"https:\/\/api.w.org\/{rel}","templated":true}]}}