{"id":893,"date":"2023-09-18T10:29:32","date_gmt":"2023-09-18T08:29:32","guid":{"rendered":"https:\/\/webs.uab.cat\/setmanainnovacio\/?page_id=893"},"modified":"2023-09-18T12:03:11","modified_gmt":"2023-09-18T10:03:11","slug":"inauguracio","status":"publish","type":"page","link":"https:\/\/webs.uab.cat\/setmanainnovacio\/activitats-2023\/inauguracio\/","title":{"rendered":"Activitats"},"content":{"rendered":"\n<div class=\"wp-block-columns is-layout-flex wp-container-core-columns-is-layout-9d6595d7 wp-block-columns-is-layout-flex\">\n<div class=\"wp-block-column has-blanc-coco-color has-text-color is-layout-flow wp-block-column-is-layout-flow\" style=\"flex-basis:30%\">\n<h6 class=\"wp-block-heading has-negre-eben-background-color has-background\">16 d&#8217;OCTUBRE<\/h6>\n<\/div>\n\n\n\n<div class=\"wp-block-column is-layout-flow wp-block-column-is-layout-flow\">\n<h3 class=\"wp-block-heading has-larger-font-size\">Inauguraci\u00f3 de la Setmana de la Innovaci\u00f3<\/h3>\n<\/div>\n<\/div>\n\n\n\n<p><strong>Lloc<\/strong>: pla\u00e7a C\u00edvica del campus de la UAB<br><strong>Hora<\/strong>: de 12 h a 14 h<\/p>\n\n\n\n<p>Per inaugurar la Setmana de la Innovaci\u00f3, la pla\u00e7a C\u00edvica acollir\u00e0 una mostra de tecnologies i prototips innovadores dels grups i centres de recerca del campus.  <\/p>\n","protected":false},"excerpt":{"rendered":"<p>16 d&#8217;OCTUBRE Inauguraci\u00f3 de la Setmana de la Innovaci\u00f3 Lloc: pla\u00e7a C\u00edvica del campus de la UABHora: de 12 h a 14 h Per inaugurar la Setmana de la Innovaci\u00f3, la pla\u00e7a C\u00edvica acollir\u00e0 una mostra de tecnologies i prototips innovadores dels grups i centres de recerca del campus.<\/p>\n","protected":false},"author":73,"featured_media":0,"parent":4,"menu_order":0,"comment_status":"closed","ping_status":"closed","template":"","meta":{"footnotes":""},"class_list":["post-893","page","type-page","status-publish","hentry"],"_links":{"self":[{"href":"https:\/\/webs.uab.cat\/setmanainnovacio\/wp-json\/wp\/v2\/pages\/893","targetHints":{"allow":["GET"]}}],"collection":[{"href":"https:\/\/webs.uab.cat\/setmanainnovacio\/wp-json\/wp\/v2\/pages"}],"about":[{"href":"https:\/\/webs.uab.cat\/setmanainnovacio\/wp-json\/wp\/v2\/types\/page"}],"author":[{"embeddable":true,"href":"https:\/\/webs.uab.cat\/setmanainnovacio\/wp-json\/wp\/v2\/users\/73"}],"replies":[{"embeddable":true,"href":"https:\/\/webs.uab.cat\/setmanainnovacio\/wp-json\/wp\/v2\/comments?post=893"}],"version-history":[{"count":1,"href":"https:\/\/webs.uab.cat\/setmanainnovacio\/wp-json\/wp\/v2\/pages\/893\/revisions"}],"predecessor-version":[{"id":894,"href":"https:\/\/webs.uab.cat\/setmanainnovacio\/wp-json\/wp\/v2\/pages\/893\/revisions\/894"}],"up":[{"embeddable":true,"href":"https:\/\/webs.uab.cat\/setmanainnovacio\/wp-json\/wp\/v2\/pages\/4"}],"wp:attachment":[{"href":"https:\/\/webs.uab.cat\/setmanainnovacio\/wp-json\/wp\/v2\/media?parent=893"}],"curies":[{"name":"wp","href":"https:\/\/api.w.org\/{rel}","templated":true}]}}