{"id":935,"date":"2023-09-27T10:10:09","date_gmt":"2023-09-27T08:10:09","guid":{"rendered":"https:\/\/webs.uab.cat\/setmanainnovacio\/?page_id=935"},"modified":"2024-03-01T11:37:57","modified_gmt":"2024-03-01T09:37:57","slug":"innovacio-sector-alimentari","status":"publish","type":"page","link":"https:\/\/webs.uab.cat\/setmanainnovacio\/activitats-2023\/innovacio-sector-alimentari\/","title":{"rendered":"Activitats"},"content":{"rendered":"\n<div class=\"wp-block-columns is-layout-flex wp-container-core-columns-is-layout-9d6595d7 wp-block-columns-is-layout-flex\">\n<div class=\"wp-block-column has-blanc-coco-color has-text-color is-layout-flow wp-block-column-is-layout-flow\" style=\"flex-basis:30%\">\n<h6 class=\"wp-block-heading has-negre-eben-background-color has-background\">17 d&#8217;OCTUBRE<\/h6>\n<\/div>\n\n\n\n<div class=\"wp-block-column is-layout-flow wp-block-column-is-layout-flow\">\n<h3 class=\"wp-block-heading has-larger-font-size\">Taller de cocreaci\u00f3: innovaci\u00f3 en el sector alimentari mitjan\u00e7ant la implementaci\u00f3 d\u2019eines fot\u00f2niques <\/h3>\n<\/div>\n<\/div>\n\n\n\n<p><strong>Lloc<\/strong>: <a href=\"https:\/\/goo.gl\/maps\/dLYTjTnTLHL1z8LR8?coh=178571&amp;entry=tt\">Hotel Exe&nbsp;<\/a><a rel=\"noreferrer noopener\" href=\"https:\/\/goo.gl\/maps\/dLYTjTnTLHL1z8LR8?coh=178571&amp;entry=tt\" target=\"_blank\">Campus<\/a><br><strong>Hora<\/strong>: de 13 h a 14 h<\/p>\n\n\n\n<p>En el marc del projecte de Demostraci\u00f3 \u201cOpenLab Food-sensors\u201d (operaci\u00f3 01.02.01 de Transfer\u00e8ncia Tecnol\u00f2gica del Programa de desenvolupament rural de Catalunya, 2014-2022), el Centre Especial d&#8217;Investigaci\u00f3 Planta de Tecnologia dels Aliments (CERTA UAB) organitza aquest taller de cocreaci\u00f3, que t\u00e9 com a objectiu posar llum a temes clau que impulsin la implementaci\u00f3 de t\u00e8cniques fot\u00f2niques en processos productius i en el control de la qualitat dels aliments.<\/p>\n\n\n\n<p>El taller est\u00e0 dirigit a personal investigador, empreses i entitats.<\/p>\n","protected":false},"excerpt":{"rendered":"<p>17 d&#8217;OCTUBRE Taller de cocreaci\u00f3: innovaci\u00f3 en el sector alimentari mitjan\u00e7ant la implementaci\u00f3 d\u2019eines fot\u00f2niques Lloc: Hotel Exe&nbsp;CampusHora: de 13 h a 14 h En el marc del projecte de Demostraci\u00f3 \u201cOpenLab Food-sensors\u201d (operaci\u00f3 01.02.01 de Transfer\u00e8ncia Tecnol\u00f2gica del Programa de desenvolupament rural de Catalunya, 2014-2022), el Centre Especial d&#8217;Investigaci\u00f3 Planta de Tecnologia dels Aliments [&hellip;]<\/p>\n","protected":false},"author":73,"featured_media":0,"parent":4,"menu_order":0,"comment_status":"closed","ping_status":"closed","template":"","meta":{"footnotes":""},"class_list":["post-935","page","type-page","status-publish","hentry"],"_links":{"self":[{"href":"https:\/\/webs.uab.cat\/setmanainnovacio\/wp-json\/wp\/v2\/pages\/935","targetHints":{"allow":["GET"]}}],"collection":[{"href":"https:\/\/webs.uab.cat\/setmanainnovacio\/wp-json\/wp\/v2\/pages"}],"about":[{"href":"https:\/\/webs.uab.cat\/setmanainnovacio\/wp-json\/wp\/v2\/types\/page"}],"author":[{"embeddable":true,"href":"https:\/\/webs.uab.cat\/setmanainnovacio\/wp-json\/wp\/v2\/users\/73"}],"replies":[{"embeddable":true,"href":"https:\/\/webs.uab.cat\/setmanainnovacio\/wp-json\/wp\/v2\/comments?post=935"}],"version-history":[{"count":6,"href":"https:\/\/webs.uab.cat\/setmanainnovacio\/wp-json\/wp\/v2\/pages\/935\/revisions"}],"predecessor-version":[{"id":1089,"href":"https:\/\/webs.uab.cat\/setmanainnovacio\/wp-json\/wp\/v2\/pages\/935\/revisions\/1089"}],"up":[{"embeddable":true,"href":"https:\/\/webs.uab.cat\/setmanainnovacio\/wp-json\/wp\/v2\/pages\/4"}],"wp:attachment":[{"href":"https:\/\/webs.uab.cat\/setmanainnovacio\/wp-json\/wp\/v2\/media?parent=935"}],"curies":[{"name":"wp","href":"https:\/\/api.w.org\/{rel}","templated":true}]}}