{"id":344,"date":"2022-08-15T11:07:42","date_gmt":"2022-08-15T11:07:42","guid":{"rendered":"https:\/\/webs.uab.cat\/shcv\/?page_id=344"},"modified":"2022-09-19T11:15:49","modified_gmt":"2022-09-19T11:15:49","slug":"presentacio","status":"publish","type":"page","link":"https:\/\/webs.uab.cat\/shcv\/ca\/","title":{"rendered":"Presentaci\u00f3"},"content":{"rendered":"\n<p class=\"has-text-align-center has-primary-color has-text-color has-background\" style=\"background-color:#7030a029;text-transform:uppercase\"><strong>EL SERVEI D&#8217;HEMATOLOGIA CL\u00cdNICA VETERIN\u00c0RIA <\/strong> <\/p>\n\n\n\n<p>El Servei d&#8217;Hematologia Cl\u00ednica Veterin\u00e0ria (SHCV)&nbsp;de la Universitat Aut\u00f2noma de Barcelona (UAB), es va recon\u00e8ixer com a laboratori de prestaci\u00f3 de serveis (S3) l&#8217;any 2002 (Junta de Govern del 31 de gener), al no existir fins llavors cap altre laboratori especialitzat en hematologia animal en aquesta universitat. Aquest laboratori funcionava des de 1990, encara que no de forma oficialment reconeguda. El seu reconeixement com S3 ha perm\u00e8s oferir una s\u00e8rie de prestacions de qualitat tant a investigadors de la pr\u00f2pia UAB com a investigadors d&#8217;altres organismes p\u00fablics i a empreses privades.<br><br>El&nbsp;SHCV&nbsp;ofereix un servei de diagn\u00f2stic&nbsp;biopatol\u00f2gic a la fundaci\u00f3 de l&#8217;Hospital Cl\u00ednic Veterinari (FHCV)&nbsp;de la UAB, a grups de recerca de la Facultat de Veterin\u00e0ria de la UAB, a veterinaris cl\u00ednics, a empreses i a centres de recerca, dins i fora de la universitat.<br><br>Les activitats b\u00e0siques d&#8217;aquest servei s\u00f3n el diagn\u00f2stic&nbsp;laboratorial&nbsp;de mostres biol\u00f2giques d&#8217;origen animal, hematologies, proves de coagulaci\u00f3, an\u00e0lisis de l\u00edquids corporals, l&#8217;examen citol\u00f2gic de masses, i citometria de flux. El Servei col\u00b7labora tamb\u00e9 en la doc\u00e8ncia, participant en la part te\u00f2ric- pr\u00e0ctica de diverses assignatures del grau de veterin\u00e0ria.<\/p>\n","protected":false},"excerpt":{"rendered":"<p>EL SERVEI D&#8217;HEMATOLOGIA CL\u00cdNICA VETERIN\u00c0RIA El Servei d&#8217;Hematologia Cl\u00ednica Veterin\u00e0ria (SHCV)&nbsp;de la Universitat Aut\u00f2noma de Barcelona (UAB), es va recon\u00e8ixer com a laboratori de prestaci\u00f3 de serveis (S3) l&#8217;any 2002 (Junta de Govern del 31 de gener), al no existir fins llavors cap altre laboratori especialitzat en hematologia animal en aquesta universitat. Aquest laboratori funcionava [&hellip;]<\/p>\n","protected":false},"author":20,"featured_media":0,"parent":0,"menu_order":0,"comment_status":"closed","ping_status":"closed","template":"","meta":{"footnotes":""},"class_list":["post-344","page","type-page","status-publish","hentry"],"_links":{"self":[{"href":"https:\/\/webs.uab.cat\/shcv\/ca\/wp-json\/wp\/v2\/pages\/344","targetHints":{"allow":["GET"]}}],"collection":[{"href":"https:\/\/webs.uab.cat\/shcv\/ca\/wp-json\/wp\/v2\/pages"}],"about":[{"href":"https:\/\/webs.uab.cat\/shcv\/ca\/wp-json\/wp\/v2\/types\/page"}],"author":[{"embeddable":true,"href":"https:\/\/webs.uab.cat\/shcv\/ca\/wp-json\/wp\/v2\/users\/20"}],"replies":[{"embeddable":true,"href":"https:\/\/webs.uab.cat\/shcv\/ca\/wp-json\/wp\/v2\/comments?post=344"}],"version-history":[{"count":5,"href":"https:\/\/webs.uab.cat\/shcv\/ca\/wp-json\/wp\/v2\/pages\/344\/revisions"}],"predecessor-version":[{"id":438,"href":"https:\/\/webs.uab.cat\/shcv\/ca\/wp-json\/wp\/v2\/pages\/344\/revisions\/438"}],"wp:attachment":[{"href":"https:\/\/webs.uab.cat\/shcv\/ca\/wp-json\/wp\/v2\/media?parent=344"}],"curies":[{"name":"wp","href":"https:\/\/api.w.org\/{rel}","templated":true}]}}