{"id":272,"date":"2022-08-15T11:07:42","date_gmt":"2022-08-15T11:07:42","guid":{"rendered":"https:\/\/webs.uab.cat\/shcv\/?page_id=272"},"modified":"2023-02-15T11:23:49","modified_gmt":"2023-02-15T11:23:49","slug":"presentacion","status":"publish","type":"page","link":"https:\/\/webs.uab.cat\/shcv\/","title":{"rendered":"Presentaci\u00f3n"},"content":{"rendered":"\n<p>El Servicio de Hematolog\u00eda Cl\u00ednica Veterinaria (SHCV) es,&nbsp;desde el a\u00f1o 2002, un&nbsp;laboratorio de prestaci\u00f3n de servicios (S3) de la Universidad Aut\u00f3noma de Barcelona (UAB). Se centra en el diagn\u00f3stico laboratorial de muestras biol\u00f3gicas de origen animal (hematolog\u00eda,&nbsp;pruebas de coagulaci\u00f3n y tromboelastograf\u00eda, an\u00e1lisis de l\u00edquidos corporales,&nbsp;examen citol\u00f3gico de masas&nbsp;y tipificaci\u00f3n de leucemias), la investigaci\u00f3n aplicada en biopatolog\u00eda cl\u00ednica de animales dom\u00e9sticos, salvajes y de experimentaci\u00f3n, la valoraci\u00f3n de nuevos analizadores hematol\u00f3gicos para su uso veterinario, el control de calidad laboratorial y el apoyo a la docencia. Ofrece sus servicios tanto a veterinarios y empresas privadas como a investigadores de la propia UAB&nbsp; y de otros organismos p\u00fablicos.<\/p>\n\n\n\n<h2 class=\"wp-block-heading\"><strong>Servicios del SHCV<\/strong><\/h2>\n\n\n\n<p><em><strong>Diagn\u00f3stico laboratorial de muestras biol\u00f3gicas de origen animal<\/strong><\/em><em>.&nbsp;<\/em>Analizamos muestras biol\u00f3gicas de diferentes especies animales (hematolog\u00eda, pruebas de coagulaci\u00f3n y tromboelastograf\u00eda, an\u00e1lisis de l\u00edquidos corporales, citolog\u00eda de masas y tipificaci\u00f3n de leucemias). Nuestro cometido es proporcionar resultados laboratoriales de gran fiabilidad, con un control estricto de calidad y trazabilidad.<\/p>\n\n\n\n<p><em><strong>Apoyo a la docencia de futuros veterinarios, veterinarios graduados y formaci\u00f3n de residentes<\/strong><\/em>&nbsp;<strong>(\u201c<\/strong><strong>Diplomate in Veterinary Clinical Pathology\u201d\/ECVCP).<\/strong>&nbsp;El SHCV colabora en la docencia de varias asignaturas del Grado en Veterinaria, de la Universidad Aut\u00f3noma de Barcelona. Acogemos a alumnos que habi\u00e9ndose ya graduado, quieran obtener una formaci\u00f3n complementaria en el laboratorio cl\u00ednico. Nuestro laboratorio est\u00e1 reconocido por el&nbsp;<em>Europen College of Veterinary Clinical Pathology<\/em>&nbsp;para formar a los candidatos que quieran presentarse al examen para obtener el t\u00edtulo de&nbsp;<em>Diplomate in Veterinary Clinical Pathology<\/em>.<\/p>\n\n\n\n<p><em><strong>Asesoramiento<\/strong><\/em><em>.&nbsp;<\/em>Con casi 30 a\u00f1os de experiencia, damos apoyo a veterinarios, investigadores y empresas p\u00fablicas y privadas, que lo requieran, en la interpretaci\u00f3n de resultados de datos biopatol\u00f3gicos obtenidos de las muestras remitidas. Aportamos nuestra experiencia y apoyo a las propuestas de proyectos en temas como la valoraci\u00f3n de nuevos analizadores hematol\u00f3gicos en el mercado o el control de calidad de los mismos.<\/p>\n","protected":false},"excerpt":{"rendered":"<p>El Servicio de Hematolog\u00eda Cl\u00ednica Veterinaria (SHCV) es,&nbsp;desde el a\u00f1o 2002, un&nbsp;laboratorio de prestaci\u00f3n de servicios (S3) de la Universidad Aut\u00f3noma de Barcelona (UAB). Se centra en el diagn\u00f3stico laboratorial de muestras biol\u00f3gicas de origen animal (hematolog\u00eda,&nbsp;pruebas de coagulaci\u00f3n y tromboelastograf\u00eda, an\u00e1lisis de l\u00edquidos corporales,&nbsp;examen citol\u00f3gico de masas&nbsp;y tipificaci\u00f3n de leucemias), la investigaci\u00f3n aplicada en [&hellip;]<\/p>\n","protected":false},"author":20,"featured_media":0,"parent":0,"menu_order":0,"comment_status":"closed","ping_status":"closed","template":"","meta":{"footnotes":""},"class_list":["post-272","page","type-page","status-publish","hentry"],"_links":{"self":[{"href":"https:\/\/webs.uab.cat\/shcv\/wp-json\/wp\/v2\/pages\/272","targetHints":{"allow":["GET"]}}],"collection":[{"href":"https:\/\/webs.uab.cat\/shcv\/wp-json\/wp\/v2\/pages"}],"about":[{"href":"https:\/\/webs.uab.cat\/shcv\/wp-json\/wp\/v2\/types\/page"}],"author":[{"embeddable":true,"href":"https:\/\/webs.uab.cat\/shcv\/wp-json\/wp\/v2\/users\/20"}],"replies":[{"embeddable":true,"href":"https:\/\/webs.uab.cat\/shcv\/wp-json\/wp\/v2\/comments?post=272"}],"version-history":[{"count":4,"href":"https:\/\/webs.uab.cat\/shcv\/wp-json\/wp\/v2\/pages\/272\/revisions"}],"predecessor-version":[{"id":576,"href":"https:\/\/webs.uab.cat\/shcv\/wp-json\/wp\/v2\/pages\/272\/revisions\/576"}],"wp:attachment":[{"href":"https:\/\/webs.uab.cat\/shcv\/wp-json\/wp\/v2\/media?parent=272"}],"curies":[{"name":"wp","href":"https:\/\/api.w.org\/{rel}","templated":true}]}}