{"id":276,"date":"2022-08-15T11:10:24","date_gmt":"2022-08-15T11:10:24","guid":{"rendered":"https:\/\/webs.uab.cat\/shcv\/?page_id=276"},"modified":"2025-01-28T11:55:13","modified_gmt":"2025-01-28T11:55:13","slug":"analisis","status":"publish","type":"page","link":"https:\/\/webs.uab.cat\/shcv\/analisis\/","title":{"rendered":"An\u00e1lisis"},"content":{"rendered":"\n<h2 class=\"wp-block-heading\"><strong>Hematolog\u00eda&nbsp;<\/strong><\/h2>\n\n\n\n<ul class=\"wp-block-list\">\n<li>Hemograma completo y estudio del frotis sangu\u00edneo (mam\u00edferos)\u00a0<\/li>\n\n\n\n<li>Hemograma  sin estudio del frotis\u00a0sangu\u00edneo (mam\u00edferos)\u00a0<\/li>\n\n\n\n<li>Estudio del frotis sangu\u00edneo te\u00f1ido (mam\u00edferos)\u00a0<\/li>\n\n\n\n<li>Hemograma completo y fibrin\u00f3geno manual (mam\u00edferos)\u00a0<\/li>\n\n\n\n<li>Estudio del \u2018Buffy-coat\u2019\u00a0<\/li>\n\n\n\n<li>Valor hematocrito (mam\u00edferos)\u00a0<\/li>\n\n\n\n<li>Valor hematocrito y prote\u00ednas totales (mam\u00edferos)\u00a0<\/li>\n\n\n\n<li>Recuento de reticulocitos (mam\u00edferos)\u00a0<\/li>\n\n\n\n<li>Hemograma completo y estudio del frotis sangu\u00edneo (peces, aves y reptiles)\u00a0<\/li>\n\n\n\n<li>Hemograma completo sin el estudio del frotis sangu\u00edneo te\u00f1ido (pecesm aves y reptiles)\u00a0<\/li>\n\n\n\n<li>Estudio del frotis sangu\u00edneo te\u00f1ido (peces, aves y reptiles)\u00a0<\/li>\n\n\n\n<li>Recuento de eritrocitos (aves y reptiles)\u00a0<\/li>\n\n\n\n<li>Recuento de leucocitos (aves y reptiles)\u00a0<\/li>\n\n\n\n<li>Concentraci\u00f3n de hemoglobina (mam\u00edferos, aves y reptiles)\u00a0<\/li>\n\n\n\n<li>Valor hematocrito y prote\u00ednas totales (aves y reptiles)\u00a0<\/li>\n\n\n\n<li>Prueba de compatibilidad sangu\u00ednea (Cross-matching)\u00a0<\/li>\n\n\n\n<li>Tipificaci\u00f3n del grupo sangu\u00edneo felino\u00a0<\/li>\n\n\n\n<li>Tipificaci\u00f3n del grupo sangu\u00edneo canino\u00a0<\/li>\n\n\n\n<li>Test de Coombs canino\u00a0<\/li>\n\n\n\n<li>Sangre oculta en heces\u00a0<\/li>\n<\/ul>\n\n\n\n<h2 class=\"wp-block-heading\"><strong>Coagulaci\u00f3n&nbsp;<\/strong><\/h2>\n\n\n\n<ul class=\"wp-block-list\">\n<li>Tromboelastograf\u00eda\u00a0(TEG)\u00a0<\/li>\n\n\n\n<li>Perfil de coagulaci\u00f3n (PT,\u00a0PTTa\u00a0y fibrin\u00f3geno)\u00a0<\/li>\n\n\n\n<li>Tiempo de protrombina (PT) y Tiempo de tromboplastina parcial activado (PTTa)\u00a0<\/li>\n\n\n\n<li>Tiempo de protrombina (PT)\u00a0<\/li>\n\n\n\n<li>Tiempo de tromboplastina parcial activado (PTTa)\u00a0<\/li>\n\n\n\n<li>Fibrin\u00f3geno (coagul\u00f3metro)\u00a0<\/li>\n\n\n\n<li>Fibrin\u00f3geno (manual)\u00a0<\/li>\n\n\n\n<li>Prueba de compatibilidad sangu\u00ednea (Cross-matching)\u00a0<\/li>\n<\/ul>\n\n\n\n<h2 class=\"wp-block-heading\"><strong>Urian\u00e1lisis&nbsp;<\/strong><\/h2>\n\n\n\n<ul class=\"wp-block-list\">\n<li>An\u00e1lisis de orina\u00a0<\/li>\n\n\n\n<li>Sedimento urinario\u00a0<\/li>\n<\/ul>\n\n\n\n<h2 class=\"wp-block-heading\"><strong>Citolog\u00eda de muestras&nbsp;<\/strong><\/h2>\n\n\n\n<ul class=\"wp-block-list\">\n<li>An\u00e1lisis\u00a0de l\u00edquidos org\u00e1nicos:\u00a0<\/li>\n\n\n\n<li>Lavado traqueal\/broncoalveolar\u00a0<\/li>\n\n\n\n<li>L\u00edquido sinovial\u00a0<\/li>\n\n\n\n<li>L\u00edquido peritoneal\u00a0<\/li>\n\n\n\n<li>L\u00edquido peric\u00e1rdico\u00a0<\/li>\n\n\n\n<li>L\u00edquido\u202fpleural\u00a0<\/li>\n\n\n\n<li>L\u00edquido\u00a0Cefalorraqu\u00eddeo\u00a0<\/li>\n\n\n\n<li>Otros<\/li>\n\n\n\n<li>Estudio m\u00e9dula \u00f3sea\u00a0<\/li>\n\n\n\n<li>Estudio m\u00e9dula \u00f3sea + biopsia m\u00e9dula \u00f3sea\u00a0<\/li>\n\n\n\n<li>Estudio citol\u00f3gico \u00f3rgano o n\u00f3dulo \u00fanico (&lt;\u202f10 preparaciones)\u00a0<\/li>\n\n\n\n<li>Estudio citol\u00f3gico \u00f3rgano o n\u00f3dulo \u00fanico\u00a0( 10\u00a0\u00f3\u00a0m\u00e1s preparaciones)\u00a0<\/li>\n\n\n\n<li>Estudio citol\u00f3gico\u202f(m\u00faltiples \u00f3rganos\u202fo tejido adicional)\u00a0<\/li>\n<\/ul>\n\n\n\n<h2 class=\"wp-block-heading has-large-font-size\"><strong>Citometr\u00eda de flujo&nbsp;<\/strong><\/h2>\n\n\n\n<h2 class=\"wp-block-heading has-small-font-size\">Nuevo horario de env\u00edo de muestras de lunes a jueves antes de las 10h, para urgencias fuera del horario contactar con el laboratorio. <\/h2>\n\n\n\n<ul class=\"wp-block-list\">\n<li>Inmunofenotipaje\u00a0por citometr\u00eda de flujo (Canina)\u00a0<strong>\u00a1Nuevos paneles con m\u00e1s anticuerpos para mayor pron\u00f3stico (Ki67), estadiaje&#8230;<\/strong> !<\/li>\n\n\n\n<li>Inmunofenotipaje\u00a0por citometr\u00eda de flujo (Felina)\u00a0<\/li>\n<\/ul>\n\n\n\n<figure class=\"wp-block-image size-full\"><img loading=\"lazy\" decoding=\"async\" width=\"954\" height=\"225\" src=\"https:\/\/webs.uab.cat\/shcv\/wp-content\/uploads\/sites\/173\/2022\/11\/image-2.png\" alt=\"\" class=\"wp-image-534\" srcset=\"https:\/\/webs.uab.cat\/shcv\/wp-content\/uploads\/sites\/173\/2022\/11\/image-2.png 954w, https:\/\/webs.uab.cat\/shcv\/wp-content\/uploads\/sites\/173\/2022\/11\/image-2-300x71.png 300w, https:\/\/webs.uab.cat\/shcv\/wp-content\/uploads\/sites\/173\/2022\/11\/image-2-768x181.png 768w\" sizes=\"auto, (max-width: 954px) 100vw, 954px\" \/><\/figure>\n\n\n","protected":false},"excerpt":{"rendered":"<p>Hematolog\u00eda&nbsp; Coagulaci\u00f3n&nbsp; Urian\u00e1lisis&nbsp; Citolog\u00eda de muestras&nbsp; Citometr\u00eda de flujo&nbsp; Nuevo horario de env\u00edo de muestras de lunes a jueves antes de las 10h, para urgencias fuera del horario contactar con el laboratorio.<\/p>\n","protected":false},"author":20,"featured_media":0,"parent":0,"menu_order":0,"comment_status":"closed","ping_status":"closed","template":"","meta":{"footnotes":""},"class_list":["post-276","page","type-page","status-publish","hentry"],"_links":{"self":[{"href":"https:\/\/webs.uab.cat\/shcv\/wp-json\/wp\/v2\/pages\/276","targetHints":{"allow":["GET"]}}],"collection":[{"href":"https:\/\/webs.uab.cat\/shcv\/wp-json\/wp\/v2\/pages"}],"about":[{"href":"https:\/\/webs.uab.cat\/shcv\/wp-json\/wp\/v2\/types\/page"}],"author":[{"embeddable":true,"href":"https:\/\/webs.uab.cat\/shcv\/wp-json\/wp\/v2\/users\/20"}],"replies":[{"embeddable":true,"href":"https:\/\/webs.uab.cat\/shcv\/wp-json\/wp\/v2\/comments?post=276"}],"version-history":[{"count":8,"href":"https:\/\/webs.uab.cat\/shcv\/wp-json\/wp\/v2\/pages\/276\/revisions"}],"predecessor-version":[{"id":617,"href":"https:\/\/webs.uab.cat\/shcv\/wp-json\/wp\/v2\/pages\/276\/revisions\/617"}],"wp:attachment":[{"href":"https:\/\/webs.uab.cat\/shcv\/wp-json\/wp\/v2\/media?parent=276"}],"curies":[{"name":"wp","href":"https:\/\/api.w.org\/{rel}","templated":true}]}}