{"id":280,"date":"2022-08-15T11:11:35","date_gmt":"2022-08-15T11:11:35","guid":{"rendered":"https:\/\/webs.uab.cat\/shcv\/?page_id=280"},"modified":"2022-08-16T07:06:41","modified_gmt":"2022-08-16T07:06:41","slug":"personal","status":"publish","type":"page","link":"https:\/\/webs.uab.cat\/shcv\/personal\/","title":{"rendered":"Personal"},"content":{"rendered":"\n<p><a href=\"https:\/\/webs.uab.cat\/shcv\/directores\/\" data-type=\"page\" data-id=\"282\">Directores<\/a><\/p>\n\n\n\n<p><a href=\"https:\/\/webs.uab.cat\/shcv\/personal-de-administracion-y-servicios\/\" data-type=\"page\" data-id=\"284\">Personal de adminsitraci\u00f3n y servicios<\/a><\/p>\n\n\n\n<p><a href=\"https:\/\/webs.uab.cat\/shcv\/residentes-de-patologia-clinica\/\" data-type=\"page\" data-id=\"286\">Residentes de Patolog\u00eda Cl\u00ednica<\/a><\/p>\n\n\n\n<p><a href=\"https:\/\/webs.uab.cat\/shcv\/visitantes\/\" data-type=\"page\" data-id=\"289\">Visitantes<\/a><\/p>\n","protected":false},"excerpt":{"rendered":"<p>Directores Personal de adminsitraci\u00f3n y servicios Residentes de Patolog\u00eda Cl\u00ednica Visitantes<\/p>\n","protected":false},"author":20,"featured_media":0,"parent":0,"menu_order":0,"comment_status":"closed","ping_status":"closed","template":"","meta":{"footnotes":""},"class_list":["post-280","page","type-page","status-publish","hentry"],"_links":{"self":[{"href":"https:\/\/webs.uab.cat\/shcv\/wp-json\/wp\/v2\/pages\/280","targetHints":{"allow":["GET"]}}],"collection":[{"href":"https:\/\/webs.uab.cat\/shcv\/wp-json\/wp\/v2\/pages"}],"about":[{"href":"https:\/\/webs.uab.cat\/shcv\/wp-json\/wp\/v2\/types\/page"}],"author":[{"embeddable":true,"href":"https:\/\/webs.uab.cat\/shcv\/wp-json\/wp\/v2\/users\/20"}],"replies":[{"embeddable":true,"href":"https:\/\/webs.uab.cat\/shcv\/wp-json\/wp\/v2\/comments?post=280"}],"version-history":[{"count":2,"href":"https:\/\/webs.uab.cat\/shcv\/wp-json\/wp\/v2\/pages\/280\/revisions"}],"predecessor-version":[{"id":378,"href":"https:\/\/webs.uab.cat\/shcv\/wp-json\/wp\/v2\/pages\/280\/revisions\/378"}],"wp:attachment":[{"href":"https:\/\/webs.uab.cat\/shcv\/wp-json\/wp\/v2\/media?parent=280"}],"curies":[{"name":"wp","href":"https:\/\/api.w.org\/{rel}","templated":true}]}}