{"id":289,"date":"2022-08-15T11:14:30","date_gmt":"2022-08-15T11:14:30","guid":{"rendered":"https:\/\/webs.uab.cat\/shcv\/?page_id=289"},"modified":"2022-08-15T11:14:30","modified_gmt":"2022-08-15T11:14:30","slug":"visitantes","status":"publish","type":"page","link":"https:\/\/webs.uab.cat\/shcv\/visitantes\/","title":{"rendered":"Visitantes"},"content":{"rendered":"\n<h2 class=\"wp-block-heading\"><strong>Requisitos para realizar una estancia en el Servicio de Hematolog\u00eda Cl\u00ednica Veterinaria (SHCV) <\/strong><\/h2>\n\n\n\n<p>El solicitante deber\u00e1:<\/p>\n\n\n\n<ol class=\"wp-block-list\"><li>Rellenar con sus datos personales el documento adjunto y enviarlo al correo electr\u00f3nico del SHCV. (mail:<a href=\"mailto:shcv@uab.cat\">shcv@uab.cat<\/a>).<\/li><li>En el caso de que venga avalado por una instituci\u00f3n universitaria o un centro de investigaci\u00f3n hacer constar el centro y el nombre del proyecto.<\/li><li>Aceptar la normativa del laboratorio y cumplir con las tareas que se le asignen durante su estancia.<\/li><li>Acreditar:<\/li><\/ol>\n\n\n\n<ul class=\"wp-block-list\"><li>Tener el Grado de Veterinaria.<\/li><li>Seguro de accidentes durante la realizaci\u00f3n de la estancia.<\/li><li>Cobertura de gastos de desplazamiento.<\/li><li>Cobertura de gastos de manutenci\u00f3n y alojamiento.<\/li><\/ul>\n\n\n\n<p>Una vez admitido, se le proporcionar\u00e1 informaci\u00f3n m\u00e1s detallada sobre su estancia.<\/p>\n\n\n\n<p>En el caso de que las fechas propuestas por el\/la visitante no est\u00e9n disponibles se le propondr\u00edan unas fechas alternativas.<\/p>\n\n\n\n<p>Arxiu adjunt:&nbsp;<\/p>\n\n\n\n<p><img decoding=\"async\" src=\"https:\/\/sct.uab.cat\/shcv\/modules\/file\/icons\/application-pdf.png\" alt=\"Icono PDF\">\u00a0<a href=\"https:\/\/webs.uab.cat\/shcv\/wp-content\/uploads\/sites\/173\/2022\/08\/solicitud_visitantes.pdf\" data-type=\"attachment\" data-id=\"265\">solicitud_visitantes.pdf<\/a><\/p>\n","protected":false},"excerpt":{"rendered":"<p>Requisitos para realizar una estancia en el Servicio de Hematolog\u00eda Cl\u00ednica Veterinaria (SHCV) El solicitante deber\u00e1: Rellenar con sus datos personales el documento adjunto y enviarlo al correo electr\u00f3nico del SHCV. (mail:shcv@uab.cat). En el caso de que venga avalado por una instituci\u00f3n universitaria o un centro de investigaci\u00f3n hacer constar el centro y el nombre [&hellip;]<\/p>\n","protected":false},"author":20,"featured_media":0,"parent":0,"menu_order":0,"comment_status":"closed","ping_status":"closed","template":"","meta":{"footnotes":""},"class_list":["post-289","page","type-page","status-publish","hentry"],"_links":{"self":[{"href":"https:\/\/webs.uab.cat\/shcv\/wp-json\/wp\/v2\/pages\/289","targetHints":{"allow":["GET"]}}],"collection":[{"href":"https:\/\/webs.uab.cat\/shcv\/wp-json\/wp\/v2\/pages"}],"about":[{"href":"https:\/\/webs.uab.cat\/shcv\/wp-json\/wp\/v2\/types\/page"}],"author":[{"embeddable":true,"href":"https:\/\/webs.uab.cat\/shcv\/wp-json\/wp\/v2\/users\/20"}],"replies":[{"embeddable":true,"href":"https:\/\/webs.uab.cat\/shcv\/wp-json\/wp\/v2\/comments?post=289"}],"version-history":[{"count":1,"href":"https:\/\/webs.uab.cat\/shcv\/wp-json\/wp\/v2\/pages\/289\/revisions"}],"predecessor-version":[{"id":290,"href":"https:\/\/webs.uab.cat\/shcv\/wp-json\/wp\/v2\/pages\/289\/revisions\/290"}],"wp:attachment":[{"href":"https:\/\/webs.uab.cat\/shcv\/wp-json\/wp\/v2\/media?parent=289"}],"curies":[{"name":"wp","href":"https:\/\/api.w.org\/{rel}","templated":true}]}}