{"id":291,"date":"2022-08-15T11:14:50","date_gmt":"2022-08-15T11:14:50","guid":{"rendered":"https:\/\/webs.uab.cat\/shcv\/?page_id=291"},"modified":"2022-11-18T13:15:55","modified_gmt":"2022-11-18T13:15:55","slug":"remision-de-muestras","status":"publish","type":"page","link":"https:\/\/webs.uab.cat\/shcv\/remision-de-muestras\/","title":{"rendered":"Remisi\u00f3n de muestras"},"content":{"rendered":"\n<ul class=\"wp-block-list\"><li>Hematolog\u00eda<\/li><li>Coagulaci\u00f3n<\/li><li>Citolog\u00eda<\/li><li>Citometr\u00eda<\/li><\/ul>\n","protected":false},"excerpt":{"rendered":"<p>Hematolog\u00eda Coagulaci\u00f3n Citolog\u00eda Citometr\u00eda<\/p>\n","protected":false},"author":20,"featured_media":0,"parent":0,"menu_order":0,"comment_status":"closed","ping_status":"closed","template":"","meta":{"footnotes":""},"class_list":["post-291","page","type-page","status-publish","hentry"],"_links":{"self":[{"href":"https:\/\/webs.uab.cat\/shcv\/wp-json\/wp\/v2\/pages\/291","targetHints":{"allow":["GET"]}}],"collection":[{"href":"https:\/\/webs.uab.cat\/shcv\/wp-json\/wp\/v2\/pages"}],"about":[{"href":"https:\/\/webs.uab.cat\/shcv\/wp-json\/wp\/v2\/types\/page"}],"author":[{"embeddable":true,"href":"https:\/\/webs.uab.cat\/shcv\/wp-json\/wp\/v2\/users\/20"}],"replies":[{"embeddable":true,"href":"https:\/\/webs.uab.cat\/shcv\/wp-json\/wp\/v2\/comments?post=291"}],"version-history":[{"count":3,"href":"https:\/\/webs.uab.cat\/shcv\/wp-json\/wp\/v2\/pages\/291\/revisions"}],"predecessor-version":[{"id":542,"href":"https:\/\/webs.uab.cat\/shcv\/wp-json\/wp\/v2\/pages\/291\/revisions\/542"}],"wp:attachment":[{"href":"https:\/\/webs.uab.cat\/shcv\/wp-json\/wp\/v2\/media?parent=291"}],"curies":[{"name":"wp","href":"https:\/\/api.w.org\/{rel}","templated":true}]}}