{"id":293,"date":"2022-08-15T11:15:55","date_gmt":"2022-08-15T11:15:55","guid":{"rendered":"https:\/\/webs.uab.cat\/shcv\/?page_id=293"},"modified":"2022-09-19T11:52:49","modified_gmt":"2022-09-19T11:52:49","slug":"alta-clientes","status":"publish","type":"page","link":"https:\/\/webs.uab.cat\/shcv\/alta-clientes\/","title":{"rendered":"Alta clientes"},"content":{"rendered":"\n<p><strong>Alta Cliente<\/strong><\/p>\n\n\n\n<p>Para poder enviar muestras al Servicio de Hematolog\u00eda Cl\u00ednica Veterin\u00e0ria debe darse de alta como cliente. Se ha de rellenar el formulario adjunto con los datos de su empresa y enviar el documento, sellado y firmado, al correo electr\u00f3nico del Servicio: (<a href=\"mailto:shcv@uab.cat\">shcv@uab.cat<\/a>).<\/p>\n\n\n\n<p>Arxiu adjunt:&nbsp;<\/p>\n\n\n\n<p><img decoding=\"async\" src=\"https:\/\/sct.uab.cat\/shcv\/modules\/file\/icons\/application-pdf.png\" alt=\"Icono PDF\">\u00a0<a href=\"https:\/\/webs.uab.cat\/shcv\/wp-content\/uploads\/sites\/173\/2022\/08\/formulario_alta_clientes.pdf\">Formulario_Alta_Clientes.pdf<\/a><\/p>\n","protected":false},"excerpt":{"rendered":"<p>Alta Cliente Para poder enviar muestras al Servicio de Hematolog\u00eda Cl\u00ednica Veterin\u00e0ria debe darse de alta como cliente. Se ha de rellenar el formulario adjunto con los datos de su empresa y enviar el documento, sellado y firmado, al correo electr\u00f3nico del Servicio: (shcv@uab.cat). Arxiu adjunt:&nbsp; \u00a0Formulario_Alta_Clientes.pdf<\/p>\n","protected":false},"author":20,"featured_media":0,"parent":0,"menu_order":0,"comment_status":"closed","ping_status":"closed","template":"","meta":{"footnotes":""},"class_list":["post-293","page","type-page","status-publish","hentry"],"_links":{"self":[{"href":"https:\/\/webs.uab.cat\/shcv\/wp-json\/wp\/v2\/pages\/293","targetHints":{"allow":["GET"]}}],"collection":[{"href":"https:\/\/webs.uab.cat\/shcv\/wp-json\/wp\/v2\/pages"}],"about":[{"href":"https:\/\/webs.uab.cat\/shcv\/wp-json\/wp\/v2\/types\/page"}],"author":[{"embeddable":true,"href":"https:\/\/webs.uab.cat\/shcv\/wp-json\/wp\/v2\/users\/20"}],"replies":[{"embeddable":true,"href":"https:\/\/webs.uab.cat\/shcv\/wp-json\/wp\/v2\/comments?post=293"}],"version-history":[{"count":4,"href":"https:\/\/webs.uab.cat\/shcv\/wp-json\/wp\/v2\/pages\/293\/revisions"}],"predecessor-version":[{"id":518,"href":"https:\/\/webs.uab.cat\/shcv\/wp-json\/wp\/v2\/pages\/293\/revisions\/518"}],"wp:attachment":[{"href":"https:\/\/webs.uab.cat\/shcv\/wp-json\/wp\/v2\/media?parent=293"}],"curies":[{"name":"wp","href":"https:\/\/api.w.org\/{rel}","templated":true}]}}