{"id":306,"date":"2022-08-15T11:18:46","date_gmt":"2022-08-15T11:18:46","guid":{"rendered":"https:\/\/webs.uab.cat\/shcv\/?page_id=306"},"modified":"2025-01-28T11:58:29","modified_gmt":"2025-01-28T11:58:29","slug":"hematologia","status":"publish","type":"page","link":"https:\/\/webs.uab.cat\/shcv\/hematologia\/","title":{"rendered":"Hematolog\u00eda"},"content":{"rendered":"\n<p>El hemograma proporciona el recuento de gl\u00f3bulos rojos, gl\u00f3bulos blancos y plaquetas, adem\u00e1s de los par\u00e1metros eritrocitarios. Para&nbsp; completar una an\u00e1lisis hematol\u00f3gico&nbsp;se debe realizar un frotis sangu\u00edneo.<\/p>\n\n\n\n<h2 class=\"wp-block-heading\"><strong>Protocolo<\/strong><\/h2>\n\n\n\n<ul class=\"wp-block-list\">\n<li>La muestra que se necesita para realizar una hematologia,\u00a0ser\u00e1 sangre entera recogida en tubos con anticoagulante EDTA,\u00a0 ya que es el anticoagulante que mejor conserva la morfolog\u00eda de las c\u00e9lulas sangu\u00edneas. Es importante ajustar la cantidad de sangre que se pone, respetando la relaci\u00f3n sangre\/anticoagulante marcada en\u00a0el tubo. La sangre no podr\u00e1 tener ning\u00fan co\u00e1gulo, de ser as\u00ed la muestra no se podr\u00e1 procesar, ya que los resultados no ser\u00edan fiables.\u00a0En situaciones especiales, el hemograma se podr\u00e1 realizar en muestras recogidas en tubos con otros anticoagulantes como la heparina.<\/li>\n\n\n\n<li>El volumen\u00a0de sangre\u00a0necesario para realizar una hematolog\u00eda completa es de al menos 0,5 a 1 ml.<\/li>\n\n\n\n<li>\u00a0Si no se realiza el an\u00e1lisis\u00a0inmediatamente a su extracci\u00f3n la muestra debe ser refrigerada a 4\u00ba C, con un m\u00e1ximo de tiempo de\u00a0 almacenamiento de 24-48h, ya que los resultados despu\u00e9s de las 48 h,\u00a0se ver\u00e1n alterados.\u00a0<\/li>\n\n\n\n<li>Frotis sangu\u00edneo: Se extender\u00e1 una peque\u00f1a gota de sangre sobre portaobjetos para formar una pel\u00edcula delgada. Se dejar\u00e1 secar al aire, y no se te\u00f1ir\u00e1, ya que el laboratorio prefiere usar sus tinciones.\u00a0Los frotis sangu\u00edneos pueden realizarse\u00a0inmediatamente despu\u00e9s de haber obtenido la muestra\u00a0o a la llegada de la muestra al laboratorio, en este segundo caso pueden aparecer cambios morfol\u00f3gicos asociados al transporte y almacenamiento que se tendr\u00e1n en cuenta al interpretar la muestra.\u00a0<\/li>\n<\/ul>\n\n\n\n<h2 class=\"wp-block-heading\"><strong>Env\u00edo de muestras<\/strong><\/h2>\n\n\n\n<ul class=\"wp-block-list\">\n<li>Las muestras de sangre deben enviarse refrigeradas, con un acumulador de fr\u00edo, nunca en contacto directo con \u00e9ste,colocar las muestras en un contendor o bien envueltas en papel absorbente, para evitar hem\u00f3lisis celular. Nunca congeladas.<\/li>\n\n\n\n<li>Enviar las muestras en cajas de poliestireno (porexpan) o bien en bolsas de pl\u00e1stico acolchadas, a prueba de fugas. Intentar que las muestras est\u00e9n protegidas para evitar golpes y rupturas, durante el transporte.<\/li>\n\n\n\n<li>Si se trata de frotis de sangre sobre portaobjetos, estos deben ir en cajas de pl\u00e1stico que los protejan de posibles rupturas.<\/li>\n\n\n\n<li>En el\u00a0 paquete se debe incluir la hoja de solicitud de hematologia con los datos bien cumplimentados.<\/li>\n\n\n\n<li>El embalaje externo debe mostrar el nombre y la direcci\u00f3n del remitente para poder contactar en caso de cualquier inicidencia.\u00a0<\/li>\n\n\n\n<li>El laboratorio no se hace responsable de los costes derivados del env\u00edo de la muestra, por lo que las muestras que lleguen con coste no podr\u00e1n ser recogidas.<\/li>\n\n\n\n<li>La direcci\u00f3n de env\u00edo es:<\/li>\n<\/ul>\n\n\n\n<p>&nbsp; &nbsp; &nbsp; &nbsp; &nbsp; &nbsp; &nbsp; Servei d&#8217;Hematologia Cl\u00ednica Veterin\u00e0ria (SHCV) Lab.V0\/323<br>&nbsp; &nbsp; &nbsp; &nbsp; &nbsp; &nbsp; &nbsp; Facultat de Veterinaria (Edifici V) Travessera dels Turons s\/n<br>&nbsp; &nbsp; &nbsp; &nbsp; &nbsp; &nbsp; &nbsp; Universitat Aut\u00f2noma de Barcelona<br>&nbsp; &nbsp; &nbsp; &nbsp; &nbsp; &nbsp; &nbsp; 08193 &#8211; Bellaterra (Barcelona)<\/p>\n\n\n\n<div class=\"wp-block-buttons is-layout-flex wp-block-buttons-is-layout-flex\"><\/div>\n\n\n\n<div class=\"wp-block-group\"><div class=\"wp-block-group__inner-container is-layout-flow wp-block-group-is-layout-flow\"><\/div><\/div>\n\n\n\n<p><\/p>\n\n\n\n<div data-wp-interactive=\"core\/file\" class=\"wp-block-file\"><object data-wp-bind--hidden=\"!state.hasPdfPreview\" hidden class=\"wp-block-file__embed\" data=\"https:\/\/webs.uab.cat\/shcv\/wp-content\/uploads\/sites\/173\/2025\/01\/Hoja-de-solicitud-HEMATOLOGIA.pdf\" type=\"application\/pdf\" style=\"width:100%;height:600px\" aria-label=\"Incrustado de Hoja de solicitud HEMATOLOGIA.\"><\/object><a id=\"wp-block-file--media-22183767-fe00-4468-932b-1f4723273023\" href=\"https:\/\/webs.uab.cat\/shcv\/wp-content\/uploads\/sites\/173\/2025\/01\/Hoja-de-solicitud-HEMATOLOGIA.pdf\">Hoja de solicitud HEMATOLOGIA<\/a><a href=\"https:\/\/webs.uab.cat\/shcv\/wp-content\/uploads\/sites\/173\/2025\/01\/Hoja-de-solicitud-HEMATOLOGIA.pdf\" class=\"wp-block-file__button wp-element-button\" download aria-describedby=\"wp-block-file--media-22183767-fe00-4468-932b-1f4723273023\">Descarga<\/a><\/div>\n","protected":false},"excerpt":{"rendered":"<p>El hemograma proporciona el recuento de gl\u00f3bulos rojos, gl\u00f3bulos blancos y plaquetas, adem\u00e1s de los par\u00e1metros eritrocitarios. Para&nbsp; completar una an\u00e1lisis hematol\u00f3gico&nbsp;se debe realizar un frotis sangu\u00edneo. Protocolo Env\u00edo de muestras &nbsp; &nbsp; &nbsp; &nbsp; &nbsp; &nbsp; &nbsp; Servei d&#8217;Hematologia Cl\u00ednica Veterin\u00e0ria (SHCV) Lab.V0\/323&nbsp; &nbsp; &nbsp; &nbsp; &nbsp; &nbsp; &nbsp; Facultat de Veterinaria (Edifici V) [&hellip;]<\/p>\n","protected":false},"author":20,"featured_media":0,"parent":0,"menu_order":0,"comment_status":"closed","ping_status":"closed","template":"","meta":{"footnotes":""},"class_list":["post-306","page","type-page","status-publish","hentry"],"_links":{"self":[{"href":"https:\/\/webs.uab.cat\/shcv\/wp-json\/wp\/v2\/pages\/306","targetHints":{"allow":["GET"]}}],"collection":[{"href":"https:\/\/webs.uab.cat\/shcv\/wp-json\/wp\/v2\/pages"}],"about":[{"href":"https:\/\/webs.uab.cat\/shcv\/wp-json\/wp\/v2\/types\/page"}],"author":[{"embeddable":true,"href":"https:\/\/webs.uab.cat\/shcv\/wp-json\/wp\/v2\/users\/20"}],"replies":[{"embeddable":true,"href":"https:\/\/webs.uab.cat\/shcv\/wp-json\/wp\/v2\/comments?post=306"}],"version-history":[{"count":7,"href":"https:\/\/webs.uab.cat\/shcv\/wp-json\/wp\/v2\/pages\/306\/revisions"}],"predecessor-version":[{"id":622,"href":"https:\/\/webs.uab.cat\/shcv\/wp-json\/wp\/v2\/pages\/306\/revisions\/622"}],"wp:attachment":[{"href":"https:\/\/webs.uab.cat\/shcv\/wp-json\/wp\/v2\/media?parent=306"}],"curies":[{"name":"wp","href":"https:\/\/api.w.org\/{rel}","templated":true}]}}