{"id":320,"date":"2022-08-15T11:26:32","date_gmt":"2022-08-15T11:26:32","guid":{"rendered":"https:\/\/webs.uab.cat\/shcv\/?page_id=320"},"modified":"2025-01-28T12:09:37","modified_gmt":"2025-01-28T12:09:37","slug":"citometria","status":"publish","type":"page","link":"https:\/\/webs.uab.cat\/shcv\/analisis\/citometria\/","title":{"rendered":"Citometr\u00eda"},"content":{"rendered":"\n<p>La citometr\u00eda de flujo permite identificar diferentes tipos&nbsp;celulares mediante la utilizaci\u00f3n de anticuerpos marcados con fluorescencia. Estos anticuerpos identifican ac\u00famulos de diferenciaci\u00f3n (CD) de membrana o intracelulares que caracterizan a las diferentes c\u00e9lulas sangu\u00edneas con mayor precisi\u00f3n que la t\u00e9cnicas de microscop\u00eda \u00f3ptica.<\/p>\n\n\n\n<p>La citometr\u00eda de flujo es \u00fatil para:<\/p>\n\n\n\n<ul class=\"wp-block-list\">\n<li>Determinar las poblaciones linfocitarias sangu\u00edneas.<\/li>\n\n\n\n<li>Identificar neoplasias linfoides con su fenotipo.<\/li>\n\n\n\n<li>Identificar y clasificar procesos histioc\u00edticos.<\/li>\n\n\n\n<li>Diagnosticar timomas.<\/li>\n\n\n\n<li>Clasificar y diagnosticar leucemias.<\/li>\n\n\n\n<li>En el estudio de derrames cavitarios.<\/li>\n<\/ul>\n\n\n\n<p>Los resultados&nbsp;obtenidos nos aportar\u00e1n&nbsp;informaci\u00f3n con&nbsp;valor diagn\u00f3stico y&nbsp;pron\u00f3stico&nbsp;en la mayor\u00eda de los casos.<\/p>\n\n\n\n<h2 class=\"wp-block-heading\"><strong>Protocolo<\/strong><\/h2>\n\n\n\n<h3 class=\"wp-block-heading\"><strong><u>Sangre<\/u><\/strong><strong><u>&nbsp;y m\u00e9dula \u00f3sea:<\/u><\/strong><\/h3>\n\n\n\n<ul class=\"wp-block-list\">\n<li>Las muestras deben enviarse en tubos con EDTA, respetando la relaci\u00f3n anticoagulante\/sangre.&nbsp;&nbsp;En general, entre 1-0,5 ml ser\u00e1&nbsp;suficiente&nbsp;para realizar la mayor\u00eda de las pruebas.<\/li>\n\n\n\n<li>Las muestras de sangre deben ser recientes y deben llegar al laboratorio en las 48 horas posteriores a su extracci\u00f3n. Si se dispone de un hemograma reciente es importante incluir una copia de los resultados.<\/li>\n<\/ul>\n\n\n\n<h3 class=\"wp-block-heading\"><strong><u>Aspirados de ganglios linf\u00e1ticos<\/u><\/strong><strong><u>, masas mediast\u00ednicas y\/o otros \u00f3rganos:<\/u><\/strong><\/h3>\n\n\n\n<ul class=\"wp-block-list\">\n<li>Se debe realizar varias punciones con aspiraci\u00f3n del linfonodo, masa u&nbsp;\u00f3rgano que se quiera remitir&nbsp;al laboratorio. Una vez realizada la citolog\u00eda, las c\u00e9lulas deben colocarse en un microtubo o bien&nbsp; en un tubo sin anticoagulante con 1 ml de soluci\u00f3n salina (0,9%, LRS) y, si es posible, 0,1 ml de suero del mismo animal o de la misma especie. La muestra debe ser turbia&nbsp;ya que se necesita un total de 5000-10000 c\u00e9lulas para poder realizar el an\u00e1lisis. Si&nbsp;existen dudas sobre la celularidad de la muestra se puede utilizar un analizador hematol\u00f3gico para realizar un recuento previo.<\/li>\n\n\n\n<li>Es muy importante remitir con la muestra para citometr\u00eda una extensi\u00f3n sin te\u00f1ir del linfonodo, masa u&nbsp;\u00f3rgano para evaluar conjuntamente.<\/li>\n<\/ul>\n\n\n\n<h3 class=\"wp-block-heading\"><strong><u>Cavidades corporales:<\/u><\/strong><\/h3>\n\n\n\n<ul class=\"wp-block-list\">\n<li>Los derrames cavitarios se pueden enviar en un tubo de EDTA. Son necesarios entre 1 a 0,5 ml de muestra para el an\u00e1lisis.&nbsp;<\/li>\n<\/ul>\n\n\n\n<p><\/p>\n\n\n\n<h3 class=\"wp-block-heading\"><a href=\"https:\/\/sway.office.com\/rkFR3DFHEVyHyCdF?ref=Link\" data-type=\"URL\" data-id=\"https:\/\/sway.office.com\/rkFR3DFHEVyHyCdF?ref=Link\">V\u00eddeo toma de muestras citometr\u00eda<\/a><\/h3>\n\n\n\n<p><\/p>\n\n\n\n<figure class=\"wp-block-embed is-type-wp-embed is-provider-sway wp-block-embed-sway\"><div class=\"wp-block-embed__wrapper\">\nhttps:\/\/sway.office.com\/rkFR3DFHEVyHyCdF?ref=Link\n<\/div><\/figure>\n\n\n\n<h2 class=\"wp-block-heading\"><strong>Env\u00edo de muestras<\/strong><\/h2>\n\n\n\n<ul class=\"wp-block-list\">\n<li>El laboratorio no se hace responsable de los costes derivados del env\u00edo de la muestra, por lo que las muestras que lleguen con coste no podr\u00e1n ser recogidas.<\/li>\n\n\n\n<li>Las muestras deben llegar refrigeradas al laboratorio, pero no congeladas. Se recomienda usar un acumulador de fr\u00edo, evitando el contacto directo de la muestra con el mismo.<\/li>\n\n\n\n<li><strong>\u00a1Nuevo horario! <\/strong> Las muestras para citometr\u00edas deben llegar al laboratorio&nbsp;<u><strong>antes de las 10h <\/strong><\/u>de lunes a jueves, que son los d\u00edas que se realiza las pruebas.<\/li>\n\n\n\n<li>En los casos que se necesiten pruebas espec\u00edficas relacionadas con la citometr\u00eda se debe contactar directamente con el laboratorio antes del env\u00edo de la muestra.<\/li>\n<\/ul>\n\n\n\n<p><strong>Direcci\u00f3n de env\u00edo:<\/strong><br>Servei d&#8217;Hematologia Cl\u00ednica Veterin\u00e0ria (SHCV) Lab.V0\/323<br>Facultat de Veterin\u00e0ria (Edifici V) Travessera dels Turons s\/n<br>Universitat Aut\u00f2noma de Barcelona<br>08193 &#8211; Bellaterra (Barcelona)<\/p>\n\n\n\n<div data-wp-interactive=\"core\/file\" class=\"wp-block-file\"><object data-wp-bind--hidden=\"!state.hasPdfPreview\" hidden class=\"wp-block-file__embed\" data=\"https:\/\/webs.uab.cat\/shcv\/wp-content\/uploads\/sites\/173\/2025\/01\/HOJA-DE-SOLICITUD-Citometria-de-flujo.pdf\" type=\"application\/pdf\" style=\"width:100%;height:600px\" aria-label=\"Incrustado de HOJA DE SOLICITUD Citometr\u00eda de flujo.\"><\/object><a id=\"wp-block-file--media-8e00108a-790a-4425-9437-e43cf0dc1e3a\" href=\"https:\/\/webs.uab.cat\/shcv\/wp-content\/uploads\/sites\/173\/2025\/01\/HOJA-DE-SOLICITUD-Citometria-de-flujo.pdf\">HOJA DE SOLICITUD Citometr\u00eda de flujo<\/a><a href=\"https:\/\/webs.uab.cat\/shcv\/wp-content\/uploads\/sites\/173\/2025\/01\/HOJA-DE-SOLICITUD-Citometria-de-flujo.pdf\" class=\"wp-block-file__button wp-element-button\" download aria-describedby=\"wp-block-file--media-8e00108a-790a-4425-9437-e43cf0dc1e3a\">Descarga<\/a><\/div>\n\n\n\n<p class=\"wp-block-uab-alerta alerta\"><strong>Nuevos paneles de citometr\u00eda con m\u00e1s anticuerpos para mayor pron\u00f3stico (Ki67), estadiaje&#8230;<\/strong> <strong>Para m\u00e1s informaci\u00f3n contactar con el servicio. <\/strong><\/p>\n","protected":false},"excerpt":{"rendered":"<p>La citometr\u00eda de flujo permite identificar diferentes tipos&nbsp;celulares mediante la utilizaci\u00f3n de anticuerpos marcados con fluorescencia. Estos anticuerpos identifican ac\u00famulos de diferenciaci\u00f3n (CD) de membrana o intracelulares que caracterizan a las diferentes c\u00e9lulas sangu\u00edneas con mayor precisi\u00f3n que la t\u00e9cnicas de microscop\u00eda \u00f3ptica. La citometr\u00eda de flujo es \u00fatil para: Los resultados&nbsp;obtenidos nos aportar\u00e1n&nbsp;informaci\u00f3n con&nbsp;valor [&hellip;]<\/p>\n","protected":false},"author":20,"featured_media":0,"parent":276,"menu_order":0,"comment_status":"closed","ping_status":"closed","template":"","meta":{"footnotes":""},"class_list":["post-320","page","type-page","status-publish","hentry"],"_links":{"self":[{"href":"https:\/\/webs.uab.cat\/shcv\/wp-json\/wp\/v2\/pages\/320","targetHints":{"allow":["GET"]}}],"collection":[{"href":"https:\/\/webs.uab.cat\/shcv\/wp-json\/wp\/v2\/pages"}],"about":[{"href":"https:\/\/webs.uab.cat\/shcv\/wp-json\/wp\/v2\/types\/page"}],"author":[{"embeddable":true,"href":"https:\/\/webs.uab.cat\/shcv\/wp-json\/wp\/v2\/users\/20"}],"replies":[{"embeddable":true,"href":"https:\/\/webs.uab.cat\/shcv\/wp-json\/wp\/v2\/comments?post=320"}],"version-history":[{"count":6,"href":"https:\/\/webs.uab.cat\/shcv\/wp-json\/wp\/v2\/pages\/320\/revisions"}],"predecessor-version":[{"id":639,"href":"https:\/\/webs.uab.cat\/shcv\/wp-json\/wp\/v2\/pages\/320\/revisions\/639"}],"up":[{"embeddable":true,"href":"https:\/\/webs.uab.cat\/shcv\/wp-json\/wp\/v2\/pages\/276"}],"wp:attachment":[{"href":"https:\/\/webs.uab.cat\/shcv\/wp-json\/wp\/v2\/media?parent=320"}],"curies":[{"name":"wp","href":"https:\/\/api.w.org\/{rel}","templated":true}]}}