{"id":327,"date":"2022-08-15T11:30:44","date_gmt":"2022-08-15T11:30:44","guid":{"rendered":"https:\/\/webs.uab.cat\/shcv\/?page_id=327"},"modified":"2026-01-13T11:12:05","modified_gmt":"2026-01-13T11:12:05","slug":"tarifas","status":"publish","type":"page","link":"https:\/\/webs.uab.cat\/shcv\/tarifas\/","title":{"rendered":"Tarifas"},"content":{"rendered":"\n<h2 class=\"wp-block-heading\"><strong>Tarifa Externa 202<\/strong>6<\/h2>\n\n\n\n<div class=\"wp-block-columns is-layout-flex wp-container-core-columns-is-layout-9d6595d7 wp-block-columns-is-layout-flex\">\n<div class=\"wp-block-column is-layout-flow wp-block-column-is-layout-flow\" style=\"flex-basis:100%\">\n<div class=\"wp-block-columns is-layout-flex wp-container-core-columns-is-layout-9d6595d7 wp-block-columns-is-layout-flex\">\n<div class=\"wp-block-column is-layout-flow wp-block-column-is-layout-flow\" style=\"flex-basis:100%\">\n<figure class=\"wp-block-table\"><table><tbody><tr><td class=\"has-text-align-left\" data-align=\"left\"><strong>SHCV<\/strong>  <\/td><td class=\"has-text-align-left\" data-align=\"left\">                                                   <strong>SERVICIO<\/strong><\/td><td class=\"has-text-align-center\" data-align=\"center\"><strong>&nbsp;PRECIO  IVA INCLUIDO<\/strong><\/td><\/tr><tr><td class=\"has-text-align-left\" data-align=\"left\"><strong>SHCV-01<\/strong><\/td><td class=\"has-text-align-left\" data-align=\"left\">Hemograma completo (recuento reticulocitos) y estudio frotis sangu\u00edneo (mam\u00edferos)<\/td><td class=\"has-text-align-center\" data-align=\"center\">28,19 \u20ac<\/td><\/tr><tr><td class=\"has-text-align-left\" data-align=\"left\"><strong>SHCV-02<\/strong><\/td><td class=\"has-text-align-left\" data-align=\"left\">Hemograma completo sin estudio frotis sangu\u00edneo (mam\u00edferos)<\/td><td class=\"has-text-align-center\" data-align=\"center\">22,4 \u20ac<\/td><\/tr><tr><td class=\"has-text-align-left\" data-align=\"left\"><strong>SHCV-03<\/strong><\/td><td class=\"has-text-align-left\" data-align=\"left\">Estudio del frotis sangu\u00edneo te\u00f1ido (mam\u00edferos)<\/td><td class=\"has-text-align-center\" data-align=\"center\">15,03 \u20ac<\/td><\/tr><tr><td class=\"has-text-align-left\" data-align=\"left\"><strong>SHCV-04<\/strong><\/td><td class=\"has-text-align-left\" data-align=\"left\">Hemograma completo y fibrin\u00f3geno manual (mam\u00edferos)<\/td><td class=\"has-text-align-center\" data-align=\"center\">35,62 \u20ac<\/td><\/tr><tr><td class=\"has-text-align-left\" data-align=\"left\"><strong>SHCV-05<\/strong><\/td><td class=\"has-text-align-left\" data-align=\"left\">Estudio del&nbsp;<em>\u2018Buffy-coat\u2019<\/em><\/td><td class=\"has-text-align-center\" data-align=\"center\">15,03 \u20ac<\/td><\/tr><tr><td class=\"has-text-align-left\" data-align=\"left\"><strong>SHCV-06<\/strong><\/td><td class=\"has-text-align-left\" data-align=\"left\">Valor hematocrito <\/td><td class=\"has-text-align-center\" data-align=\"center\">6,67 \u20ac<\/td><\/tr><tr><td class=\"has-text-align-left\" data-align=\"left\"><strong>SHCV-07<\/strong><\/td><td class=\"has-text-align-left\" data-align=\"left\">Valor hematocrito y prote\u00ednas totales<\/td><td class=\"has-text-align-center\" data-align=\"center\">7,60 \u20ac<\/td><\/tr><tr><td class=\"has-text-align-left\" data-align=\"left\"><strong>SHCV-08<\/strong><\/td><td class=\"has-text-align-left\" data-align=\"left\">Recuento de reticulocitos (mam\u00edferos)<\/td><td class=\"has-text-align-center\" data-align=\"center\">15,03 \u20ac<\/td><\/tr><tr><td class=\"has-text-align-left\" data-align=\"left\"><strong>SHCV-09<\/strong><\/td><td class=\"has-text-align-left\" data-align=\"left\">Hemograma completo con estudio frotis sangu\u00edneo (peces, aves y reptiles) <\/td><td class=\"has-text-align-center\" data-align=\"center\">43,14 \u20ac<\/td><\/tr><tr><td class=\"has-text-align-left\" data-align=\"left\"><strong>SHCV-10<\/strong><\/td><td class=\"has-text-align-left\" data-align=\"left\">Hemograma sin el estudio del frotis sangu\u00edneo (peces, aves y reptiles)<\/td><td class=\"has-text-align-center\" data-align=\"center\">31,90 \u20ac<\/td><\/tr><tr><td class=\"has-text-align-left\" data-align=\"left\"><strong>SHCV-11<\/strong><\/td><td class=\"has-text-align-left\" data-align=\"left\">Estudio del frotis sangu\u00edneo (peces, aves y reptiles)<\/td><td class=\"has-text-align-center\" data-align=\"center\">15,03 \u20ac<\/td><\/tr><tr><td class=\"has-text-align-left\" data-align=\"left\"><strong>SHCV-12<\/strong><\/td><td class=\"has-text-align-left\" data-align=\"left\">Recuento de eritrocitos (peces, aves y reptiles)<\/td><td class=\"has-text-align-center\" data-align=\"center\">16,88  \u20ac<\/td><\/tr><tr><td class=\"has-text-align-left\" data-align=\"left\"><strong>SHCV-13<\/strong><\/td><td class=\"has-text-align-left\" data-align=\"left\">Recuento de leucocitos (peces, aves y reptiles)<\/td><td class=\"has-text-align-center\" data-align=\"center\">16,88  \u20ac<\/td><\/tr><tr><td class=\"has-text-align-left\" data-align=\"left\"><strong>SHCV-14<\/strong><\/td><td class=\"has-text-align-left\" data-align=\"left\">Concentraci\u00f3n de hemoglobina (mam\u00edferos, aves, peces y reptiles)<\/td><td class=\"has-text-align-center\" data-align=\"center\">15,03 \u20ac<\/td><\/tr><tr><td class=\"has-text-align-left\" data-align=\"left\"><strong>SHCV-15<\/strong><\/td><td class=\"has-text-align-left\" data-align=\"left\">Valor hematocrito y prote\u00ednas totales (aves y reptiles)<\/td><td class=\"has-text-align-center\" data-align=\"center\">7,4 \u20ac<\/td><\/tr><tr><td class=\"has-text-align-left\" data-align=\"left\"><strong>SHCV-16<\/strong><\/td><td class=\"has-text-align-left\" data-align=\"left\">Perfil de coagulaci\u00f3n (PT, PTTa y fibrin\u00f3geno)<\/td><td class=\"has-text-align-center\" data-align=\"center\">46,83 \u20ac<\/td><\/tr><tr><td class=\"has-text-align-left\" data-align=\"left\"><strong>SHCV-17<\/strong><\/td><td class=\"has-text-align-left\" data-align=\"left\">Tiempo de protrombina (PT) y Tiempo de tromboplastina parcial activado (PTTa)<\/td><td class=\"has-text-align-center\" data-align=\"center\">30,04 \u20ac<\/td><\/tr><tr><td class=\"has-text-align-left\" data-align=\"left\"><strong>SHCV-18<\/strong><\/td><td class=\"has-text-align-left\" data-align=\"left\">Tiempo de protrombina (PT)<\/td><td class=\"has-text-align-center\" data-align=\"center\">15,03 \u20ac<\/td><\/tr><tr><td class=\"has-text-align-left\" data-align=\"left\"><strong>SHCV-19<\/strong><\/td><td class=\"has-text-align-left\" data-align=\"left\">Tiempo de tromboplastina parcial activado (PTTa)<\/td><td class=\"has-text-align-center\" data-align=\"center\">16,88 \u20ac<\/td><\/tr><tr><td class=\"has-text-align-left\" data-align=\"left\"><strong>SHCV-20<\/strong><\/td><td class=\"has-text-align-left\" data-align=\"left\">Fibrin\u00f3geno (coagul\u00f3metro)<\/td><td class=\"has-text-align-center\" data-align=\"center\">22,54 \u20ac<\/td><\/tr><tr><td class=\"has-text-align-left\" data-align=\"left\"><strong>SHCV-21<\/strong><\/td><td class=\"has-text-align-left\" data-align=\"left\">Fibrin\u00f3geno (manual)<\/td><td class=\"has-text-align-center\" data-align=\"center\">13,16 \u20ac<\/td><\/tr><tr><td class=\"has-text-align-left\" data-align=\"left\"><strong>SHCV-22<\/strong><\/td><td class=\"has-text-align-left\" data-align=\"left\">Prueba de compatibilidad sangu\u00ednea&nbsp;<em>(Cross-matching)<\/em><\/td><td class=\"has-text-align-center\" data-align=\"center\">69,15 \u20ac<\/td><\/tr><tr><td class=\"has-text-align-left\" data-align=\"left\"><strong>SHCV-23<\/strong><\/td><td class=\"has-text-align-left\" data-align=\"left\">Tipificaci\u00f3n del grupo sangu\u00edneo felina<\/td><td class=\"has-text-align-center\" data-align=\"center\">48,78 \u20ac<\/td><\/tr><tr><td class=\"has-text-align-left\" data-align=\"left\"><strong>SHCV-24<\/strong><\/td><td class=\"has-text-align-left\" data-align=\"left\">Tipificaci\u00f3n del grupo sangu\u00edneo canina<\/td><td class=\"has-text-align-center\" data-align=\"center\">48,78 \u20ac<\/td><\/tr><tr><td class=\"has-text-align-left\" data-align=\"left\"><strong>SHCV-25<\/strong><\/td><td class=\"has-text-align-left\" data-align=\"left\">Test de Coombs canino<\/td><td class=\"has-text-align-center\" data-align=\"center\">52,49 \u20ac<\/td><\/tr><tr><td class=\"has-text-align-left\" data-align=\"left\"><strong>SHCV-26<\/strong><\/td><td class=\"has-text-align-left\" data-align=\"left\">An\u00e1lisis de orina<\/td><td class=\"has-text-align-center\" data-align=\"center\">26,34 \u20ac<\/td><\/tr><tr><td class=\"has-text-align-left\" data-align=\"left\"><strong>SHCV-27<\/strong><\/td><td class=\"has-text-align-left\" data-align=\"left\">Sedimento urinario<\/td><td class=\"has-text-align-center\" data-align=\"center\">20,59 \u20ac<\/td><\/tr><tr><td class=\"has-text-align-left\" data-align=\"left\"><strong>SHCV-28<\/strong><\/td><td class=\"has-text-align-left\" data-align=\"left\">An\u00e1lisis del lavado traqueal\/ broncoalveolar<\/td><td class=\"has-text-align-center\" data-align=\"center\">43,13 \u20ac<\/td><\/tr><tr><td class=\"has-text-align-left\" data-align=\"left\"><strong>SHCV-29<\/strong><\/td><td class=\"has-text-align-left\" data-align=\"left\">An\u00e1lisis citol\u00f3gico de l\u00edquidos cavitarios<\/td><td class=\"has-text-align-center\" data-align=\"center\">43,13 \u20ac<\/td><\/tr><tr><td class=\"has-text-align-left\" data-align=\"left\"><strong>SHCV-30<\/strong><\/td><td class=\"has-text-align-left\" data-align=\"left\">Sangre oculta en heces<\/td><td class=\"has-text-align-center\" data-align=\"center\">15,03 \u20ac<\/td><\/tr><tr><td class=\"has-text-align-left\" data-align=\"left\"><strong>SHCV-31<\/strong><\/td><td class=\"has-text-align-left\" data-align=\"left\">Hemograma +Estudio m\u00e9dula \u00f3sea<\/td><td class=\"has-text-align-center\" data-align=\"center\">82,98  \u20ac<\/td><\/tr><tr><td class=\"has-text-align-left\" data-align=\"left\"><strong>SHCV-32a<\/strong><\/td><td class=\"has-text-align-left\" data-align=\"left\">Estudio m\u00e9dula \u00f3sea+ biopsia<\/td><td class=\"has-text-align-center\" data-align=\"center\">156,35 \u20ac<\/td><\/tr><tr><td class=\"has-text-align-left\" data-align=\"left\"><strong>SHCV-32b<\/strong><\/td><td class=\"has-text-align-left\" data-align=\"left\">Biopsia m\u00e9dula \u00f3sea <\/td><td class=\"has-text-align-center\" data-align=\"center\">88,11 \u20ac<\/td><\/tr><tr><td class=\"has-text-align-left\" data-align=\"left\"><strong>SHCV-33<\/strong><\/td><td class=\"has-text-align-left\" data-align=\"left\">Estudio citol\u00f3gico un \u00f3rgano o n\u00f3dulo \u00fanico (&lt; 10 preparaciones)<\/td><td class=\"has-text-align-center\" data-align=\"center\">37,46 \u20ac<\/td><\/tr><tr><td class=\"has-text-align-left\" data-align=\"left\"><strong>SHCV-34<\/strong><\/td><td class=\"has-text-align-left\" data-align=\"left\">Estudio citol\u00f3gico de un \u00f3rgano o n\u00f3dulo \u00fanico (10 \u00f3 &gt; preparaciones)<\/td><td class=\"has-text-align-center\" data-align=\"center\">57,12 \u20ac<\/td><\/tr><tr><td class=\"has-text-align-left\" data-align=\"left\"><strong>SHCV-35<\/strong><\/td><td class=\"has-text-align-left\" data-align=\"left\">Estudio citol\u00f3gico de 2 localizaciones (\u00f3rgano, n\u00f3dulo, lesi\u00f3n) <\/td><td class=\"has-text-align-center\" data-align=\"center\">73,64 \u20ac<\/td><\/tr><tr><td class=\"has-text-align-left\" data-align=\"left\"><strong>SHCV-36<\/strong><\/td><td class=\"has-text-align-left\" data-align=\"left\">Estudio citol\u00f3gico de 3 localizaciones (\u00f3rgano, n\u00f3dulo, lesi\u00f3n)<\/td><td class=\"has-text-align-center\" data-align=\"center\">102,23 \u20ac<\/td><\/tr><tr><td class=\"has-text-align-left\" data-align=\"left\"><strong>SHCV-37<\/strong><\/td><td class=\"has-text-align-left\" data-align=\"left\">An\u00e1lisis de l\u00edquido sinovial (recuento y citolog\u00eda de una articulaci\u00f3n)<\/td><td class=\"has-text-align-center\" data-align=\"center\">43,13 \u20ac<\/td><\/tr><tr><td class=\"has-text-align-left\" data-align=\"left\"><strong>SHCV-38<\/strong><\/td><td class=\"has-text-align-left\" data-align=\"left\">Estudio citol\u00f3gico de l\u00edquido sinovial (\u22643 articulaciones)<\/td><td class=\"has-text-align-center\" data-align=\"center\">67,37 \u20ac<\/td><\/tr><tr><td class=\"has-text-align-left\" data-align=\"left\"><strong>SHCV-39<\/strong><\/td><td class=\"has-text-align-left\" data-align=\"left\">Estudio citol\u00f3gico de l\u00edquido sinovial (&gt;4 articulaciones)<\/td><td class=\"has-text-align-center\" data-align=\"center\">109,73 \u20ac<\/td><\/tr><tr><td class=\"has-text-align-left\" data-align=\"left\"><strong>SHCV-40<\/strong><\/td><td class=\"has-text-align-left\" data-align=\"left\">Estudio citol\u00f3gico de linfonodos (&lt;3 linfonodos).&nbsp; Por cada linfondo adicional a tres se aplicar\u00e1 un importe de 10\u20ac.<\/td><td class=\"has-text-align-center\" data-align=\"center\">83,08 \u20ac<\/td><\/tr><tr><td class=\"has-text-align-left\" data-align=\"left\"><strong>SHCV-41<\/strong><\/td><td class=\"has-text-align-left\" data-align=\"left\">Inmunofenotipaje por citometr\u00eda de flujo (Canina)<\/td><td class=\"has-text-align-center\" data-align=\"center\">196,61 \u20ac<\/td><\/tr><tr><td class=\"has-text-align-left\" data-align=\"left\"><strong>SHCV-42<\/strong><\/td><td class=\"has-text-align-left\" data-align=\"left\">Inmunofenotipaje por citometr\u00eda de flujo (Felina)<\/td><td class=\"has-text-align-center\" data-align=\"center\">130,58 \u20ac<\/td><\/tr><tr><td class=\"has-text-align-left\" data-align=\"left\"><strong>SHCV-43<\/strong><\/td><td class=\"has-text-align-left\" data-align=\"left\">Tromboelastograf\u00eda<\/td><td class=\"has-text-align-center\" data-align=\"center\">83,62 \u20ac<\/td><\/tr><tr><td class=\"has-text-align-left\" data-align=\"left\"><strong>SHCV-44<\/strong><\/td><td class=\"has-text-align-left\" data-align=\"left\">New! Digitalizaci\u00f3n de portaobjetos (precio\/unidad)<\/td><td class=\"has-text-align-center\" data-align=\"center\">7,22 \u20ac<\/td><\/tr><\/tbody><\/table><figcaption class=\"wp-element-caption\"><br>Nota: El SHCV facturar\u00e1 por el n\u00famero de localizaciones, con independencia del n\u00famero de preparaciones recibidas (se recomienda no superar 5 preparaciones por localizaci\u00f3n).<\/figcaption><\/figure>\n<\/div>\n<\/div>\n<\/div>\n<\/div>\n","protected":false},"excerpt":{"rendered":"<p>Tarifa Externa 2026 SHCV SERVICIO &nbsp;PRECIO IVA INCLUIDO SHCV-01 Hemograma completo (recuento reticulocitos) y estudio frotis sangu\u00edneo (mam\u00edferos) 28,19 \u20ac SHCV-02 Hemograma completo sin estudio frotis sangu\u00edneo (mam\u00edferos) 22,4 \u20ac SHCV-03 Estudio del frotis sangu\u00edneo te\u00f1ido (mam\u00edferos) 15,03 \u20ac SHCV-04 Hemograma completo y fibrin\u00f3geno manual (mam\u00edferos) 35,62 \u20ac SHCV-05 Estudio del&nbsp;\u2018Buffy-coat\u2019 15,03 \u20ac SHCV-06 Valor [&hellip;]<\/p>\n","protected":false},"author":20,"featured_media":0,"parent":0,"menu_order":0,"comment_status":"closed","ping_status":"closed","template":"","meta":{"footnotes":""},"class_list":["post-327","page","type-page","status-publish","hentry"],"_links":{"self":[{"href":"https:\/\/webs.uab.cat\/shcv\/wp-json\/wp\/v2\/pages\/327","targetHints":{"allow":["GET"]}}],"collection":[{"href":"https:\/\/webs.uab.cat\/shcv\/wp-json\/wp\/v2\/pages"}],"about":[{"href":"https:\/\/webs.uab.cat\/shcv\/wp-json\/wp\/v2\/types\/page"}],"author":[{"embeddable":true,"href":"https:\/\/webs.uab.cat\/shcv\/wp-json\/wp\/v2\/users\/20"}],"replies":[{"embeddable":true,"href":"https:\/\/webs.uab.cat\/shcv\/wp-json\/wp\/v2\/comments?post=327"}],"version-history":[{"count":22,"href":"https:\/\/webs.uab.cat\/shcv\/wp-json\/wp\/v2\/pages\/327\/revisions"}],"predecessor-version":[{"id":651,"href":"https:\/\/webs.uab.cat\/shcv\/wp-json\/wp\/v2\/pages\/327\/revisions\/651"}],"wp:attachment":[{"href":"https:\/\/webs.uab.cat\/shcv\/wp-json\/wp\/v2\/media?parent=327"}],"curies":[{"name":"wp","href":"https:\/\/api.w.org\/{rel}","templated":true}]}}