{"id":335,"date":"2022-08-15T11:35:16","date_gmt":"2022-08-15T11:35:16","guid":{"rendered":"https:\/\/webs.uab.cat\/shcv\/?page_id=335"},"modified":"2026-01-13T11:38:06","modified_gmt":"2026-01-13T11:38:06","slug":"publicaciones","status":"publish","type":"page","link":"https:\/\/webs.uab.cat\/shcv\/publicaciones\/","title":{"rendered":"Publicaciones"},"content":{"rendered":"\n<p>Mart\u00ednez\u2010Caro, J., Lemos, M., Agulla, B., Amarillo\u2010G\u00f3mez, I., &amp; Pastor, J. (2025). Diagnostic Evaluation of the Sysmex XN\u20101000V Lymphocyte Fluorescence for Differentiating Canine Nodal Large B\u2010Cell and T\u2010Cell Lymphoma.\u00a0<em>Veterinary and Comparative Oncology<\/em>.<\/p>\n\n\n\n<p>Bassan, T., Pastor, J., Martinez-Caro, J., Agulla, B., &amp; Martorell, J. (2025). Effects of sedation on haematological, biochemical, coagulation profile, and kaolin-activated thromboelastography in rabbits.\u00a0<em>The Veterinary Journal<\/em>,\u00a0<em>310<\/em>, 106298.<\/p>\n\n\n\n<p>Mesalles, M., Uroz, M., Brandts, I., Serrano, E., Cuenca, R., Pastor, J., &amp; Teles, M. (2025). Preliminary Evaluation of an Automated Blood Cell Analyzer for Its Use with Blood Samples from Rainbow Trout Oncorhynchus mykiss.\u00a0<em>Animals<\/em>,\u00a0<em>15<\/em>(9), 1265.<\/p>\n\n\n\n<p>Mart\u00ednez\u2010Caro, J., Agulla, B., Benet, A., &amp; Pastor, J. (2025). Cryoglobulinemia concurrent with Leishmania infantum infection in a dog and its interference with two automated hematology analyzers.\u00a0<em>Veterinary clinical pathology<\/em>,\u00a0<em>54<\/em>(1), 15-23.<\/p>\n\n\n\n<p>Mart\u00ednez-Caro, J., &amp; Pastor, J. (2024). Characterization of feline basophils on the Sysmex XN-1000V and evaluation of a new WDF gating profile.\u00a0<em>Animals<\/em>,\u00a0<em>14<\/em>(23), 3362.<\/p>\n\n\n\n<p>Mart\u00ednez\u2010Caro, J., Agulla, B., Vi\u00f1eta, C., Roura, X., Mesalles, M., &amp; Pastor, J. (2024). Presumed pseudo\u2010Pelger\u2013Hu\u00ebt anomaly and basophilia secondary to chronic lymphocytic leukemia in a dog.\u00a0<em>Veterinary clinical pathology<\/em>,\u00a0<em>53<\/em>(2), 202-208.<\/p>\n\n\n\n<p>Mart\u00ednez-Sogues L, Vila A, Roura X, Pastor J, Novellas R, Marco A,Cuvertoret-Sanz M, Mart\u00ednez J, Solano-Gallego L. Hypercalcemia of Malignancy in a Dog Diagnosed With Cholangiocellular Carcinoma. Top Companion Anim Med. 2019 Jun;35:1-5. doi:10.1053\/j.tcam.2019.02.001.<\/p>\n\n\n\n<p>Vilhena H, Tvarijonaviciute A, Cer\u00f3n JJ, Figueira AC, Miranda S, Ribeiro A, Canadas A, Dias-Pereira P, Rubio CP, Franco L, Tecles F, Cabe\u00e7as R, Pastor J, Silvestre-Ferreira AC. Acute phase proteins and biomarkers of oxidative status in feline spontaneous malignant mammary tumours. Vet Comp Oncol. 2019 Apr 26. doi:10.1111\/vco.12486.<\/p>\n\n\n\n<p>Vanyo LC, Freeman KP, Mel\u00e9ndez-Lazo A, Teles M, Cuenca R, Pastor J. Comparison of traditional statistical quality control using commercially available control materials and two patient-based quality control procedures for the ADVIA 120 Hematology System. Vet Clin Pathol. 2018 Sep;47(3):368-376. doi:10.1111\/vcp.12645<\/p>\n\n\n\n<p>Comazzi S, Marelli S, Cozzi M, Rizzi R, Finotello R, Henriques J, Pastor J, Ponce F, Rohrer-Bley C, R\u00fctgen BC, Teske E. Breed-associated risks for developing canine lymphoma differ among countries: an European canine lymphoma network study. BMC Vet Res. 2018 Aug 6;14(1):232. doi: 10.1186\/s12917-018-1557-2.<\/p>\n\n\n\n<p>Tvarijonaviciute A, Pardo-Marin L, Tecles F, Carrillo JD, Garcia-Martinez JD, Bernal L, Pastor J, Cer\u00f3n JJ, Martinez-Subiela S. Measurement of urea and creatinine in saliva of dogs: a pilot study. BMC Vet Res. 2018 Jul 20;14(1):223. doi: 10.1186\/s12917-018-1546-5.<\/p>\n\n\n\n<p>Torrent E, Planellas M, Ordeix L, Pastor J, Rodon J, Solano-Gallego L. Serum Symmetric Dimethylarginine as an Early Marker of Excretory Dysfunction in Canine &nbsp;Leishmaniosis (L. infantum) Induced Nephropathy. Vet Med Int. 2018 May 13;2018:7517359. doi: 10.1155\/2018\/7517359.<\/p>\n\n\n\n<p>Castro-L\u00f3pez J, Ramis A, Planellas M, Teles M, Pastor J. Cyclooxygenase-2 immunoexpression in intestinal epithelium and lamina propria of cats with inflammatory bowel disease and low grade alimentary lymphoma. BMC Vet Res. 2018 May 15;14(1):158. doi: 10.1186\/s12917-018-1486-0<\/p>\n\n\n\n<p>Barranco T, Cer\u00f3n JJ, L\u00f3pez-Jornet P, Pastor J, Carrillo JM, Rubio M, Tornel PL, Cugat R, Tecles F, Tvarijonaviciute A. Impact of Saliva Collection and Processing Methods on Aspartate Aminotransferase, Creatin Kinase and Lactate Dehydrogenase Activities. Anal Sci. 2018;34(5):619-622. doi:10.2116\/analsci.17N035.<\/p>\n\n\n\n<p>Vilhena H, Figueiredo M, Cer\u00f3n JJ, Pastor J, Miranda S, Craveiro H, Pires MA, &nbsp;Tecles F, Rubio CP, Dabrowski R, Duarte S, Silvestre-Ferreira AC, Tvarijonaviciute A. Acute phase proteins and antioxidant responses in queens with pyometra. Theriogenology. 2018 Jul 15;115:30-37. doi:10.1016\/j.theriogenology.2018.04.010<\/p>\n\n\n\n<p>Torrent E, Pastor J, Fresno L, Vigueras I, Casanova MI, Ramis A, Solano-Gallego L. Laryngeal Granuloma due to Leishmania spp. Infection in a Dog. J Comp Pathol. 2018 Jan;158:6-11. doi:10.1016\/j.jcpa.2017.10.174.<\/p>\n\n\n\n<p>Vilhena H, Tvarijonaviciute A, Cer\u00f3n JJ, Pastorinho MR, Martinez-Subiela S, Pastor J, Silvestre-Ferreira AC. Acute phase proteins response in cats naturally infected by hemotropic mycoplasmas. Comp Immunol Microbiol Infect Dis. 2018 Feb;56:1-5. doi: 10.1016\/j.cimid.2017.11.001.<\/p>\n\n\n\n<p>Mel\u00e9ndez-Lazo A, Ordeix L, Planellas M, Pastor J, Solano-Gallego L. Clinicopathological findings in sick dogs naturally infected with Leishmania infantum: Comparison of five different clinical classification systems. Res Vet Sci. 2018 Apr;117:18-27. doi: 10.1016\/j.rvsc.2017.10.011.<\/p>\n\n\n\n<p>Castro-L\u00f3pez J, Teles M, Fierro C, Allenspach K, Planellas M, Pastor J. Pilot study: duodenal MDR1 and COX2 gene expression in cats with inflammatory bowell disease and low-grade alimentary lymphoma. J Feline Med Surg. 2018 Aug;20(8):759-766. doi: 10.1177\/1098612X17730708.<\/p>\n\n\n\n<p>Cort\u00e9s-G\u00f3mez AA, Tvarijonaviciute A, Teles M, Cuenca R, Fuentes-Mascorro G, Romero D. p-Nitrophenyl Acetate Esterase Activity and Cortisol as Biomarkers of Metal Pollution in Blood of Olive Ridley Turtles (Lepidochelys olivacea). Arch Environ Contam Toxicol. 2018 Jul;75(1):25-36. doi: 10.1007\/s00244-017-0464-z.<\/p>\n\n\n\n<p>Guerrero S, Pastor J, Tvarijonaviciute A, Cer\u00f3n JJ, Balestra G, Caldin M. Analytical validation and reference intervals for freezing point depression osmometer measurements of urine osmolality in dogs. J Vet Diagn Invest. 2017 Nov;29(6):791-796. doi: 10.1177\/1040638717726114.<\/p>\n\n\n\n<p>Tvarijonaviciute A, Marco I, Cuenca R, Lav\u00edn S, Pastor J. Effects of season and postmortem changes on blood analytes in pyrenean chamois (rupicapra pyrenaica pyrenaica). J Wildl Dis. 2017 Oct;53(4):718-724. doi: 10.7589\/2016-06-126<\/p>\n\n\n\n<p>Vasiu I, D\u0105browski R, Martinez-Subiela S, Ceron JJ, Wdowiak A, Pop RA, Bruda\u015fc\u0103 FG, Pastor J, Tvarijonaviciute A. Milk C-reactive protein in canine mastitis. Vet Immunol Immunopathol. 2017 Apr;186:41-44. doi:10.1016\/j.vetimm.2017.02.005.<\/p>\n\n\n\n<p>Mel\u00e9ndez-Lazo A, Ros C, de la Fuente C, A\u00f1or S, Fern\u00e1ndez-Flores F, Pastor J. What is your diagnosis? Vertebral mass in a cat. Vet Clin Pathol. 2017 Mar;46(1):185-186. doi: 10.1111\/vcp.12437.<\/p>\n\n\n\n<p>Vilhena H, Tvarijonaviciute A, Cer\u00f3n JJ, Vieira L, Pastor J, Silvestre-Ferreira AC. Acute phase proteins response in cats naturally infected with Hepatozoon felis and Babesia vogeli. Vet Clin Pathol. 2017 Mar;46(1):72-76. &nbsp;doi: 10.1111\/vcp.12451.<\/p>\n\n\n\n<p>Pardo-Mar\u00edn L, Mart\u00ednez-Subiela S, Pastor J, Tvarijonaviciute A, Garcia-Martinez JD, Segarra S, Cer\u00f3n JJ. Evaluation of various biomarkers for kidney monitoring during canine leishmaniosis treatment. BMC Vet Res. 2017 Jan 23;13(1):31. doi: 10.1186\/s12917-017-0956-0.<\/p>\n\n\n\n<p>Casas-D\u00edaz E, Crist\u00f2fol C, Cuenca R, Agust\u00ed S, Carneiro M, Marco I, Lav\u00edn S, Margalida A. Determination of fluoroquinolone antibiotic residues in the plasma of Eurasian griffon vultures (Gyps fulvus) in Spain. Sci Total Environ. 2016 Jul 1;557-558:620-6. doi: 10.1016\/j.scitotenv.2016.03.083.&nbsp;<\/p>\n\n\n\n<p>Casas-D\u00edaz E, Closa-Sebasti\u00e0 F, Marco I, Lav\u00edn S, Bach-Raich E, Cuenca R. Hematologic and biochemical reference intervals for Wild Boar (Sus scrofa) captured by cage trap. Vet Clin Pathol. 2015 Jun;44(2):215-22. doi:10.1111\/vcp.12250.&nbsp;<\/p>\n\n\n\n<p>Planellas M, Cuenca R, Tabar MD, Bertolani C, Poncet C, Closa JM, Lorente J,Cer\u00f3n JJ, Pastor J. Clinical assessment and C-reactive protein (CRP), haptoglobin (Hp), and cardiac troponin I (cTnI) values of brachycephalic dogs with upper airway obstruction before and after surgery. Can J Vet Res. 2015 Jan;79(1):58-63.&nbsp;<\/p>\n","protected":false},"excerpt":{"rendered":"<p>Mart\u00ednez\u2010Caro, J., Lemos, M., Agulla, B., Amarillo\u2010G\u00f3mez, I., &amp; Pastor, J. (2025). Diagnostic Evaluation of the Sysmex XN\u20101000V Lymphocyte Fluorescence for Differentiating Canine Nodal Large B\u2010Cell and T\u2010Cell Lymphoma.\u00a0Veterinary and Comparative Oncology. Bassan, T., Pastor, J., Martinez-Caro, J., Agulla, B., &amp; Martorell, J. (2025). Effects of sedation on haematological, biochemical, coagulation profile, and kaolin-activated thromboelastography [&hellip;]<\/p>\n","protected":false},"author":20,"featured_media":0,"parent":0,"menu_order":0,"comment_status":"closed","ping_status":"closed","template":"","meta":{"footnotes":""},"class_list":["post-335","page","type-page","status-publish","hentry"],"_links":{"self":[{"href":"https:\/\/webs.uab.cat\/shcv\/wp-json\/wp\/v2\/pages\/335","targetHints":{"allow":["GET"]}}],"collection":[{"href":"https:\/\/webs.uab.cat\/shcv\/wp-json\/wp\/v2\/pages"}],"about":[{"href":"https:\/\/webs.uab.cat\/shcv\/wp-json\/wp\/v2\/types\/page"}],"author":[{"embeddable":true,"href":"https:\/\/webs.uab.cat\/shcv\/wp-json\/wp\/v2\/users\/20"}],"replies":[{"embeddable":true,"href":"https:\/\/webs.uab.cat\/shcv\/wp-json\/wp\/v2\/comments?post=335"}],"version-history":[{"count":2,"href":"https:\/\/webs.uab.cat\/shcv\/wp-json\/wp\/v2\/pages\/335\/revisions"}],"predecessor-version":[{"id":653,"href":"https:\/\/webs.uab.cat\/shcv\/wp-json\/wp\/v2\/pages\/335\/revisions\/653"}],"wp:attachment":[{"href":"https:\/\/webs.uab.cat\/shcv\/wp-json\/wp\/v2\/media?parent=335"}],"curies":[{"name":"wp","href":"https:\/\/api.w.org\/{rel}","templated":true}]}}