{"id":138,"date":"2022-08-29T16:06:37","date_gmt":"2022-08-29T14:06:37","guid":{"rendered":"https:\/\/shereromtiler.wordpress.com\/?page_id=138"},"modified":"2022-09-12T12:07:15","modified_gmt":"2022-09-12T12:07:15","slug":"historia","status":"publish","type":"page","link":"https:\/\/webs.uab.cat\/shererom\/historia\/","title":{"rendered":"Hist\u00f2ria"},"content":{"rendered":"\n<p class=\"has-medium-font-size\"><strong>Els inicis<\/strong><\/p>\n\n\n\n<p>Shere Rom va iniciar al 1998 com una comunitat de pr\u00e0ctiques impulsada pel grup DEHISI&nbsp; en col\u00b7laboraci\u00f3 amb l\u2019Associaci\u00f3 Gitana de Badalona. La col\u00b7laboraci\u00f3 entre els dos grups s\u2019havia establert a trav\u00e9s de la construcci\u00f3 d\u2019una publicaci\u00f3 en coautoria entre investigadores del grup i membres de la mateixa associaci\u00f3 (Cerreruela, Crespo, Jim\u00e9nez, Lalueza, Pall\u00ed &amp; Santiago, 2001). Aquesta publicaci\u00f3 formava part&nbsp; d\u2019una recerca-acci\u00f3, que pretenia superar els cl\u00e0ssics models d\u2019investigaci\u00f3 etnogr\u00e0fica i l\u2019eurocentrisme vigents en la recerca en l\u2019\u00e0mbit de les ci\u00e8ncies socials (Crespo, Lalueza &amp; Pall\u00ed, 2002).&nbsp;<\/p>\n\n\n\n<p>El coneixement compartit entre investigadors universitaris i activistes gitanos entorn a les necessitats educatives de la comunitat va ser el fonament de\u00a0 <em>La Casa de Shere Rom <\/em>(que posteriorment donaria nom al projecte), una activitat educativa con les criatures i la juventut gitana poguessin aprendre lliure de perspectives assimilacionistes i deficit\u00e0ries (Crespo, Lalueza, Lamas, Padr\u00f3s &amp; S\u00e0nchez-Busqu\u00e9s, 2014).<\/p>\n\n\n\n<p class=\"has-medium-font-size\"><strong>Qui va ser Shere Rom?<\/strong><\/p>\n\n\n\n<p><em>Shere Rom <\/em>\u00e9s una adaptaci\u00f3 al g\u00e8nere neutre del roman\u00f3 Shero Rom (O Szero Rom, Ser\u00e9 Rromangu\u00e9). Shero Rom va ser un gitano centreeuropeu que&nbsp; va ajudaral seu poble a escapar del genocidi nazi. Aquesta hist\u00f2ria, que sorgeix de les converses amb l\u2019Associaci\u00f3 Gitana de Badalona, tamb\u00e9 s\u2019explicava a les pr\u00f2pies criatures quan arribaven a La Casa de Shere Rom, convertint-lo d\u2019aquesta manera en un personatge hist\u00f2ric, an\u00f2nim, fictici o m\u00e0gic, de g\u00e8nere neutral, que mediava les activitats i jocs que es realitzaven: les criatures rebien cartes escrites per Shere Rom on explicava qu\u00e8 es faria aquell dia.<\/p>\n\n\n\n<p class=\"has-medium-font-size\"><strong>El model d\u2019activitat<\/strong><\/p>\n\n\n\n<p>La creaci\u00f3 d\u2019aquesta figura mediadora, aix\u00ed com la proposta de les activitats que s\u2019hi feien es basaven en el model de la Fifth Dimension (5D) o Cinquena Dimensi\u00f3, iniciat a la Universitat de California &#8211; San Diego l\u2019any 1982. En els seus inicis, aquest model d\u2019activitat va consistir en la creaci\u00f3 de comunitat de pr\u00e0ctiques on col\u00b7laboren criatures i estudiants de grau universitari per resoldre jocs i tasques mediades per les tecnologies. En aquest entorn, les formes de relaci\u00f3 es basaven en la horitzontalitat, l\u2019aprenentatge mutu i la coconstrucci\u00f3 de fites compartides. A principis dels 90, membres de DEHISI van visitar i con\u00e8ixer aquest projecte de primera m\u00e0 i van trobar que encaixava perfectament amb les necessitats que pr\u00e8viament s\u2019havien posat en com\u00fa amb l\u2019Associaci\u00f3 Gitana de Badalona.<\/p>\n\n\n\n<p class=\"has-medium-font-size\"><strong>L\u2019arribada a les escoles<\/strong><\/p>\n\n\n\n<p>La Casa de Shere Rom va promoure de manera espectacular l\u2019alfabetitzaci\u00f3 i l\u2019adquisici\u00f3 de compet\u00e8ncies digitals,&nbsp; per\u00f2 no es va aconseguir un impacte en l&#8217;escolaritzaci\u00f3 de les criatures. Per aquest motiu a l\u2019any 2002 es va iniciar <em>Shere Rom a l\u2019escola<\/em>, amb l\u2019objectiu de promour una experi\u00e8ncia significativa a l\u2019escola per la poblaci\u00f3 gitana, des de dintre de les institucions escolars. Alhora, es va mantenir La Casa de Shere Rom i es va arribar a altres espais comunitaris.<\/p>\n\n\n\n<p class=\"has-medium-font-size\"><strong>Shere Rom com una xarxa de comunitat de pr\u00e0ctiques<\/strong><\/p>\n\n\n\n<p>Al llarg de 20 anys de col\u00b7laboraci\u00f3 comunitat-universitat, Shere Rom s\u2019ha arribat a realitzar en 19 espais dintre i fora de l\u2019escola a l\u2019Area Metropolitana de Barcelona, dels quals sis han estat actius per m\u00e9s de 10 anys: vuit escoles, tres instituts, un institut-escola (l\u2019actual col\u00b7laboraci\u00f3), tres associacions gitanes, un centre c\u00edvic i una biblioteca p\u00fablica (Crespo, Lalueza, Lamas, Padr\u00f3s &amp; S\u00e0nchez-Busqu\u00e9s, 2014; Lalueza, S\u00e0nchez-Busqu\u00e9s &amp; Garc\u00eda-Romero, 2020; Mar\u00edn-Suanzo, Camps-Orfila, Garc\u00eda-Romero, S\u00e0nchez-Busqu\u00e9s &amp; Lalueza, 2020).<\/p>\n\n\n\n<p>Aix\u00ed, Shere Rom s\u2019ha articulat des del 2002 fins al 2017 com una xarxa de comunitats de pr\u00e0ctiques, on s\u2019hi realitzaven activitats basades en dos models propis: <em>Trobadors <\/em>i<em> Laberint. <\/em>Aquestes s\u2019adaptaven en funci\u00f3 de les necessitats de cada espai.&nbsp;<\/p>\n\n\n\n<p class=\"has-medium-font-size\"><strong>La transici\u00f3 a un model de col\u00b7laboraci\u00f3 escola-universitat<\/strong><\/p>\n\n\n\n<p>Al finalitzar el curs escolar 2016-2017, Shere Rom va deixar d\u2019articular-se com una xarxa per dos motius concrets. El primer va ser per la impossibilitat de continuar sostenint una xarxa sense suport econ\u00f2mic que, en el seu m\u00e0xim auge, es realitzava simult\u00e0niament en quatre centres educatius i quatre espais fora de l\u2019escola. El segon motiu va tenir a veure amb la petici\u00f3 expl\u00edcita d\u2019acompanyament i assessorament per part d\u2019uns dels centres de prim\u00e0ria amb qui es portava col\u00b7laborant des del 2007. Aix\u00ed, Shere Rom va transitar cap a un model de col\u00b7laboraci\u00f3 escola-universitat amb el nou centre que naixia aquell mateix any: l\u2019institut-escola El Til\u00b7ler (Bon Pastor, Barcelona).<\/p>\n\n\n\n<p><\/p>\n\n\n\n<p class=\"has-normal-font-size\"><strong>Bibliografia sobre el per\u00edode 1998-2017<\/strong><\/p>\n\n\n\n<ul class=\"has-small-font-size wp-block-list\"><li>Lalueza, J.L., S\u00e1nchez-Busqu\u00e9s, S., &amp; Garc\u00eda-Romero, D. (2020). Following the trail of the 5th Dimension: University-community partnership to design educational environments. <em>Mind, Culture &amp; Activity 27<\/em>(2), 132-139.<a href=\"https:\/\/doi.org\/10.1080\/10749039.2019.1611859\"><em> <\/em>https:\/\/doi.org\/10.1080\/10749039.2019.1611859<\/a><\/li><li>Lalueza, J.L. &amp; Mac\u00edas-G\u00f3mez-Estern, B. (2020): Border crossing. A service-learning approach based on transformative learning and cultural-historical psychology (Cruzando la frontera. Una aproximaci\u00f3n al aprendizaje Servicio desde el aprendizaje transformativo y la psicolog\u00eda hist\u00f3rico-<em>cultural<\/em>), <em>Culture and Education, 32<\/em>(3), 556-582<a href=\"https:\/\/doi.org\/10.1080\/11356405.2020.1792755\"> https:\/\/doi.org\/10.1080\/11356405.2020.1792755<\/a>&nbsp;&nbsp;<\/li><li>Lamas, M., S\u00e1nchez-Busqu\u00e9s, S., &amp; Lalueza, J.L. (2020). Changes in school through a long-term project of action research. Building bridges between school practice and Roma communities. <em>Educational Action Research, 28<\/em>(1), 22-37<em>&nbsp; <\/em><a href=\"https:\/\/doi.org\/10.1080\/09650792.2018.1509721\">https:\/\/doi.org\/10.1080\/09650792.2018.1509721<\/a><\/li><li>Mar\u00edn-Suazo, C., Camps-Orfila, S., Garc\u00eda-Romero, D., S\u00e1nchez-Busqu\u00e9s, S., &amp; Lalueza, J.L. (2020). Comunitats de pr\u00e0ctiques per a la inclusi\u00f3 educativa. Una \u00abrecerca basada en el disseny\u00bb. <em>Temps d\u2019Educaci\u00f3 59, <\/em>161-172<a href=\"http:\/\/www.publicacions.ub.edu\/revistes\/tempsdEducacio59\/default.asp?articulo=1659&amp;modo=resumen\"> http:\/\/www.publicacions.ub.edu\/revistes\/tempsdEducacio59\/default.asp?articulo=1659&amp;modo=resumen<\/a><\/li><li>Lalueza, J.L., Garcia-Romero, D., Zhang-Yu, C., Garc\u00eda-D\u00edaz, S., Camps-Orfila, S., Padr\u00f3s,&nbsp; M., &amp; Mar\u00edn-Suazo C. (2020). Fons d&#8217;identitat: com fer significativa la pr\u00e0ctica escolar en entorns d&#8217;exclusi\u00f3 social \/ Fondos de identidad: c\u00f3mo hacer significativa la pr\u00e1ctica escolar en entornos de exclusi\u00f3n social. UAB Divulga.<a href=\"https:\/\/www.uab.cat\/web\/detall-de-noticia\/fons-d-identitat-com-fer-significativa-la-practica-escolar-en-entorns-d-exclusio-social-1345469002000.html?noticiaid=1345808634506\"> https:\/\/www.uab.cat\/web\/detall-de-noticia\/fons-d-identitat-com-fer-significativa-la-practica-escolar-en-entorns-d-exclusio-social-1345469002000.html?noticiaid=1345808634506<\/a><\/li><li>Lalueza, J.L. (2017). Buscando alternativas a la exclusi\u00f3n educativa de los miembros de grupos minoritarios. En V. Fachinetti &amp; G. Plachot (Eds.), <em>Educaci\u00f3n y psicolog\u00eda en el siglo XXI <\/em>(pp. 195-212). Montevideo: Ediciones Universitarias UCUR <a href=\"http:\/\/www.scielo.org.mx\/scielo.php?script=sci_arttext&amp;pid=S1665-109X2017000100004\">http:\/\/www.scielo.org.mx\/scielo.php?script=sci_arttext&amp;pid=S1665-109X2017000100004<\/a>\u00e7<\/li><li>Lamas, M. &amp; Lalueza, J.L (2016). Innovar en el aula. Contradicciones entre nuevas herramientas y viejos roles como medio para trasformar la pr\u00e1ctica. <em>Estudios Pedag\u00f3gicos (Valdivia) 42 (3),<\/em> 243-258 &nbsp; <a href=\"http:\/\/dx.doi.org\/10.4067\/S0718-07052016000400013\">http:\/\/dx.doi.org\/10.4067\/S0718-07052016000400013<\/a><\/li><li>Lalueza, J.L., S\u00e1nchez-Busqu\u00e9s, S., Padr\u00f3s, M., &amp; Garc\u00eda-Romero, D. (2016). Educaci\u00f3n, minor\u00edas e identidad. Reflexiones a trav\u00e9s de un proyecto de investigaci\u00f3n-acci\u00f3n. <em>Papeles de Trabajo sobre Cultura, Educaci\u00f3n y Desarrollo Humano, 12<\/em>(3), 20-29.<\/li><li>Crespo, I., Lalueza, J. L., Lamas, M., Padr\u00f3s, M., &amp; S\u00e1nchez-Busqu\u00e9s, S., (2014). El proyecto Shere Rom. Fundamentos de una comunidad de pr\u00e1cticas para la inclusi\u00f3n educativa. <em>Psicolog\u00eda, Conocimiento y Sociedad, 4<\/em>(2), 138\u2013162.<a href=\"https:\/\/revista.psico.edu.uy\/index.php\/revpsicologia\/article\/view\/221\"> https:\/\/revista.psico.edu.uy\/index.php\/revpsicologia\/article\/view\/221<\/a><\/li><li>Luque, M. J. &amp; Lalueza, J. L. (2013). Aprendizaje colaborativo en comunidades de pr\u00e1ctica en entornos de exclusi\u00f3n social. Un an\u00e1lisis de las interacciones. <em>Revista de Educaci\u00f3n 362<\/em>, 402-428<a href=\"http:\/\/doi.org\/10.4438\/1988-592X-RE-2011-362-166\"> http:\/\/doi.org\/10.4438\/1988-592X-RE-2011-362-166<\/a><\/li><li>Padr\u00f3s, M; S\u00e0nchez-Busqu\u00e9s, S. &amp; Luque, M. J. (2012). Shere Rom: creando una microcultura para la inclusi\u00f3n socioeducativa. <em>Quaderns de Psicologia. 14 (2)<\/em>, 87-99<a href=\"https:\/\/doi.org\/10.5565\/rev\/qpsicologia.1142\"> https:\/\/doi.org\/10.5565\/rev\/qpsicologia.1142<\/a><\/li><li>Lamas, M. &amp; Lalueza, J. L. (2012). Apropiaci\u00f3n de un modelo colaborativo en escuelas multiculturales con alumnado en situaci\u00f3n de exclusi\u00f3n social. Appropriation of a collaborative model in multicultural schools with students in a situation of social exclusion.&nbsp; <em>Cultura &amp; Educaci\u00f3n 24(2),<\/em>&nbsp; 177-191 <a href=\"https:\/\/doi.org\/10.1174\/113564012804932083\">&nbsp;https:\/\/doi.org\/10.1174\/113564012804932083<\/a><\/li><li>Lalueza, J. L.; Crespo, I.; Luque, M. J. &amp; Padr\u00f3s, M. (2011). Projecte Shere Rom: Fent de l\u2019escola una experi\u00e8ncia significativa en entorns multiculturals i en risc d\u2019exclusi\u00f3 social. <em>Barcelona Educaci\u00f3 74<\/em>, 6-7<\/li><li>Lalueza, J. L.; Crespo, I. &amp; Luque, M. J. (2010). Un espai de col\u00b7laboraci\u00f3 entre la comunitat gitana i la Universitat per a l\u2019educaci\u00f3 intercultural. <em>Perspectiva Escolar, 349, <\/em>46-55.<\/li><li>Lalueza, J.L.; Crespo, I., &amp; Luque, M.J. (2009). El Projecte Shere Rom: espais educatius d\u2019\u00fas d les noves tecnologies per al desenvolupament comunitari. <em>Barcelona Societat, 16, <\/em>129-136<\/li><li>Lalueza, J.L., Crespo, I., &amp; Bria, M. (2008). Microcultures, Local Communities and Virtual Networks. In T. Hansson (Ed.), <em>Handbook of research on digital information technologies: Innovations, methods, and ethical issues<\/em> (pp.<em> <\/em>117-130). Hershey, PA: Information Science Reference. IGI Global.<\/li><li>Crespo, I., Lalueza, J.L., Portell, M., &amp; S\u00e1nchez-Busqu\u00e9s, S. (2005). Communities for intercultural education:&nbsp; Interweaving microcultures. In M. Nilson &amp; H. Nocon (Eds.),<em> School of Tomorrow. Teaching and Technology in Local and Global Communities<\/em> (pp. 27-62)<em>. <\/em>Berna: Peter Lang.<\/li><li>Lalueza, J. L.; Crespo, I.; Bria, M., S\u00e1nchez-Busqu\u00e9s, S. &amp; Luque, M. J. (2005). L&#8217;educaci\u00f3 com a creaci\u00f3 de microcultures: de la comunitat local a la xarxa virtual. <em>Temps d\u2019Educaci\u00f3, 29,<\/em> 53-74.<\/li><li>Lalueza, J. L.; Bria, M., Crespo, I.; S\u00e1nchez-Busqu\u00e9s, S. &amp; Luque, M. J. (2004). Education as microculture construction. From local community to virtual network<strong>. <\/strong><em>Interactive Educational Multimedia, 9, <\/em>16-31<\/li><li>Crespo, I.; Pall\u00ed, C. &amp; Lalueza, J. L. (2002): Moving communities: a process of negotiation with a gypsy minority for empowerment. <em>Community, Work and Family. 5 (1), <\/em>49-66<a href=\"https:\/\/doi.org\/10.1080\/13668800220173\"> https:\/\/doi.org\/10.1080\/13668800220173<\/a><\/li><li>Cerreruela, E.; Crespo, I.; Jim\u00e9nez, R.; Lalueza, J. L.; Pall\u00ed, C. &amp; Santiago, R. (2001): <em>Hechos gitanales. Conversaciones con tres gitanos de Sant Roc. <\/em>Cerdanyola del Vall\u00e8s: Publicacions Universitat Aut\u00f2noma de Barcelona.Lalueza, J.L., Crespo, I., Pall\u00ed, C., &amp; Luque, M.J. (1999): Intervenci\u00f3n educativa, comunidad y cultura gitana. Una experiencia con nuevas tecnolog\u00edas: la casa de Shere Rom. En&nbsp; M. A. Essomba: <em>Construir la escuela intercultural. Reflexiones y propuestas para trabajar la diversidad \u00e9tnica y cultural<\/em> (pp. 185-194). Barcelona: Gra\u00f3.<\/li><\/ul>\n","protected":false},"excerpt":{"rendered":"<p>Els inicis Shere Rom va iniciar al 1998 com una comunitat de pr\u00e0ctiques impulsada pel grup DEHISI&nbsp; en col\u00b7laboraci\u00f3 amb l\u2019Associaci\u00f3 Gitana de Badalona. La col\u00b7laboraci\u00f3 entre els dos grups s\u2019havia establert a trav\u00e9s de la construcci\u00f3 d\u2019una publicaci\u00f3 en coautoria entre investigadores del grup i membres de la mateixa associaci\u00f3 (Cerreruela, Crespo, Jim\u00e9nez, Lalueza, [&hellip;]<\/p>\n","protected":false},"author":137,"featured_media":0,"parent":0,"menu_order":0,"comment_status":"closed","ping_status":"closed","template":"","meta":{"footnotes":""},"class_list":["post-138","page","type-page","status-publish","hentry"],"_links":{"self":[{"href":"https:\/\/webs.uab.cat\/shererom\/wp-json\/wp\/v2\/pages\/138","targetHints":{"allow":["GET"]}}],"collection":[{"href":"https:\/\/webs.uab.cat\/shererom\/wp-json\/wp\/v2\/pages"}],"about":[{"href":"https:\/\/webs.uab.cat\/shererom\/wp-json\/wp\/v2\/types\/page"}],"author":[{"embeddable":true,"href":"https:\/\/webs.uab.cat\/shererom\/wp-json\/wp\/v2\/users\/137"}],"replies":[{"embeddable":true,"href":"https:\/\/webs.uab.cat\/shererom\/wp-json\/wp\/v2\/comments?post=138"}],"version-history":[{"count":1,"href":"https:\/\/webs.uab.cat\/shererom\/wp-json\/wp\/v2\/pages\/138\/revisions"}],"predecessor-version":[{"id":251,"href":"https:\/\/webs.uab.cat\/shererom\/wp-json\/wp\/v2\/pages\/138\/revisions\/251"}],"wp:attachment":[{"href":"https:\/\/webs.uab.cat\/shererom\/wp-json\/wp\/v2\/media?parent=138"}],"curies":[{"name":"wp","href":"https:\/\/api.w.org\/{rel}","templated":true}]}}