{"id":171,"date":"2022-09-06T12:24:50","date_gmt":"2022-09-06T12:24:50","guid":{"rendered":"https:\/\/webs.uab.cat\/shererom\/?page_id=171"},"modified":"2022-09-06T13:23:45","modified_gmt":"2022-09-06T13:23:45","slug":"fons-de-coneixement","status":"publish","type":"page","link":"https:\/\/webs.uab.cat\/shererom\/fons-de-coneixement\/","title":{"rendered":"Fons de Coneixement"},"content":{"rendered":"\n<p>Amb aquest projecte pretenem vincular el context escolar amb el context familiar de l\u2019alumnat, per tal d\u2019aconseguir la contextualitzaci\u00f3 educativa a trav\u00e9s de la incorporaci\u00f3 de sabers i habilitats de les fam\u00edlies i la millora de les relacions fam\u00edlia-escola a trav\u00e9s de l\u2019establiment de relacions de m\u00fatua confian\u00e7a.&nbsp;<\/p>\n\n\n\n<p>Mitjan\u00e7ant entrevistes en espais quotidians i fora escola de les criatures, les mestres s\u2019apropen m\u00e9s a les fam\u00edlies, fet que els permet poder-les con\u00e8ixer m\u00e9s a elles i als seus coneixements, habilitats i valors, per despr\u00e9s poder establir vinculacions amb la pr\u00e0ctica educativa i curricular del curs escolar. En altres paraules, es tracta d\u2019identificar i utilitzar els sabers i destreses (anomenats \u201cfons de coneixement\u201d) que disposa cada fam\u00edlia per a realitzar innovacions pedag\u00f2giques.&nbsp;<\/p>\n\n\n\n<p>M\u00e9s enll\u00e0 de la realitzaci\u00f3 d\u2019activitats contextualitzades, \u00e9s a dir, activitats que uneixen la vida familiar i la vida escolar, es busca conseguir una estreta relaci\u00f3 amb les fam\u00edlies basada en la proximitat, la comunicaci\u00f3 i la col\u00b7laboraci\u00f3. En aquest sentit, es fomenta la involucraci\u00f3 de les fam\u00edlies al ser considerades com un agent actiu al llarg del proc\u00e9s, especialment en el disseny i realitzaci\u00f3 de les activitats.&nbsp;<\/p>\n\n\n\n<p class=\"has-normal-font-size\"><strong>Arxiu audiovisual<\/strong><\/p>\n\n\n\n<ul class=\"wp-block-list\"><li><strong>Curs 18-19<\/strong>: Primer any de projecte! <\/li><\/ul>\n\n\n\n<div class=\"wp-block-group\"><div class=\"wp-block-group__inner-container is-layout-flow wp-block-group-is-layout-flow\">\n<figure class=\"wp-block-gallery has-nested-images columns-default is-cropped wp-block-gallery-1 is-layout-flex wp-block-gallery-is-layout-flex\">\n<figure class=\"wp-block-image size-large is-style-default\"><img loading=\"lazy\" decoding=\"async\" width=\"1024\" height=\"768\" data-id=\"181\" src=\"https:\/\/webs.uab.cat\/shererom\/wp-content\/uploads\/sites\/188\/2022\/09\/IMG_20190528_093640-1024x768.jpg\" alt=\"\" class=\"wp-image-181\" srcset=\"https:\/\/webs.uab.cat\/shererom\/wp-content\/uploads\/sites\/188\/2022\/09\/IMG_20190528_093640-1024x768.jpg 1024w, https:\/\/webs.uab.cat\/shererom\/wp-content\/uploads\/sites\/188\/2022\/09\/IMG_20190528_093640-300x225.jpg 300w, https:\/\/webs.uab.cat\/shererom\/wp-content\/uploads\/sites\/188\/2022\/09\/IMG_20190528_093640-768x576.jpg 768w, https:\/\/webs.uab.cat\/shererom\/wp-content\/uploads\/sites\/188\/2022\/09\/IMG_20190528_093640-1536x1152.jpg 1536w, https:\/\/webs.uab.cat\/shererom\/wp-content\/uploads\/sites\/188\/2022\/09\/IMG_20190528_093640-2048x1536.jpg 2048w, https:\/\/webs.uab.cat\/shererom\/wp-content\/uploads\/sites\/188\/2022\/09\/IMG_20190528_093640-1200x900.jpg 1200w, https:\/\/webs.uab.cat\/shererom\/wp-content\/uploads\/sites\/188\/2022\/09\/IMG_20190528_093640-1980x1485.jpg 1980w\" sizes=\"auto, (max-width: 1024px) 100vw, 1024px\" \/><figcaption>La fam\u00edlia ens presenta la granja i perqu\u00e8 \u00e9s important per la seva quotidianeitat<\/figcaption><\/figure>\n\n\n\n<figure class=\"wp-block-image size-large\"><img loading=\"lazy\" decoding=\"async\" width=\"818\" height=\"1024\" data-id=\"180\" src=\"https:\/\/webs.uab.cat\/shererom\/wp-content\/uploads\/sites\/188\/2022\/09\/IMG-20190616-WA0006-818x1024.jpg\" alt=\"\" class=\"wp-image-180\" srcset=\"https:\/\/webs.uab.cat\/shererom\/wp-content\/uploads\/sites\/188\/2022\/09\/IMG-20190616-WA0006-818x1024.jpg 818w, https:\/\/webs.uab.cat\/shererom\/wp-content\/uploads\/sites\/188\/2022\/09\/IMG-20190616-WA0006-240x300.jpg 240w, https:\/\/webs.uab.cat\/shererom\/wp-content\/uploads\/sites\/188\/2022\/09\/IMG-20190616-WA0006-768x961.jpg 768w, https:\/\/webs.uab.cat\/shererom\/wp-content\/uploads\/sites\/188\/2022\/09\/IMG-20190616-WA0006.jpg 967w\" sizes=\"auto, (max-width: 818px) 100vw, 818px\" \/><figcaption>Arribem a la granja!<\/figcaption><\/figure>\n\n\n\n<figure class=\"wp-block-image size-large\"><img loading=\"lazy\" decoding=\"async\" width=\"1024\" height=\"576\" data-id=\"184\" src=\"https:\/\/webs.uab.cat\/shererom\/wp-content\/uploads\/sites\/188\/2022\/09\/20190614_114345-1024x576.jpg\" alt=\"\" class=\"wp-image-184\" srcset=\"https:\/\/webs.uab.cat\/shererom\/wp-content\/uploads\/sites\/188\/2022\/09\/20190614_114345-1024x576.jpg 1024w, https:\/\/webs.uab.cat\/shererom\/wp-content\/uploads\/sites\/188\/2022\/09\/20190614_114345-300x169.jpg 300w, https:\/\/webs.uab.cat\/shererom\/wp-content\/uploads\/sites\/188\/2022\/09\/20190614_114345-768x432.jpg 768w, https:\/\/webs.uab.cat\/shererom\/wp-content\/uploads\/sites\/188\/2022\/09\/20190614_114345-1536x864.jpg 1536w, https:\/\/webs.uab.cat\/shererom\/wp-content\/uploads\/sites\/188\/2022\/09\/20190614_114345-2048x1152.jpg 2048w, https:\/\/webs.uab.cat\/shererom\/wp-content\/uploads\/sites\/188\/2022\/09\/20190614_114345-1200x675.jpg 1200w, https:\/\/webs.uab.cat\/shererom\/wp-content\/uploads\/sites\/188\/2022\/09\/20190614_114345-1980x1114.jpg 1980w\" sizes=\"auto, (max-width: 1024px) 100vw, 1024px\" \/><figcaption>Visitem la granja<\/figcaption><\/figure>\n\n\n\n<figure class=\"wp-block-image size-large\"><img loading=\"lazy\" decoding=\"async\" width=\"1024\" height=\"819\" data-id=\"179\" src=\"https:\/\/webs.uab.cat\/shererom\/wp-content\/uploads\/sites\/188\/2022\/09\/IMG-20190616-WA0007-1024x819.jpg\" alt=\"\" class=\"wp-image-179\" srcset=\"https:\/\/webs.uab.cat\/shererom\/wp-content\/uploads\/sites\/188\/2022\/09\/IMG-20190616-WA0007-1024x819.jpg 1024w, https:\/\/webs.uab.cat\/shererom\/wp-content\/uploads\/sites\/188\/2022\/09\/IMG-20190616-WA0007-300x240.jpg 300w, https:\/\/webs.uab.cat\/shererom\/wp-content\/uploads\/sites\/188\/2022\/09\/IMG-20190616-WA0007-768x614.jpg 768w, https:\/\/webs.uab.cat\/shererom\/wp-content\/uploads\/sites\/188\/2022\/09\/IMG-20190616-WA0007-1200x960.jpg 1200w, https:\/\/webs.uab.cat\/shererom\/wp-content\/uploads\/sites\/188\/2022\/09\/IMG-20190616-WA0007.jpg 1350w\" sizes=\"auto, (max-width: 1024px) 100vw, 1024px\" \/><figcaption>Visitem la formatgeria<\/figcaption><\/figure>\n\n\n\n<figure class=\"wp-block-image size-large\"><img loading=\"lazy\" decoding=\"async\" width=\"768\" height=\"1024\" data-id=\"183\" src=\"https:\/\/webs.uab.cat\/shererom\/wp-content\/uploads\/sites\/188\/2022\/09\/IMG_20190614_111707-768x1024.jpg\" alt=\"\" class=\"wp-image-183\" srcset=\"https:\/\/webs.uab.cat\/shererom\/wp-content\/uploads\/sites\/188\/2022\/09\/IMG_20190614_111707-768x1024.jpg 768w, https:\/\/webs.uab.cat\/shererom\/wp-content\/uploads\/sites\/188\/2022\/09\/IMG_20190614_111707-225x300.jpg 225w, https:\/\/webs.uab.cat\/shererom\/wp-content\/uploads\/sites\/188\/2022\/09\/IMG_20190614_111707-1152x1536.jpg 1152w, https:\/\/webs.uab.cat\/shererom\/wp-content\/uploads\/sites\/188\/2022\/09\/IMG_20190614_111707-1536x2048.jpg 1536w, https:\/\/webs.uab.cat\/shererom\/wp-content\/uploads\/sites\/188\/2022\/09\/IMG_20190614_111707-1200x1600.jpg 1200w, https:\/\/webs.uab.cat\/shererom\/wp-content\/uploads\/sites\/188\/2022\/09\/IMG_20190614_111707-1980x2640.jpg 1980w, https:\/\/webs.uab.cat\/shererom\/wp-content\/uploads\/sites\/188\/2022\/09\/IMG_20190614_111707-scaled.jpg 1920w\" sizes=\"auto, (max-width: 768px) 100vw, 768px\" \/><figcaption>Proc\u00e9s d&#8217;el\u00b7laboraci\u00f3<\/figcaption><\/figure>\n\n\n\n<figure class=\"wp-block-image size-large\"><img loading=\"lazy\" decoding=\"async\" width=\"1024\" height=\"576\" data-id=\"182\" src=\"https:\/\/webs.uab.cat\/shererom\/wp-content\/uploads\/sites\/188\/2022\/09\/20190614_102758-1024x576.jpg\" alt=\"\" class=\"wp-image-182\" srcset=\"https:\/\/webs.uab.cat\/shererom\/wp-content\/uploads\/sites\/188\/2022\/09\/20190614_102758-1024x576.jpg 1024w, https:\/\/webs.uab.cat\/shererom\/wp-content\/uploads\/sites\/188\/2022\/09\/20190614_102758-300x169.jpg 300w, https:\/\/webs.uab.cat\/shererom\/wp-content\/uploads\/sites\/188\/2022\/09\/20190614_102758-768x432.jpg 768w, https:\/\/webs.uab.cat\/shererom\/wp-content\/uploads\/sites\/188\/2022\/09\/20190614_102758-1536x864.jpg 1536w, https:\/\/webs.uab.cat\/shererom\/wp-content\/uploads\/sites\/188\/2022\/09\/20190614_102758-2048x1152.jpg 2048w, https:\/\/webs.uab.cat\/shererom\/wp-content\/uploads\/sites\/188\/2022\/09\/20190614_102758-1200x675.jpg 1200w, https:\/\/webs.uab.cat\/shererom\/wp-content\/uploads\/sites\/188\/2022\/09\/20190614_102758-1980x1114.jpg 1980w\" sizes=\"auto, (max-width: 1024px) 100vw, 1024px\" \/><figcaption>Proc\u00e9s d&#8217;elaboraci\u00f3<\/figcaption><\/figure>\n\n\n\n<figure class=\"wp-block-image size-large\"><img loading=\"lazy\" decoding=\"async\" width=\"2560\" height=\"1920\" data-id=\"185\" src=\"https:\/\/webs.uab.cat\/shererom\/wp-content\/uploads\/sites\/188\/2022\/09\/IMG_20190607_160956-scaled.jpg\" alt=\"\" class=\"wp-image-185\" srcset=\"https:\/\/webs.uab.cat\/shererom\/wp-content\/uploads\/sites\/188\/2022\/09\/IMG_20190607_160956-scaled.jpg 2560w, https:\/\/webs.uab.cat\/shererom\/wp-content\/uploads\/sites\/188\/2022\/09\/IMG_20190607_160956-300x225.jpg 300w, https:\/\/webs.uab.cat\/shererom\/wp-content\/uploads\/sites\/188\/2022\/09\/IMG_20190607_160956-1024x768.jpg 1024w, https:\/\/webs.uab.cat\/shererom\/wp-content\/uploads\/sites\/188\/2022\/09\/IMG_20190607_160956-768x576.jpg 768w, https:\/\/webs.uab.cat\/shererom\/wp-content\/uploads\/sites\/188\/2022\/09\/IMG_20190607_160956-1536x1152.jpg 1536w, https:\/\/webs.uab.cat\/shererom\/wp-content\/uploads\/sites\/188\/2022\/09\/IMG_20190607_160956-2048x1536.jpg 2048w, https:\/\/webs.uab.cat\/shererom\/wp-content\/uploads\/sites\/188\/2022\/09\/IMG_20190607_160956-1200x900.jpg 1200w, https:\/\/webs.uab.cat\/shererom\/wp-content\/uploads\/sites\/188\/2022\/09\/IMG_20190607_160956-1980x1485.jpg 1980w\" sizes=\"auto, (max-width: 2560px) 100vw, 2560px\" \/><figcaption>Maquetes de granja<\/figcaption><\/figure>\n\n\n\n<figure class=\"wp-block-image size-large\"><img loading=\"lazy\" decoding=\"async\" width=\"2560\" height=\"1920\" data-id=\"188\" src=\"https:\/\/webs.uab.cat\/shererom\/wp-content\/uploads\/sites\/188\/2022\/09\/IMG_20190412_085142-scaled.jpg\" alt=\"\" class=\"wp-image-188\" srcset=\"https:\/\/webs.uab.cat\/shererom\/wp-content\/uploads\/sites\/188\/2022\/09\/IMG_20190412_085142-scaled.jpg 2560w, https:\/\/webs.uab.cat\/shererom\/wp-content\/uploads\/sites\/188\/2022\/09\/IMG_20190412_085142-300x225.jpg 300w, https:\/\/webs.uab.cat\/shererom\/wp-content\/uploads\/sites\/188\/2022\/09\/IMG_20190412_085142-1024x768.jpg 1024w, https:\/\/webs.uab.cat\/shererom\/wp-content\/uploads\/sites\/188\/2022\/09\/IMG_20190412_085142-768x576.jpg 768w, https:\/\/webs.uab.cat\/shererom\/wp-content\/uploads\/sites\/188\/2022\/09\/IMG_20190412_085142-1536x1152.jpg 1536w, https:\/\/webs.uab.cat\/shererom\/wp-content\/uploads\/sites\/188\/2022\/09\/IMG_20190412_085142-2048x1536.jpg 2048w, https:\/\/webs.uab.cat\/shererom\/wp-content\/uploads\/sites\/188\/2022\/09\/IMG_20190412_085142-1200x900.jpg 1200w, https:\/\/webs.uab.cat\/shererom\/wp-content\/uploads\/sites\/188\/2022\/09\/IMG_20190412_085142-1980x1485.jpg 1980w\" sizes=\"auto, (max-width: 2560px) 100vw, 2560px\" \/><figcaption>Esmorzar amb fam\u00edlies<\/figcaption><\/figure>\n\n\n\n<figure class=\"wp-block-image size-large\"><img loading=\"lazy\" decoding=\"async\" width=\"2560\" height=\"1920\" data-id=\"187\" src=\"https:\/\/webs.uab.cat\/shererom\/wp-content\/uploads\/sites\/188\/2022\/09\/IMG_20181029_135724-scaled.jpg\" alt=\"\" class=\"wp-image-187\" srcset=\"https:\/\/webs.uab.cat\/shererom\/wp-content\/uploads\/sites\/188\/2022\/09\/IMG_20181029_135724-scaled.jpg 2560w, https:\/\/webs.uab.cat\/shererom\/wp-content\/uploads\/sites\/188\/2022\/09\/IMG_20181029_135724-300x225.jpg 300w, https:\/\/webs.uab.cat\/shererom\/wp-content\/uploads\/sites\/188\/2022\/09\/IMG_20181029_135724-1024x768.jpg 1024w, https:\/\/webs.uab.cat\/shererom\/wp-content\/uploads\/sites\/188\/2022\/09\/IMG_20181029_135724-768x576.jpg 768w, https:\/\/webs.uab.cat\/shererom\/wp-content\/uploads\/sites\/188\/2022\/09\/IMG_20181029_135724-1536x1152.jpg 1536w, https:\/\/webs.uab.cat\/shererom\/wp-content\/uploads\/sites\/188\/2022\/09\/IMG_20181029_135724-2048x1536.jpg 2048w, https:\/\/webs.uab.cat\/shererom\/wp-content\/uploads\/sites\/188\/2022\/09\/IMG_20181029_135724-1200x900.jpg 1200w, https:\/\/webs.uab.cat\/shererom\/wp-content\/uploads\/sites\/188\/2022\/09\/IMG_20181029_135724-1980x1485.jpg 1980w\" sizes=\"auto, (max-width: 2560px) 100vw, 2560px\" \/><figcaption>Grup d&#8217;estudi<\/figcaption><\/figure>\n<\/figure>\n<\/div><\/div>\n\n\n\n<ul class=\"wp-block-list\"><li><strong>Curs 19-20<\/strong>: Deguda a la pand\u00e8mia no podem finalitzar l&#8217;any presencialment. Les mestres preparen un v\u00eddeo resum del projecte, amb la col\u00b7laboraci\u00f3 d&#8217;algunes mares participants <\/li><\/ul>\n\n\n\n<figure class=\"wp-block-embed is-type-video is-provider-youtube wp-block-embed-youtube wp-embed-aspect-16-9 wp-has-aspect-ratio\"><div class=\"wp-block-embed__wrapper\">\n<iframe loading=\"lazy\" title=\"Curs 20-21 Projecte Fons de Coneixement\" width=\"580\" height=\"326\" src=\"https:\/\/www.youtube.com\/embed\/n519qgbj3cQ?feature=oembed\" frameborder=\"0\" allow=\"accelerometer; autoplay; clipboard-write; encrypted-media; gyroscope; picture-in-picture; web-share\" referrerpolicy=\"strict-origin-when-cross-origin\" allowfullscreen><\/iframe>\n<\/div><figcaption>V\u00eddeo el\u00b7laborat per les mestres de la Comunitat de Petits de l&#8217;I-E El Til\u00b7ler en col\u00b7laboraci\u00f3 amb algunes mares participants al projecte<\/figcaption><\/figure>\n\n\n\n<ul class=\"wp-block-list\"><li><strong>Curs 20-21<\/strong>: Decidim no engegar el projecte donada la situaci\u00f3 sanit\u00e0ria<\/li><li><strong>Curs 21-22<\/strong>: Reprenem el projecte!<\/li><\/ul>\n\n\n\n<figure class=\"wp-block-embed is-type-video is-provider-youtube wp-block-embed-youtube wp-embed-aspect-16-9 wp-has-aspect-ratio\"><div class=\"wp-block-embed__wrapper\">\n<iframe loading=\"lazy\" title=\"Fons de coneixement IE El Til\u00b7ler\" width=\"580\" height=\"326\" src=\"https:\/\/www.youtube.com\/embed\/VOM9LnnPWUw?feature=oembed\" frameborder=\"0\" allow=\"accelerometer; autoplay; clipboard-write; encrypted-media; gyroscope; picture-in-picture; web-share\" referrerpolicy=\"strict-origin-when-cross-origin\" allowfullscreen><\/iframe>\n<\/div><figcaption>V\u00eddeo-resum el\u00b7laborat per les mestres de la Comunitat de Petits de l&#8217;I-E El Til\u00b7ler<\/figcaption><\/figure>\n\n\n\n<figure class=\"wp-block-gallery has-nested-images columns-default is-cropped wp-block-gallery-2 is-layout-flex wp-block-gallery-is-layout-flex\">\n<figure class=\"wp-block-image size-large\"><img loading=\"lazy\" decoding=\"async\" width=\"1024\" height=\"473\" data-id=\"189\" src=\"https:\/\/webs.uab.cat\/shererom\/wp-content\/uploads\/sites\/188\/2022\/09\/1654595810013-1024x473.jpg\" alt=\"\" class=\"wp-image-189\" srcset=\"https:\/\/webs.uab.cat\/shererom\/wp-content\/uploads\/sites\/188\/2022\/09\/1654595810013-1024x473.jpg 1024w, https:\/\/webs.uab.cat\/shererom\/wp-content\/uploads\/sites\/188\/2022\/09\/1654595810013-300x139.jpg 300w, https:\/\/webs.uab.cat\/shererom\/wp-content\/uploads\/sites\/188\/2022\/09\/1654595810013-768x355.jpg 768w, https:\/\/webs.uab.cat\/shererom\/wp-content\/uploads\/sites\/188\/2022\/09\/1654595810013-1536x709.jpg 1536w, https:\/\/webs.uab.cat\/shererom\/wp-content\/uploads\/sites\/188\/2022\/09\/1654595810013-2048x946.jpg 2048w, https:\/\/webs.uab.cat\/shererom\/wp-content\/uploads\/sites\/188\/2022\/09\/1654595810013-1200x554.jpg 1200w, https:\/\/webs.uab.cat\/shererom\/wp-content\/uploads\/sites\/188\/2022\/09\/1654595810013-1980x914.jpg 1980w\" sizes=\"auto, (max-width: 1024px) 100vw, 1024px\" \/><figcaption>Taller de cuina amb mares<\/figcaption><\/figure>\n\n\n\n<figure class=\"wp-block-image size-large\"><img loading=\"lazy\" decoding=\"async\" width=\"1024\" height=\"768\" data-id=\"190\" src=\"https:\/\/webs.uab.cat\/shererom\/wp-content\/uploads\/sites\/188\/2022\/09\/20220607_103636-1024x768.jpg\" alt=\"\" class=\"wp-image-190\" srcset=\"https:\/\/webs.uab.cat\/shererom\/wp-content\/uploads\/sites\/188\/2022\/09\/20220607_103636-1024x768.jpg 1024w, https:\/\/webs.uab.cat\/shererom\/wp-content\/uploads\/sites\/188\/2022\/09\/20220607_103636-300x225.jpg 300w, https:\/\/webs.uab.cat\/shererom\/wp-content\/uploads\/sites\/188\/2022\/09\/20220607_103636-768x576.jpg 768w, https:\/\/webs.uab.cat\/shererom\/wp-content\/uploads\/sites\/188\/2022\/09\/20220607_103636-1200x900.jpg 1200w\" sizes=\"auto, (max-width: 1024px) 100vw, 1024px\" \/><figcaption>Taller de cuina amb mares<\/figcaption><\/figure>\n\n\n\n<figure class=\"wp-block-image size-large\"><img loading=\"lazy\" decoding=\"async\" width=\"1024\" height=\"621\" data-id=\"191\" src=\"https:\/\/webs.uab.cat\/shererom\/wp-content\/uploads\/sites\/188\/2022\/09\/1654595809851-1024x621.jpg\" alt=\"\" class=\"wp-image-191\" srcset=\"https:\/\/webs.uab.cat\/shererom\/wp-content\/uploads\/sites\/188\/2022\/09\/1654595809851-1024x621.jpg 1024w, https:\/\/webs.uab.cat\/shererom\/wp-content\/uploads\/sites\/188\/2022\/09\/1654595809851-300x182.jpg 300w, https:\/\/webs.uab.cat\/shererom\/wp-content\/uploads\/sites\/188\/2022\/09\/1654595809851-768x466.jpg 768w, https:\/\/webs.uab.cat\/shererom\/wp-content\/uploads\/sites\/188\/2022\/09\/1654595809851-1536x932.jpg 1536w, https:\/\/webs.uab.cat\/shererom\/wp-content\/uploads\/sites\/188\/2022\/09\/1654595809851-1200x728.jpg 1200w, https:\/\/webs.uab.cat\/shererom\/wp-content\/uploads\/sites\/188\/2022\/09\/1654595809851.jpg 1740w\" sizes=\"auto, (max-width: 1024px) 100vw, 1024px\" \/><\/figure>\n\n\n\n<figure class=\"wp-block-image size-large\"><img loading=\"lazy\" decoding=\"async\" width=\"1024\" height=\"768\" data-id=\"194\" src=\"https:\/\/webs.uab.cat\/shererom\/wp-content\/uploads\/sites\/188\/2022\/09\/20220512_102907-1024x768.jpg\" alt=\"\" class=\"wp-image-194\" srcset=\"https:\/\/webs.uab.cat\/shererom\/wp-content\/uploads\/sites\/188\/2022\/09\/20220512_102907-1024x768.jpg 1024w, https:\/\/webs.uab.cat\/shererom\/wp-content\/uploads\/sites\/188\/2022\/09\/20220512_102907-300x225.jpg 300w, https:\/\/webs.uab.cat\/shererom\/wp-content\/uploads\/sites\/188\/2022\/09\/20220512_102907-768x576.jpg 768w, https:\/\/webs.uab.cat\/shererom\/wp-content\/uploads\/sites\/188\/2022\/09\/20220512_102907-1536x1152.jpg 1536w, https:\/\/webs.uab.cat\/shererom\/wp-content\/uploads\/sites\/188\/2022\/09\/20220512_102907-2048x1536.jpg 2048w, https:\/\/webs.uab.cat\/shererom\/wp-content\/uploads\/sites\/188\/2022\/09\/20220512_102907-1200x900.jpg 1200w, https:\/\/webs.uab.cat\/shererom\/wp-content\/uploads\/sites\/188\/2022\/09\/20220512_102907-1980x1485.jpg 1980w\" sizes=\"auto, (max-width: 1024px) 100vw, 1024px\" \/><figcaption>Visita al bar<\/figcaption><\/figure>\n\n\n\n<figure class=\"wp-block-image size-large\"><img loading=\"lazy\" decoding=\"async\" width=\"1024\" height=\"768\" data-id=\"193\" src=\"https:\/\/webs.uab.cat\/shererom\/wp-content\/uploads\/sites\/188\/2022\/09\/20220512_102757-1024x768.jpg\" alt=\"\" class=\"wp-image-193\" srcset=\"https:\/\/webs.uab.cat\/shererom\/wp-content\/uploads\/sites\/188\/2022\/09\/20220512_102757-1024x768.jpg 1024w, https:\/\/webs.uab.cat\/shererom\/wp-content\/uploads\/sites\/188\/2022\/09\/20220512_102757-300x225.jpg 300w, https:\/\/webs.uab.cat\/shererom\/wp-content\/uploads\/sites\/188\/2022\/09\/20220512_102757-768x576.jpg 768w, https:\/\/webs.uab.cat\/shererom\/wp-content\/uploads\/sites\/188\/2022\/09\/20220512_102757-1536x1152.jpg 1536w, https:\/\/webs.uab.cat\/shererom\/wp-content\/uploads\/sites\/188\/2022\/09\/20220512_102757-2048x1536.jpg 2048w, https:\/\/webs.uab.cat\/shererom\/wp-content\/uploads\/sites\/188\/2022\/09\/20220512_102757-1200x900.jpg 1200w, https:\/\/webs.uab.cat\/shererom\/wp-content\/uploads\/sites\/188\/2022\/09\/20220512_102757-1980x1485.jpg 1980w\" sizes=\"auto, (max-width: 1024px) 100vw, 1024px\" \/><\/figure>\n\n\n\n<figure class=\"wp-block-image size-large\"><img loading=\"lazy\" decoding=\"async\" width=\"1024\" height=\"683\" data-id=\"196\" src=\"https:\/\/webs.uab.cat\/shererom\/wp-content\/uploads\/sites\/188\/2022\/09\/IMG_4111-1024x683.jpg\" alt=\"\" class=\"wp-image-196\" srcset=\"https:\/\/webs.uab.cat\/shererom\/wp-content\/uploads\/sites\/188\/2022\/09\/IMG_4111-1024x683.jpg 1024w, https:\/\/webs.uab.cat\/shererom\/wp-content\/uploads\/sites\/188\/2022\/09\/IMG_4111-300x200.jpg 300w, https:\/\/webs.uab.cat\/shererom\/wp-content\/uploads\/sites\/188\/2022\/09\/IMG_4111-768x512.jpg 768w, https:\/\/webs.uab.cat\/shererom\/wp-content\/uploads\/sites\/188\/2022\/09\/IMG_4111-1536x1024.jpg 1536w, https:\/\/webs.uab.cat\/shererom\/wp-content\/uploads\/sites\/188\/2022\/09\/IMG_4111-2048x1365.jpg 2048w, https:\/\/webs.uab.cat\/shererom\/wp-content\/uploads\/sites\/188\/2022\/09\/IMG_4111-1200x800.jpg 1200w, https:\/\/webs.uab.cat\/shererom\/wp-content\/uploads\/sites\/188\/2022\/09\/IMG_4111-1980x1320.jpg 1980w\" sizes=\"auto, (max-width: 1024px) 100vw, 1024px\" \/><figcaption>Visitem les cases barates<\/figcaption><\/figure>\n\n\n\n<figure class=\"wp-block-image size-large\"><img loading=\"lazy\" decoding=\"async\" width=\"1024\" height=\"683\" data-id=\"192\" src=\"https:\/\/webs.uab.cat\/shererom\/wp-content\/uploads\/sites\/188\/2022\/09\/IMG_4091-1024x683.jpg\" alt=\"\" class=\"wp-image-192\" srcset=\"https:\/\/webs.uab.cat\/shererom\/wp-content\/uploads\/sites\/188\/2022\/09\/IMG_4091-1024x683.jpg 1024w, https:\/\/webs.uab.cat\/shererom\/wp-content\/uploads\/sites\/188\/2022\/09\/IMG_4091-300x200.jpg 300w, https:\/\/webs.uab.cat\/shererom\/wp-content\/uploads\/sites\/188\/2022\/09\/IMG_4091-768x512.jpg 768w, https:\/\/webs.uab.cat\/shererom\/wp-content\/uploads\/sites\/188\/2022\/09\/IMG_4091-1536x1024.jpg 1536w, https:\/\/webs.uab.cat\/shererom\/wp-content\/uploads\/sites\/188\/2022\/09\/IMG_4091-2048x1365.jpg 2048w, https:\/\/webs.uab.cat\/shererom\/wp-content\/uploads\/sites\/188\/2022\/09\/IMG_4091-1200x800.jpg 1200w, https:\/\/webs.uab.cat\/shererom\/wp-content\/uploads\/sites\/188\/2022\/09\/IMG_4091-1980x1320.jpg 1980w\" sizes=\"auto, (max-width: 1024px) 100vw, 1024px\" \/><figcaption>Ruta hist\u00f2rica al barri<\/figcaption><\/figure>\n\n\n\n<figure class=\"wp-block-image size-large\"><img loading=\"lazy\" decoding=\"async\" width=\"768\" height=\"1024\" data-id=\"195\" src=\"https:\/\/webs.uab.cat\/shererom\/wp-content\/uploads\/sites\/188\/2022\/09\/20220617_104511-768x1024.jpg\" alt=\"\" class=\"wp-image-195\" srcset=\"https:\/\/webs.uab.cat\/shererom\/wp-content\/uploads\/sites\/188\/2022\/09\/20220617_104511-768x1024.jpg 768w, https:\/\/webs.uab.cat\/shererom\/wp-content\/uploads\/sites\/188\/2022\/09\/20220617_104511-225x300.jpg 225w, https:\/\/webs.uab.cat\/shererom\/wp-content\/uploads\/sites\/188\/2022\/09\/20220617_104511-1152x1536.jpg 1152w, https:\/\/webs.uab.cat\/shererom\/wp-content\/uploads\/sites\/188\/2022\/09\/20220617_104511-1536x2048.jpg 1536w, https:\/\/webs.uab.cat\/shererom\/wp-content\/uploads\/sites\/188\/2022\/09\/20220617_104511-1200x1600.jpg 1200w, https:\/\/webs.uab.cat\/shererom\/wp-content\/uploads\/sites\/188\/2022\/09\/20220617_104511-1980x2640.jpg 1980w, https:\/\/webs.uab.cat\/shererom\/wp-content\/uploads\/sites\/188\/2022\/09\/20220617_104511-scaled.jpg 1920w\" sizes=\"auto, (max-width: 768px) 100vw, 768px\" \/><figcaption>Visita a l&#8217;interior d&#8217;una casa barata<\/figcaption><\/figure>\n<\/figure>\n","protected":false},"excerpt":{"rendered":"<p>Amb aquest projecte pretenem vincular el context escolar amb el context familiar de l\u2019alumnat, per tal d\u2019aconseguir la contextualitzaci\u00f3 educativa a trav\u00e9s de la incorporaci\u00f3 de sabers i habilitats de les fam\u00edlies i la millora de les relacions fam\u00edlia-escola a trav\u00e9s de l\u2019establiment de relacions de m\u00fatua confian\u00e7a.&nbsp; Mitjan\u00e7ant entrevistes en espais quotidians i fora [&hellip;]<\/p>\n","protected":false},"author":137,"featured_media":0,"parent":0,"menu_order":0,"comment_status":"closed","ping_status":"closed","template":"index.php","meta":{"footnotes":""},"class_list":["post-171","page","type-page","status-publish","hentry"],"_links":{"self":[{"href":"https:\/\/webs.uab.cat\/shererom\/wp-json\/wp\/v2\/pages\/171","targetHints":{"allow":["GET"]}}],"collection":[{"href":"https:\/\/webs.uab.cat\/shererom\/wp-json\/wp\/v2\/pages"}],"about":[{"href":"https:\/\/webs.uab.cat\/shererom\/wp-json\/wp\/v2\/types\/page"}],"author":[{"embeddable":true,"href":"https:\/\/webs.uab.cat\/shererom\/wp-json\/wp\/v2\/users\/137"}],"replies":[{"embeddable":true,"href":"https:\/\/webs.uab.cat\/shererom\/wp-json\/wp\/v2\/comments?post=171"}],"version-history":[{"count":3,"href":"https:\/\/webs.uab.cat\/shererom\/wp-json\/wp\/v2\/pages\/171\/revisions"}],"predecessor-version":[{"id":178,"href":"https:\/\/webs.uab.cat\/shererom\/wp-json\/wp\/v2\/pages\/171\/revisions\/178"}],"wp:attachment":[{"href":"https:\/\/webs.uab.cat\/shererom\/wp-json\/wp\/v2\/media?parent=171"}],"curies":[{"name":"wp","href":"https:\/\/api.w.org\/{rel}","templated":true}]}}