{"id":333,"date":"2023-05-24T10:14:57","date_gmt":"2023-05-24T10:14:57","guid":{"rendered":"https:\/\/webs.uab.cat\/shererom\/?page_id=333"},"modified":"2025-09-13T11:55:05","modified_gmt":"2025-09-13T11:55:05","slug":"aps","status":"publish","type":"page","link":"https:\/\/webs.uab.cat\/shererom\/aps\/","title":{"rendered":"ApS"},"content":{"rendered":"\n<p>Shere Rom a <strong>3r d\u2019ESO<\/strong> aquest any pren forma de programa d\u2019Aprenentatge i Servei (ApS) de manera que l\u2019alumnat de tercer, ofereixen un servei al barri mentre aprenen continguts relacionats amb aquest servei. Aquest curs escolar es treballar\u00e0 amb la comunitat de mitjans de l\u2019escola i amb la biblioteca del barri.<\/p>\n\n\n\n<p>Per un costat, les joves de tercer de secund\u00e0ria acompanyaran a l&#8217;alumnat de les classes de mitjans en diverses activitats art\u00edstiques i de lectoescriptura per crear una mentoria entre alumnat de diverses edats del propi centre. <\/p>\n\n\n\n<p>Per altra banda, l\u2019ApS realitzat amb la biblioteca de Bon Pastor i en col\u00b7laboraci\u00f3 amb l\u2019associaci\u00f3 Rromane Syklovne permetr\u00e0 treballar els processos migratoris i de diaspora de la gent del barri. Per fer-ho es treballar\u00e0 sobre un mapa del barri (tant f\u00edsic com digital) que s\u2019exposar\u00e0 a la biblioteca mateixa, en el qual s\u2019hi aniran incloent hist\u00f2ries de la gent del barri, hist\u00f2ries pr\u00f2pies, etc. que s\u2019hauran anat identificant.<\/p>\n\n\n\n<figure class=\"wp-block-image size-full\"><a href=\"https:\/\/map.proxi.co\/r\/gmGBqOuAdsB4yKhyI12t\" target=\"_blank\" rel=\"noreferrer noopener\"><img loading=\"lazy\" decoding=\"async\" width=\"490\" height=\"408\" src=\"https:\/\/webs.uab.cat\/shererom\/wp-content\/uploads\/sites\/188\/2024\/04\/mapa-aps.jpg\" alt=\"\" class=\"wp-image-367\" srcset=\"https:\/\/webs.uab.cat\/shererom\/wp-content\/uploads\/sites\/188\/2024\/04\/mapa-aps.jpg 490w, https:\/\/webs.uab.cat\/shererom\/wp-content\/uploads\/sites\/188\/2024\/04\/mapa-aps-300x250.jpg 300w\" sizes=\"auto, (max-width: 490px) 100vw, 490px\" \/><\/a><figcaption class=\"wp-element-caption\">Fes clic per accedir al mapa digital<\/figcaption><\/figure>\n\n\n\n<figure class=\"wp-block-embed is-type-video is-provider-youtube wp-block-embed-youtube wp-embed-aspect-16-9 wp-has-aspect-ratio\"><div class=\"wp-block-embed__wrapper\">\n<iframe loading=\"lazy\" title=\"Comm4learning: Les veus del nostre barri - L&#039;experi\u00e8ncia de Bon Pastor, Barcelona\" width=\"580\" height=\"326\" src=\"https:\/\/www.youtube.com\/embed\/w5p57ka8UEw?feature=oembed\" frameborder=\"0\" allow=\"accelerometer; autoplay; clipboard-write; encrypted-media; gyroscope; picture-in-picture; web-share\" referrerpolicy=\"strict-origin-when-cross-origin\" allowfullscreen><\/iframe>\n<\/div><\/figure>\n\n\n\n<p><\/p>\n\n\n\n<figure class=\"wp-block-image size-full\"><img loading=\"lazy\" decoding=\"async\" width=\"960\" height=\"243\" src=\"https:\/\/webs.uab.cat\/shererom\/wp-content\/uploads\/sites\/188\/2025\/09\/Tiler-i-UAB-1.jpg\" alt=\"\" class=\"wp-image-398\" srcset=\"https:\/\/webs.uab.cat\/shererom\/wp-content\/uploads\/sites\/188\/2025\/09\/Tiler-i-UAB-1.jpg 960w, https:\/\/webs.uab.cat\/shererom\/wp-content\/uploads\/sites\/188\/2025\/09\/Tiler-i-UAB-1-300x76.jpg 300w, https:\/\/webs.uab.cat\/shererom\/wp-content\/uploads\/sites\/188\/2025\/09\/Tiler-i-UAB-1-768x194.jpg 768w\" sizes=\"auto, (max-width: 960px) 100vw, 960px\" \/><\/figure>\n\n\n\n<p class=\"has-text-align-center\">Amb el suport de: <\/p>\n\n\n<div class=\"wp-block-image\">\n<figure class=\"aligncenter size-full\"><img loading=\"lazy\" decoding=\"async\" width=\"328\" height=\"248\" src=\"https:\/\/webs.uab.cat\/shererom\/wp-content\/uploads\/sites\/188\/2025\/09\/Ajuntament-Bcn-1.png\" alt=\"\" class=\"wp-image-399\" srcset=\"https:\/\/webs.uab.cat\/shererom\/wp-content\/uploads\/sites\/188\/2025\/09\/Ajuntament-Bcn-1.png 328w, https:\/\/webs.uab.cat\/shererom\/wp-content\/uploads\/sites\/188\/2025\/09\/Ajuntament-Bcn-1-300x227.png 300w\" sizes=\"auto, (max-width: 328px) 100vw, 328px\" \/><\/figure>\n<\/div>","protected":false},"excerpt":{"rendered":"<p>Shere Rom a 3r d\u2019ESO aquest any pren forma de programa d\u2019Aprenentatge i Servei (ApS) de manera que l\u2019alumnat de tercer, ofereixen un servei al barri mentre aprenen continguts relacionats amb aquest servei. Aquest curs escolar es treballar\u00e0 amb la comunitat de mitjans de l\u2019escola i amb la biblioteca del barri. Per un costat, les [&hellip;]<\/p>\n","protected":false},"author":29,"featured_media":0,"parent":0,"menu_order":0,"comment_status":"closed","ping_status":"closed","template":"","meta":{"footnotes":""},"class_list":["post-333","page","type-page","status-publish","hentry"],"_links":{"self":[{"href":"https:\/\/webs.uab.cat\/shererom\/wp-json\/wp\/v2\/pages\/333","targetHints":{"allow":["GET"]}}],"collection":[{"href":"https:\/\/webs.uab.cat\/shererom\/wp-json\/wp\/v2\/pages"}],"about":[{"href":"https:\/\/webs.uab.cat\/shererom\/wp-json\/wp\/v2\/types\/page"}],"author":[{"embeddable":true,"href":"https:\/\/webs.uab.cat\/shererom\/wp-json\/wp\/v2\/users\/29"}],"replies":[{"embeddable":true,"href":"https:\/\/webs.uab.cat\/shererom\/wp-json\/wp\/v2\/comments?post=333"}],"version-history":[{"count":7,"href":"https:\/\/webs.uab.cat\/shererom\/wp-json\/wp\/v2\/pages\/333\/revisions"}],"predecessor-version":[{"id":400,"href":"https:\/\/webs.uab.cat\/shererom\/wp-json\/wp\/v2\/pages\/333\/revisions\/400"}],"wp:attachment":[{"href":"https:\/\/webs.uab.cat\/shererom\/wp-json\/wp\/v2\/media?parent=333"}],"curies":[{"name":"wp","href":"https:\/\/api.w.org\/{rel}","templated":true}]}}