{"id":8,"date":"2022-01-19T11:21:18","date_gmt":"2022-01-19T11:21:18","guid":{"rendered":"https:\/\/shereromtiler.wordpress.com\/home\/"},"modified":"2025-09-13T12:03:06","modified_gmt":"2025-09-13T12:03:06","slug":"home","status":"publish","type":"page","link":"https:\/\/webs.uab.cat\/shererom\/","title":{"rendered":""},"content":{"rendered":"\n<div class=\"wp-block-query is-layout-flow wp-block-query-is-layout-flow\"><\/div>\n\n\n\n<p class=\"has-text-align-center has-large-font-size\"><strong>Shere Rom a l&#8217;institut-escola El Til\u00b7ler<\/strong> \u00e9s un projecte de col\u00b7laboraci\u00f3 universitat-escola orientat a:&nbsp;<\/p>\n\n\n\n<div class=\"wp-block-columns is-layout-flex wp-container-core-columns-is-layout-9d6595d7 wp-block-columns-is-layout-flex\">\n<div class=\"wp-block-column is-layout-flow wp-block-column-is-layout-flow\">\n<p class=\"has-text-align-left has-primary-background-color has-background\" style=\"font-size:19.6px\">La <strong>pr\u00e0ctica <\/strong><br><strong>educativa<\/strong><\/p>\n<\/div>\n\n\n\n<div class=\"wp-block-column is-layout-flow wp-block-column-is-layout-flow\">\n<p class=\"has-text-align-left has-primary-background-color has-background\" style=\"font-size:19.6px\">La <strong>recerca educativa<\/strong><\/p>\n<\/div>\n\n\n\n<div class=\"wp-block-column is-layout-flow wp-block-column-is-layout-flow\">\n<p class=\"has-text-align-left has-primary-background-color has-background\" style=\"font-size:19.6px\">La <strong>formaci\u00f3 universit\u00e0ria<\/strong><\/p>\n<\/div>\n<\/div>\n\n\n\n<div class=\"wp-block-columns is-layout-flex wp-container-core-columns-is-layout-9d6595d7 wp-block-columns-is-layout-flex\">\n<div class=\"wp-block-column is-vertically-aligned-top is-layout-flow wp-block-column-is-layout-flow\" style=\"flex-basis:33.34%\">\n<p class=\"has-small-font-size\">Per tal d&#8217;impulsar una praxis pedag\u00f2gica cr\u00edtica i antiracista, visibilitzant els coneixements i experi\u00e8ncies d&#8217;aprenents, les seves fam\u00edlies i comunitats dins l&#8217;espai escolar i procurant experi\u00e8ncies d&#8217;aprenentatge significatiu per l&#8217;alumnat.&nbsp;<\/p>\n<\/div>\n\n\n\n<div class=\"wp-block-column is-vertically-aligned-top is-layout-flow wp-block-column-is-layout-flow\" style=\"flex-basis:33.34%\">\n<p class=\"has-small-font-size\">Explorant a trav\u00e9s de la creaci\u00f3 de comunitats de pr\u00e0ctiques interinstitucionals, intergeneracionals i interculturals a partir del desenvolupament dels fons de coneixement i identitat, en col\u00b7laboraci\u00f3 amb <a href=\"https:\/\/uclinks.berkeley.edu\/\">la xarxa internacional UClinks<\/a>.&nbsp;<\/p>\n<\/div>\n\n\n\n<div class=\"wp-block-column is-vertically-aligned-top is-layout-flow wp-block-column-is-layout-flow\" style=\"flex-basis:33.34%\">\n<p class=\"has-small-font-size\">A trav\u00e9s de l\u2019Aprenentage Servei, promovent un aprenentatge significatiu, vinculat a la pr\u00e0ctica professional i comprom\u00e8s amb el canvi social.&nbsp;<\/p>\n<\/div>\n<\/div>\n\n\n\n<div class=\"wp-block-cover is-light\" style=\"min-height:250px;aspect-ratio:unset;\"><span aria-hidden=\"true\" class=\"wp-block-cover__background has-background-dim\"><\/span><img loading=\"lazy\" decoding=\"async\" width=\"1703\" height=\"961\" class=\"wp-block-cover__image-background wp-image-199\" alt=\"\" src=\"https:\/\/webs.uab.cat\/shererom\/wp-content\/uploads\/sites\/188\/2022\/09\/Captura-de-pantalla-2022-06-29-165747.png\" style=\"object-position:32% 55%\" data-object-fit=\"cover\" data-object-position=\"32% 55%\" srcset=\"https:\/\/webs.uab.cat\/shererom\/wp-content\/uploads\/sites\/188\/2022\/09\/Captura-de-pantalla-2022-06-29-165747.png 1703w, https:\/\/webs.uab.cat\/shererom\/wp-content\/uploads\/sites\/188\/2022\/09\/Captura-de-pantalla-2022-06-29-165747-300x169.png 300w, https:\/\/webs.uab.cat\/shererom\/wp-content\/uploads\/sites\/188\/2022\/09\/Captura-de-pantalla-2022-06-29-165747-1024x578.png 1024w, https:\/\/webs.uab.cat\/shererom\/wp-content\/uploads\/sites\/188\/2022\/09\/Captura-de-pantalla-2022-06-29-165747-768x433.png 768w, https:\/\/webs.uab.cat\/shererom\/wp-content\/uploads\/sites\/188\/2022\/09\/Captura-de-pantalla-2022-06-29-165747-1536x867.png 1536w, https:\/\/webs.uab.cat\/shererom\/wp-content\/uploads\/sites\/188\/2022\/09\/Captura-de-pantalla-2022-06-29-165747-1200x677.png 1200w\" sizes=\"auto, (max-width: 1703px) 100vw, 1703px\" \/><div class=\"wp-block-cover__inner-container is-layout-flow wp-block-cover-is-layout-flow\">\n<p class=\"has-text-align-center has-background-color has-primary-background-color has-text-color has-background has-larger-font-size\"><strong>\u00daltimes not\u00edcies<\/strong><\/p>\n<\/div><\/div>\n\n\n<ul class=\"wp-block-latest-posts__list has-dates aligncenter wp-block-latest-posts\"><li><a class=\"wp-block-latest-posts__post-title\" href=\"https:\/\/webs.uab.cat\/shererom\/2026\/01\/22\/final-de-trimestre-a-identit-art\/\">Final de trimestre a Identit.art<\/a><time datetime=\"2026-01-22T12:16:32+00:00\" class=\"wp-block-latest-posts__post-date\">22 de gener de 2026<\/time><div class=\"wp-block-latest-posts__post-excerpt\">Aquest trimestre hem seguit treballant a partir de l&#8217;art. Hem fet moltes creacions, hem apr\u00e8s sobre moltes dicriminacions, hem fet collage, hem dibuixat, hem fet moltes coses. I totes elles ens han perm\u00e8s poder identificar i con\u00e8ixer diferents\u2026 <a class=\"wp-block-latest-posts__read-more\" href=\"https:\/\/webs.uab.cat\/shererom\/2026\/01\/22\/final-de-trimestre-a-identit-art\/\" rel=\"noopener noreferrer\">Llegiu-ne m\u00e9s<span class=\"screen-reader-text\">: Final de trimestre a Identit.art<\/span><\/a><\/div><\/li>\n<li><a class=\"wp-block-latest-posts__post-title\" href=\"https:\/\/webs.uab.cat\/shererom\/2025\/09\/13\/jornades-visita-uab\/\">Jornades visita UAB<\/a><time datetime=\"2025-09-13T12:09:24+00:00\" class=\"wp-block-latest-posts__post-date\">13 de setembre de 2025<\/time><div class=\"wp-block-latest-posts__post-excerpt\">Un cop m\u00e9s, arribat final de curs, tot l&#8217;alumnat de secund\u00e0ria que ha participat dels diferents projectes ha gaudit d&#8217;un dia sencer de visita a la UAB. Aquest any, hem entrat al cinema de la UAB a veure\u2026 <a class=\"wp-block-latest-posts__read-more\" href=\"https:\/\/webs.uab.cat\/shererom\/2025\/09\/13\/jornades-visita-uab\/\" rel=\"noopener noreferrer\">Llegiu-ne m\u00e9s<span class=\"screen-reader-text\">: Jornades visita UAB<\/span><\/a><\/div><\/li>\n<li><a class=\"wp-block-latest-posts__post-title\" href=\"https:\/\/webs.uab.cat\/shererom\/2025\/09\/13\/presentacio-projecte-aps-comunitari-biblioteca-bon-pastor\/\">Presentaci\u00f3 projecte ApS comunitari Biblioteca Bon Pastor<\/a><time datetime=\"2025-09-13T11:27:36+00:00\" class=\"wp-block-latest-posts__post-date\">13 de setembre de 2025<\/time><div class=\"wp-block-latest-posts__post-excerpt\">Despr\u00e9s de mig curs treballant dur per poder identificar persones que vivissin o treballessin a Bon Pastor i que tinguessin part de les seves comunitats lluny, despr\u00e9s de formar-nos sobre la comunitat, d&#8217;entrevistar les persones escollides i d&#8217;aprendre\u2026 <a class=\"wp-block-latest-posts__read-more\" href=\"https:\/\/webs.uab.cat\/shererom\/2025\/09\/13\/presentacio-projecte-aps-comunitari-biblioteca-bon-pastor\/\" rel=\"noopener noreferrer\">Llegiu-ne m\u00e9s<span class=\"screen-reader-text\">: Presentaci\u00f3 projecte ApS comunitari Biblioteca Bon Pastor<\/span><\/a><\/div><\/li>\n<\/ul>\n\n\n<p class=\"has-text-align-center has-medium-font-size\"><\/p>\n\n\n\n<div class=\"wp-block-group alignfull has-background-color has-accent-background-color has-text-color has-background has-larger-font-size\" style=\"margin-top:0px;margin-bottom:0px;padding-top:7vw;padding-bottom:7vw\"><div class=\"wp-block-group__inner-container is-layout-flow wp-block-group-is-layout-flow\">\n<div class=\"wp-block-columns alignwide is-layout-flex wp-container-core-columns-is-layout-9d6595d7 wp-block-columns-is-layout-flex\">\n<div class=\"wp-block-column is-layout-flow wp-block-column-is-layout-flow\">\n<p class=\"has-text-align-center margin-bottom-none\" style=\"font-size:70px;line-height:1\"><strong>6<\/strong><\/p>\n\n\n\n<p class=\"has-text-align-center margin-top-none\"><strong>Anys de col\u00b7laboraci\u00f3 institut-escola i universitat<\/strong><\/p>\n<\/div>\n\n\n\n<div class=\"wp-block-column is-layout-flow wp-block-column-is-layout-flow\">\n<p class=\"has-text-align-center margin-bottom-none\" style=\"font-size:70px;line-height:1\"><strong>130<\/strong><\/p>\n\n\n\n<p class=\"has-text-align-center margin-top-none\"><strong>Estudiants de Psicologia de la UAB<\/strong><\/p>\n<\/div>\n\n\n\n<div class=\"wp-block-column is-layout-flow wp-block-column-is-layout-flow\">\n<p class=\"has-text-align-center margin-bottom-none\" style=\"font-size:70px;line-height:1\"><strong>517<\/strong><\/p>\n\n\n\n<p class=\"has-text-align-center margin-top-none\"><strong>Estudiants de l&#8217;institut-escola El Til\u00b7ler<\/strong><\/p>\n<\/div>\n<\/div>\n<\/div><\/div>\n\n\n\n<figure class=\"wp-block-image size-full\"><img loading=\"lazy\" decoding=\"async\" width=\"960\" height=\"243\" src=\"https:\/\/webs.uab.cat\/shererom\/wp-content\/uploads\/sites\/188\/2025\/09\/Tiler-i-UAB.jpg\" alt=\"\" class=\"wp-image-396\" srcset=\"https:\/\/webs.uab.cat\/shererom\/wp-content\/uploads\/sites\/188\/2025\/09\/Tiler-i-UAB.jpg 960w, https:\/\/webs.uab.cat\/shererom\/wp-content\/uploads\/sites\/188\/2025\/09\/Tiler-i-UAB-300x76.jpg 300w, https:\/\/webs.uab.cat\/shererom\/wp-content\/uploads\/sites\/188\/2025\/09\/Tiler-i-UAB-768x194.jpg 768w\" sizes=\"auto, (max-width: 960px) 100vw, 960px\" \/><\/figure>\n\n\n\n<p class=\"has-text-align-center\"><strong>Amb el suport de:<\/strong><\/p>\n\n\n<div class=\"wp-block-image\">\n<figure class=\"aligncenter size-full\"><img loading=\"lazy\" decoding=\"async\" width=\"328\" height=\"248\" src=\"https:\/\/webs.uab.cat\/shererom\/wp-content\/uploads\/sites\/188\/2025\/09\/Ajuntament-Bcn.png\" alt=\"\" class=\"wp-image-395\" srcset=\"https:\/\/webs.uab.cat\/shererom\/wp-content\/uploads\/sites\/188\/2025\/09\/Ajuntament-Bcn.png 328w, https:\/\/webs.uab.cat\/shererom\/wp-content\/uploads\/sites\/188\/2025\/09\/Ajuntament-Bcn-300x227.png 300w\" sizes=\"auto, (max-width: 328px) 100vw, 328px\" \/><\/figure>\n<\/div>\n\n\n<p class=\"has-text-align-center\"><\/p>\n","protected":false},"excerpt":{"rendered":"<p>Shere Rom a l&#8217;institut-escola El Til\u00b7ler \u00e9s un projecte de col\u00b7laboraci\u00f3 universitat-escola orientat a:&nbsp; La pr\u00e0ctica educativa La recerca educativa La formaci\u00f3 universit\u00e0ria Per tal d&#8217;impulsar una praxis pedag\u00f2gica cr\u00edtica i antiracista, visibilitzant els coneixements i experi\u00e8ncies d&#8217;aprenents, les seves fam\u00edlies i comunitats dins l&#8217;espai escolar i procurant experi\u00e8ncies d&#8217;aprenentatge significatiu per l&#8217;alumnat.&nbsp; Explorant a [&hellip;]<\/p>\n","protected":false},"author":137,"featured_media":0,"parent":0,"menu_order":0,"comment_status":"closed","ping_status":"closed","template":"header-footer-only","meta":{"footnotes":""},"class_list":["post-8","page","type-page","status-publish","hentry"],"_links":{"self":[{"href":"https:\/\/webs.uab.cat\/shererom\/wp-json\/wp\/v2\/pages\/8","targetHints":{"allow":["GET"]}}],"collection":[{"href":"https:\/\/webs.uab.cat\/shererom\/wp-json\/wp\/v2\/pages"}],"about":[{"href":"https:\/\/webs.uab.cat\/shererom\/wp-json\/wp\/v2\/types\/page"}],"author":[{"embeddable":true,"href":"https:\/\/webs.uab.cat\/shererom\/wp-json\/wp\/v2\/users\/137"}],"replies":[{"embeddable":true,"href":"https:\/\/webs.uab.cat\/shererom\/wp-json\/wp\/v2\/comments?post=8"}],"version-history":[{"count":16,"href":"https:\/\/webs.uab.cat\/shererom\/wp-json\/wp\/v2\/pages\/8\/revisions"}],"predecessor-version":[{"id":397,"href":"https:\/\/webs.uab.cat\/shererom\/wp-json\/wp\/v2\/pages\/8\/revisions\/397"}],"wp:attachment":[{"href":"https:\/\/webs.uab.cat\/shererom\/wp-json\/wp\/v2\/media?parent=8"}],"curies":[{"name":"wp","href":"https:\/\/api.w.org\/{rel}","templated":true}]}}