{"id":51,"date":"2010-06-22T15:31:41","date_gmt":"2010-06-22T13:31:41","guid":{"rendered":"https:\/\/webs.uab.cat\/sial\/activitats\/"},"modified":"2023-03-31T09:36:58","modified_gmt":"2023-03-31T07:36:58","slug":"activitats","status":"publish","type":"page","link":"https:\/\/webs.uab.cat\/sial\/activitats\/","title":{"rendered":"Activitats"},"content":{"rendered":"\n<p>Representen l&#8217;\u00e0rea de major innovaci\u00f3 i s\u00f3n fonamentalment col\u00b7laboracions amb empreses del sector farmac\u00e8utic i biotecnol\u00f2gic.<\/p>\n\n\n\n<p>L\u2019activitat del SIAL se centra en els <strong>estudis inicials<\/strong> a realitzar <strong>en models experimentals<\/strong> dirigits a determinar tant la funcionalitat com la seguretat de noves entitats qu\u00edmiques i productes en desenvolupament. El SIAL aporta, com a&nbsp; <strong>caracter\u00edstica diferencial<\/strong> respecte a l\u2019oferta de les empreses que realitzen estudis similars normalitzats, la <strong>capacitat de dissenyar i aplicar protocols a mida<\/strong>, seleccionant el model i el disseny experimental idonis per a dur a terme estudis d&#8217;efic\u00e0cia, activitat o seguretat en les primeres fases de desenvolupament, donant aix\u00ed resposta a la flexibilitat que les empreses requereixen.<\/p>\n\n\n\n<p>El nostre laboratori treballa d&#8217;acord amb les normes de qualitat (per\u00f2 no GLP) revisat per la <a href=\"http:\/\/www.uab.es\/servlet\/Satellite\/research\/quality-promotion-1101231885601.html\">Unitat de Garantia de Qualitat de la UAB<\/a><strong>.<\/strong> El n\u00ednxol estrat\u00e8gic del SIAL es situa, per tant, en les primeres fases del desenvolupament de nous f\u00e0rmacs (o altres productes d\u2019inter\u00e8s biom\u00e8dic), amb una <strong>flexibilitat <\/strong>en el disseny i <strong>realitzaci\u00f3 pr\u00e0ctica<\/strong> <strong>dels estudis<\/strong> que moltes vegades no permet el treball en un contexts de BPL (GLP).<\/p>\n\n\n\n<p>En els \u00faltims cinc anys hem dut a terme estudis amb empreses com AB-Biotics S.A.; Bioib\u00e9rica S.A.; Noscira S.A.; Sylentis S.A.; Labiana Pharmacuticals, S.L.U.; Grupo Ferrer Internacional, S.A.; Bbraun Surgical, S.A.; &nbsp;XCELIA-Banc de Sang i Teixits. T<span id=\"result_box\" lang=\"ca\">amb\u00e9 <span class=\"hps\">col.laborem&nbsp;<\/span><span class=\"hps\">amb algunes d&#8217;aquestes<\/span> <span class=\"hps\">empreses en els<\/span> <span class=\"hps\">estudis d&#8217;investigaci\u00f3<\/span> <span class=\"hps\">finan\u00e7ats pel<\/span> <span class=\"hps\">Ministeri Espanyol<\/span> <span class=\"hps\">de Ci\u00e8ncia<\/span> <span class=\"hps\">i Innovaci\u00f3<\/span> <span class=\"hps atn\">(<\/span>CENIT <span class=\"hps\">\/<\/span> <span class=\"hps\">MICINN<\/span>).<\/span><\/p>\n","protected":false},"excerpt":{"rendered":"<p>Representen l&#8217;\u00e0rea de major innovaci\u00f3 i s\u00f3n fonamentalment col\u00b7laboracions amb empreses del sector farmac\u00e8utic i biotecnol\u00f2gic. L\u2019activitat del SIAL se centra en els estudis inicials a realitzar en models experimentals dirigits a determinar tant la funcionalitat com la seguretat de noves entitats qu\u00edmiques i productes en desenvolupament. El SIAL aporta, com a&nbsp; caracter\u00edstica diferencial respecte [&hellip;]<\/p>\n","protected":false},"author":20,"featured_media":0,"parent":0,"menu_order":0,"comment_status":"closed","ping_status":"closed","template":"","meta":{"footnotes":""},"class_list":["post-51","page","type-page","status-publish","hentry"],"_links":{"self":[{"href":"https:\/\/webs.uab.cat\/sial\/wp-json\/wp\/v2\/pages\/51","targetHints":{"allow":["GET"]}}],"collection":[{"href":"https:\/\/webs.uab.cat\/sial\/wp-json\/wp\/v2\/pages"}],"about":[{"href":"https:\/\/webs.uab.cat\/sial\/wp-json\/wp\/v2\/types\/page"}],"author":[{"embeddable":true,"href":"https:\/\/webs.uab.cat\/sial\/wp-json\/wp\/v2\/users\/20"}],"replies":[{"embeddable":true,"href":"https:\/\/webs.uab.cat\/sial\/wp-json\/wp\/v2\/comments?post=51"}],"version-history":[{"count":1,"href":"https:\/\/webs.uab.cat\/sial\/wp-json\/wp\/v2\/pages\/51\/revisions"}],"predecessor-version":[{"id":160,"href":"https:\/\/webs.uab.cat\/sial\/wp-json\/wp\/v2\/pages\/51\/revisions\/160"}],"wp:attachment":[{"href":"https:\/\/webs.uab.cat\/sial\/wp-json\/wp\/v2\/media?parent=51"}],"curies":[{"name":"wp","href":"https:\/\/api.w.org\/{rel}","templated":true}]}}