{"id":69,"date":"2010-06-22T16:25:38","date_gmt":"2010-06-22T14:25:38","guid":{"rendered":"https:\/\/webs.uab.cat\/sial\/estudis\/"},"modified":"2023-03-31T09:37:29","modified_gmt":"2023-03-31T07:37:29","slug":"estudis","status":"publish","type":"page","link":"https:\/\/webs.uab.cat\/sial\/estudis\/","title":{"rendered":"Estudis"},"content":{"rendered":"\n<p><strong>Disseny d\u2019estudis farmacol\u00f2gics i de toxicologia general<\/strong><\/p>\n\n\n\n<figure class=\"wp-block-table\"><table><tbody><tr><td>\n<p class=\"rtejustify\">Es realitzen tot tipus d&#8217;estudis i valoracions de productes farmacol\u00f3gics en matrius biol\u00f2giques, aix\u00ed com en &nbsp;models animals. &nbsp;<\/p>\n<\/td><\/tr><\/tbody><\/table><\/figure>\n\n\n\n<p><strong>Avaluaci\u00f3 de Dispositus M\u00e8dics <\/strong><\/p>\n\n\n\n<figure class=\"wp-block-table\"><table><tbody><tr><td>\n<p class=\"rtejustify\">Emprant procediments quir\u00fargics, el SIAL analitza \/avalua la viabilitat i l\u2019 efic\u00e0cia de nous aparells, implants m\u00e8dics&nbsp;(o similar) per millorar el tractament de diferents patologies.<\/p>\n<\/td><\/tr><\/tbody><\/table><\/figure>\n\n\n\n<p><strong>Transtons Funcionals Gastrointestinals<\/strong><\/p>\n\n\n\n<figure class=\"wp-block-table\"><table><tbody><tr><td>\n<p class=\"rtejustify\">Valoraci\u00f3 de l\u2019efic\u00e0cia de compostos en el tractament de transtorns gastrointestinals que cursen amb inflammaci\u00f3, emprant diferents models en rosegadors (p.e., colitis indu\u00efda qu\u00edmicament).<\/p>\n<\/td><\/tr><\/tbody><\/table><\/figure>\n\n\n\n<p><strong>Caracteritzaci\u00f3 de F\u00e0rmacs Analg\u00e8sics \/ Anti-Hiperalg\u00e8sics&nbsp; en Rosegadors <\/strong><\/p>\n\n\n\n<figure class=\"wp-block-table\"><table><tbody><tr><td>\n<p>Models precl\u00ednics de dolor agut \/ cr\u00f2nic<\/p>\n<p><strong>Inflamatori <\/strong>(carragenina, CFA, capsaicina,&nbsp; zymosan)<\/p>\n<p><strong>Visceral <\/strong>(test de l\u2019 \u00e0cid ac\u00e8tic)<\/p>\n<p><strong>Postquir\u00fargic<\/strong> (incisi\u00f3 plantar)<\/p>\n<p><strong>Neurop\u00e0tic <\/strong>(lligadura parcial \/ completa del nervi ci\u00e0tic)<\/p>\n<p><strong>Oncol\u00f2gic <\/strong>(quimioterap\u00e8utics (paclitaxel))<\/p>\n<\/td><\/tr><\/tbody><\/table><\/figure>\n\n\n\n<p><strong>Combinaci\u00f3 de F\u00e0rmacs en Estats Patol\u00f2gics&nbsp; i \/ o Toler\u00e0ncia Opioide<\/strong><\/p>\n\n\n\n<figure class=\"wp-block-table\"><table><tbody><tr><td>\n<p>Caracterizaci\u00f3delesassociacions&nbsp;<\/p>\n<p><strong>opioide<\/strong> : <strong>opioide<\/strong><\/p>\n<p><strong>opioide<\/strong>: <strong>no<\/strong>&#8211;<strong>opioide<\/strong> (com antiem\u00e8tics, antidepressius, anticonvulsivants, altres)<\/p>\n<\/td><\/tr><\/tbody><\/table><\/figure>\n\n\n\n<p><strong>Fenotipatge del Comportament Nociceptiu en Rosegadors <\/strong><\/p>\n\n\n\n<figure class=\"wp-block-table\"><table><tbody><tr><td>\n<p><strong>Est\u00edmul t\u00e8rmic<\/strong>: test plantar, placa calenta \/ freda,&nbsp; acetona, retirada de la cua (<em>tail flick<\/em>)<\/p>\n<p><strong>Est\u00edmul mec\u00e0nic<\/strong>: (von Frey (manual i automatic), Randall &amp; Selitto<\/p>\n<p><strong>Est\u00edmul qu\u00edmic<\/strong>: test de l\u2019\u00e0cid ac\u00e8tic (<em>writing test<\/em>), formalina<\/p>\n<p><strong>Altres valoracions :<\/strong> tr\u00e0nsit intestinal (oli de crot\u00f3 o <em>charcoal meal<\/em>), pletismografia, extravasaci\u00f3 plasm\u00e0tica<\/p>\n<\/td><\/tr><\/tbody><\/table><\/figure>\n","protected":false},"excerpt":{"rendered":"<p>Disseny d\u2019estudis farmacol\u00f2gics i de toxicologia general Es realitzen tot tipus d&#8217;estudis i valoracions de productes farmacol\u00f3gics en matrius biol\u00f2giques, aix\u00ed com en &nbsp;models animals. &nbsp; Avaluaci\u00f3 de Dispositus M\u00e8dics Emprant procediments quir\u00fargics, el SIAL analitza \/avalua la viabilitat i l\u2019 efic\u00e0cia de nous aparells, implants m\u00e8dics&nbsp;(o similar) per millorar el tractament de diferents patologies. [&hellip;]<\/p>\n","protected":false},"author":20,"featured_media":0,"parent":0,"menu_order":0,"comment_status":"closed","ping_status":"closed","template":"","meta":{"footnotes":""},"class_list":["post-69","page","type-page","status-publish","hentry"],"_links":{"self":[{"href":"https:\/\/webs.uab.cat\/sial\/wp-json\/wp\/v2\/pages\/69","targetHints":{"allow":["GET"]}}],"collection":[{"href":"https:\/\/webs.uab.cat\/sial\/wp-json\/wp\/v2\/pages"}],"about":[{"href":"https:\/\/webs.uab.cat\/sial\/wp-json\/wp\/v2\/types\/page"}],"author":[{"embeddable":true,"href":"https:\/\/webs.uab.cat\/sial\/wp-json\/wp\/v2\/users\/20"}],"replies":[{"embeddable":true,"href":"https:\/\/webs.uab.cat\/sial\/wp-json\/wp\/v2\/comments?post=69"}],"version-history":[{"count":1,"href":"https:\/\/webs.uab.cat\/sial\/wp-json\/wp\/v2\/pages\/69\/revisions"}],"predecessor-version":[{"id":161,"href":"https:\/\/webs.uab.cat\/sial\/wp-json\/wp\/v2\/pages\/69\/revisions\/161"}],"wp:attachment":[{"href":"https:\/\/webs.uab.cat\/sial\/wp-json\/wp\/v2\/media?parent=69"}],"curies":[{"name":"wp","href":"https:\/\/api.w.org\/{rel}","templated":true}]}}