{"id":96,"date":"2012-07-03T13:30:12","date_gmt":"2012-07-03T11:30:12","guid":{"rendered":"https:\/\/webs.uab.cat\/sial\/presentacio\/"},"modified":"2023-03-31T09:45:42","modified_gmt":"2023-03-31T07:45:42","slug":"presentacio","status":"publish","type":"page","link":"https:\/\/webs.uab.cat\/sial\/","title":{"rendered":"Presentaci\u00f3"},"content":{"rendered":"\n<p>El SIAL (Serveis Integrats d\u2019Animals de Laboratori) es va constituir a l\u2019any 1999 a la UAB com un servei en ci\u00e8ncia i tecnologia de l\u2019animal de laboratori, tan per a&nbsp;la comunitat universit\u00e0ria com per a&nbsp;usuaris externs. Est\u00e0 format principalment per investigadors de la Unitat de Fisiologia Animal de la Facultat de Veterin\u00e0ria, el Servei d\u2019Estabulari (Servei Cient\u00edfico-T\u00e8cnic de la UAB) i investigadors de les Unitats d\u2019Anatomia Patol\u00f2gica, Microbiologia i Parasitologia, tamb\u00e9 de la Facultat de Veterin\u00e0ria. Integra grups de recerca que treballen fa m\u00e9s de 20 anys amb finan\u00e7ament competitiu i investigadors amb experi\u00e8ncia de m\u00e9s de 15 anys en empreses multinacionals del sector farmac\u00e8utic.<\/p>\n\n\n\n<p>&nbsp;<\/p>\n\n\n\n<p>L\u2019<strong>objectiu<\/strong> del SIAL \u00e9s el desenvolupament, innovaci\u00f3 i transfer\u00e8ncia de coneixement en l&#8217;\u00e0rea de la investigaci\u00f3 amb models animals. En aquest sentit, desenvolupem&nbsp;activitats fonamentalment en dues \u00e0rees: l&#8217;<a href=\"https:\/\/webs.uab.cat\/sial\/activitats\/\" data-type=\"page\" data-id=\"51\"><strong>activitat I+D+I amb empreses<\/strong><\/a>&nbsp;i la <strong><a href=\"https:\/\/webs.uab.cat\/sial\/formacio-0\/\" data-type=\"page\" data-id=\"99\">formaci\u00f3 de professionals<\/a>.<\/strong><\/p>\n","protected":false},"excerpt":{"rendered":"<p>El SIAL (Serveis Integrats d\u2019Animals de Laboratori) es va constituir a l\u2019any 1999 a la UAB com un servei en ci\u00e8ncia i tecnologia de l\u2019animal de laboratori, tan per a&nbsp;la comunitat universit\u00e0ria com per a&nbsp;usuaris externs. Est\u00e0 format principalment per investigadors de la Unitat de Fisiologia Animal de la Facultat de Veterin\u00e0ria, el Servei d\u2019Estabulari [&hellip;]<\/p>\n","protected":false},"author":20,"featured_media":0,"parent":0,"menu_order":0,"comment_status":"closed","ping_status":"closed","template":"","meta":{"footnotes":""},"class_list":["post-96","page","type-page","status-publish","hentry"],"_links":{"self":[{"href":"https:\/\/webs.uab.cat\/sial\/wp-json\/wp\/v2\/pages\/96","targetHints":{"allow":["GET"]}}],"collection":[{"href":"https:\/\/webs.uab.cat\/sial\/wp-json\/wp\/v2\/pages"}],"about":[{"href":"https:\/\/webs.uab.cat\/sial\/wp-json\/wp\/v2\/types\/page"}],"author":[{"embeddable":true,"href":"https:\/\/webs.uab.cat\/sial\/wp-json\/wp\/v2\/users\/20"}],"replies":[{"embeddable":true,"href":"https:\/\/webs.uab.cat\/sial\/wp-json\/wp\/v2\/comments?post=96"}],"version-history":[{"count":3,"href":"https:\/\/webs.uab.cat\/sial\/wp-json\/wp\/v2\/pages\/96\/revisions"}],"predecessor-version":[{"id":197,"href":"https:\/\/webs.uab.cat\/sial\/wp-json\/wp\/v2\/pages\/96\/revisions\/197"}],"wp:attachment":[{"href":"https:\/\/webs.uab.cat\/sial\/wp-json\/wp\/v2\/media?parent=96"}],"curies":[{"name":"wp","href":"https:\/\/api.w.org\/{rel}","templated":true}]}}