{"id":97,"date":"2012-07-04T08:55:39","date_gmt":"2012-07-04T06:55:39","guid":{"rendered":"https:\/\/webs.uab.cat\/sial\/assessorament\/"},"modified":"2023-03-31T09:37:52","modified_gmt":"2023-03-31T07:37:52","slug":"assessorament","status":"publish","type":"page","link":"https:\/\/webs.uab.cat\/sial\/assessorament\/","title":{"rendered":"Assessorament"},"content":{"rendered":"\n<p><strong>Assessorament Veterinari de Salut i Benestar dels Animals de Laboratori<\/strong><\/p>\n\n\n\n<figure class=\"wp-block-table\"><table><tbody><tr><td>\n<p class=\"rtejustify\">Participaci\u00f3 en els comit\u00e8s \u00e8tics com a Assessors de Benestar Animal (acreditats per FELASA i\/o la Generalitat de Catalunya). Aquesta activitat est\u00e0 dirigida a les institucions p\u00fabliques i de R + D les companyies farmac\u00e8utiques que tenen les instal\u00b7lacions per a animals de laboratori.<\/p>\n<\/td><\/tr><\/tbody><\/table><\/figure>\n\n\n\n<p><strong>Servei de Monitoritzaci\u00f3 de la Salut (controls sanitaris) dels Animals d&#8217;Experimentaci\u00f3.<\/strong><\/p>\n\n\n\n<figure class=\"wp-block-table\"><table><tbody><tr><td>\n<p class=\"rtejustify\">Valoracions serol\u00f2giques, microbiol\u00f2giques, parasit\u00e0ries i an\u00e0lisi patol\u00f2gic, a partir de mostres (necr\u00f2psia dels animals), i seguint les directrius FELASA per a cada esp\u00e8cie animal.<\/p>\n<\/td><\/tr><\/tbody><\/table><\/figure>\n\n\n\n<p><strong>Programa d&#8217;Avaluaci\u00f3 de l&#8217;Acompliment ICLAS per Laboratoris de Diagn\u00f2stic (<\/strong><strong><a href=\"http:\/\/iclas.org\/\">http:\/\/iclas.org\/<\/a><\/strong><strong>). <\/strong><\/p>\n\n\n\n<figure class=\"wp-block-table\"><table><tbody><tr><td>\n<p class=\"rtejustify\">La nostra experi\u00e8ncia, el coneixement i el contacte amb les organitzacions internacionals ens han perm\u00e8s adquirir un paper rellentant en el Programa d&#8217;Avaluaci\u00f3 de l\u2019 ICLAS per als laboratoris de diagn\u00f2stic.<\/p>\n<p class=\"rtejustify\">Aquest programa s&#8217;executa des del SIAL i en l&#8217;actualitat hi participen 23 laboratoris de diagn\u00f2stic de tot el m\u00f3n. A l\u2019any 2009, el programa va rebre una subvenci\u00f3 de 65.000 \u20ac per part del Ministeri de Ci\u00e8ncia i Innovaci\u00f3 espanyol per establir el SIAL com a centre de distribuci\u00f3 internacional.<\/p>\n<\/td><\/tr><\/tbody><\/table><\/figure>\n","protected":false},"excerpt":{"rendered":"<p>Assessorament Veterinari de Salut i Benestar dels Animals de Laboratori Participaci\u00f3 en els comit\u00e8s \u00e8tics com a Assessors de Benestar Animal (acreditats per FELASA i\/o la Generalitat de Catalunya). Aquesta activitat est\u00e0 dirigida a les institucions p\u00fabliques i de R + D les companyies farmac\u00e8utiques que tenen les instal\u00b7lacions per a animals de laboratori. Servei [&hellip;]<\/p>\n","protected":false},"author":20,"featured_media":0,"parent":0,"menu_order":0,"comment_status":"closed","ping_status":"closed","template":"","meta":{"footnotes":""},"class_list":["post-97","page","type-page","status-publish","hentry"],"_links":{"self":[{"href":"https:\/\/webs.uab.cat\/sial\/wp-json\/wp\/v2\/pages\/97","targetHints":{"allow":["GET"]}}],"collection":[{"href":"https:\/\/webs.uab.cat\/sial\/wp-json\/wp\/v2\/pages"}],"about":[{"href":"https:\/\/webs.uab.cat\/sial\/wp-json\/wp\/v2\/types\/page"}],"author":[{"embeddable":true,"href":"https:\/\/webs.uab.cat\/sial\/wp-json\/wp\/v2\/users\/20"}],"replies":[{"embeddable":true,"href":"https:\/\/webs.uab.cat\/sial\/wp-json\/wp\/v2\/comments?post=97"}],"version-history":[{"count":1,"href":"https:\/\/webs.uab.cat\/sial\/wp-json\/wp\/v2\/pages\/97\/revisions"}],"predecessor-version":[{"id":162,"href":"https:\/\/webs.uab.cat\/sial\/wp-json\/wp\/v2\/pages\/97\/revisions\/162"}],"wp:attachment":[{"href":"https:\/\/webs.uab.cat\/sial\/wp-json\/wp\/v2\/media?parent=97"}],"curies":[{"name":"wp","href":"https:\/\/api.w.org\/{rel}","templated":true}]}}