{"id":99,"date":"2014-03-07T12:17:10","date_gmt":"2014-03-07T10:17:10","guid":{"rendered":"https:\/\/webs.uab.cat\/sial\/formacio-0\/"},"modified":"2023-03-31T09:38:06","modified_gmt":"2023-03-31T07:38:06","slug":"formacio-0","status":"publish","type":"page","link":"https:\/\/webs.uab.cat\/sial\/formacio-0\/","title":{"rendered":"Formaci\u00f3"},"content":{"rendered":"\n<p>\u00c9s important destacar que el treball amb animals d&#8217;experimentaci\u00f3 requereix una formaci\u00f3 de postgrau en camps que actualment s\u00f3n crucials per a l&#8217;avan\u00e7 de la investigaci\u00f3 en biomedicina, tals com el benestar animal o el desenvolupament de models animals m\u00e9s adaptats a les necessitats de cada malaltia o tractament a estudiar.<\/p>\n\n\n\n<p>En aquest sentit, la formaci\u00f3 que imparteix el SIAL \u00e9s metodol\u00f2gica i tecnol\u00f2gicament molt avan\u00e7ada i realitzada per professionals internacionals de les diferents \u00e0rees. Aquesta formaci\u00f3 est\u00e0 dirigida a professionals dels centres d&#8217;investigaci\u00f3 tant p\u00fablics com privats. A m\u00e9s, la formaci\u00f3 serveix com punt de contacte per a col\u2022laboracions posteriors en projectes de recerca i desenvolupament.<\/p>\n\n\n\n<p><strong>Curs per a investigadors usuaris d\u2019animals per a experimentaci\u00f3 i altres finalitats cient\u00edfiques<\/strong><\/p>\n\n\n\n<figure class=\"wp-block-table\"><table><tbody><tr><td>\n<p class=\"rtejustify\">Acreditat per la <a href=\"http:\/\/www.felasa.eu\/\">Federation of European Laboratory Animal Science Associations<\/a>,&nbsp;FELASA) des del 2003. 40 alumnes\/curs i 2-3 cursos per any (segons demanda). Els estudiants que participen procedeixen dels programes de doctorat de la UAB, de centres p\u00fablics d&#8217;investigaci\u00f3 (IDIBELL, PRBB, Hospitals, etc) i d&#8217;empreses. Aproximadament, un 10 % dels estudiants s\u00f3n de fora de Catalunya.<\/p>\n<\/td><\/tr><\/tbody><\/table><\/figure>\n\n\n\n<p><a href=\"http:\/\/www.uab.es\/servlet\/Satellite\/postgraduate\/master-in-science-and-welfare-of-laboratory-animals\/basic-details-1217916968009.html\/param1-2264_en\/param2-2012\/\"><strong>M\u00e0ster en Ci\u00e8ncia i Benestar de l&#8217;Animal de Laboratori<\/strong><\/a><\/p>\n\n\n\n<figure class=\"wp-block-table\"><table><tbody><tr><td>\n<p class=\"rtejustify\">M\u00e0ster propi de la UAB que capacita per a ser Assessor en Benestar Animal (a Catalunya) o Categoria D1 i D2 d&#8217;especialista en animals de laboratori (regulat pel Real Decret 53\/2013). Acreditat per FELASA des de 2003. \u00danic a Espanya. Actualment el m\u00e0ster conta amb 40 alumnes que procedeixen de Catalunya (aprox. 20 %), resta d&#8217;Espanya (70 %) i Portugal, Latino Am\u00e8rica i altres (10 %).El professorat el constitueixen professionals de nivell internacional en totes les \u00e0rees de les ci\u00e8ncies de l&#8217;animal de laboratori. Est\u00e0 organitzat en m\u00f2duls intensius que tamb\u00e9 serveixen com a formaci\u00f3 continuada d&#8217;alt valor cient\u00edfic-tecnol\u00f2gic.<\/p>\n<p class=\"rtejustify\">El M\u00e0ster conta amb el suport de diverses empreses que aporten material molt especialitzat.<\/p>\n<\/td><\/tr><\/tbody><\/table><\/figure>\n\n\n\n<p><strong>Resid\u00e8ncia en Medicina de l&#8217;Animal de Laboratori <\/strong><\/p>\n\n\n\n<figure class=\"wp-block-table\"><table><tbody><tr><td>\n<p class=\"rtejustify\">Programa de beques per a la formaci\u00f3 com a veterinari especialista en animals de laboratori. Actualment es financen 3 beques. Reconegut per l\u2019European College for Laboratory Animal Science (<a href=\"http:\/\/eclam.org\/\">ECLAM<\/a>).<\/p>\n<\/td><\/tr><\/tbody><\/table><\/figure>\n","protected":false},"excerpt":{"rendered":"<p>\u00c9s important destacar que el treball amb animals d&#8217;experimentaci\u00f3 requereix una formaci\u00f3 de postgrau en camps que actualment s\u00f3n crucials per a l&#8217;avan\u00e7 de la investigaci\u00f3 en biomedicina, tals com el benestar animal o el desenvolupament de models animals m\u00e9s adaptats a les necessitats de cada malaltia o tractament a estudiar. En aquest sentit, la [&hellip;]<\/p>\n","protected":false},"author":20,"featured_media":0,"parent":0,"menu_order":0,"comment_status":"closed","ping_status":"closed","template":"","meta":{"footnotes":""},"class_list":["post-99","page","type-page","status-publish","hentry"],"_links":{"self":[{"href":"https:\/\/webs.uab.cat\/sial\/wp-json\/wp\/v2\/pages\/99","targetHints":{"allow":["GET"]}}],"collection":[{"href":"https:\/\/webs.uab.cat\/sial\/wp-json\/wp\/v2\/pages"}],"about":[{"href":"https:\/\/webs.uab.cat\/sial\/wp-json\/wp\/v2\/types\/page"}],"author":[{"embeddable":true,"href":"https:\/\/webs.uab.cat\/sial\/wp-json\/wp\/v2\/users\/20"}],"replies":[{"embeddable":true,"href":"https:\/\/webs.uab.cat\/sial\/wp-json\/wp\/v2\/comments?post=99"}],"version-history":[{"count":1,"href":"https:\/\/webs.uab.cat\/sial\/wp-json\/wp\/v2\/pages\/99\/revisions"}],"predecessor-version":[{"id":163,"href":"https:\/\/webs.uab.cat\/sial\/wp-json\/wp\/v2\/pages\/99\/revisions\/163"}],"wp:attachment":[{"href":"https:\/\/webs.uab.cat\/sial\/wp-json\/wp\/v2\/media?parent=99"}],"curies":[{"name":"wp","href":"https:\/\/api.w.org\/{rel}","templated":true}]}}