{"id":325,"date":"2012-05-03T13:34:55","date_gmt":"2012-05-03T13:34:55","guid":{"rendered":"https:\/\/webs.uab.cat\/sibhilla\/bibliographical-dictionary-spanish-parliament-members\/"},"modified":"2023-06-16T09:20:34","modified_gmt":"2023-06-16T09:20:34","slug":"bibliographical-dictionary-spanish-parliament-members","status":"publish","type":"page","link":"https:\/\/webs.uab.cat\/sibhilla\/en\/bibliographical-dictionary-spanish-parliament-members\/","title":{"rendered":"Biographical dictionary of Spanish parliament members"},"content":{"rendered":"<h3><em>&#8220;Diccionario Biogr\u00e1fico de Parlamentarios Espa\u00f1oles 1810 &#8211; 1854&#8221;<\/em><\/h3>\n<p>El Servei, en col\u00b7laboraci\u00f3 amb el SGR <strong>Grup d\u2019Hist\u00f2ria del Parlamentarisme<\/strong> (GHP) participa en el projecte <strong>\u201cDiccionario biogr\u00e1fico de los Parlamentarios Espa\u00f1oles 1810-1854 (DBPE)\u201d<\/strong> Aquest projecte es fruit d\u2019un conveni de col\u00b7laboraci\u00f3 cient\u00edfica signat per les <strong>\u201cCortes Generales\u201d<\/strong> i la Universitat del Pa\u00eds Basc, en representaci\u00f3 de la Universitat Aut\u00f2noma de Barcelona, la Universitat de Sevilla, la Universitat de Valladolid, la Universitat del Pa\u00eds Basc i el Centre d\u2019Estudios Pol\u00edticos i Constitucionales de Madrid. i d\u2019una<strong> xarxa de 44 universitats<\/strong> espanyoles i americanes i m\u00e9s de <strong>400 investigadors<\/strong>.<\/p>\n<p>L\u2019objectiu del projecte es la redacci\u00f3 de les biografies de tots els parlamentaris elegits des de les Corts de Cadis fins a l\u2019actualitat. En aquesta primera fase (2006-2012) s\u2019est\u00e0 treballant en les biografies dels <strong>3.800 parlamentaris<\/strong> del per\u00edode 1810-1854.<br \/>\nDes de l\u2019any 2006, el SDHC ha estat responsable de la gesti\u00f3 t\u00e8cnica del projecte, del disseny de les aplicacions, de la metodologia de la recollida de dades i la coordinaci\u00f3 t\u00e8cnica a nivell global i de la organitzaci\u00f3 i coordinaci\u00f3 de les tasques de la zona II (Catalunya, Pa\u00eds Valenci\u00e0 i les Balears).<br \/>\nAix\u00f2 ha suposat, entre altres coses; el disseny de les <strong>bases de dades del sistema<\/strong> que han perm\u00e8s la gesti\u00f3 i organitzaci\u00f3 dels m\u00e9s de <strong>20.000 expedients d\u2019arxiu i documents<\/strong> (m\u00e9s d\u2019un mili\u00f3 de fitxers inform\u00e0tics i\/o p\u00e0gines digitalitzades) procedents de <strong>160 arxius i centres de documentaci\u00f3<\/strong>; la metodologia de segmentaci\u00f3 de personatges per equips de treball; l\u2019elaboraci\u00f3 d\u2019un \u00edndex VAP (valor de la activitat parlamentaria) per categoritzar els personatges;la creaci\u00f3 dels manuals d\u2019estil i procediment t\u00e8cnic; el disseny de les fitxes de buidatge d\u2019arxiu;\u00a0 l\u2019elaboraci\u00f3 de les pautes de treball dels equips i redactors; la distribuci\u00f3 de la documentaci\u00f3 entre els quasi 400 redactors del projecte i la coordinaci\u00f3 del control, recepci\u00f3 i revisi\u00f3 de les biografies i fitxes biogr\u00e0fiques.<br \/>\nTamb\u00e9 hem elaborat els annexos t\u00e8cnics dels informes de seguiment lliurats a les Corts i hem participat en la elaboraci\u00f3 dels plans de treball anuals<\/p>\n","protected":false},"excerpt":{"rendered":"<p>&#8220;Diccionario Biogr\u00e1fico de Parlamentarios Espa\u00f1oles 1810 &#8211; 1854&#8221; El Servei, en col\u00b7laboraci\u00f3 amb el SGR Grup d\u2019Hist\u00f2ria del Parlamentarisme (GHP) participa en el projecte \u201cDiccionario biogr\u00e1fico de los Parlamentarios Espa\u00f1oles 1810-1854 (DBPE)\u201d Aquest projecte es fruit d\u2019un conveni de col\u00b7laboraci\u00f3 cient\u00edfica signat per les \u201cCortes Generales\u201d i la Universitat del Pa\u00eds Basc, en representaci\u00f3 de [&hellip;]<\/p>\n","protected":false},"author":20,"featured_media":0,"parent":0,"menu_order":0,"comment_status":"closed","ping_status":"closed","template":"","meta":{"footnotes":""},"class_list":["post-325","page","type-page","status-publish","hentry"],"_links":{"self":[{"href":"https:\/\/webs.uab.cat\/sibhilla\/en\/wp-json\/wp\/v2\/pages\/325","targetHints":{"allow":["GET"]}}],"collection":[{"href":"https:\/\/webs.uab.cat\/sibhilla\/en\/wp-json\/wp\/v2\/pages"}],"about":[{"href":"https:\/\/webs.uab.cat\/sibhilla\/en\/wp-json\/wp\/v2\/types\/page"}],"author":[{"embeddable":true,"href":"https:\/\/webs.uab.cat\/sibhilla\/en\/wp-json\/wp\/v2\/users\/20"}],"replies":[{"embeddable":true,"href":"https:\/\/webs.uab.cat\/sibhilla\/en\/wp-json\/wp\/v2\/comments?post=325"}],"version-history":[{"count":1,"href":"https:\/\/webs.uab.cat\/sibhilla\/en\/wp-json\/wp\/v2\/pages\/325\/revisions"}],"predecessor-version":[{"id":3661,"href":"https:\/\/webs.uab.cat\/sibhilla\/en\/wp-json\/wp\/v2\/pages\/325\/revisions\/3661"}],"wp:attachment":[{"href":"https:\/\/webs.uab.cat\/sibhilla\/en\/wp-json\/wp\/v2\/media?parent=325"}],"curies":[{"name":"wp","href":"https:\/\/api.w.org\/{rel}","templated":true}]}}