{"id":3545,"date":"2023-03-31T08:56:59","date_gmt":"2023-03-31T06:56:59","guid":{"rendered":"https:\/\/webs.uab.cat\/sibhilla\/?page_id=3545"},"modified":"2023-06-08T07:21:45","modified_gmt":"2023-06-08T07:21:45","slug":"revistes","status":"publish","type":"page","link":"https:\/\/webs.uab.cat\/sibhilla\/en\/revistes\/","title":{"rendered":"Journals"},"content":{"rendered":"\n<p>Fem el seguiment de <strong>729<\/strong> cap\u00e7aleres de publicacions peri\u00f2diques (butlletins, revistes, anuaris&#8230;) i d&#8217;aquestes fem el buidatge sistem\u00e0tic de <strong>655<\/strong><\/p>\n\n\n\n<hr class=\"wp-block-separator aligncenter has-alpha-channel-opacity\" \/>\n\n\n\n<figure class=\"wp-block-pullquote\"><blockquote><p><strong>312 <\/strong>revistes i butlletins d&#8217;\u00e0mbit local <\/p><\/blockquote><\/figure>\n\n\n\n<hr class=\"wp-block-separator aligncenter has-alpha-channel-opacity\" \/>\n\n\n\n<p class=\"has-text-align-center has-normal-font-size\"><strong>12 <\/strong><\/p>\n\n\n\n<p class=\"has-text-align-center\" style=\"font-size:14px\">de tot Catalunya o de comarques de m\u00e9s d&#8217;una prov\u00edncia<\/p>\n\n\n\n<p class=\"has-text-align-center has-normal-font-size\"><strong>121 <\/strong><\/p>\n\n\n\n<p class=\"has-text-align-center\" style=\"font-size:14px\">de les comarques de <strong>Barcelona<\/strong><\/p>\n\n\n\n<p class=\"has-text-align-center has-normal-font-size\"><strong>59 <\/strong><\/p>\n\n\n\n<p class=\"has-text-align-center\" style=\"font-size:14px\">de les comarques de <strong>Girona<\/strong><\/p>\n\n\n\n<p class=\"has-text-align-center has-normal-font-size\"><strong>41 <\/strong><\/p>\n\n\n\n<p class=\"has-text-align-center\" style=\"font-size:14px\">de les comarques de <strong>Lleida<\/strong><\/p>\n\n\n\n<p class=\"has-text-align-center has-normal-font-size\"><strong>79 <\/strong><\/p>\n\n\n\n<p class=\"has-text-align-center\" style=\"font-size:14px\">de les comarques de <strong>Tarragona<\/strong><\/p>\n\n\n\n<hr class=\"wp-block-separator aligncenter has-alpha-channel-opacity\" \/>\n\n\n\n<figure class=\"wp-block-pullquote has-text-align-center\"><blockquote><p><strong>343 <\/strong>revistes d&#8217;\u00e0mbit general<\/p><\/blockquote><\/figure>\n\n\n\n<hr class=\"wp-block-separator aligncenter has-alpha-channel-opacity\" \/>\n\n\n\n<div class=\"wp-block-group\"><div class=\"wp-block-group__inner-container is-layout-flow wp-block-group-is-layout-flow\">\n<p class=\"has-text-align-center has-normal-font-size\"><strong>34<\/strong><\/p>\n\n\n\n<p class=\"has-text-align-center\" style=\"font-size:14px\">Revistes vigents d\u2019hist\u00f2ria moderna i contempor\u00e0nia editades a Catalunya (prioritat 1)<\/p>\n\n\n\n<p class=\"has-text-align-center has-normal-font-size\"><strong>58<\/strong><\/p>\n\n\n\n<p class=\"has-text-align-center\" style=\"font-size:14px\">Revistes vigents d\u2019hist\u00f2ria moderna i contempor\u00e0nia editades fora de Catalunya (prioritat 2)<\/p>\n\n\n\n<p class=\"has-text-align-center has-normal-font-size\"><strong>251&nbsp;<\/strong><\/p>\n\n\n\n<p class=\"has-text-align-center\" style=\"font-size:16px\">Revistes vigents de prehist\u00f2ria, hist\u00f2ria antiga, hist\u00f2ria medieval, arqueologia, ci\u00e8ncies socials i geografia, revistes de divulgaci\u00f3 hist\u00f2rica, revistes de ci\u00e8ncies auxiliars (arxiv\u00edstica, documentaci\u00f3) i revistes d\u2019hist\u00f2ria moderna i contempor\u00e0nia no vigents (prioritat 3)<\/p>\n<\/div><\/div>\n\n\n\n<hr class=\"wp-block-separator has-alpha-channel-opacity\" \/>\n\n\n\n<details class=\"wp-block-mamaduka-toggles wp-block-toggles\"><summary>Revistes d&#8217;inter\u00e8s per al FonsHL<\/summary><div class=\"wp-block-toggles__content\">\n<p><a href=\"https:\/\/webs.uab.cat\/sibhilla\/wp-content\/uploads\/sites\/164\/2023\/04\/llistat_revistes_locals_ambit_ok.pdf\">Llistat de revistes locals (per \u00e0mbit geogr\u00e0fic)<\/a><\/p>\n\n\n\n<p><a href=\"https:\/\/webs.uab.cat\/sibhilla\/wp-content\/uploads\/sites\/164\/2023\/03\/llistat_revistes_locals_alfabetic.pdf\">Llistat alfab\u00e8tic de revistes locals<\/a><\/p>\n\n\n\n<p><a href=\"https:\/\/webs.uab.cat\/sibhilla\/wp-content\/uploads\/sites\/164\/2023\/03\/llistat_revistes_generals_prioritat.pdf\">Llistat de revistes generals d&#8217;inter\u00e8s per al FonsHL<\/a><\/p>\n\n\n\n<p><\/p>\n<\/div><\/details>\n","protected":false},"excerpt":{"rendered":"<p>Fem el seguiment de 729 cap\u00e7aleres de publicacions peri\u00f2diques (butlletins, revistes, anuaris&#8230;) i d&#8217;aquestes fem el buidatge sistem\u00e0tic de 655 312 revistes i butlletins d&#8217;\u00e0mbit local 12 de tot Catalunya o de comarques de m\u00e9s d&#8217;una prov\u00edncia 121 de les comarques de Barcelona 59 de les comarques de Girona 41 de les comarques de Lleida [&hellip;]<\/p>\n","protected":false},"author":102,"featured_media":0,"parent":0,"menu_order":0,"comment_status":"closed","ping_status":"closed","template":"","meta":{"footnotes":""},"class_list":["post-3545","page","type-page","status-publish","hentry"],"_links":{"self":[{"href":"https:\/\/webs.uab.cat\/sibhilla\/en\/wp-json\/wp\/v2\/pages\/3545","targetHints":{"allow":["GET"]}}],"collection":[{"href":"https:\/\/webs.uab.cat\/sibhilla\/en\/wp-json\/wp\/v2\/pages"}],"about":[{"href":"https:\/\/webs.uab.cat\/sibhilla\/en\/wp-json\/wp\/v2\/types\/page"}],"author":[{"embeddable":true,"href":"https:\/\/webs.uab.cat\/sibhilla\/en\/wp-json\/wp\/v2\/users\/102"}],"replies":[{"embeddable":true,"href":"https:\/\/webs.uab.cat\/sibhilla\/en\/wp-json\/wp\/v2\/comments?post=3545"}],"version-history":[{"count":2,"href":"https:\/\/webs.uab.cat\/sibhilla\/en\/wp-json\/wp\/v2\/pages\/3545\/revisions"}],"predecessor-version":[{"id":3547,"href":"https:\/\/webs.uab.cat\/sibhilla\/en\/wp-json\/wp\/v2\/pages\/3545\/revisions\/3547"}],"wp:attachment":[{"href":"https:\/\/webs.uab.cat\/sibhilla\/en\/wp-json\/wp\/v2\/media?parent=3545"}],"curies":[{"name":"wp","href":"https:\/\/api.w.org\/{rel}","templated":true}]}}