{"id":3561,"date":"2023-03-01T14:39:33","date_gmt":"2023-03-01T14:39:33","guid":{"rendered":"https:\/\/webs.uab.cat\/sibhilla\/?page_id=3561"},"modified":"2023-06-08T07:32:42","modified_gmt":"2023-06-08T07:32:42","slug":"sct-sibhil%c2%b7la-2012-2019","status":"publish","type":"page","link":"https:\/\/webs.uab.cat\/sibhilla\/en\/sct-sibhil%c2%b7la-2012-2019\/","title":{"rendered":"SCT Sibhil\u00b7la (2012-2019)"},"content":{"rendered":"\n<p> <\/p>\n\n\n\n<p><\/p>\n\n\n<p>L&#8217;any 2012 es va crear <strong>SIBHIL\u00b7LA<\/strong>, un servei cientificot\u00e8cnic (SCT) en l&#8217;\u00e0mbit de les humanitats, que es creava amb la voluntat de difondre el fons documental bibliogr\u00e0fic m\u00e9s complet sobre la hist\u00f2ria de Catalunya i la llengua i literatura catalanes.<\/p>\n<p><strong>SIBHIL\u00b7LA<\/strong>&nbsp;neixia de la fusi\u00f3 de dos projectes, amb antecedents i objectius similars, que es van crear l\u2019any 1987 com a resposta a les necessitats de recerca de professors i grups d\u2019investigaci\u00f3 d\u2019hist\u00f2ria contempor\u00e0nia i de filologia catalana:<\/p>\n\n\n<ul class=\"wp-block-list\"><li><span style=\"font-size: revert;letter-spacing: 0.05rem\">E<a href=\"https:\/\/webs.uab.cat\/sibhilla\/antic-sdhlc\/\" data-type=\"page\" data-id=\"287\">l&nbsp;<\/a><\/span><strong><a href=\"https:\/\/webs.uab.cat\/sibhilla\/antic-sdhlc\/\" data-type=\"page\" data-id=\"287\">Servei de Documentaci\u00f3 d\u2019Hist\u00f2ria Local de Catalunya (SDHLC)<\/a><\/strong><span style=\"font-size: revert;letter-spacing: 0.05rem\">, fins aleshores Laboratori de Prestaci\u00f3 de Serveis (S3) i adscrit al Departament d\u2019Hist\u00f2ria Moderna i Contempor\u00e0nia<\/span>.<\/li><li><p><a rel=\"noreferrer noopener\" href=\"https:\/\/traces.uab.cat\/?ln=ca\" target=\"_blank\"><strong>TRACES<\/strong><\/a><strong>:<\/strong>&nbsp;Base de Dades de Llengua i Literatura Catalanes, elaborada pel&nbsp;<em>Grup d\u2019Estudis de Literatura Catalana Contempor\u00e0nia<\/em>&nbsp;<em>(GELCC)<\/em>&nbsp;del Departament de Filologia Catalana.<\/p><\/li><\/ul>\n\n\n\n<p>L&#8217;any 2014 s&#8217;incorpora a SIBHIL\u00b7LA el projecte&nbsp;<a href=\"http:\/\/ifmuc.uab.cat\/\"><strong>IFMuC<\/strong><\/a><strong>,<\/strong>&nbsp;base de dades dels cat\u00e0legs dels fons musicals de Catalunya que elabora la c\u00e0tedra de Patrimoni Musical del Departament d&#8217;Art i Musicologia de la UAB, dirigida pel catedr\u00e0tic Josep Maria Gregori i Cifr\u00e9.<\/p>\n\n\n\n<p>Aquest nou servei volia ser una eina clau de transfer\u00e8ncia del coneixement en les disciplines human\u00edstiques, respondre a les necessitats del m\u00f3n cultural educatiu i investigador actual, i incidir i fer-se present i necessari dins els circuits de la producci\u00f3 cient\u00edfica nacional i internacional.<\/p>\n\n\n\n<p>La creaci\u00f3 de&nbsp;<strong>SIBHIL\u00b7LA<\/strong>&nbsp;supos\u00e0 el reconeixement, per part de la UAB, d\u2019uns serveis i projectes que portaven anys treballant per posar a disposici\u00f3 de la doc\u00e8ncia i la recerca el material bibliogr\u00e0fic essencial sobre la hist\u00f2ria, la cultura, la llengua i la literatura catalanes.<\/p>\n\n\n\n<p><\/p>\n","protected":false},"excerpt":{"rendered":"<p>L&#8217;any 2012 es va crear SIBHIL\u00b7LA, un servei cientificot\u00e8cnic (SCT) en l&#8217;\u00e0mbit de les humanitats, que es creava amb la voluntat de difondre el fons documental bibliogr\u00e0fic m\u00e9s complet sobre la hist\u00f2ria de Catalunya i la llengua i literatura catalanes. SIBHIL\u00b7LA&nbsp;neixia de la fusi\u00f3 de dos projectes, amb antecedents i objectius similars, que es van [&hellip;]<\/p>\n","protected":false},"author":102,"featured_media":0,"parent":0,"menu_order":0,"comment_status":"closed","ping_status":"closed","template":"","meta":{"footnotes":""},"class_list":["post-3561","page","type-page","status-publish","hentry"],"_links":{"self":[{"href":"https:\/\/webs.uab.cat\/sibhilla\/en\/wp-json\/wp\/v2\/pages\/3561","targetHints":{"allow":["GET"]}}],"collection":[{"href":"https:\/\/webs.uab.cat\/sibhilla\/en\/wp-json\/wp\/v2\/pages"}],"about":[{"href":"https:\/\/webs.uab.cat\/sibhilla\/en\/wp-json\/wp\/v2\/types\/page"}],"author":[{"embeddable":true,"href":"https:\/\/webs.uab.cat\/sibhilla\/en\/wp-json\/wp\/v2\/users\/102"}],"replies":[{"embeddable":true,"href":"https:\/\/webs.uab.cat\/sibhilla\/en\/wp-json\/wp\/v2\/comments?post=3561"}],"version-history":[{"count":1,"href":"https:\/\/webs.uab.cat\/sibhilla\/en\/wp-json\/wp\/v2\/pages\/3561\/revisions"}],"predecessor-version":[{"id":3562,"href":"https:\/\/webs.uab.cat\/sibhilla\/en\/wp-json\/wp\/v2\/pages\/3561\/revisions\/3562"}],"wp:attachment":[{"href":"https:\/\/webs.uab.cat\/sibhilla\/en\/wp-json\/wp\/v2\/media?parent=3561"}],"curies":[{"name":"wp","href":"https:\/\/api.w.org\/{rel}","templated":true}]}}