{"id":2826,"date":"2023-03-07T14:57:30","date_gmt":"2023-03-07T14:57:30","guid":{"rendered":"https:\/\/webs.uab.cat\/sibhilla\/?page_id=2826"},"modified":"2023-06-01T09:34:33","modified_gmt":"2023-06-01T09:34:33","slug":"ayuda-a-la-busqueda","status":"publish","type":"page","link":"https:\/\/webs.uab.cat\/sibhilla\/es\/ayuda-a-la-busqueda\/","title":{"rendered":"Ayuda a la b\u00fasqueda"},"content":{"rendered":"\n<p>Se pueden realizar dos tipos  de b\u00fasquedas en la base de datos (b\u00e1sica o avanzada) y visualizar las referencias  en diferentes formatos.<\/p>\n\n\n\n<div class=\"wp-block-buttons is-layout-flex wp-block-buttons-is-layout-flex\">\n<div class=\"wp-block-button is-style-fill\"><a class=\"wp-block-button__link\" href=\"#cerca-basica\">B\u00daSQUEDA b\u00c1sica<\/a><\/div>\n\n\n\n<div class=\"wp-block-button\"><a class=\"wp-block-button__link\" href=\"#cerca_avan\u00e7ada\">b\u00daSQUEDA avanZada<\/a><\/div>\n\n\n\n<div class=\"wp-block-button\"><a class=\"wp-block-button__link\" href=\"#visualitzacio\">Visualizaci\u00f3N<\/a><\/div>\n<\/div>\n\n\n\n<div id=\"cerca_basica\" class=\"wp-block-group\"><div class=\"wp-block-group__inner-container is-layout-flow wp-block-group-is-layout-flow\">\n<div class=\"wp-block-group alignfull is-vertical is-layout-flex wp-container-core-group-is-layout-8cf370e7 wp-block-group-is-layout-flex\">\n<h2 class=\"has-text-align-left has-verd-tropic-color has-text-color wp-block-heading\">B\u00fasqueda<mark><mark style=\"background-color:#fff\" class=\"has-inline-color has-accent-color\"> b\u00e1sica (formulario libre)<\/mark><\/mark><\/h2>\n\n\n\n<p>La b\u00fasqueda libre, tipo google, es la m\u00e1s&nbsp;<strong>exhaustiva&nbsp;y<\/strong> la m\u00e1s r\u00e1pida. Os permite hacer busquedas per <strong>cualquier palabra&nbsp;<\/strong>en todos los campos de la base de datos:<\/p>\n\n\n\n<figure class=\"wp-block-table\"><table><tbody><tr><td><strong>Palabras del t\u00edtulo<\/strong><\/td><td><strong>Paraules del resum<\/strong><\/td><\/tr><tr><td><strong>Materias<\/strong> (descriptores tem\u00e1ticos, identificadores personales y corporativos)<\/td><td><strong>\u00c1mbito geogr\u00e1fico<\/strong><\/td><\/tr><tr><td><strong>Autores <\/strong>(apellidos o nombres de autores personales y palabras de autores corporativos)<\/td><td><strong>Fecha de publicaci\u00f3n<\/strong><\/td><\/tr><tr><td><strong>Palabras del t\u00edtulo de la colecci\u00f3n y sub-colecci\u00f3n<\/strong><\/td><td><strong>Palabras del t\u00edtulo de la revista vaciada<\/strong><\/td><\/tr><tr><td><strong>Tipo de documento<\/strong> (monograf\u00edas, art\u00edculos de revistas&#8230;)<\/td><td><strong>Tipo de soporte<\/strong> (fichero inform\u00e1tico, v\u00eddeo, material cartogr\u00e1fico&#8230;)<\/td><\/tr><\/tbody><\/table><\/figure>\n\n\n\n<p>&nbsp;<\/p>\n\n\n\n<p>Se ha de tener en cuenta que este tipo de b\u00fasqueda puede, a veces generar \u201cruido documental\u201d, es decir, informaci\u00f3n no deseada o pertinente a la b\u00fasqueda planteada.<\/p>\n\n\n\n<figure class=\"wp-block-image size-large\"><img loading=\"lazy\" decoding=\"async\" width=\"1024\" height=\"239\" src=\"https:\/\/webs.uab.cat\/sibhilla\/wp-content\/uploads\/sites\/164\/2023\/03\/ajuda_cerca_cat_1-1024x239.png\" alt=\"\" class=\"wp-image-2059\" srcset=\"https:\/\/webs.uab.cat\/sibhilla\/wp-content\/uploads\/sites\/164\/2023\/03\/ajuda_cerca_cat_1-1024x239.png 1024w, https:\/\/webs.uab.cat\/sibhilla\/wp-content\/uploads\/sites\/164\/2023\/03\/ajuda_cerca_cat_1-300x70.png 300w, https:\/\/webs.uab.cat\/sibhilla\/wp-content\/uploads\/sites\/164\/2023\/03\/ajuda_cerca_cat_1-768x179.png 768w, https:\/\/webs.uab.cat\/sibhilla\/wp-content\/uploads\/sites\/164\/2023\/03\/ajuda_cerca_cat_1.png 1145w\" sizes=\"auto, (max-width: 1024px) 100vw, 1024px\" \/><\/figure>\n\n\n\n<p>Por defecto, el programa hace una intersecci\u00f3n de los t\u00e9rminos (<strong>AND<\/strong>) indicados: busca <strong>referencias con todas las palabras.<\/strong><\/p>\n\n\n\n<p>En el caso de querer realizar una suma de conceptos (<strong>OR)<\/strong>&nbsp;se tendr\u00e1  que indicar la opci\u00f3n: \u00ab<strong>cualquier  palabra\u00bb.<\/strong><\/p>\n\n\n\n<p><strong>Ejemplos<\/strong>:<\/p>\n\n\n\n<figure class=\"wp-block-table\"><table><tbody><tr><td><strong><em>Guerra civil espa\u00f1ola Terrassa<\/em><\/strong><\/td><td>Recupera las referencias sobre la guerra civil espa\u00f1ola en la ciudad de Terrassa<\/td><\/tr><tr><td><strong><em>Franquismo art\u00edculos 2015<\/em><\/strong><\/td><td>Recupera los art\u00edculos de revista sobre franquismo publicados el a\u00f1o 2015<\/td><\/tr><tr><td><strong><em>Vicens Vives monograf\u00edas<\/em><\/strong><\/td><td>Recupera las monograf\u00edas de o sobre el historiador Vicens Vives<\/td><\/tr><tr><td><strong><em>Material did\u00e1ctico Vall\u00e8s Occidental<\/em><\/strong><\/td><td>Recupera referencias sobre material did\u00e1ctico de la comarca y municipios del Vall\u00e8s Occidental<\/td><\/tr><tr><td><strong><em>Barcelona 1850L<\/em><\/strong><\/td><td>Recupera referencias sobre Barcelona situadas cronol\u00f3gicamente en el per\u00edodo de 50 a\u00f1os (L) 1851-1900<\/td><\/tr><\/tbody><\/table><\/figure>\n\n\n\n<div class=\"wp-block-group is-vertical is-layout-flex wp-container-core-group-is-layout-8cf370e7 wp-block-group-is-layout-flex\">\n<p><strong><mark style=\"background-color:#fff\" class=\"has-inline-color has-accent-color\">Consejos de b\u00fasqueda:<\/mark><\/strong><\/p>\n\n\n\n<p><strong>&#8211; Evitar el uso de caracteres especiales:&nbsp;\u2018&nbsp;&nbsp;\/&nbsp;&nbsp;(&nbsp;&nbsp;)&nbsp;&nbsp;&#8211;&nbsp;&nbsp;&nbsp;_<\/strong><\/p>\n\n\n\n<p>Hay que tener cuidado en utilizar caracteres especiales,&nbsp;tipo guiones, ap\u00f3strofes etc..<\/p>\n\n\n\n<p><strong>S\u00ed<\/strong>&nbsp;se puede utilizarla ele geminada (l\u00b7l)<\/p>\n\n\n\n<p><strong>&#8211;<\/strong>&nbsp;<strong>Evitar el uso de preposiciones, conjunciones y contracciones&nbsp;<\/strong>(de, del, a, con, y  &#8230;)<\/p>\n\n\n\n<p><strong>&#8211; Uso del truncamiento&nbsp;<\/strong><strong>($)<\/strong><\/p>\n\n\n\n<p>Podemos usar el truncamiento con el s\u00edmbolo de dolar<strong>&nbsp;($)<\/strong>&nbsp;para buscar las palabras y t\u00e9rminos con la ra\u00edz indicada:<\/p>\n\n\n\n<p>Por ejemplo:<strong>&nbsp;Industr$<\/strong>&nbsp;busca:<\/p>\n\n\n\n<p><strong><u>industr<\/u><\/strong><strong>ials,<u>&nbsp;indust<\/u>rialitzaci\u00f3,&nbsp;<u>ind\u00fast<\/u>ries, y todos los tipos de industria&nbsp;<\/strong>(industria textil, industria mec\u00e1nica, etc..)<\/p>\n\n\n\n<p>Para limitar la b\u00fasqueda a un \u00edndice determinado (autores, materias..) usen  el&nbsp;<strong>FORMULARIO AVANZADO<\/strong><\/p>\n<\/div>\n<\/div>\n<\/div><\/div>\n\n\n\n<div id=\"cerca_avan\u00e7ada\" class=\"wp-block-group\"><div class=\"wp-block-group__inner-container is-layout-flow wp-block-group-is-layout-flow\">\n<p>La funci\u00f3n de la b\u00fasqueda avanzada es garantizar una mayor&nbsp;<strong>especificidad<\/strong>. <\/p>\n\n\n\n<h2 class=\"wp-block-heading\"><mark><mark style=\"background-color:#fff\" class=\"has-inline-color has-accent-color\">B\u00fasqueda avanzada (formulario avanzado<\/mark><\/mark>)<\/h2>\n\n\n\n<p><\/p>\n\n\n\n<div class=\"wp-block-group alignfull\"><div class=\"wp-block-group__inner-container is-layout-flow wp-block-group-is-layout-flow\">\n<h3 class=\"wp-block-heading\"><em>1. Limitar la b\u00fasqueda a un \u00edndice determinado<\/em><\/h3>\n\n\n\n<div class=\"wp-block-group alignfull is-vertical is-layout-flex wp-container-core-group-is-layout-8cf370e7 wp-block-group-is-layout-flex\">\n<ul class=\"wp-block-list\"><li><strong>Cualquier campo<\/strong>&nbsp;(seria el equivalente a la b\u00fasqueda libre)<\/li><li><strong>Autor&nbsp;<\/strong>(autores personales y corporativos, jornadas y congresos)<\/li><li><strong>Materias<\/strong>&nbsp;(descriptores tem\u00e1ticos, identificadores personales y corporatvos). Los&nbsp;<strong>descriptores de materia<\/strong>&nbsp;usados en la indizaci\u00f3n y recuperaci\u00f3n del contenido de los documentos est\u00e1n recogidos en el&nbsp;<strong><a href=\"http:\/\/vocabularyserver.com\/historia_catalunya\/\">Tesauro de Historia de Catalu\u00f1a.<\/a><\/strong><\/li><li><strong>Geogr\u00e1fico<\/strong>&nbsp;(\u00e1mbito geogr\u00e1fico del estudio: municipio, comarca, provincia, barrio, monta\u00f1a, etc..)<\/li><li><strong>Comarcas&nbsp;<\/strong>(permite buscar o limitar una b\u00fasqueda a una comarca determinada)<\/li><li><strong>Palabras del t\u00edtulo<\/strong>&nbsp;(garantiza la m\u00e1xima pertenencia y especificidad del documento)<\/li><li><strong>Fecha de publicaci\u00f3n<\/strong><\/li><li><strong>&nbsp;Revistas vaciadas&nbsp;<\/strong>(revistas de las que se han extra\u00eddo art\u00edculos)<\/li><li><strong>&nbsp;Colecci\u00f3n<\/strong><\/li><li>&nbsp;<strong>Tipo de documento<\/strong><\/li><\/ul>\n\n\n\n<figure class=\"wp-block-table\"><table><tbody><tr><td>Art\u00edculos de revista<\/td><td>In\u00e9ditos<\/td><\/tr><tr><td>Monograf\u00edas<\/td><td>Partes de monograf\u00edas<\/td><\/tr><tr><td>Revistas<\/td><td>Tesis doctorales<\/td><\/tr><tr><td>Trabajos de investigaci\u00f3n<\/td><td>Trabajos de curso<\/td><\/tr><\/tbody><\/table><\/figure>\n\n\n\n<ul class=\"wp-block-list\"><li>&nbsp;<strong>Tipo de soporte<\/strong><\/li><\/ul>\n\n\n\n<figure class=\"wp-block-table\"><table><tbody><tr><td class=\"has-text-align-left\" data-align=\"left\">Grabaci\u00f3n  de v\u00eddeo<\/td><td>Grabraci\u00f3n sonora<\/td><\/tr><tr><td class=\"has-text-align-left\" data-align=\"left\">Material audiovisual<\/td><td>Material cartogr\u00e1fico<\/td><\/tr><tr><td class=\"has-text-align-left\" data-align=\"left\">Material especial<\/td><td>Material gr\u00e1fico<\/td><\/tr><tr><td class=\"has-text-align-left\" data-align=\"left\">Microforma<\/td><td>Fichero inform\u00e1tico<\/td><\/tr><\/tbody><\/table><\/figure>\n\n\n\n<ul class=\"wp-block-list\"><li><strong>Per\u00edodo cronol\u00f3gico<\/strong>&nbsp;(cronolog\u00eda del documento pautada por per\u00edodos). La&nbsp;cronolog\u00eda de los documentos se pauta en:<ul><li>(M) Milenios (0000M, 1000M)<\/li><li>(D) Quinientos a\u00f1os (1000D ir\u00eda del 1001 al 1500)<\/li><li>(C) Siglos (1800C&nbsp;ir\u00eda del 1801 hasta el 1900)<\/li><li>(L) Cincuenta a\u00f1os (1900L ir\u00eda del&nbsp;1901 al&nbsp;1950)<\/li><li>(X) D\u00e9cadas (1980X ir\u00eda del&nbsp;1981 al&nbsp;1990)<\/li><\/ul><\/li><li>La misma pauta sirve para la cronolog\u00eda antes de Cristo (<strong>aC)<\/strong> con una A delante:  0000AM&nbsp;&nbsp;&nbsp;&nbsp;&nbsp;&nbsp;1000AD&nbsp;&nbsp;&nbsp;&nbsp;&nbsp;0400AC&nbsp;&nbsp;&nbsp;&nbsp;&nbsp;&nbsp;0450AL&nbsp;&nbsp;&nbsp;&nbsp;&nbsp;0360AX<\/li><\/ul>\n\n\n\n<figure class=\"wp-block-image size-large\"><img loading=\"lazy\" decoding=\"async\" width=\"1024\" height=\"384\" src=\"https:\/\/webs.uab.cat\/sibhilla\/wp-content\/uploads\/sites\/164\/2023\/03\/ajuda_cerca_cat_2-1024x384.png\" alt=\"\" class=\"wp-image-2062\" srcset=\"https:\/\/webs.uab.cat\/sibhilla\/wp-content\/uploads\/sites\/164\/2023\/03\/ajuda_cerca_cat_2-1024x384.png 1024w, https:\/\/webs.uab.cat\/sibhilla\/wp-content\/uploads\/sites\/164\/2023\/03\/ajuda_cerca_cat_2-300x112.png 300w, https:\/\/webs.uab.cat\/sibhilla\/wp-content\/uploads\/sites\/164\/2023\/03\/ajuda_cerca_cat_2-768x288.png 768w, https:\/\/webs.uab.cat\/sibhilla\/wp-content\/uploads\/sites\/164\/2023\/03\/ajuda_cerca_cat_2-1200x450.png 1200w, https:\/\/webs.uab.cat\/sibhilla\/wp-content\/uploads\/sites\/164\/2023\/03\/ajuda_cerca_cat_2.png 1489w\" sizes=\"auto, (max-width: 1024px) 100vw, 1024px\" \/><\/figure>\n<\/div>\n<\/div><\/div>\n\n\n\n<p><strong>Procedimiento:<\/strong><\/p>\n\n\n\n<ol class=\"wp-block-list\"><li>Seleccione el \u00edndice al cual quiere limitar la b\u00fasqueda.<\/li><li>Si desea visualizar el \u00edndice i desde all\u00ed poder seleccionar los t\u00e9rminos para la b\u00fasqueda, haga clic sobre el icono del \u00edndice.<\/li><\/ol>\n\n\n\n<p>&nbsp;&nbsp;Puede :<\/p>\n\n\n\n<ul class=\"wp-block-list\"><li>&nbsp;Pulse la opci\u00f3n&nbsp;<strong>Mostrar el \u00edndice&nbsp;<\/strong>(se muestra desde el inicio)<\/li><li><strong>&nbsp;Ingresar la ra\u00edz de una palabra&nbsp;<\/strong>desde la cual comenzar a visualizarlo y despu\u00e9s la opci\u00f3n&nbsp;<strong>Mostrar el \u00edndice<\/strong>.<\/li><li><strong>&nbsp; o seleccionar una letra,&nbsp;<\/strong>en la barra inferior, a partir de la cual comenzar a leer el \u00edndice.<\/li><\/ul>\n\n\n\n<figure class=\"wp-block-image size-large\"><img loading=\"lazy\" decoding=\"async\" width=\"1024\" height=\"279\" src=\"https:\/\/webs.uab.cat\/sibhilla\/wp-content\/uploads\/sites\/164\/2023\/03\/ajuda_cerca_cat_3-1024x279.png\" alt=\"\" class=\"wp-image-2065\" srcset=\"https:\/\/webs.uab.cat\/sibhilla\/wp-content\/uploads\/sites\/164\/2023\/03\/ajuda_cerca_cat_3-1024x279.png 1024w, https:\/\/webs.uab.cat\/sibhilla\/wp-content\/uploads\/sites\/164\/2023\/03\/ajuda_cerca_cat_3-300x82.png 300w, https:\/\/webs.uab.cat\/sibhilla\/wp-content\/uploads\/sites\/164\/2023\/03\/ajuda_cerca_cat_3-768x209.png 768w, https:\/\/webs.uab.cat\/sibhilla\/wp-content\/uploads\/sites\/164\/2023\/03\/ajuda_cerca_cat_3-1200x327.png 1200w, https:\/\/webs.uab.cat\/sibhilla\/wp-content\/uploads\/sites\/164\/2023\/03\/ajuda_cerca_cat_3.png 1431w\" sizes=\"auto, (max-width: 1024px) 100vw, 1024px\" \/><\/figure>\n\n\n\n<p>Seguidamente se despliega el listado de t\u00e9rminos del \u00edndice seleccionado, desde donde:<\/p>\n\n\n\n<p>&nbsp;&nbsp;&nbsp;&nbsp;&nbsp;&nbsp;&nbsp;&nbsp;&nbsp;&nbsp;&nbsp;&nbsp;&#8211; Buscar t\u00e9rminos para elaborar la b\u00fasqueda (clicar el t\u00e9rmino y la opci\u00f3n&nbsp;<strong>PR\u00d3XIMOS<\/strong>)<\/p>\n\n\n\n<p>(pasan al recuadro de t\u00e9rminos seleccionados y se puede continuar sumando t\u00e9rminos hasta finalizar y presionar el bot\u00f3n&nbsp;<strong>Buscar t\u00e9rminos)<\/strong><\/p>\n\n\n\n<p>&nbsp;&nbsp;&nbsp;&nbsp;&nbsp;&nbsp;&nbsp;&nbsp;&nbsp;&nbsp;&nbsp;&nbsp;&#8211; Buscar t\u00e9rminos para enviarlos al formulario (opci\u00f3n&nbsp;<strong>A\u00d1ADIR<\/strong>)<\/p>\n\n\n\n<p>(el t\u00e9rmino seleccionado pasa al formulario de b\u00fasqueda desde donde se pueden combinar los t\u00e9rminos con los operadores booleanos)<\/p>\n\n\n\n<p>&nbsp;&nbsp;&nbsp;&nbsp;&nbsp;&nbsp;&nbsp;&nbsp;&nbsp;&nbsp;&nbsp;&nbsp;&#8211; Buscar  un t\u00e9rmino directamente (opci\u00f3n&nbsp;<strong>BUSCAR T\u00c9RMINOS<\/strong>)<\/p>\n\n\n\n<p>&nbsp;(el t\u00e9rmino seleccionado se busca y el programa muestra la pantalla de resultados)<\/p>\n\n\n\n<figure class=\"wp-block-image size-large\"><img loading=\"lazy\" decoding=\"async\" width=\"1024\" height=\"587\" src=\"https:\/\/webs.uab.cat\/sibhilla\/wp-content\/uploads\/sites\/164\/2023\/03\/ajuda_cerca_cat_4-1024x587.png\" alt=\"\" class=\"wp-image-2068\" srcset=\"https:\/\/webs.uab.cat\/sibhilla\/wp-content\/uploads\/sites\/164\/2023\/03\/ajuda_cerca_cat_4-1024x587.png 1024w, https:\/\/webs.uab.cat\/sibhilla\/wp-content\/uploads\/sites\/164\/2023\/03\/ajuda_cerca_cat_4-300x172.png 300w, https:\/\/webs.uab.cat\/sibhilla\/wp-content\/uploads\/sites\/164\/2023\/03\/ajuda_cerca_cat_4-768x441.png 768w, https:\/\/webs.uab.cat\/sibhilla\/wp-content\/uploads\/sites\/164\/2023\/03\/ajuda_cerca_cat_4-1200x688.png 1200w, https:\/\/webs.uab.cat\/sibhilla\/wp-content\/uploads\/sites\/164\/2023\/03\/ajuda_cerca_cat_4.png 1386w\" sizes=\"auto, (max-width: 1024px) 100vw, 1024px\" \/><\/figure>\n\n\n\n<h3 class=\"wp-block-heading\"><em>2. Combinar t\u00e9rminos a trav\u00e9s de operadores booleanos<\/em><\/h3>\n\n\n\n<p>&nbsp;&nbsp;&nbsp;&nbsp;&nbsp;&nbsp;&nbsp;&nbsp;&nbsp;<mark style=\"background-color:#fff\" class=\"has-inline-color has-accent-color\">&nbsp;&nbsp;&nbsp;<strong>AND<\/strong><\/mark>&nbsp;intersecci\u00f3n (que est\u00e9n&nbsp;<strong>todos los t\u00e9rminos<\/strong>&nbsp;en el registro)<\/p>\n\n\n\n<p><strong>&nbsp;&nbsp;&nbsp;&nbsp;&nbsp;&nbsp;&nbsp;&nbsp;&nbsp;&nbsp;&nbsp;&nbsp;&nbsp;&nbsp;&nbsp;&nbsp;&nbsp;&nbsp;&nbsp;&nbsp;&nbsp;&nbsp;&nbsp;&nbsp;<em>Moviment ve\u00efnal<\/em> AND <em>Barcelona<\/em><\/strong><\/p>\n\n\n\n<p><strong>&nbsp;&nbsp;&nbsp;&nbsp;&nbsp;&nbsp;&nbsp;&nbsp;&nbsp;<mark style=\"background-color:#fff\" class=\"has-inline-color has-accent-color\">&nbsp;&nbsp;&nbsp;OR<\/mark><\/strong>&nbsp;suma t\u00e9rminos (busca todos los registros&nbsp;<strong>que tengan alguno de los t\u00e9rminos<\/strong>)<\/p>\n\n\n\n<p>&nbsp;&nbsp;&nbsp;&nbsp;&nbsp;&nbsp;&nbsp;&nbsp;&nbsp;&nbsp;&nbsp;&nbsp;&nbsp;&nbsp;&nbsp;&nbsp;&nbsp;&nbsp;&nbsp;&nbsp;&nbsp;&nbsp;&nbsp;&nbsp;<strong><em>Biografies<\/em> OR <em>Mem\u00f2ries<\/em> OR <em>Dietaris<\/em><\/strong><\/p>\n\n\n\n<p>&nbsp;&nbsp;&nbsp;&nbsp;&nbsp;&nbsp;&nbsp;&nbsp;&nbsp;&nbsp;&nbsp;&nbsp;<mark style=\"background-color:#fff\" class=\"has-inline-color has-accent-color\"><strong>AND<\/strong>&nbsp;<strong>NOT<\/strong><\/mark><strong>&nbsp;<\/strong>resta (busca los registros&nbsp;<strong>con el primer t\u00e9rmino que no contenga el segundo t\u00e9rmino<\/strong>&nbsp;indicado)&nbsp;&nbsp;&nbsp;&nbsp;&nbsp;&nbsp;&nbsp;&nbsp;&nbsp;&nbsp;&nbsp;<\/p>\n\n\n\n<p>&nbsp;&nbsp;&nbsp;&nbsp;&nbsp;&nbsp;&nbsp;&nbsp;&nbsp;&nbsp;&nbsp;&nbsp;&nbsp;&nbsp;&nbsp;&nbsp;&nbsp;&nbsp;&nbsp;&nbsp;&nbsp;&nbsp;&nbsp;<em>&nbsp;<strong>Antifranquisme<\/strong><\/em><strong> NOT <em>Repressi\u00f3 pol\u00edtica<\/em><\/strong><\/p>\n\n\n\n<figure class=\"wp-block-image size-large\"><img loading=\"lazy\" decoding=\"async\" width=\"1024\" height=\"229\" src=\"https:\/\/webs.uab.cat\/sibhilla\/wp-content\/uploads\/sites\/164\/2023\/03\/ajuda_cerca_cat_5-1024x229.png\" alt=\"\" class=\"wp-image-2071\" srcset=\"https:\/\/webs.uab.cat\/sibhilla\/wp-content\/uploads\/sites\/164\/2023\/03\/ajuda_cerca_cat_5-1024x229.png 1024w, https:\/\/webs.uab.cat\/sibhilla\/wp-content\/uploads\/sites\/164\/2023\/03\/ajuda_cerca_cat_5-300x67.png 300w, https:\/\/webs.uab.cat\/sibhilla\/wp-content\/uploads\/sites\/164\/2023\/03\/ajuda_cerca_cat_5-768x172.png 768w, https:\/\/webs.uab.cat\/sibhilla\/wp-content\/uploads\/sites\/164\/2023\/03\/ajuda_cerca_cat_5-1200x268.png 1200w, https:\/\/webs.uab.cat\/sibhilla\/wp-content\/uploads\/sites\/164\/2023\/03\/ajuda_cerca_cat_5.png 1482w\" sizes=\"auto, (max-width: 1024px) 100vw, 1024px\" \/><\/figure>\n\n\n\n<p>Ejemplo: la b\u00fasqueda anterior busca totes les biograf\u00edas, memorias, dietarios o epistolarios del per\u00edodo de la guerra civil espa\u00f1ola pero que no sean del Vall\u00e8s Occidental<\/p>\n\n\n\n<h2 class=\"wp-block-heading\"><strong><mark><mark style=\"background-color:#fff\" class=\"has-inline-color has-accent-color\">Visualizar y seleccionar una b\u00fasqueda<\/mark><\/mark><\/strong><\/h2>\n<\/div><\/div>\n\n\n\n<div id=\"visualitzacio\" class=\"wp-block-group\"><div class=\"wp-block-group__inner-container is-layout-flow wp-block-group-is-layout-flow\">\n<p>La ejecuci\u00f3n de una b\u00fasqueda (<strong>bot\u00f3n buscar<\/strong>) nos muestra la relaci\u00f3n de registros resultantes, en el formato per defecto.<\/p>\n\n\n<div class=\"wp-block-image\">\n<figure class=\"aligncenter size-full\"><img loading=\"lazy\" decoding=\"async\" width=\"619\" height=\"472\" src=\"https:\/\/webs.uab.cat\/sibhilla\/wp-content\/uploads\/sites\/164\/2023\/03\/ajuda_cerca_cat_6.png\" alt=\"\" class=\"wp-image-2022\" srcset=\"https:\/\/webs.uab.cat\/sibhilla\/wp-content\/uploads\/sites\/164\/2023\/03\/ajuda_cerca_cat_6.png 619w, https:\/\/webs.uab.cat\/sibhilla\/wp-content\/uploads\/sites\/164\/2023\/03\/ajuda_cerca_cat_6-300x229.png 300w\" sizes=\"auto, (max-width: 619px) 100vw, 619px\" \/><\/figure>\n<\/div>\n\n\n<div class=\"wp-block-group is-vertical is-layout-flex wp-container-core-group-is-layout-8cf370e7 wp-block-group-is-layout-flex\">\n<p><strong>&#8211; Resultados y barra de navegaci\u00f3n<\/strong><\/p>\n\n\n\n<p>En la parte superior de la pantalla se muestra el<strong>&nbsp;n\u00famero de referencias encontradas<\/strong>&nbsp;y se visualizan las 20 primeras. Para avanzar a las siguientes p\u00e1ginas hay que ir a la&nbsp;<strong>barra de navegaci\u00f3n&nbsp;<\/strong>de la derecha.<\/p>\n\n\n\n<ul class=\"wp-block-list\"><li><strong>Navegaci\u00f3n hipertextual<\/strong>:  la aplicaci\u00f3n permite una navegaci\u00f3n hipertextual a trav\u00e9s de los campos con enlace . Esta opci\u00f3n permite acceder, pues, directamente a la b\u00fasqueda para una materia, \u00e1mbito geogr\u00e9fico, autor, revista, etc..<\/li><li><strong>Selecci\u00f3n, impresi\u00f3n y boomarks<\/strong>: a la izquierda de la pantalla tenemos la posibilidad de:<ul><li>\u00a0<strong>Seleccionar<\/strong>\u00a0los registros de inter\u00e9s del resultado de una b\u00fasqueda (casilla de selecci\u00f3n).<\/li><li>Una vez seleccionados hay que ir  a la opci\u00f3n del men\u00fa superior \u201c<strong>su selecci\u00f3n<\/strong>\u201d desde donde podemos imprimirlos o enviarlos a un documento PDF.<\/li><li>\u00a0<strong>Imprimir\u00a0<\/strong>directamente a la impresora o a un documento PDF.<\/li><li>\u00a0<strong>Boomarks<\/strong>\u00a0permite enviar el resultado de una b\u00fasqueda simple a una aplicaci\u00f3n determinada. <\/li><\/ul><\/li><li><strong>Opciones men\u00fa superior<\/strong><ul><li><strong>Su selecci\u00f3n<\/strong>: permite imprimir o enviar a un documento PDF los registros seleccionados de una b\u00fasqueda previa.<\/li><li><strong>Enviar resultado:<\/strong>\u00a0permite imprimir, enviar a un documento PDF o al ordenador (en formato HTML o ISO2709) el resultado de una b\u00fasqueda o bien un rango de registros de la b\u00fasqueda.<\/li><li><strong>Nueva b\u00fasqueda<\/strong>: muestra la pantalla de b\u00fasqueda inicial.<\/li><li><strong>Final de p\u00e1gina<\/strong>: muestra el final de la p\u00e1gina y el formulario de b\u00fasqueda por si se quiere refinar la b\u00fasqueda o plantear otra diferente.<\/li><li>\u00a0\u00a0<strong>Configurar<\/strong>: permite:<ul><li>\u00a0\u00a0<strong>Cambiar de idioma\u00a0<\/strong>(catal\u00e1n, ingl\u00e9s, franc\u00e9s y portugu\u00e9s)<\/li><li>\u00a0\u00a0<strong>Activar la barra de navegaci\u00f3n<\/strong>\u00a0entre cada referencia<\/li><li>\u00a0\u00a0<strong>Cambiar el formate de visualizaci\u00f3n\/presentaci\u00f3n<\/strong>\u00a0de las referencias.<\/li><\/ul><\/li><\/ul><\/li><\/ul>\n<\/div>\n\n\n\n<p><strong>Formato de citaci\u00f3n<\/strong>:<\/p>\n\n\n\n<figure class=\"wp-block-image size-full\"><img loading=\"lazy\" decoding=\"async\" width=\"911\" height=\"203\" src=\"https:\/\/webs.uab.cat\/sibhilla\/wp-content\/uploads\/sites\/164\/2023\/03\/ajuda_cerca_cat_7-1.png\" alt=\"\" class=\"wp-image-2074\" srcset=\"https:\/\/webs.uab.cat\/sibhilla\/wp-content\/uploads\/sites\/164\/2023\/03\/ajuda_cerca_cat_7-1.png 911w, https:\/\/webs.uab.cat\/sibhilla\/wp-content\/uploads\/sites\/164\/2023\/03\/ajuda_cerca_cat_7-1-300x67.png 300w, https:\/\/webs.uab.cat\/sibhilla\/wp-content\/uploads\/sites\/164\/2023\/03\/ajuda_cerca_cat_7-1-768x171.png 768w\" sizes=\"auto, (max-width: 911px) 100vw, 911px\" \/><\/figure>\n\n\n\n<p><strong>Formato detallado,<\/strong>\u00a0con los literales de cada campo:<\/p>\n\n\n\n<figure class=\"wp-block-image size-full\"><img loading=\"lazy\" decoding=\"async\" width=\"869\" height=\"917\" src=\"https:\/\/webs.uab.cat\/sibhilla\/wp-content\/uploads\/sites\/164\/2023\/03\/ajuda_cerca_cat_8-1.png\" alt=\"\" class=\"wp-image-2077\" srcset=\"https:\/\/webs.uab.cat\/sibhilla\/wp-content\/uploads\/sites\/164\/2023\/03\/ajuda_cerca_cat_8-1.png 869w, https:\/\/webs.uab.cat\/sibhilla\/wp-content\/uploads\/sites\/164\/2023\/03\/ajuda_cerca_cat_8-1-284x300.png 284w, https:\/\/webs.uab.cat\/sibhilla\/wp-content\/uploads\/sites\/164\/2023\/03\/ajuda_cerca_cat_8-1-768x810.png 768w\" sizes=\"auto, (max-width: 869px) 100vw, 869px\" \/><\/figure>\n<\/div><\/div>\n","protected":false},"excerpt":{"rendered":"<p>Se pueden realizar dos tipos de b\u00fasquedas en la base de datos (b\u00e1sica o avanzada) y visualizar las referencias en diferentes formatos. B\u00fasqueda b\u00e1sica (formulario libre) La b\u00fasqueda libre, tipo google, es la m\u00e1s&nbsp;exhaustiva&nbsp;y la m\u00e1s r\u00e1pida. Os permite hacer busquedas per cualquier palabra&nbsp;en todos los campos de la base de datos: Palabras del t\u00edtulo [&hellip;]<\/p>\n","protected":false},"author":102,"featured_media":0,"parent":0,"menu_order":0,"comment_status":"closed","ping_status":"closed","template":"","meta":{"footnotes":""},"class_list":["post-2826","page","type-page","status-publish","hentry"],"_links":{"self":[{"href":"https:\/\/webs.uab.cat\/sibhilla\/es\/wp-json\/wp\/v2\/pages\/2826","targetHints":{"allow":["GET"]}}],"collection":[{"href":"https:\/\/webs.uab.cat\/sibhilla\/es\/wp-json\/wp\/v2\/pages"}],"about":[{"href":"https:\/\/webs.uab.cat\/sibhilla\/es\/wp-json\/wp\/v2\/types\/page"}],"author":[{"embeddable":true,"href":"https:\/\/webs.uab.cat\/sibhilla\/es\/wp-json\/wp\/v2\/users\/102"}],"replies":[{"embeddable":true,"href":"https:\/\/webs.uab.cat\/sibhilla\/es\/wp-json\/wp\/v2\/comments?post=2826"}],"version-history":[{"count":8,"href":"https:\/\/webs.uab.cat\/sibhilla\/es\/wp-json\/wp\/v2\/pages\/2826\/revisions"}],"predecessor-version":[{"id":3117,"href":"https:\/\/webs.uab.cat\/sibhilla\/es\/wp-json\/wp\/v2\/pages\/2826\/revisions\/3117"}],"wp:attachment":[{"href":"https:\/\/webs.uab.cat\/sibhilla\/es\/wp-json\/wp\/v2\/media?parent=2826"}],"curies":[{"name":"wp","href":"https:\/\/api.w.org\/{rel}","templated":true}]}}