{"id":2836,"date":"2023-05-24T11:21:11","date_gmt":"2023-05-24T09:21:11","guid":{"rendered":"https:\/\/webs.uab.cat\/sibhilla\/?page_id=2836"},"modified":"2025-07-30T08:27:48","modified_gmt":"2025-07-30T06:27:48","slug":"informacion-bibliografica-sobre-historia-de-cataluna","status":"publish","type":"page","link":"https:\/\/webs.uab.cat\/sibhilla\/es\/","title":{"rendered":"Informaci\u00f3n bibliogr\u00e1fica sobre Historia de Catalu\u00f1a"},"content":{"rendered":"\n<div class=\"wp-block-columns is-layout-flex wp-container-core-columns-is-layout-9d6595d7 wp-block-columns-is-layout-flex\">\n<div class=\"wp-block-column is-layout-flow wp-block-column-is-layout-flow\">\n<blockquote class=\"wp-block-quote is-layout-flow wp-block-quote-is-layout-flow\">\n<p><em>Recogemos la bibliograf\u00eda local de Catalu\u00f1a, dispersa en cat\u00e1logos, repositorios, centros de informaci\u00f3n y revistas, en una \u00fanica base de datos bibliogr\u00e1fica para facilitaros la investigaci\u00f3n.<\/em><\/p>\n<\/blockquote>\n<\/div>\n<\/div>\n\n\n\n<div class=\"wp-block-columns alignwide are-vertically-aligned-center is-layout-flex wp-container-core-columns-is-layout-9d6595d7 wp-block-columns-is-layout-flex\">\n<div class=\"wp-block-column is-vertically-aligned-center is-layout-flow wp-block-column-is-layout-flow\"><div class=\"wp-block-image is-style-default\">\n<figure class=\"aligncenter size-full\"><a href=\"https:\/\/webs.uab.cat\/sibhilla\/es\/el-proyecto-sibhil%c2%b7la\/\"><img loading=\"lazy\" decoding=\"async\" width=\"309\" height=\"210\" src=\"https:\/\/webs.uab.cat\/sibhilla\/wp-content\/uploads\/sites\/164\/2023\/03\/sibhilla_2.png\" alt=\"\" class=\"wp-image-2729\" srcset=\"https:\/\/webs.uab.cat\/sibhilla\/wp-content\/uploads\/sites\/164\/2023\/03\/sibhilla_2.png 309w, https:\/\/webs.uab.cat\/sibhilla\/wp-content\/uploads\/sites\/164\/2023\/03\/sibhilla_2-300x204.png 300w\" sizes=\"auto, (max-width: 309px) 100vw, 309px\" \/><\/a><figcaption class=\"wp-element-caption\"><strong>Proyecto Sibhil\u00b7la<\/strong><\/figcaption><\/figure>\n<\/div><\/div>\n\n\n\n<div class=\"wp-block-column is-vertically-aligned-center is-layout-flow wp-block-column-is-layout-flow\"><div class=\"wp-block-image is-style-default\">\n<figure class=\"aligncenter size-full\"><a href=\"https:\/\/webs.uab.cat\/sibhilla\/es\/fons-dhistoria-local-de-catalunya\/\" rel=\"fons-dhistoria-local-de-catalunya-0\"><img loading=\"lazy\" decoding=\"async\" width=\"374\" height=\"209\" src=\"https:\/\/webs.uab.cat\/sibhilla\/wp-content\/uploads\/sites\/164\/2023\/03\/proposta_logo_2-2.jpg\" alt=\"\" class=\"wp-image-2750\" srcset=\"https:\/\/webs.uab.cat\/sibhilla\/wp-content\/uploads\/sites\/164\/2023\/03\/proposta_logo_2-2.jpg 374w, https:\/\/webs.uab.cat\/sibhilla\/wp-content\/uploads\/sites\/164\/2023\/03\/proposta_logo_2-2-300x168.jpg 300w\" sizes=\"auto, (max-width: 374px) 100vw, 374px\" \/><\/a><figcaption class=\"wp-element-caption\"><strong>Fondo de Historia Local<\/strong><\/figcaption><\/figure>\n<\/div><\/div>\n\n\n\n<div class=\"wp-block-column is-vertically-aligned-center is-layout-flow wp-block-column-is-layout-flow\"><div class=\"wp-block-image is-style-default\">\n<figure class=\"aligncenter size-full\"><a href=\"https:\/\/webs.uab.cat\/sibhilla\/es\/tesauro-de-historia-de-catalunya-0\/\" target=\"_blank\" rel=\"noreferrer noopener\"><img loading=\"lazy\" decoding=\"async\" width=\"223\" height=\"209\" src=\"https:\/\/webs.uab.cat\/sibhilla\/wp-content\/uploads\/sites\/164\/2023\/03\/tesaurus_01_SD_4-1.jpg\" alt=\"\" class=\"wp-image-1951\" \/><\/a><figcaption class=\"wp-element-caption\"><strong>Tesauro de Historia Local de Catalu\u00f1a<\/strong><\/figcaption><\/figure>\n<\/div><\/div>\n<\/div>\n\n\n\n<div class=\"wp-block-columns alignwide are-vertically-aligned-center is-layout-flex wp-container-core-columns-is-layout-9d6595d7 wp-block-columns-is-layout-flex\">\n<div class=\"wp-block-column is-vertically-aligned-center is-layout-flow wp-block-column-is-layout-flow\"><div class=\"wp-block-image\">\n<figure class=\"aligncenter size-full\"><a href=\"https:\/\/webs.uab.cat\/sibhilla\/es\/busquedas-guiadas\/\"><img loading=\"lazy\" decoding=\"async\" width=\"274\" height=\"186\" src=\"https:\/\/webs.uab.cat\/sibhilla\/wp-content\/uploads\/sites\/164\/2023\/03\/cerques_guiades_3.png\" alt=\"\" class=\"wp-image-2746\" \/><\/a><figcaption class=\"wp-element-caption\"><strong>B\u00fasquedas guiadas<\/strong><\/figcaption><\/figure>\n<\/div><\/div>\n\n\n\n<div class=\"wp-block-column is-vertically-aligned-center is-layout-flow wp-block-column-is-layout-flow\"><div class=\"wp-block-image\">\n<figure class=\"aligncenter size-full is-resized\"><a href=\"https:\/\/webs.uab.cat\/sibhilla\/es\/recursos\/\" target=\"_blank\" rel=\" noreferrer noopener\"><img loading=\"lazy\" decoding=\"async\" width=\"277\" height=\"277\" src=\"https:\/\/webs.uab.cat\/sibhilla\/wp-content\/uploads\/sites\/164\/2025\/07\/Pagina_IA_color.png\" alt=\"\" class=\"wp-image-4043\" style=\"width:215px;height:auto\" srcset=\"https:\/\/webs.uab.cat\/sibhilla\/wp-content\/uploads\/sites\/164\/2025\/07\/Pagina_IA_color.png 277w, https:\/\/webs.uab.cat\/sibhilla\/wp-content\/uploads\/sites\/164\/2025\/07\/Pagina_IA_color-150x150.png 150w\" sizes=\"auto, (max-width: 277px) 100vw, 277px\" \/><\/a><figcaption class=\"wp-element-caption\"><strong>Recursos<\/strong><\/figcaption><\/figure>\n<\/div><\/div>\n\n\n\n<div class=\"wp-block-column is-vertically-aligned-center is-layout-flow wp-block-column-is-layout-flow\">\n<figure class=\"wp-block-image size-full\"><a href=\"https:\/\/www.uab.cat\/ca\/historia-moderna-contemporania\" target=\"_blank\" rel=\"noreferrer noopener\"><img loading=\"lazy\" decoding=\"async\" width=\"378\" height=\"210\" src=\"https:\/\/webs.uab.cat\/sibhilla\/wp-content\/uploads\/sites\/164\/2023\/03\/depar_1.png\" alt=\"\" class=\"wp-image-2740\" srcset=\"https:\/\/webs.uab.cat\/sibhilla\/wp-content\/uploads\/sites\/164\/2023\/03\/depar_1.png 378w, https:\/\/webs.uab.cat\/sibhilla\/wp-content\/uploads\/sites\/164\/2023\/03\/depar_1-300x167.png 300w\" sizes=\"auto, (max-width: 378px) 100vw, 378px\" \/><\/a><\/figure>\n<\/div>\n<\/div>\n","protected":false},"excerpt":{"rendered":"<p>Recogemos la bibliograf\u00eda local de Catalu\u00f1a, dispersa en cat\u00e1logos, repositorios, centros de informaci\u00f3n y revistas, en una \u00fanica base de datos bibliogr\u00e1fica para facilitaros la investigaci\u00f3n.<\/p>\n","protected":false},"author":102,"featured_media":0,"parent":0,"menu_order":0,"comment_status":"closed","ping_status":"closed","template":"","meta":{"footnotes":""},"class_list":["post-2836","page","type-page","status-publish","hentry"],"_links":{"self":[{"href":"https:\/\/webs.uab.cat\/sibhilla\/es\/wp-json\/wp\/v2\/pages\/2836","targetHints":{"allow":["GET"]}}],"collection":[{"href":"https:\/\/webs.uab.cat\/sibhilla\/es\/wp-json\/wp\/v2\/pages"}],"about":[{"href":"https:\/\/webs.uab.cat\/sibhilla\/es\/wp-json\/wp\/v2\/types\/page"}],"author":[{"embeddable":true,"href":"https:\/\/webs.uab.cat\/sibhilla\/es\/wp-json\/wp\/v2\/users\/102"}],"replies":[{"embeddable":true,"href":"https:\/\/webs.uab.cat\/sibhilla\/es\/wp-json\/wp\/v2\/comments?post=2836"}],"version-history":[{"count":14,"href":"https:\/\/webs.uab.cat\/sibhilla\/es\/wp-json\/wp\/v2\/pages\/2836\/revisions"}],"predecessor-version":[{"id":4051,"href":"https:\/\/webs.uab.cat\/sibhilla\/es\/wp-json\/wp\/v2\/pages\/2836\/revisions\/4051"}],"wp:attachment":[{"href":"https:\/\/webs.uab.cat\/sibhilla\/es\/wp-json\/wp\/v2\/media?parent=2836"}],"curies":[{"name":"wp","href":"https:\/\/api.w.org\/{rel}","templated":true}]}}