{"id":2880,"date":"2023-03-17T07:15:23","date_gmt":"2023-03-17T05:15:23","guid":{"rendered":"https:\/\/webs.uab.cat\/sibhilla\/?page_id=2880"},"modified":"2023-06-02T06:09:15","modified_gmt":"2023-06-02T06:09:15","slug":"recursos","status":"publish","type":"page","link":"https:\/\/webs.uab.cat\/sibhilla\/es\/recursos\/","title":{"rendered":"Recursos"},"content":{"rendered":"\n<p>La gesti\u00f3n y mantenimento del FonsHL supone por un lado,  la localizaci\u00f3n, selecci\u00f3n y analisis de la<strong> novedades bibliogr\u00e1ficas<\/strong> y de otra parte, la incorporaci\u00f3n de <strong>referencias retrospectiva<\/strong> aun no presentes en el cat\u00e1logo.<\/p>\n\n\n\n<h5 class=\"wp-block-heading\">Para conseguir una actualizaci\u00f3n exhaustiva del cat\u00e1logo:<\/h5>\n\n\n\n<ul class=\"wp-block-list\"><li> Realizamos un seguimento de las novedades editoriales  aparecidas en editoriales, centros de estudios, archivos, museos y cat\u00e1logos bibliogr\u00e1ficos.<\/li><li>Mantenemos actualizado el vaciado de una selecci\u00f3n de revistas de \u00e1mbito local y revistas generales de inter\u00e9 para e proyecto.<\/li><\/ul>\n\n\n\n<h5 class=\"wp-block-heading\">Para incorporar referencias antiguas, no presentes aun en el cat\u00e1logo:<\/h5>\n\n\n\n<ul class=\"wp-block-list\"><li>Realizamos un vaciado sistem\u00e1tico, por comarcas, de la referencias presentes en cat\u00e1logos bibliogr\u00e1ficos y otros repositorios.  De esta forma, nos aseguramos de localizar y analizar toda la bibliograf\u00eda de cada municipio de la comarca.<\/li><\/ul>\n\n\n\n<p>Cada a\u00f1o incorporamos el vaciado retrospectivo de cuatro comarcas. El a\u00f1o 2023 se trabaja en las comarcas del Urgell, el Alt Camp, Baix Empord\u00e0 y Ribera de Ebre.<\/p>\n\n\n\n<details class=\"wp-block-mamaduka-toggles wp-block-toggles\"><summary>Revistas de inter\u00e9s para el FonsHL<\/summary><div class=\"wp-block-toggles__content\">\n<p><a href=\"https:\/\/webs.uab.cat\/sibhilla\/wp-content\/uploads\/sites\/164\/2023\/04\/llistat_revistes_locals_ambit_ok.pdf\" target=\"_blank\" rel=\"noreferrer noopener\">Listado de revistas locales por \u00e1mbito geogr\u00e1fico<\/a><\/p>\n\n\n\n<p><a href=\"https:\/\/webs.uab.cat\/sibhilla\/wp-content\/uploads\/sites\/164\/2023\/03\/llistat_revistes_locals_alfabetic.pdf\" target=\"_blank\" rel=\"noreferrer noopener\">Listado alfab\u00e9tico de revistas locales<\/a><\/p>\n\n\n\n<p><a href=\"https:\/\/webs.uab.cat\/sibhilla\/wp-content\/uploads\/sites\/164\/2023\/03\/llistat_revistes_generals_prioritat.pdf\" target=\"_blank\" rel=\"noreferrer noopener\">Listado de revistas generales de inter\u00e9s para el FonsHL<\/a><\/p>\n<\/div><\/details>\n\n\n\n<details class=\"wp-block-mamaduka-toggles wp-block-toggles\"><summary>Cat\u00e1logos y centros de informaci\u00f3n<\/summary><div class=\"wp-block-toggles__content\">\n<p><a href=\"https:\/\/webs.uab.cat\/sibhilla\/es\/catalogos-y-bases-de-datos\/\">Cat\u00e1logos y repositorios<\/a><\/p>\n\n\n\n<p><a href=\"https:\/\/webs.uab.cat\/sibhilla\/es\/entidades-y-centros-de-estudios-locales\/\">Entidades y centros de estudios locales<\/a><\/p>\n\n\n\n<p><a href=\"https:\/\/webs.uab.cat\/sibhilla\/es\/editoriales\/\">Editoriales<\/a><\/p>\n\n\n\n<p><a href=\"https:\/\/webs.uab.cat\/sibhilla\/es\/museos-y-archivos\/\">Museos y archivos<\/a><\/p>\n\n\n\n<p><\/p>\n<\/div><\/details>\n","protected":false},"excerpt":{"rendered":"<p>La gesti\u00f3n y mantenimento del FonsHL supone por un lado, la localizaci\u00f3n, selecci\u00f3n y analisis de la novedades bibliogr\u00e1ficas y de otra parte, la incorporaci\u00f3n de referencias retrospectiva aun no presentes en el cat\u00e1logo. Para conseguir una actualizaci\u00f3n exhaustiva del cat\u00e1logo: Realizamos un seguimento de las novedades editoriales aparecidas en editoriales, centros de estudios, archivos, [&hellip;]<\/p>\n","protected":false},"author":102,"featured_media":0,"parent":0,"menu_order":0,"comment_status":"closed","ping_status":"closed","template":"","meta":{"footnotes":""},"class_list":["post-2880","page","type-page","status-publish","hentry"],"_links":{"self":[{"href":"https:\/\/webs.uab.cat\/sibhilla\/es\/wp-json\/wp\/v2\/pages\/2880","targetHints":{"allow":["GET"]}}],"collection":[{"href":"https:\/\/webs.uab.cat\/sibhilla\/es\/wp-json\/wp\/v2\/pages"}],"about":[{"href":"https:\/\/webs.uab.cat\/sibhilla\/es\/wp-json\/wp\/v2\/types\/page"}],"author":[{"embeddable":true,"href":"https:\/\/webs.uab.cat\/sibhilla\/es\/wp-json\/wp\/v2\/users\/102"}],"replies":[{"embeddable":true,"href":"https:\/\/webs.uab.cat\/sibhilla\/es\/wp-json\/wp\/v2\/comments?post=2880"}],"version-history":[{"count":5,"href":"https:\/\/webs.uab.cat\/sibhilla\/es\/wp-json\/wp\/v2\/pages\/2880\/revisions"}],"predecessor-version":[{"id":3247,"href":"https:\/\/webs.uab.cat\/sibhilla\/es\/wp-json\/wp\/v2\/pages\/2880\/revisions\/3247"}],"wp:attachment":[{"href":"https:\/\/webs.uab.cat\/sibhilla\/es\/wp-json\/wp\/v2\/media?parent=2880"}],"curies":[{"name":"wp","href":"https:\/\/api.w.org\/{rel}","templated":true}]}}