{"id":2884,"date":"2023-03-10T12:53:29","date_gmt":"2023-03-10T10:53:29","guid":{"rendered":"https:\/\/webs.uab.cat\/sibhilla\/?page_id=2884"},"modified":"2023-05-31T10:34:30","modified_gmt":"2023-05-31T10:34:30","slug":"editoriales","status":"publish","type":"page","link":"https:\/\/webs.uab.cat\/sibhilla\/es\/editoriales\/","title":{"rendered":"Editoriales"},"content":{"rendered":"\n<div class=\"wp-block-buttons is-layout-flex wp-block-buttons-is-layout-flex\">\n<div class=\"wp-block-button\"><a class=\"wp-block-button__link\" href=\"#editorial_es_A-D\">A-D<\/a><\/div>\n\n\n\n<div class=\"wp-block-button\"><a class=\"wp-block-button__link\" href=\"#editorial_es_E-I\">E-I<\/a><\/div>\n\n\n\n<div class=\"wp-block-button\"><a class=\"wp-block-button__link\" href=\"#editorial_es_J-N\">J-N<\/a><\/div>\n\n\n\n<div class=\"wp-block-button\"><a class=\"wp-block-button__link\" href=\"#editorial_es_O-S\">O-S<\/a><\/div>\n\n\n\n<div class=\"wp-block-button\"><a class=\"wp-block-button__link\" href=\"#editorial_es_T-Z\">T-Z<\/a><\/div>\n<\/div>\n\n\n\n<p id=\"editorial_es_A-D\"><strong>A-D<\/strong><\/p>\n\n\n\n<p><a rel=\"noreferrer noopener\" href=\"http:\/\/editorialafers.cat\/\" target=\"_blank\">Afers<\/a><\/p>\n\n\n\n<p><a rel=\"noreferrer noopener\" href=\"https:\/\/ajuntament.barcelona.cat\/barcelonallibres\/ca\/publicacions\" target=\"_blank\">Ajuntament de Barcelona. Publicacions<\/a><\/p>\n\n\n\n<p><a rel=\"noreferrer noopener\" href=\"http:\/\/www.girona.cat\/sgdap\/cat\/recurs_publi.php\" target=\"_blank\">Ajuntament de Girona. Servei de Gesti\u00f3 Documental, Arxius i Publicacions<\/a><\/p>\n\n\n\n<p><a rel=\"noreferrer noopener\" href=\"https:\/\/cultura.paeria.cat\/literatura\/publicacions\" target=\"_blank\">Ajuntament de Lleida. Publicacions<\/a><\/p>\n\n\n\n<p><a rel=\"noreferrer noopener\" href=\"https:\/\/www.tarragona.cat\/patrimoni\/arxiu-municipal\/memoria-democratica\/publicacions\" target=\"_blank\">Ajuntament de Tarragona. Servei d\u2019Arxiu i Documentaci\u00f3 municipal<\/a><\/p>\n\n\n\n<p><a rel=\"noreferrer noopener\" href=\"https:\/\/www.albertieditor.cat\/\" target=\"_blank\">Albert\u00ed Edito<\/a><a rel=\"noreferrer noopener\" href=\"https:\/\/www.albertieditor.cat\/\" target=\"_blank\">r<\/a><\/p>\n\n\n\n<p><a rel=\"noreferrer noopener\" href=\"https:\/\/www.andana.net\/\" target=\"_blank\">Andana<\/a><\/p>\n\n\n\n<p><a href=\"https:\/\/anemeditors.com\/\" target=\"_blank\" rel=\"noreferrer noopener\">Anem Editors<\/a><\/p>\n\n\n\n<p><a rel=\"noreferrer noopener\" href=\"http:\/\/www.angleeditorial.com\/\" target=\"_blank\">Angle Editorial<\/a><\/p>\n\n\n\n<p><a rel=\"noreferrer noopener\" href=\"http:\/\/www.arallibres.cat\/cont\/ara\/index.php\" target=\"_blank\">Ara Llibres<\/a><\/p>\n\n\n\n<p><a rel=\"noreferrer noopener\" href=\"http:\/\/www.arolaeditors.com\/index.asp?sc=buscador\" target=\"_blank\">Arola editors<\/a><\/p>\n\n\n\n<p><a rel=\"noreferrer noopener\" href=\"https:\/\/www.facebook.com\/people\/Associaci%C3%B3-Con%C3%A8ixer-Catalunya-ACCAT\/100080458192061\/?_rdr\" target=\"_blank\">Associaci\u00f3 Con\u00e8ixer Catalunya<\/a><\/p>\n\n\n\n<p><a rel=\"noreferrer noopener\" href=\"http:\/\/www.editorialbarcino.cat\/\" target=\"_blank\">Barcino<\/a><\/p>\n\n\n\n<p><a rel=\"noreferrer noopener\" href=\"http:\/\/www.editorialbase.com\/\" target=\"_blank\">Base<\/a><\/p>\n\n\n\n<p><a rel=\"noreferrer noopener\" href=\"https:\/\/www.bnc.cat\/Fons-i-col-leccions\/Novetats-al-cataleg\" target=\"_blank\">Biblioteca de Catalunya (Novetats)<\/a><\/p>\n\n\n\n<p><a rel=\"noreferrer noopener\" href=\"http:\/\/www.brauedicions.com\/\" target=\"_blank\">Brau Edicions<\/a><\/p>\n\n\n\n<p><a href=\"https:\/\/www.carrutxa.cat\/\" target=\"_blank\" rel=\"noreferrer noopener\">Carrutxa<\/a><\/p>\n\n\n\n<p><a rel=\"noreferrer noopener\" href=\"https:\/\/www.bnc.cat\/Fons-i-col-leccions\/Novetats-al-cataleg\" target=\"_blank\">Centre d\u2019Hist\u00f2ria Contempor\u00e0nia de Catalunya<\/a><\/p>\n\n\n\n<p><a rel=\"noreferrer noopener\" href=\"http:\/\/www.columnaedicions.cat\/www\/columna\/ca\" target=\"_blank\">Columna, Edicions 62 +<\/a><\/p>\n\n\n\n<p><a rel=\"noreferrer noopener\" href=\"https:\/\/comanegra.com\/\" target=\"_blank\">Comanegra<\/a><\/p>\n\n\n\n<p><a rel=\"noreferrer noopener\" href=\"http:\/\/www.cossetania.com\/\" target=\"_blank\">Cosset\u00e0nia Edicions<\/a><\/p>\n\n\n\n<p><a rel=\"noreferrer noopener\" href=\"https:\/\/www.marcialpons.es\/editoriales\/ediciones-dau\/5286\/\" target=\"_blank\">Dau Edicions<\/a><\/p>\n\n\n\n<p><a rel=\"noreferrer noopener\" href=\"http:\/\/www.delibrumtremens.com\/\" target=\"_blank\">De Librum Tremens<\/a><\/p>\n\n\n\n<p><a rel=\"noreferrer noopener\" href=\"https:\/\/llibreria.diba.cat\/cat\/\" target=\"_blank\">Diputaci\u00f3 de Barcelona. Llibreria<\/a><\/p>\n\n\n\n<p><a rel=\"noreferrer noopener\" href=\"https:\/\/www.ddgi.cat\/publicacions\/index.html\" target=\"_blank\">Diputaci\u00f3 de Girona. Publicacions<\/a><\/p>\n\n\n\n<p><a rel=\"noreferrer noopener\" href=\"https:\/\/www.dipta.cat\/RBIV\/\" target=\"_blank\">Diputaci\u00f3 de Tarragona. Biblioteca Virtual Ramon Berenguer IV<\/a><\/p>\n\n\n\n<p><a rel=\"noreferrer noopener\" href=\"https:\/\/www.diputaciolleida.cat\/la-diputacio-2\/qui-som-i-que-fem\/serveis-i-departaments\/serveis-per-a-les-persones\/visites-guiades\/sala-tematica-de-la-diputacio-de-lleida\/publicacions\/\" target=\"_blank\">Diputaci\u00f3 de Lleida<\/a><\/p>\n\n\n\n<p><a rel=\"noreferrer noopener\" href=\"https:\/\/www.documentauniversitaria.com\/\" target=\"_blank\">Documenta Universit\u00e0ria<\/a><\/p>\n\n\n\n<p><a rel=\"noreferrer noopener\" href=\"https:\/\/www.ivirgili.com\/serveis\/ca\/242-editorial\/\" target=\"_blank\">Drudis i Virgili<\/a><\/p>\n\n\n\n<p><a rel=\"noreferrer noopener\" href=\"https:\/\/www.editorialfonoll.cat\/\" target=\"_blank\">Fonoll<\/a><\/p>\n\n\n\n<p id=\"editorial_es_E-I\"><strong>E-I<\/strong><\/p>\n\n\n\n<p><a rel=\"noreferrer noopener\" href=\"http:\/\/www.edicionsmedol.cat\/\" target=\"_blank\">El M\u00e8dol<\/a><\/p>\n\n\n\n<p><a rel=\"noreferrer noopener\" href=\"http:\/\/www.edicions1984.cat\/\" target=\"_blank\">Edicions 1984<\/a><\/p>\n\n\n\n<p><a rel=\"noreferrer noopener\" href=\"https:\/\/lallupiaalbina.wordpress.com\/\" target=\"_blank\">Edicions de l\u2019Alb\u00ed<\/a><\/p>\n\n\n\n<p><a href=\"https:\/\/miacomunicacio.cat\/editorial\/\" target=\"_blank\" rel=\"noreferrer noopener\">Edicions MMV<\/a><\/p>\n\n\n\n<p><a rel=\"noreferrer noopener\" href=\"http:\/\/www.trabucaire.com\/\" target=\"_blank\">Editions Trabucaire<\/a><\/p>\n\n\n\n<p><a href=\"https:\/\/www.grupgavarres.cat\/\" target=\"_blank\" rel=\"noreferrer noopener\">Editorial Gavarres<\/a><\/p>\n\n\n\n<p><a rel=\"noreferrer noopener\" href=\"http:\/\/www.efados.cat\/\" target=\"_blank\">Efad\u00f3s<\/a><\/p>\n\n\n\n<p><a rel=\"noreferrer noopener\" href=\"https:\/\/www.llibres.cat\/brand\/244\/enciclopedia-catalana\" target=\"_blank\">Enciclop\u00e8dia Catalana<\/a><\/p>\n\n\n\n<p><a rel=\"noreferrer noopener\" href=\"https:\/\/lafinestralectora.cat\/editorials\/eumo-editorial\/\" target=\"_blank\">Eumo<\/a><\/p>\n\n\n\n<p><a rel=\"noreferrer noopener\" href=\"http:\/\/www.farelleditors.cat\/index\/Novetats.html\" target=\"_blank\">Farell Editors<\/a><\/p>\n\n\n\n<p><a rel=\"noreferrer noopener\" href=\"http:\/\/www.fbc.cat\/ca\/quaderns_arxiu\/\" target=\"_blank\">Fundaci\u00f3 Bosch i Cardellach<\/a><\/p>\n\n\n\n<p><a rel=\"noreferrer noopener\" href=\"https:\/\/www.ccoo.cat\/ciprianogarcia\/\" target=\"_blank\">Fundaci\u00f3 Cipriano Garcia<\/a><\/p>\n\n\n\n<p><a rel=\"noreferrer noopener\" href=\"http:\/\/www.irla.cat\/\" target=\"_blank\">Fundaci\u00f3 Josep Irla<\/a><\/p>\n\n\n\n<p><a rel=\"noreferrer noopener\" href=\"http:\/\/pisunyer.org\/arxiu-historic\/publicacions\" target=\"_blank\">Fundaci\u00f3 Carles Pi i Sunyer<\/a><\/p>\n\n\n\n<p><a rel=\"noreferrer noopener\" href=\"http:\/\/www.fundacionoguera.com\/\" target=\"_blank\">Fundaci\u00f3 Noguera<\/a><\/p>\n\n\n\n<p><a rel=\"noreferrer noopener\" href=\"https:\/\/garsineu.com\/ca\/\" target=\"_blank\">Garsineu edicions<\/a><\/p>\n\n\n\n<p><a rel=\"noreferrer noopener\" href=\"http:\/\/llibreria.gencat.cat\/\" target=\"_blank\">Generalitat de Catalunnya. Llibreria<\/a><\/p>\n\n\n\n<p><a href=\"https:\/\/icariaeditorial.com\/\" target=\"_blank\" rel=\"noreferrer noopener\">Ic\u00e0ria<\/a><\/p>\n\n\n\n<p><a rel=\"noreferrer noopener\" href=\"http:\/\/publicacions.iec.cat\/index.do\" target=\"_blank\">Institut d\u2019Estudis Catalans. Portal Publicacions<\/a><\/p>\n\n\n\n<p><a rel=\"noreferrer noopener\" href=\"http:\/\/www.fpiei.cat\/ca\/index.asp\" target=\"_blank\">Institut d\u2019Estudis Ilercencs<\/a><\/p>\n\n\n\n<p><a rel=\"noreferrer noopener\" href=\"https:\/\/www.irmu.org\/\" target=\"_blank\">Institut Ramon Muntaner. Centre d\u2019Estudis de Parla Catalana<\/a><\/p>\n\n\n\n<p id=\"editorial_es_J-N\"><strong>J-N<\/strong><\/p>\n\n\n\n<p><a rel=\"noreferrer noopener\" href=\"http:\/\/www.lavenc.cat\/index.php?\/cat\/Els-Llibres-de-L-Avenc\/Els-Llibres-de-L-Avenc\" target=\"_blank\">L\u2019Aven\u00e7<\/a><\/p>\n\n\n\n<p><a rel=\"noreferrer noopener\" href=\"http:\/\/www.delibrumtremens.com\/\" target=\"_blank\">Librum Tremens<\/a><\/p>\n\n\n\n<p><a rel=\"noreferrer noopener\" href=\"https:\/\/www.planetadelibros.com\/editorial\/lunwerg-editores\/libros\/31\" target=\"_blank\">Lunwerg<\/a><\/p>\n\n\n\n<p><a rel=\"noreferrer noopener\" href=\"http:\/\/www.marcialpons.es\/\" target=\"_blank\">Marcial Pons<\/a><\/p>\n\n\n\n<p><a rel=\"noreferrer noopener\" href=\"http:\/\/mdc.cbuc.cat\/\" target=\"_blank\">Mem\u00f2ria Digital de Catalunya<\/a><\/p>\n\n\n\n<p><a rel=\"noreferrer noopener\" href=\"http:\/\/www.migdia.cat\/\" target=\"_blank\">Migdia Serveis Culturals<\/a><\/p>\n\n\n\n<p><a rel=\"noreferrer noopener\" href=\"http:\/\/www.edmilenio.com\/ESP\/default_milenio2.asp\" target=\"_blank\">Milenio<\/a><\/p>\n\n\n\n<p><a rel=\"noreferrer noopener\" href=\"https:\/\/ajuntament.barcelona.cat\/museuhistoria\/ca\/taxonomy\/term\/141\" target=\"_blank\">Museu d\u2019Hist\u00f2ria de Barcelona (MUHBA)<\/a><\/p>\n\n\n\n<p id=\"editorial_es_O-S\"><strong>O-S<\/strong><\/p>\n\n\n\n<p><a rel=\"noreferrer noopener\" href=\"http:\/\/www.onadaedicions.com\/\" target=\"_blank\">Onada Edicions<\/a><\/p>\n\n\n\n<p><a rel=\"noreferrer noopener\" href=\"https:\/\/www.pageseditors.cat\/ca\/\" target=\"_blank\">Pag\u00e8s Editors<\/a><\/p>\n\n\n\n<p><a rel=\"noreferrer noopener\" href=\"http:\/\/pasadopresente.com\/\" target=\"_blank\">Pasado&amp;Presente<\/a><\/p>\n\n\n\n<p><a rel=\"noreferrer noopener\" href=\"http:\/\/www.pol-len.cat\/\" target=\"_blank\">Pol\u00b7len Edicions<\/a><\/p>\n\n\n\n<p><a rel=\"noreferrer noopener\" href=\"http:\/\/www.premiluro.cat\/premis\/\" target=\"_blank\">Premi Iluro<\/a><\/p>\n\n\n\n<p><a rel=\"noreferrer noopener\" href=\"http:\/\/www.proa.cat\/www\/proa\/ca\" target=\"_blank\">Proa<\/a><\/p>\n\n\n\n<p><a rel=\"noreferrer noopener\" href=\"http:\/\/www.libreriaproteo.com\/\" target=\"_blank\">Proteo, librer\u00edas<\/a><\/p>\n\n\n\n<p><a rel=\"noreferrer noopener\" href=\"http:\/\/www.pamsa.cat\/\" target=\"_blank\">Publicacions de l\u2019Abadia de Montserrat<\/a><\/p>\n\n\n\n<p><a rel=\"noreferrer noopener\" href=\"http:\/\/www.rafaeldalmaueditor.cat\/\" target=\"_blank\">Rafael Dalmau Editor<\/a><\/p>\n\n\n\n<p><a href=\"https:\/\/gremidiscat.org\/editorial\/rigau-editors\/\" target=\"_blank\" rel=\"noreferrer noopener\">Rigau, Editors<\/a><\/p>\n\n\n\n<p><a rel=\"noreferrer noopener\" href=\"http:\/\/edicionssaloria.com\/\" target=\"_blank\">Sal\u00f2ria<\/a><\/p>\n\n\n\n<p><a rel=\"noreferrer noopener\" href=\"https:\/\/www.edicionssidilla.cat\/\" target=\"_blank\">Sidill\u00e0<\/a><\/p>\n\n\n\n<p><a rel=\"noreferrer noopener\" href=\"http:\/\/www.silexediciones.com\/\" target=\"_blank\">Silex<\/a><\/p>\n\n\n\n<p><a href=\"https:\/\/m.facebook.com\/people\/Silva-Editorial\/100011302487582\/\" target=\"_blank\" rel=\"noreferrer noopener\">Silva<\/a><\/p>\n\n\n\n<p id=\"editorial_es_T-Z\"><strong>T-Z<\/strong><\/p>\n\n\n\n<p><a rel=\"noreferrer noopener\" href=\"http:\/\/www.temporae.es\/category\/libros\/novedades\/\" target=\"_blank\">Temporae<\/a><\/p>\n\n\n\n<p><a rel=\"noreferrer noopener\" href=\"https:\/\/www.tesisenred.net\/\" target=\"_blank\">Tesis Doctorals en Xarxa<\/a><\/p>\n\n\n\n<p><a rel=\"noreferrer noopener\" href=\"https:\/\/trianglepopupstore.com\/en\" target=\"_blank\">Triangle postals<\/a><\/p>\n\n\n\n<p><a href=\"https:\/\/www.tigredepaper.cat\/ca\" target=\"_blank\" rel=\"noreferrer noopener\">Tigre de pape<\/a>r<\/p>\n\n\n\n<p><a rel=\"noreferrer noopener\" href=\"https:\/\/www.elvallenc.cat\/editorial-la-torratxa\/\" target=\"_blank\">Torratxa<\/a><\/p>\n\n\n\n<p><a rel=\"noreferrer noopener\" href=\"https:\/\/vienaedicions.com\/\" target=\"_blank\">Viena<\/a><\/p>\n\n\n\n<p><a rel=\"noreferrer noopener\" href=\"http:\/\/www.viruseditorial.net\/\" target=\"_blank\">Virus Editorial<\/a><\/p>\n\n\n\n<p><a rel=\"noreferrer noopener\" href=\"http:\/\/www.publicacions.udl.cat\/\" target=\"_blank\">Universitat de Lleida. Edicions i Publicacions<\/a><\/p>\n\n\n\n<p><a rel=\"noreferrer noopener\" href=\"https:\/\/publicacions.uab.cat\/\" target=\"_blank\">Universitat Aut\u00f2noma de Barcelona. Servei de Publicacions<\/a><a rel=\"noreferrer noopener\" href=\"http:\/\/publicacions.uab.es\/llibres\/cercar_llibres.asp\" target=\"_blank\"><\/a><\/p>\n\n\n\n<p><a rel=\"noreferrer noopener\" href=\"http:\/\/www.publicacions.ub.edu\/\" target=\"_blank\">Universitat de Barcelona. Edicions<\/a><\/p>\n\n\n\n<p><a href=\"https:\/\/www.udg.edu\/ca\/viu\/edicions-udg\/cataleg\">Universitat de Girona. Publicacions<\/a><\/p>\n\n\n\n<p><a rel=\"noreferrer noopener\" href=\"https:\/\/www.upf.edu\/web\/publicacions\" target=\"_blank\">Universitat Pompeu Fabra. Publicacions<\/a><\/p>\n\n\n\n<p><a rel=\"noreferrer noopener\" href=\"http:\/\/www.publicacions.urv.cat\/\" target=\"_blank\">Universitat Rovira i Virgili<\/a><\/p>\n\n\n\n<p><a rel=\"noreferrer noopener\" href=\"http:\/\/www.voliana.cat\/\" target=\"_blank\">Voliana Edicions<\/a><\/p>\n\n\n\n<p><a rel=\"noreferrer noopener\" href=\"https:\/\/zenobitaedicions.com\/\" target=\"_blank\">Zenobita edicions<\/a><\/p>\n","protected":false},"excerpt":{"rendered":"<p>A-D Afers Ajuntament de Barcelona. Publicacions Ajuntament de Girona. Servei de Gesti\u00f3 Documental, Arxius i Publicacions Ajuntament de Lleida. Publicacions Ajuntament de Tarragona. Servei d\u2019Arxiu i Documentaci\u00f3 municipal Albert\u00ed Editor Andana Anem Editors Angle Editorial Ara Llibres Arola editors Associaci\u00f3 Con\u00e8ixer Catalunya Barcino Base Biblioteca de Catalunya (Novetats) Brau Edicions Carrutxa Centre d\u2019Hist\u00f2ria Contempor\u00e0nia de [&hellip;]<\/p>\n","protected":false},"author":102,"featured_media":0,"parent":0,"menu_order":0,"comment_status":"closed","ping_status":"closed","template":"","meta":{"footnotes":""},"class_list":["post-2884","page","type-page","status-publish","hentry"],"_links":{"self":[{"href":"https:\/\/webs.uab.cat\/sibhilla\/es\/wp-json\/wp\/v2\/pages\/2884","targetHints":{"allow":["GET"]}}],"collection":[{"href":"https:\/\/webs.uab.cat\/sibhilla\/es\/wp-json\/wp\/v2\/pages"}],"about":[{"href":"https:\/\/webs.uab.cat\/sibhilla\/es\/wp-json\/wp\/v2\/types\/page"}],"author":[{"embeddable":true,"href":"https:\/\/webs.uab.cat\/sibhilla\/es\/wp-json\/wp\/v2\/users\/102"}],"replies":[{"embeddable":true,"href":"https:\/\/webs.uab.cat\/sibhilla\/es\/wp-json\/wp\/v2\/comments?post=2884"}],"version-history":[{"count":4,"href":"https:\/\/webs.uab.cat\/sibhilla\/es\/wp-json\/wp\/v2\/pages\/2884\/revisions"}],"predecessor-version":[{"id":2997,"href":"https:\/\/webs.uab.cat\/sibhilla\/es\/wp-json\/wp\/v2\/pages\/2884\/revisions\/2997"}],"wp:attachment":[{"href":"https:\/\/webs.uab.cat\/sibhilla\/es\/wp-json\/wp\/v2\/media?parent=2884"}],"curies":[{"name":"wp","href":"https:\/\/api.w.org\/{rel}","templated":true}]}}