{"id":2888,"date":"2023-03-31T08:56:59","date_gmt":"2023-03-31T06:56:59","guid":{"rendered":"https:\/\/webs.uab.cat\/sibhilla\/?page_id=2888"},"modified":"2023-05-31T10:57:41","modified_gmt":"2023-05-31T10:57:41","slug":"revistas","status":"publish","type":"page","link":"https:\/\/webs.uab.cat\/sibhilla\/es\/revistas\/","title":{"rendered":"Revistas"},"content":{"rendered":"\n<p>Realizamos el seguimento de <strong>729<\/strong> cabeceras de publicaciones peri\u00f3dicas (boletines, revistas, anuarios&#8230;) de las cuales se hace un vaciado sistem\u00e1tico de <strong>655<\/strong><\/p>\n\n\n\n<hr class=\"wp-block-separator aligncenter has-alpha-channel-opacity\" \/>\n\n\n\n<figure class=\"wp-block-pullquote\"><blockquote><p><strong>312 <\/strong>revistas y boletines de \u00e1mbito local <\/p><\/blockquote><\/figure>\n\n\n\n<hr class=\"wp-block-separator aligncenter has-alpha-channel-opacity\" \/>\n\n\n\n<p class=\"has-text-align-center has-normal-font-size\"><strong>12 <\/strong><\/p>\n\n\n\n<p class=\"has-text-align-center\" style=\"font-size:14px\">de toda Catalu\u00f1a o de comarcas de m\u00e1s de una provincia<\/p>\n\n\n\n<p class=\"has-text-align-center has-normal-font-size\"><strong>121 <\/strong><\/p>\n\n\n\n<p class=\"has-text-align-center\" style=\"font-size:14px\">de las comarcas de <strong>Barcelona<\/strong><\/p>\n\n\n\n<p class=\"has-text-align-center has-normal-font-size\"><strong>59 <\/strong><\/p>\n\n\n\n<p class=\"has-text-align-center\" style=\"font-size:14px\">de las comarcas de <strong>Girona<\/strong><\/p>\n\n\n\n<p class=\"has-text-align-center has-normal-font-size\"><strong>41 <\/strong><\/p>\n\n\n\n<p class=\"has-text-align-center\" style=\"font-size:14px\">de las comarcas de <strong>Lleida<\/strong><\/p>\n\n\n\n<p class=\"has-text-align-center has-normal-font-size\"><strong>79 <\/strong><\/p>\n\n\n\n<p class=\"has-text-align-center\" style=\"font-size:14px\">de las comarcas de <strong>Tarragona<\/strong><\/p>\n\n\n\n<hr class=\"wp-block-separator aligncenter has-alpha-channel-opacity\" \/>\n\n\n\n<figure class=\"wp-block-pullquote has-text-align-center\"><blockquote><p><strong>revistas de \u00e1mbito general<\/strong><\/p><\/blockquote><\/figure>\n\n\n\n<hr class=\"wp-block-separator aligncenter has-alpha-channel-opacity\" \/>\n\n\n\n<div class=\"wp-block-group\"><div class=\"wp-block-group__inner-container is-layout-flow wp-block-group-is-layout-flow\">\n<p class=\"has-text-align-center has-normal-font-size\"><strong>34<\/strong><\/p>\n\n\n\n<p class=\"has-text-align-center\" style=\"font-size:14px\">Revistas vigentes de historia moderna y contempor\u00e1nea editadas en Catalu\u00f1a (prioridad 1)<\/p>\n\n\n\n<p class=\"has-text-align-center has-normal-font-size\"><strong>58<\/strong><\/p>\n\n\n\n<p class=\"has-text-align-center\" style=\"font-size:14px\">Revistas vigentes de historia moderna y contempor\u00e1nea editadas fuera de Catalu\u00f1a (prioridad 2)<\/p>\n\n\n\n<p class=\"has-text-align-center has-normal-font-size\"><strong>251&nbsp;<\/strong><\/p>\n\n\n\n<p class=\"has-text-align-center\" style=\"font-size:16px\">Revistas vigentes de prehistoria, historia antigua, historia medieval, arqueolog\u00eda, ciencias sociales y geograf\u00eda, revistas de divulgaci\u00f3n hist\u00f3rica, revistas de ciencias auxiliares (archiv\u00edstica, documentaci\u00f3n) y revistas de historia moderna y contempor\u00e1nea no vigentes (prioridad 3)<\/p>\n<\/div><\/div>\n\n\n\n<hr class=\"wp-block-separator has-alpha-channel-opacity\" \/>\n\n\n\n<details class=\"wp-block-mamaduka-toggles wp-block-toggles\"><summary>Revistas de inter\u00e9s para el FonsHL<\/summary><div class=\"wp-block-toggles__content\">\n<p><a href=\"https:\/\/webs.uab.cat\/sibhilla\/wp-content\/uploads\/sites\/164\/2023\/04\/llistat_revistes_locals_ambit_ok.pdf\">Listado de revistas locales (por \u00e1mbito geogr\u00e1fico)<\/a><\/p>\n\n\n\n<p><a href=\"https:\/\/webs.uab.cat\/sibhilla\/wp-content\/uploads\/sites\/164\/2023\/03\/llistat_revistes_locals_alfabetic.pdf\">Listado alfab\u00e9tico de revistas locales<\/a><\/p>\n\n\n\n<p><a href=\"https:\/\/webs.uab.cat\/sibhilla\/wp-content\/uploads\/sites\/164\/2023\/03\/llistat_revistes_generals_prioritat.pdf\">Listado de revistas generales de inter\u00e9s para el FonsHL<\/a><\/p>\n\n\n\n<p><\/p>\n<\/div><\/details>\n","protected":false},"excerpt":{"rendered":"<p>Realizamos el seguimento de 729 cabeceras de publicaciones peri\u00f3dicas (boletines, revistas, anuarios&#8230;) de las cuales se hace un vaciado sistem\u00e1tico de 655 312 revistas y boletines de \u00e1mbito local 12 de toda Catalu\u00f1a o de comarcas de m\u00e1s de una provincia 121 de las comarcas de Barcelona 59 de las comarcas de Girona 41 de [&hellip;]<\/p>\n","protected":false},"author":102,"featured_media":0,"parent":0,"menu_order":0,"comment_status":"closed","ping_status":"closed","template":"","meta":{"footnotes":""},"class_list":["post-2888","page","type-page","status-publish","hentry"],"_links":{"self":[{"href":"https:\/\/webs.uab.cat\/sibhilla\/es\/wp-json\/wp\/v2\/pages\/2888","targetHints":{"allow":["GET"]}}],"collection":[{"href":"https:\/\/webs.uab.cat\/sibhilla\/es\/wp-json\/wp\/v2\/pages"}],"about":[{"href":"https:\/\/webs.uab.cat\/sibhilla\/es\/wp-json\/wp\/v2\/types\/page"}],"author":[{"embeddable":true,"href":"https:\/\/webs.uab.cat\/sibhilla\/es\/wp-json\/wp\/v2\/users\/102"}],"replies":[{"embeddable":true,"href":"https:\/\/webs.uab.cat\/sibhilla\/es\/wp-json\/wp\/v2\/comments?post=2888"}],"version-history":[{"count":3,"href":"https:\/\/webs.uab.cat\/sibhilla\/es\/wp-json\/wp\/v2\/pages\/2888\/revisions"}],"predecessor-version":[{"id":3004,"href":"https:\/\/webs.uab.cat\/sibhilla\/es\/wp-json\/wp\/v2\/pages\/2888\/revisions\/3004"}],"wp:attachment":[{"href":"https:\/\/webs.uab.cat\/sibhilla\/es\/wp-json\/wp\/v2\/media?parent=2888"}],"curies":[{"name":"wp","href":"https:\/\/api.w.org\/{rel}","templated":true}]}}