{"id":3037,"date":"2018-03-22T15:51:17","date_gmt":"2018-03-22T15:51:17","guid":{"rendered":"https:\/\/webs.uab.cat\/sibhilla\/bibliografia-sobre-montmelo-1688-2017\/"},"modified":"2023-06-01T13:32:16","modified_gmt":"2023-06-01T13:32:16","slug":"bibliografia-sobre-montmelo-1688-2017","status":"publish","type":"page","link":"https:\/\/webs.uab.cat\/sibhilla\/es\/bibliografia-sobre-montmelo-1688-2017\/","title":{"rendered":"Bibliograf\u00eda sobre Montmel\u00f3 (1688-2017)"},"content":{"rendered":"\n<p><\/p>\n\n\n<div class=\"wp-block-image\">\n<figure class=\"alignleft size-full is-resized\"><img loading=\"lazy\" decoding=\"async\" src=\"https:\/\/webs.uab.cat\/sibhilla\/wp-content\/uploads\/sites\/164\/2018\/03\/portada3.png\" alt=\"portada3.png\" class=\"wp-image-341\" width=\"232\" height=\"317\" srcset=\"https:\/\/webs.uab.cat\/sibhilla\/wp-content\/uploads\/sites\/164\/2018\/03\/portada3.png 232w, https:\/\/webs.uab.cat\/sibhilla\/wp-content\/uploads\/sites\/164\/2018\/03\/portada3-220x300.png 220w\" sizes=\"auto, (max-width: 232px) 100vw, 232px\" \/><\/figure>\n<\/div>\n\n\n<p>La bibliograf\u00eda que se presenta es una selecci\u00f3n de 253 documentos sobre Montmel\u00f3 recogidos en <em><a rel=\"noreferrer noopener\" href=\"http:\/\/sibhilla.uab.cat\/iah\/es\/index.htm\" target=\"_blank\">Fondo de Historia Local de Catalu\u00f1a<\/a><\/em> (<a href=\"http:\/\/sibhilla.uab.cat\/fonshl\">http:\/\/sibhilla.uab.cat\/fonshl<\/a>), base de datos bibliogr\u00e1fica de historia de Catalu\u00f1a elaborada por el Proyecto <a href=\"https:\/\/webs.uab.cat\/sibhilla\/es\/\">SIBHIL\u00b7LA<\/a> de la Universitat Aut\u00f2noma de Barcelona. <\/p>\n\n\n\n<p>La informaci\u00f3n ha sido recogida en diferentes cat\u00e1logos bibliogr\u00e1ficos y portales de difusi\u00f3n en l\u00ednea: Cat\u00e1logo colectivo de las Universidades de Catalu\u00f1a (CCUC), Red de Bibliotecas Populares de la Diputaci\u00f3n de Barcelona, Revistes Catalanes con Acceso Abierto (RACO), DIALNET i Memoria Digital de Catalunya (MDC).\u00a0 Se trata de una primera aproximaci\u00f3n a la bibliograf\u00eda del municipio que se puede ir completando, en pr\u00f3ximas versiones, a medida que se vayan localizando\u00a0 nuevos documentos.<\/p>\n\n\n\n<p>La compilaci\u00f3n bibliogr\u00e1fica re\u00fane un amplio abanico de tipolog\u00eda documental: 56 monograf\u00edas, 22 revistas, 8 partes de monograf\u00edas, 132 art\u00edculos de revista, 13 trabajos de investigaci\u00f3n, 4 in\u00e9ditos, 11 mapas, 4 v\u00eddeos i 3 grabaciones sonoras.<\/p>\n\n\n\n<p>Desde el punto de vista tem\u00e1tico, el criterio de selecci\u00f3n ha sido enciclop\u00e9dico, es decir, se han recogido todas las tem\u00e1ticas que hacen referencia a Montmel\u00f3 (excepto las obras abstractas, gen\u00e9ricas o literarias de personajes locales que no tienen ninguna relaci\u00f3n con el municipio) sin limite cronol\u00f3gico tanto por lo que hace referencia a su tem\u00e1tica como a su fecha de publicaci\u00f3n. El documento m\u00e1s antiguo est\u00e1 datado el a\u00f1o 1688 y los m\u00e1s actuales en el a\u00f1o 2017, fecha que cierra el criterio de selecci\u00f3n de esta bibliograf\u00eda.<\/p>\n\n\n\n<div data-wp-interactive=\"core\/file\" class=\"wp-block-file\"><object data-wp-bind--hidden=\"!state.hasPdfPreview\" hidden class=\"wp-block-file__embed\" data=\"https:\/\/webs.uab.cat\/sibhilla\/wp-content\/uploads\/sites\/164\/2023\/06\/bibliografia_montmelo.pdf\" type=\"application\/pdf\" style=\"width:100%;height:600px\" aria-label=\"Incrustado de Incrustaci\u00f3 del fitxer bibliografia_montmelo..\"><\/object><a id=\"wp-block-file--media-a9d73519-f6cf-4d66-a5f5-8101031a3e68\" href=\"https:\/\/webs.uab.cat\/sibhilla\/wp-content\/uploads\/sites\/164\/2023\/06\/bibliografia_montmelo.pdf\">bibliografia_montmelo<\/a><a href=\"https:\/\/webs.uab.cat\/sibhilla\/wp-content\/uploads\/sites\/164\/2023\/06\/bibliografia_montmelo.pdf\" class=\"wp-block-file__button\" download aria-describedby=\"wp-block-file--media-a9d73519-f6cf-4d66-a5f5-8101031a3e68\">DESCARGA<\/a><\/div>\n","protected":false},"excerpt":{"rendered":"<p>La bibliograf\u00eda que se presenta es una selecci\u00f3n de 253 documentos sobre Montmel\u00f3 recogidos en Fondo de Historia Local de Catalu\u00f1a (http:\/\/sibhilla.uab.cat\/fonshl), base de datos bibliogr\u00e1fica de historia de Catalu\u00f1a elaborada por el Proyecto SIBHIL\u00b7LA de la Universitat Aut\u00f2noma de Barcelona. La informaci\u00f3n ha sido recogida en diferentes cat\u00e1logos bibliogr\u00e1ficos y portales de difusi\u00f3n en [&hellip;]<\/p>\n","protected":false},"author":20,"featured_media":0,"parent":0,"menu_order":0,"comment_status":"closed","ping_status":"closed","template":"","meta":{"footnotes":""},"class_list":["post-3037","page","type-page","status-publish","hentry"],"_links":{"self":[{"href":"https:\/\/webs.uab.cat\/sibhilla\/es\/wp-json\/wp\/v2\/pages\/3037","targetHints":{"allow":["GET"]}}],"collection":[{"href":"https:\/\/webs.uab.cat\/sibhilla\/es\/wp-json\/wp\/v2\/pages"}],"about":[{"href":"https:\/\/webs.uab.cat\/sibhilla\/es\/wp-json\/wp\/v2\/types\/page"}],"author":[{"embeddable":true,"href":"https:\/\/webs.uab.cat\/sibhilla\/es\/wp-json\/wp\/v2\/users\/20"}],"replies":[{"embeddable":true,"href":"https:\/\/webs.uab.cat\/sibhilla\/es\/wp-json\/wp\/v2\/comments?post=3037"}],"version-history":[{"count":6,"href":"https:\/\/webs.uab.cat\/sibhilla\/es\/wp-json\/wp\/v2\/pages\/3037\/revisions"}],"predecessor-version":[{"id":3205,"href":"https:\/\/webs.uab.cat\/sibhilla\/es\/wp-json\/wp\/v2\/pages\/3037\/revisions\/3205"}],"wp:attachment":[{"href":"https:\/\/webs.uab.cat\/sibhilla\/es\/wp-json\/wp\/v2\/media?parent=3037"}],"curies":[{"name":"wp","href":"https:\/\/api.w.org\/{rel}","templated":true}]}}