{"id":307,"date":"2012-09-21T13:04:47","date_gmt":"2012-09-21T13:04:47","guid":{"rendered":"https:\/\/webs.uab.cat\/sibhilla\/soporte-tecnico-la-investigacion\/"},"modified":"2012-09-21T13:04:47","modified_gmt":"2012-09-21T13:04:47","slug":"soporte-tecnico-la-investigacion","status":"publish","type":"page","link":"https:\/\/webs.uab.cat\/sibhilla\/es\/soporte-tecnico-la-investigacion\/","title":{"rendered":"Soporte t\u00e9cnico a la investigaci\u00f3n"},"content":{"rendered":"<p><strong><\/p>\n<h2>Soporte t\u00e9cnico a la investigaci\u00f3n: asesoramiento, gesti\u00f3n y dise\u00f1o de proyectos<\/h2>\n<p><\/strong><\/p>\n<p>&nbsp;<br \/> &#8211; <strong>Realizaci\u00f3n de bases de datos bibliogr\u00e1ficas y\/o documentales y formaci\u00f3n<\/strong>.<br \/> Ofrecemos la posibilidad de realizar un estudio de les necesidades de informaci\u00f3n de un proyecto de investigaci\u00f3n, dise\u00f1o del sistema de gesti\u00f3n documental m\u00e1s id\u00f3neo para organizar y recuperar la informaci\u00f3n y formaci\u00f3n de los t\u00e9cnicos y\/o becarios que han de introducir los datos y\/o gestionar el sistema.<\/p>\n<p> &#8211; <strong>Dise\u00f1o de aplicaciones web espec\u00edficas para difundir los resultados de un proyecto o grupo de investigaci\u00f3n.<\/strong><br \/> La experiencia del personal del servicio en el dise\u00f1o y gesti\u00f3n de bases de datos documentales nos permite ofrecer el servicio de creaci\u00f3n de aplicaciones espec\u00edficas para grupos y proyectos de investigaci\u00f3n.<br \/> Empleando el programa GENISISWEB, ofrecemos la elaboraci\u00f3n de una aplicaci\u00f3n que permita la consulta web de bases de datos gestionadas en Winisis.<br \/> Este servicio permite dar visibilidad a los resultados de una investigaci\u00f3n.<\/p>\n<p> &#8211; <strong>Elaboraci\u00f3n de p\u00e1ginas web para grupos de investigaci\u00f3n o acontecimientos <\/strong>(congresos, a\u00f1os conmemorativos, etc.) adaptadas a las pautas y plantillas elaboradas por la Oficina Aut\u00f3noma Interactiva Docente (OAID), con<strong> el programa Drupal<\/strong>.<br \/> Este servicio va dirigido a grupos de investigaci\u00f3n que quieran contar con una p\u00e1gina web desde donde dar visibilidad a sus proyectos y publicaciones y no dispongan de personal t\u00e9cnico para dise\u00f1ar y gestionar la aplicaci\u00f3n.<\/p>\n","protected":false},"excerpt":{"rendered":"<p>Soporte t\u00e9cnico a la investigaci\u00f3n: asesoramiento, gesti\u00f3n y dise\u00f1o de proyectos &nbsp; &#8211; Realizaci\u00f3n de bases de datos bibliogr\u00e1ficas y\/o documentales y formaci\u00f3n. Ofrecemos la posibilidad de realizar un estudio de les necesidades de informaci\u00f3n de un proyecto de investigaci\u00f3n, dise\u00f1o del sistema de gesti\u00f3n documental m\u00e1s id\u00f3neo para organizar y recuperar la informaci\u00f3n y [&hellip;]<\/p>\n","protected":false},"author":20,"featured_media":0,"parent":0,"menu_order":0,"comment_status":"closed","ping_status":"closed","template":"","meta":{"footnotes":""},"class_list":["post-307","page","type-page","status-publish","hentry"],"_links":{"self":[{"href":"https:\/\/webs.uab.cat\/sibhilla\/es\/wp-json\/wp\/v2\/pages\/307","targetHints":{"allow":["GET"]}}],"collection":[{"href":"https:\/\/webs.uab.cat\/sibhilla\/es\/wp-json\/wp\/v2\/pages"}],"about":[{"href":"https:\/\/webs.uab.cat\/sibhilla\/es\/wp-json\/wp\/v2\/types\/page"}],"author":[{"embeddable":true,"href":"https:\/\/webs.uab.cat\/sibhilla\/es\/wp-json\/wp\/v2\/users\/20"}],"replies":[{"embeddable":true,"href":"https:\/\/webs.uab.cat\/sibhilla\/es\/wp-json\/wp\/v2\/comments?post=307"}],"version-history":[{"count":0,"href":"https:\/\/webs.uab.cat\/sibhilla\/es\/wp-json\/wp\/v2\/pages\/307\/revisions"}],"wp:attachment":[{"href":"https:\/\/webs.uab.cat\/sibhilla\/es\/wp-json\/wp\/v2\/media?parent=307"}],"curies":[{"name":"wp","href":"https:\/\/api.w.org\/{rel}","templated":true}]}}