{"id":158,"date":"2012-05-03T13:30:01","date_gmt":"2012-05-03T13:30:01","guid":{"rendered":"https:\/\/webs.uab.cat\/sibhilla\/tesaurus-dhistoria-de-catalunya-0\/"},"modified":"2024-11-26T11:31:18","modified_gmt":"2024-11-26T09:31:18","slug":"tesaurus-dhistoria-de-catalunya-0","status":"publish","type":"page","link":"https:\/\/webs.uab.cat\/sibhilla\/tesaurus-dhistoria-de-catalunya-0\/","title":{"rendered":"Tesaurus d&#8217;Hist\u00f2ria de Catalunya"},"content":{"rendered":"\n<p><\/p>\n\n\n<div class=\"wp-block-image\">\n<figure class=\"alignleft size-full\"><img loading=\"lazy\" decoding=\"async\" width=\"223\" height=\"209\" src=\"https:\/\/webs.uab.cat\/sibhilla\/wp-content\/uploads\/sites\/164\/2023\/03\/tesaurus_01_SD_4-2.jpg\" alt=\"\" class=\"wp-image-1954\" \/><\/figure>\n<\/div>\n\n\n<p>El <a rel=\"noreferrer noopener\" href=\"http:\/\/www.vocabularyserver.com\/historia_catalunya\/\" target=\"_blank\"><strong>Tesaurus d&#8217;Hist\u00f2ria de Catalunya<\/strong><\/a> \u00e9s un vocabulari controlat de terminologia, en catal\u00e0, sobre la hist\u00f2ria de Catalunya. Es va crear per a servir com instrument en l&#8217;\u00e0n\u00e0lisi documental i la recuperaci\u00f3 de la informaci\u00f3 del <a rel=\"noreferrer noopener\" href=\"http:\/\/sibhilla.uab.cat\/fonshl\" target=\"_blank\"><strong>Fons d&#8217;Hist\u00f2ria Local de Catalunya<\/strong><\/a>. <\/p>\n\n\n\n<p><\/p>\n\n\n\n<p>\u00c9s el fruit d&#8217;un llarg esfor\u00e7 que es va iniciar l&#8217;any 1987 i que en aquests moments compta amb:<\/p>\n\n\n\n<blockquote class=\"wp-block-quote is-layout-flow wp-block-quote-is-layout-flow\">\n<p><strong>4.586<\/strong> termes<\/p>\n\n\n\n<p><strong>8.758<\/strong> relacions entre termes<\/p>\n\n\n\n<p><strong>1.089 <\/strong>termes equivalents<\/p>\n\n\n\n<p><strong>3.480<\/strong> relacions jer\u00e0rquiques<\/p>\n\n\n\n<p><strong>8.744 r<\/strong>elacions associatives<\/p>\n<\/blockquote>\n\n\n\n<p>Es feia necessari comptar amb un llenguatge documental controlat que permet\u00e9s una indexaci\u00f3 homog\u00e8nia dels documents que s&#8217;anaven incorporant a la base de dades, i que a la vegada fes possible la recuperaci\u00f3 de forma exhaustiva i f\u00e0cil.<br>El Tesaurus, emprat com a pont entre el document i l\u2019usuari, permet un nivell d\u2019an\u00e0lisi exhaustiu del contingut del document, amb una terminologia de la disciplina adaptada a les necessitats d\u2019informaci\u00f3 de l\u2019usuari.<\/p>\n\n\n\n<p>El Tesaurus \u00e9s pot consultar en l\u00ednia implementat sota el programari lliure de gesti\u00f3 de Tesaurus &#8220;<strong><a href=\"https:\/\/www.vocabularyserver.com\/\" target=\"_blank\" rel=\"noreferrer noopener\">Tematres<\/a><\/strong>&#8221; (v.3.3)<br>L&#8217;aplicaci\u00f3 permet cercar un terme o descriptor per diferents sistemes i\/o presentacions:<\/p>\n\n\n\n<p><strong>. Cerca lliure<\/strong> d&#8217;un terme en el formulari de &#8220;Cerca&#8221; (part superior dreta de la pantalla)<\/p>\n\n\n\n<p><strong>. Tesaurus jer\u00e0rquic<\/strong>: llista sistem\u00e0tica desplegable de les \u00e0rees del Tesaurus i de les jerarquies dels termes que cont\u00e9.<\/p>\n\n\n\n<p><strong>. Tesaurus alfab\u00e8tic<\/strong>: relaci\u00f3 alfab\u00e8tica de tots els termes del tesaurus amb la seg\u00fcent informaci\u00f3 associada:<\/p>\n\n\n\n<blockquote class=\"wp-block-quote is-layout-flow wp-block-quote-is-layout-flow\">\n<p>&#8211; <strong>USEU<\/strong>: remet d&#8217;un no-descriptor al terme acceptat en el Tesaurus.<br>&#8211; <strong>Nota hist\u00f2rica<\/strong>: \u00e0mbit cronol\u00f2gic del terme.<br>&#8211; <strong>Nota d&#8217;abast<\/strong>: definici\u00f3 del terme extreta d&#8217;una obra de refer\u00e8ncia (Enciclop\u00e8dia Catalana, etc.)<br>&#8211; <strong>Nota d&#8217;\u00fas<\/strong>: indicacions per emprar el terme en el proc\u00e9s d&#8217;indexaci\u00f3.<br>&#8211; <strong>UP (Utilitzat per)<\/strong> : relaci\u00f3 de no-descriptors sin\u00f2nims.<br>&#8211; <strong>TG: terme gen\u00e8ric<\/strong> al qual pertany jerarquicament el descriptor, immediatament superior en la jerarquia.<br>&#8211; <strong>TE: terme o termes espec\u00edfics<\/strong> que cont\u00e9 jer\u00e0rquicament el descriptor, immediatament inferiors en la jerarquia.<br>&#8211; <strong>TR: termes relacionats<\/strong> sem\u00e0nticament amb el descriptor que hi s\u00f3n en altres \u00e0rees o jerarquies del Tesaurus.<\/p>\n<\/blockquote>\n\n\n\n<details class=\"wp-block-mamaduka-toggles wp-block-toggles\"><summary>Per qu\u00e8 un Tesaurus d&#8217;Hist\u00f2ria Local de Catalunya?<\/summary><div class=\"wp-block-toggles__content\">\n<p>La decisi\u00f3 de crear un tesaurus espec\u00edfic d&#8217;hist\u00f2ria de Catalunya es va prendre davant la inexist\u00e8ncia de llenguatges documentals adients a aquesta disciplina. Necessit\u00e0vem una eina de treball que permet\u00e9s recuperar la informaci\u00f3 a trav\u00e9s de la terminologia i els punts de vista m\u00e9s familiars per als nostres usuaris: historiadors i estudiosos de la hist\u00f2ria de Catalunya. V\u00e0rem descartar, doncs, llenguatges documentals m\u00e9s generals (Llista d&#8217;Encap\u00e7alaments de mat\u00e8ria en catal\u00e0) en favor d&#8217;un llenguatge m\u00e9s t\u00e8cnic i especialitzat. D&#8217;altra banda, no ens servien els tesaurus existents perqu\u00e8 la seva aplicaci\u00f3 a l&#8217;\u00e0mbit catal\u00e0 no recollia molts aspectes importants de la nostra hist\u00f2ria.<br>La possibilitat de crear el nostre propi llenguatge documental ens permetr\u00eda tamb\u00e9 realitzar una valoraci\u00f3 cr\u00edtica de la terminologia emprada en la historiografia catalana. La recopilaci\u00f3 dels conceptes emprats i l&#8217;an\u00e0lisi posterior d&#8217;aquests (relacions d&#8217;equival\u00e8ncia, jerarquia i associaci\u00f3) permeten la reducci\u00f3 dels significats dels termes a un sol significant, eliminant ambig\u00fcitats i sinon\u00edmies en uns o donant contingut a d&#8217;altres.<br>La terminologia recollida en la primera etapa de creaci\u00f3 de la base de dades va quedat aplegada en el <strong><em>Tesaurus d\u2019Hist\u00f2ria Contempor\u00e0nia de Catalunya<\/em><\/strong> . L\u2019adaptaci\u00f3 d\u2019aquest llenguatge documental a les noves necessitats de la base de dades, ampliada a tots els per\u00edodes hist\u00f2rics, implic\u00e0 la incorporaci\u00f3 de nova terminologia i la integraci\u00f3 de noves \u00e0rees tem\u00e0tiques i estructures (diferents tipus d\u2019administraci\u00f3, nous moviments socials&#8230;)<br>La terminologia recollida en les diferents bases de dades comarcals ha estat el punt de partida d\u2019aquesta reestructuraci\u00f3 del tesaurus en la qual s\u2019est\u00e0 treballant Aquest llenguatge, que naix\u00e9 com a eina documental estricta, s\u2019ha convertit en un instrument que aporta informaci\u00f3 sobre la pr\u00f2pia naturalesa de la disciplina i sobre aspectes importants i peculiars de la nostra hist\u00f2ria. S\u2019ha de mencionar el fet que la terminologia aportada per cada comarca reflexa, en part, les particularitats de la seva hist\u00f2ria i territori i enriqueix extraordin\u00e0riament el tesaurus. Per exemple, l\u2019activitat vin\u00edcola del Pened\u00e8s ha plantejat la necessitat de multiplicar el conceptes al respecte per a poder reflectir tota aquesta cultura; la problem\u00e0tica dels aq\u00fc\u00edfers al Baix Llobregat obliga tamb\u00e9 a recollir nova terminologia sobre medi ambient; aspectes peculiars de la hist\u00f2ria del Bages, com l\u2019\u201cAvalot de les Faves de 1688&#8243; a Manresa, han de tenir tamb\u00e9 cabuda en el tesaurus, tot respectant la terminologia utilitzada pels estudiosos de la comarca, etc.<\/p>\n<\/div><\/details>\n\n\n\n<details class=\"wp-block-mamaduka-toggles wp-block-toggles\"><summary>Proc\u00e9s de construcci\u00f3<\/summary><div class=\"wp-block-toggles__content\">\n<p>El proc\u00e9s de construcci\u00f3 del tesaurus ha contemplat diferents tasques: recopilaci\u00f3 del vocabulari, selecci\u00f3 i normalitzaci\u00f3 dels descriptors i establiment de les relacions d&#8217;equival\u00e8ncia, jerarquia i associaci\u00f3 entre descriptors.<br>El primer pas era la recopilaci\u00f3 del vocabulari o terminologia. Un primer estudi <em>a priori<\/em> de les fonts terminol\u00f2giques m\u00e9s caracter\u00edstiques de la disciplina ens va permetre establir una primera gran estructura amb les possibles grans \u00e0rees de coneixement o microdisciplines. Posteriorment, i a partir d&#8217;un primer mostreig fet a diverses biblioteques pels nostres analistes amb un sistema d&#8217;indexaci\u00f3 lliure, vam establir unes relacions de &#8220;descriptors candidats&#8221;. Mitjan\u00e7ant un m\u00e8tode deductiu reagrup\u00e0rem els descriptors en funci\u00f3 de la seva tem\u00e0tica. Aquesta primera recopilaci\u00f3 de vocabulari ens permetia ja establir els grans temes o \u00e0rees de coneixement espec\u00edfics del tesaurus, \u00e9s a dir, una primera estructura dins la qual en podiem anar incorporant d&#8217;altres (de manera que els termes espec\u00edfics que pertanyessin a un mateix camp quedessin agrupats en &#8220;microdisciplines&#8221; i &#8220;facetes&#8221;). Aquestes \u00e0rees s&#8217;han anant revisant cont\u00ednuament al llarg del proc\u00e9s de construcci\u00f3, subdividint aquelles amb massa descriptors o reagrupant-ne d&#8217;altres amb poc termes.<br>En una segona fase es va normalitzar el vocabulari recollit i es va concretar en un llenguatge documental. S&#8217;examin\u00e0 cadascuna de les microdisciplines amb la finalitat de seleccionar i normalitzar els descriptors. Aquest proc\u00e9s suposa una primera tria entre descriptors i no-descriptors i, per tant, l&#8217;elaboraci\u00f3 d&#8217;una primera estructura d&#8217;equival\u00e8ncia sem\u00e0ntica entre termes sin\u00f2nims.<br>Una vegada seleccionats i normalitzats els termes descriptors s&#8217;havia d&#8217;elaborar una estructura jer\u00e0rquica dintre de cadascuna de les microdisciplines. La creaci\u00f3 de c\u00e0denes jer\u00e0rquiques permet\u00e9 detectar i elmininar els dobles usos de descriptors i trobar possibles llacunes que s&#8217;ompliren afegint els conceptes que faltaven per mantenir la coher\u00e8ncia.<br>Finalment s&#8217;examin\u00e0 cadascun dels descriptors del tesaurus per poder establir les seves relacions associatives amb d&#8217;altres descriptors ubicats en altres \u00e0rees de coneixement.<\/p>\n<\/div><\/details>\n\n\n\n<details class=\"wp-block-mamaduka-toggles wp-block-toggles\" open><summary>Manteniment i actualitzaci\u00f3<\/summary><div class=\"wp-block-toggles__content\"><\/div><\/details>\n\n\n\n<p>El tesaurus \u00e9s una eina viva i din\u00e0mica que es va nodrint de nous descriptors com a conseq\u00fc\u00e8ncia de la indexaci\u00f3 de nous documents i dels canvis qualitatius que el mateix proc\u00e9s de construcci\u00f3 va generant. El manteniment i l&#8217;actualitzaci\u00f3 peri\u00f2dica d&#8217;aquest llenguatge documental \u00e9s, doncs, una necessitat. Se n&#8217;ha de controlar l&#8217;\u00fas i tenir en compte les dificultats que es presenten i les solucions a adoptar. Es fa necessari actualitzar-lo peri\u00f2dicament tant per corregir errades i omissions com per adaptar-lo a l&#8217;evoluci\u00f3 cient\u00edfica de les disciplines que aplega.<\/p>\n\n\n<div class=\"wp-block-image\">\n<figure class=\"aligncenter size-full\"><img loading=\"lazy\" decoding=\"async\" width=\"819\" height=\"890\" src=\"https:\/\/webs.uab.cat\/sibhilla\/wp-content\/uploads\/sites\/164\/2023\/03\/pantalla_tesaurus.png\" alt=\"\" class=\"wp-image-1960\" srcset=\"https:\/\/webs.uab.cat\/sibhilla\/wp-content\/uploads\/sites\/164\/2023\/03\/pantalla_tesaurus.png 819w, https:\/\/webs.uab.cat\/sibhilla\/wp-content\/uploads\/sites\/164\/2023\/03\/pantalla_tesaurus-276x300.png 276w, https:\/\/webs.uab.cat\/sibhilla\/wp-content\/uploads\/sites\/164\/2023\/03\/pantalla_tesaurus-768x835.png 768w\" sizes=\"auto, (max-width: 819px) 100vw, 819px\" \/><\/figure>\n<\/div>\n\n\n<p><br>El seguiment d&#8217;\u00fas del tesaurus \u00e9s una tasca dels responsables de la seva construcci\u00f3, comptant sempre amb els suggeriments i problemes plantejats pels analistes encarregats de la indexaci\u00f3 dels documents i dels usuaris que l&#8217;utilitzen per plantejar les seves cerques a la base de dades.<br>Es controla la freq\u00fc\u00e8ncia d&#8217;\u00fas dels descriptors(gran quantitat de descriptors que es fan servir molt poc o, per contra, descriptors que s&#8217;utilitzen amb massa freq\u00fc\u00e8ncia); l&#8217;abs\u00e8ncia de conceptes que s\u00ed apareixen en els documents (descriptors candidats); les dificultats d&#8217;\u00fas del tesaurus (descriptors amb un sentit molt similar que necessiten la inclusi\u00f3 d&#8217;una nota d&#8217;aplicaci\u00f3 i \u00fas); noves relacions sem\u00e0ntiques o associatives entre descriptors, &#8230;<\/p>\n\n\n\n<h2 class=\"wp-block-heading\">Bibliografia<\/h2>\n\n\n\n<p>Cuadrado, M.; Garc\u00eda, C.; Perpiny\u00e0, M. et al. <em>Tesaurus d&#8217;hist\u00f2ria contempor\u00e0nia de Catalunya<\/em>. Barcelona: Diputaci\u00f3 de Barcelona, 1996. 237 p\u00e0g<\/p>\n\n\n\n<p>Cuadrado, M.; Garc\u00eda, C.; Perpiny\u00e0, M. et al. <strong><a href=\"http:\/\/www.raco.cat\/index.php\/Item\/article\/view\/22453\/22287\">&#8220;El Thesaurus d\u2019hist\u00f2ria de Catalunya: creaci\u00f3 i an\u00e0lisi d\u2019un llenguatge documental aplicat a la hist\u00f2ria\u201d<\/a><\/strong>. <em>Item<\/em>, n\u00fam. 15 (juliol-desembre 1994): 134-159.<\/p>\n\n\n\n<p>Cuadrado, M.; Garc\u00eda, C.; Perpiny\u00e0, M. et al. <em>Tesaurus d\u2019Hist\u00f2ria de Catalunya. Edici\u00f3 0<\/em>. Presentaci\u00f3 jer\u00e0rquica i alfab\u00e8tica. Bellaterra : Servei de Documentaci\u00f3 d\u2019Hist\u00f2ria Local de Catalunya, 1999<\/p>\n","protected":false},"excerpt":{"rendered":"<p>El Tesaurus d&#8217;Hist\u00f2ria de Catalunya \u00e9s un vocabulari controlat de terminologia, en catal\u00e0, sobre la hist\u00f2ria de Catalunya. Es va crear per a servir com instrument en l&#8217;\u00e0n\u00e0lisi documental i la recuperaci\u00f3 de la informaci\u00f3 del Fons d&#8217;Hist\u00f2ria Local de Catalunya. \u00c9s el fruit d&#8217;un llarg esfor\u00e7 que es va iniciar l&#8217;any 1987 i que [&hellip;]<\/p>\n","protected":false},"author":20,"featured_media":0,"parent":0,"menu_order":0,"comment_status":"closed","ping_status":"closed","template":"","meta":{"footnotes":""},"class_list":["post-158","page","type-page","status-publish","hentry"],"_links":{"self":[{"href":"https:\/\/webs.uab.cat\/sibhilla\/wp-json\/wp\/v2\/pages\/158","targetHints":{"allow":["GET"]}}],"collection":[{"href":"https:\/\/webs.uab.cat\/sibhilla\/wp-json\/wp\/v2\/pages"}],"about":[{"href":"https:\/\/webs.uab.cat\/sibhilla\/wp-json\/wp\/v2\/types\/page"}],"author":[{"embeddable":true,"href":"https:\/\/webs.uab.cat\/sibhilla\/wp-json\/wp\/v2\/users\/20"}],"replies":[{"embeddable":true,"href":"https:\/\/webs.uab.cat\/sibhilla\/wp-json\/wp\/v2\/comments?post=158"}],"version-history":[{"count":26,"href":"https:\/\/webs.uab.cat\/sibhilla\/wp-json\/wp\/v2\/pages\/158\/revisions"}],"predecessor-version":[{"id":4020,"href":"https:\/\/webs.uab.cat\/sibhilla\/wp-json\/wp\/v2\/pages\/158\/revisions\/4020"}],"wp:attachment":[{"href":"https:\/\/webs.uab.cat\/sibhilla\/wp-json\/wp\/v2\/media?parent=158"}],"curies":[{"name":"wp","href":"https:\/\/api.w.org\/{rel}","templated":true}]}}