{"id":167,"date":"2012-05-03T13:55:11","date_gmt":"2012-05-03T13:55:11","guid":{"rendered":"https:\/\/webs.uab.cat\/sibhilla\/atencio-personalitzada\/"},"modified":"2012-05-03T13:55:11","modified_gmt":"2012-05-03T13:55:11","slug":"atencio-personalitzada","status":"publish","type":"page","link":"https:\/\/webs.uab.cat\/sibhilla\/atencio-personalitzada\/","title":{"rendered":"Atenci\u00f3 personalitzada"},"content":{"rendered":"<h2><strong>Servei d\u2019atenci\u00f3 personalitzada a les consultes dels usuaris.<\/strong><\/h2>\n<p class=\"rtejustify\">Elaboraci\u00f3 d\u2019estrat\u00e8gies expertes de cerca a la base de dades i lliurament&nbsp; d\u2019un document digital amb el llistat de refer\u00e8ncies resultants de la cerca, acompanyat d\u2019un \u00edndex d\u2019autors, mat\u00e8ries, top\u00f2nim geogr\u00e0fic, etc.<\/p>\n<p class=\"rtejustify\">Servei adre\u00e7at a estudiants, personal docent i investigador de la UAB, biblioteques i centres d\u2019informaci\u00f3 i a qualsevol usuari extern interessat.<\/p>\n<p class=\"rtejustify\">L\u2019atenci\u00f3 personalitzada suposa:<\/p>\n<p class=\"rtejustify\">&#8211;&nbsp; La <strong>realitzaci\u00f3 d\u2019una cerca m\u00e9s acurada i precisa de la tem\u00e0tica proposada<\/strong> o les necessitats d\u2019informaci\u00f3, per part dels t\u00e8cnics del servei coneixedors del llenguatge documental emprat per la indexaci\u00f3 dels documents (terminologia especialitzada recollida en el <em>Tesaurus d\u2019Hist\u00f2ria de Catalunya<\/em> i el <em>Tesaurus de Llengua i Literatura<\/em>) i del programari inform\u00e0tic.<\/p>\n<p class=\"rtejustify\">&#8211;&nbsp;&nbsp; <strong>Possibilitat t\u00e8cnica d\u2019obtenir un document digital amb el llistat de refer\u00e8ncies<\/strong> resultants de la cerca, acompanyat d\u2019un \u00edndex d\u2019autors, mat\u00e8ries, top\u00f2nim geogr\u00e0fic, etc.<\/p>\n<p class=\"rtejustify\">&nbsp;<\/p>\n<p class=\"rtejustify\">Aquest servei va adre\u00e7at a :<\/p>\n<p class=\"rtejustify\"><strong>&#8211;&nbsp;&nbsp; Estudiants de llicenciatura i grau de la UAB<\/strong> que realitzen treballs de curs sobre una tem\u00e0tica local concreta.<\/p>\n<p class=\"rtejustify\">&nbsp;<\/p>\n<p class=\"rtejustify\"><strong>&#8211;&nbsp;&nbsp; Estudiants de m\u00e0ster i postgrau i investigadors<\/strong> que inicien una investigaci\u00f3 (treball de recerca, tesi doctoral&#8230;) sobre una tem\u00e0tica concreta a nivell catal\u00e0.<br \/>\nEls donem informaci\u00f3 sobre els estudis i tesis existents sobre la tem\u00e0tica i informaci\u00f3 sobre possibles fonts documentals (literatura grisa d\u2019entitats, estatuts d\u2019associacions, biografies i mem\u00f2ries de personatges&#8230;)<\/p>\n<p class=\"rtejustify\">&nbsp;<\/p>\n<p class=\"rtejustify\"><strong>&#8211;&nbsp;&nbsp; Professorat<\/strong> que necessita una relaci\u00f3 bibliogr\u00e0fica sobre una tem\u00e0tica espec\u00edfica per a la tasca docent: propostes de lectures i treballs al alumnat.<\/p>\n<p class=\"rtejustify\">Per exemple: biografies i mem\u00f2ries del per\u00edode de la guerra civil espanyola. L\u2019alumne ha de realitzar una recensi\u00f3 d\u2019una de les obres subministrades.<\/p>\n<p class=\"rtejustify\">&nbsp;<\/p>\n<p class=\"rtejustify\"><strong>&#8211;&nbsp;&nbsp; Professorat i estudiants de secund\u00e0ria <\/strong>que elaboren els seus \u201ctreballs de recerca\u201d.<\/p>\n<p>&nbsp;<\/p>\n","protected":false},"excerpt":{"rendered":"<p>Servei d\u2019atenci\u00f3 personalitzada a les consultes dels usuaris. Elaboraci\u00f3 d\u2019estrat\u00e8gies expertes de cerca a la base de dades i lliurament&nbsp; d\u2019un document digital amb el llistat de refer\u00e8ncies resultants de la cerca, acompanyat d\u2019un \u00edndex d\u2019autors, mat\u00e8ries, top\u00f2nim geogr\u00e0fic, etc. Servei adre\u00e7at a estudiants, personal docent i investigador de la UAB, biblioteques i centres d\u2019informaci\u00f3 [&hellip;]<\/p>\n","protected":false},"author":20,"featured_media":0,"parent":0,"menu_order":0,"comment_status":"closed","ping_status":"closed","template":"","meta":{"footnotes":""},"class_list":["post-167","page","type-page","status-publish","hentry"],"_links":{"self":[{"href":"https:\/\/webs.uab.cat\/sibhilla\/wp-json\/wp\/v2\/pages\/167","targetHints":{"allow":["GET"]}}],"collection":[{"href":"https:\/\/webs.uab.cat\/sibhilla\/wp-json\/wp\/v2\/pages"}],"about":[{"href":"https:\/\/webs.uab.cat\/sibhilla\/wp-json\/wp\/v2\/types\/page"}],"author":[{"embeddable":true,"href":"https:\/\/webs.uab.cat\/sibhilla\/wp-json\/wp\/v2\/users\/20"}],"replies":[{"embeddable":true,"href":"https:\/\/webs.uab.cat\/sibhilla\/wp-json\/wp\/v2\/comments?post=167"}],"version-history":[{"count":0,"href":"https:\/\/webs.uab.cat\/sibhilla\/wp-json\/wp\/v2\/pages\/167\/revisions"}],"wp:attachment":[{"href":"https:\/\/webs.uab.cat\/sibhilla\/wp-json\/wp\/v2\/media?parent=167"}],"curies":[{"name":"wp","href":"https:\/\/api.w.org\/{rel}","templated":true}]}}