{"id":168,"date":"2012-05-03T13:57:04","date_gmt":"2012-05-03T13:57:04","guid":{"rendered":"https:\/\/webs.uab.cat\/sibhilla\/carta-de-serveis\/"},"modified":"2022-08-12T13:51:52","modified_gmt":"2022-08-12T13:51:52","slug":"carta-de-serveis","status":"publish","type":"page","link":"https:\/\/webs.uab.cat\/sibhilla\/carta-de-serveis\/","title":{"rendered":"Carta de serveis"},"content":{"rendered":"\n<p>SIBHIL\u00b7LA ofereix diferents serveis tant al personal intern de la universitat com a persones externes a la UAB.<\/p>\n\n\n\n<h4 class=\"wp-block-heading\">\u25ba <a href=\"https:\/\/webs.uab.cat\/sibhilla\/atencio-personalitzada\/\" data-type=\"page\" data-id=\"167\">Servei d&#8217;atenci\u00f3 personalitzada a les consultes dels usuaris<\/a><\/h4>\n\n\n\n<p>Elaboraci\u00f3 d\u2019estrat\u00e8gies expertes de cerca a la base de dades i lliurament&nbsp; d\u2019un document digital amb el llistat de refer\u00e8ncies resultants de la cerca, acompanyat d\u2019un \u00edndex d\u2019autors, mat\u00e8ries, top\u00f2nim geogr\u00e0fic, etc. Servei adre\u00e7at a estudiants, personal docent i investigador de la UAB, biblioteques i centres d\u2019informaci\u00f3 i a qualsevol usuari extern interessat.<\/p>\n\n\n\n<h4 class=\"wp-block-heading\">\u25ba <a href=\"https:\/\/webs.uab.cat\/sibhilla\/creacio-de-productes\/\" data-type=\"page\" data-id=\"166\">Servei de creaci\u00f3 de productes amb la informaci\u00f3 recollida a la base de dades<\/a><\/h4>\n\n\n\n<p>&nbsp;&nbsp;&nbsp;&nbsp;&nbsp;&nbsp;&nbsp;&nbsp;&nbsp; . Elaboraci\u00f3 de bases de dades tem\u00e0tiques i\/o territorials.<\/p>\n\n\n\n<p>&nbsp;&nbsp;&nbsp;&nbsp;&nbsp;&nbsp;&nbsp;&nbsp;&nbsp; . Col\u00b7lecci\u00f3 de bibliografies de tem\u00e0tica hist\u00f2rica en format digital.<\/p>\n\n\n\n<h4 class=\"wp-block-heading\">&nbsp;<\/h4>\n\n\n\n<h4 class=\"wp-block-heading\">\u25ba <a href=\"https:\/\/webs.uab.cat\/sibhilla\/suport-tecnic-la-recerca\/\" data-type=\"page\" data-id=\"247\">Servei de gesti\u00f3 i disseny de projectes. Suport t\u00e8cnic a la recerca<\/a><\/h4>\n\n\n\n<p>&nbsp;&nbsp;&nbsp;&nbsp;&nbsp;. <strong>Realitzaci\u00f3 de bases de dades bibliogr\u00e0fiques i\/o documentals i formaci\u00f3<\/strong>. Oferim la possibilitat de fer un estudi de les necessitats d\u2019informaci\u00f3 d\u2019un projecte de recerca, disseny del sistema de gesti\u00f3 documental m\u00e9s idoni per organitzar i recuperar la informaci\u00f3 i formaci\u00f3 dels t\u00e8cnics i\/o becaris que han d\u2019introduir les dades i\/o gestionar el sistema.<\/p>\n\n\n\n<p>&nbsp;&nbsp;&nbsp;&nbsp;&nbsp;. <strong>Disseny d\u2019aplicacions web espec\u00edfiques<\/strong> per difondre i donar visibilitat als resultats d\u2019una investigaci\u00f3 i\/o projecte o grup de recerca.<\/p>\n\n\n\n<p>&nbsp;&nbsp;&nbsp;&nbsp;&nbsp;. <strong>Elaboraci\u00f3 de p\u00e0gines web per a grups de recerca o esdeveniments <\/strong>(congressos, anys commemoratius, etc.) adaptades a les pautes i plantilles elaborades per l&#8217;Oficina Aut\u00f2noma Interactiva Docent (OAID) , amb el programari Drupal.<\/p>\n\n\n\n<h4 class=\"wp-block-heading\">\u25baServei d&#8217;assessorament documental<\/h4>\n\n\n\n<p>\u00a0\u00a0\u00a0\u00a0\u00a0\u00a0\u00a0. <strong><a href=\"https:\/\/webs.uab.cat\/sibhilla\/organitzacio-de-fons-documentals\/\" data-type=\"page\" data-id=\"249\">Organitzaci\u00f3, indexaci\u00f3 i visibilitat de fons documentals i digitals<\/a><\/strong><\/p>\n\n\n\n<p>\u00a0\u00a0\u00a0\u00a0\u00a0\u00a0.<a href=\"https:\/\/webs.uab.cat\/sibhilla\/llenguatges-documentals\/\" data-type=\"page\" data-id=\"248\"> \u00a0<strong>Elaboraci\u00f3 de llenguatges documentals i vocabularis controlats d\u2019una terminologia especialitzada.<\/strong><\/a><\/p>\n\n\n\n<p>Si desitgeu rebre informaci\u00f3 sobre l&#8217;obtenci\u00f3 de serveis poseu-vos en contacte amb nosaltres a trav\u00e9s de l&#8217;adre\u00e7a <a href=\"mailto:serveis.ligit@uab.cat\">sibhilla@uab.cat<\/a> o trucant als tel\u00e8fons 93 581 2537 \/ 93 581 2373<\/p>\n","protected":false},"excerpt":{"rendered":"<p>SIBHIL\u00b7LA ofereix diferents serveis tant al personal intern de la universitat com a persones externes a la UAB. \u25ba Servei d&#8217;atenci\u00f3 personalitzada a les consultes dels usuaris Elaboraci\u00f3 d\u2019estrat\u00e8gies expertes de cerca a la base de dades i lliurament&nbsp; d\u2019un document digital amb el llistat de refer\u00e8ncies resultants de la cerca, acompanyat d\u2019un \u00edndex d\u2019autors, [&hellip;]<\/p>\n","protected":false},"author":20,"featured_media":0,"parent":0,"menu_order":0,"comment_status":"closed","ping_status":"closed","template":"","meta":{"footnotes":""},"class_list":["post-168","page","type-page","status-publish","hentry"],"_links":{"self":[{"href":"https:\/\/webs.uab.cat\/sibhilla\/wp-json\/wp\/v2\/pages\/168","targetHints":{"allow":["GET"]}}],"collection":[{"href":"https:\/\/webs.uab.cat\/sibhilla\/wp-json\/wp\/v2\/pages"}],"about":[{"href":"https:\/\/webs.uab.cat\/sibhilla\/wp-json\/wp\/v2\/types\/page"}],"author":[{"embeddable":true,"href":"https:\/\/webs.uab.cat\/sibhilla\/wp-json\/wp\/v2\/users\/20"}],"replies":[{"embeddable":true,"href":"https:\/\/webs.uab.cat\/sibhilla\/wp-json\/wp\/v2\/comments?post=168"}],"version-history":[{"count":1,"href":"https:\/\/webs.uab.cat\/sibhilla\/wp-json\/wp\/v2\/pages\/168\/revisions"}],"predecessor-version":[{"id":1130,"href":"https:\/\/webs.uab.cat\/sibhilla\/wp-json\/wp\/v2\/pages\/168\/revisions\/1130"}],"wp:attachment":[{"href":"https:\/\/webs.uab.cat\/sibhilla\/wp-json\/wp\/v2\/media?parent=168"}],"curies":[{"name":"wp","href":"https:\/\/api.w.org\/{rel}","templated":true}]}}