{"id":2232,"date":"2023-03-17T07:15:23","date_gmt":"2023-03-17T07:15:23","guid":{"rendered":"https:\/\/webs.uab.cat\/sibhilla\/?page_id=2232"},"modified":"2024-11-28T11:21:54","modified_gmt":"2024-11-28T09:21:54","slug":"recursos","status":"publish","type":"page","link":"https:\/\/webs.uab.cat\/sibhilla\/recursos\/","title":{"rendered":"Recursos"},"content":{"rendered":"\n<p>La gesti\u00f3 i manteniment del FonsHL suposa d&#8217;una banda,  la localitzaci\u00f3, selecci\u00f3 i an\u00e0lisi de les<strong> novetats bibliogr\u00e0fiques<\/strong> i d&#8217;altra banda, la incorporaci\u00f3 de <strong>refer\u00e8ncies retrospectives<\/strong> encara no presents al cat\u00e0leg.<\/p>\n\n\n\n<h5 class=\"wp-block-heading\">Per aconseguir una actualitzaci\u00f3 exhaustiva del cat\u00e0leg:<\/h5>\n\n\n\n<ul class=\"wp-block-list\">\n<li> Fem un seguiment de les novetats  aparegudes a editorials, centres d&#8217;estudis, arxius i museus i cat\u00e0legs bibliogr\u00e0fics.<\/li>\n\n\n\n<li>Mantenim actualitzat el buidatge d&#8217;una selecci\u00f3 de revistes d&#8217;\u00e0mbit local i revistes generals d&#8217;inter\u00e8s per al projecte.<\/li>\n<\/ul>\n\n\n\n<h5 class=\"wp-block-heading\">Per incorporar refer\u00e8ncies antigues, no presents encara al cat\u00e0leg:<\/h5>\n\n\n\n<ul class=\"wp-block-list\">\n<li>Realitzem un buidatge sistem\u00e0tic, per comarques, de les refer\u00e8ncies presents en cat\u00e0legs bibliogr\u00e0fics i altres repositoris.  D&#8217;aquesta forma ens assegurem de localitzar i analitzar  tota la bibliografia de cada municipi de la comarca.<\/li>\n<\/ul>\n\n\n\n<p>Cada any incorporem el buidatge retrospectiu de quatre comarques. L&#8217;any 2023 es treballa en les comarques de l&#8217;Urgell, l&#8217;Alt Camp, Baix Empord\u00e0 i Ribera d&#8217;Ebre.<\/p>\n\n\n\n<details class=\"wp-block-mamaduka-toggles wp-block-toggles\"><summary>Revistes d&#8217;inter\u00e8s per al FonsHL<\/summary><div class=\"wp-block-toggles__content\">\n<p><a href=\"https:\/\/webs.uab.cat\/sibhilla\/wp-content\/uploads\/sites\/164\/2024\/11\/llistat_revistes_locals_ambit.pdf\">Llistat de revistes locals (per \u00e0mbit geogr\u00e0fic)<\/a><\/p>\n\n\n\n<p><a href=\"https:\/\/webs.uab.cat\/sibhilla\/wp-content\/uploads\/sites\/164\/2023\/03\/llistat_revistes_locals_alfabetic.pdf\">Llistat alfab\u00e8tic de revistes locals<\/a><\/p>\n\n\n\n<p><a href=\"https:\/\/webs.uab.cat\/sibhilla\/wp-content\/uploads\/sites\/164\/2023\/03\/llistat_revistes_generals_prioritat.pdf\">Llistat de revistes generals d&#8217;inter\u00e8s per al FonsHL<\/a><\/p>\n\n\n\n<p><\/p>\n<\/div><\/details>\n\n\n\n<details class=\"wp-block-mamaduka-toggles wp-block-toggles\"><summary>Cat\u00e0legs i centres d&#8217;informaci\u00f3<\/summary><div class=\"wp-block-toggles__content\">\n<p><a href=\"https:\/\/webs.uab.cat\/sibhilla\/catalegs-i-bases-de-dades\/\">Cat\u00e0legs i repositoris<\/a><\/p>\n\n\n\n<p><a href=\"https:\/\/webs.uab.cat\/sibhilla\/2393-2\/\">Entitats i centres d&#8217;estudis locals<\/a><\/p>\n\n\n\n<p><a href=\"https:\/\/webs.uab.cat\/sibhilla\/editorials\/\">Editorials<\/a><\/p>\n\n\n\n<p><a href=\"https:\/\/webs.uab.cat\/sibhilla\/arxius-i-museus\/\" target=\"_blank\" rel=\"noreferrer noopener\">Museus i arxius<\/a><\/p>\n<\/div><\/details>\n","protected":false},"excerpt":{"rendered":"<p>La gesti\u00f3 i manteniment del FonsHL suposa d&#8217;una banda, la localitzaci\u00f3, selecci\u00f3 i an\u00e0lisi de les novetats bibliogr\u00e0fiques i d&#8217;altra banda, la incorporaci\u00f3 de refer\u00e8ncies retrospectives encara no presents al cat\u00e0leg. Per aconseguir una actualitzaci\u00f3 exhaustiva del cat\u00e0leg: Per incorporar refer\u00e8ncies antigues, no presents encara al cat\u00e0leg: Cada any incorporem el buidatge retrospectiu de quatre [&hellip;]<\/p>\n","protected":false},"author":102,"featured_media":0,"parent":0,"menu_order":0,"comment_status":"closed","ping_status":"closed","template":"","meta":{"footnotes":""},"class_list":["post-2232","page","type-page","status-publish","hentry"],"_links":{"self":[{"href":"https:\/\/webs.uab.cat\/sibhilla\/wp-json\/wp\/v2\/pages\/2232","targetHints":{"allow":["GET"]}}],"collection":[{"href":"https:\/\/webs.uab.cat\/sibhilla\/wp-json\/wp\/v2\/pages"}],"about":[{"href":"https:\/\/webs.uab.cat\/sibhilla\/wp-json\/wp\/v2\/types\/page"}],"author":[{"embeddable":true,"href":"https:\/\/webs.uab.cat\/sibhilla\/wp-json\/wp\/v2\/users\/102"}],"replies":[{"embeddable":true,"href":"https:\/\/webs.uab.cat\/sibhilla\/wp-json\/wp\/v2\/comments?post=2232"}],"version-history":[{"count":28,"href":"https:\/\/webs.uab.cat\/sibhilla\/wp-json\/wp\/v2\/pages\/2232\/revisions"}],"predecessor-version":[{"id":4028,"href":"https:\/\/webs.uab.cat\/sibhilla\/wp-json\/wp\/v2\/pages\/2232\/revisions\/4028"}],"wp:attachment":[{"href":"https:\/\/webs.uab.cat\/sibhilla\/wp-json\/wp\/v2\/media?parent=2232"}],"curies":[{"name":"wp","href":"https:\/\/api.w.org\/{rel}","templated":true}]}}