{"id":247,"date":"2012-05-03T15:51:17","date_gmt":"2012-05-03T15:51:17","guid":{"rendered":"https:\/\/webs.uab.cat\/sibhilla\/suport-tecnic-la-recerca\/"},"modified":"2012-05-03T15:51:17","modified_gmt":"2012-05-03T15:51:17","slug":"suport-tecnic-la-recerca","status":"publish","type":"page","link":"https:\/\/webs.uab.cat\/sibhilla\/suport-tecnic-la-recerca\/","title":{"rendered":"Suport t\u00e8cnic a la recerca"},"content":{"rendered":"<h2>Suport t\u00e8cnic a la recerca: assessorament, gesti\u00f3 i disseny de projectes<\/h2>\n<p class=\"rtejustify\">&nbsp;<br \/>\n&#8211; <strong>Realitzaci\u00f3 de bases de dades bibliogr\u00e0fiques i\/o documentals i formaci\u00f3<\/strong>.<br \/>\nOferim la possibilitat de fer un estudi de les necessitats d\u2019informaci\u00f3 d\u2019un projecte de recerca, disseny del sistema de gesti\u00f3 documental m\u00e9s idoni per organitzar i recuperar la informaci\u00f3 i formaci\u00f3 dels t\u00e8cnics i\/o becaris que han d\u2019introduir les dades i\/o gestionar el sistema.<\/p>\n<p>&#8211; <strong>Disseny d\u2019aplicacions web espec\u00edfiques per difondre els resultats d\u2019un projecte o grup de recerca.<\/strong><br \/>\nL\u2019experi\u00e8ncia del personal del servei en el disseny i gesti\u00f3 de bases de dades documentals ens permet oferir el servei de creaci\u00f3 d\u2019aplicacions espec\u00edfiques per a grups de recerca i projectes de recerca.<br \/>\nEmprant el programari GENISISWEB, oferim l\u2019elaboraci\u00f3 d\u2019una aplicaci\u00f3 que permeti la consulta web de bases de dades gestionades en Winisis.<br \/>\nAquest servei permet donar visibilitat als resultats d\u2019una investigaci\u00f3.<\/p>\n<p>&#8211; <strong>Elaboraci\u00f3 de p\u00e0gines web per a grups de recerca o esdeveniments <\/strong>(congressos, anys commemoratius, etc.) adaptades a les pautes i plantilles elaborades per la Oficina Aut\u00f2noma Interactiva Docent (OAID) , <strong>amb el programari Drupal<\/strong>.<br \/>\nAquest servei va adre\u00e7at a grups de recerca que vulguin comptar amb una p\u00e0gina web des d\u2019on donar visibilitat als seus projectes i publicacions i no disposin de personal t\u00e8cnic per dissenyar i gestionar l\u2019aplicaci\u00f3.<\/p>\n","protected":false},"excerpt":{"rendered":"<p>Suport t\u00e8cnic a la recerca: assessorament, gesti\u00f3 i disseny de projectes &nbsp; &#8211; Realitzaci\u00f3 de bases de dades bibliogr\u00e0fiques i\/o documentals i formaci\u00f3. Oferim la possibilitat de fer un estudi de les necessitats d\u2019informaci\u00f3 d\u2019un projecte de recerca, disseny del sistema de gesti\u00f3 documental m\u00e9s idoni per organitzar i recuperar la informaci\u00f3 i formaci\u00f3 dels [&hellip;]<\/p>\n","protected":false},"author":20,"featured_media":0,"parent":0,"menu_order":0,"comment_status":"closed","ping_status":"closed","template":"","meta":{"footnotes":""},"class_list":["post-247","page","type-page","status-publish","hentry"],"_links":{"self":[{"href":"https:\/\/webs.uab.cat\/sibhilla\/wp-json\/wp\/v2\/pages\/247","targetHints":{"allow":["GET"]}}],"collection":[{"href":"https:\/\/webs.uab.cat\/sibhilla\/wp-json\/wp\/v2\/pages"}],"about":[{"href":"https:\/\/webs.uab.cat\/sibhilla\/wp-json\/wp\/v2\/types\/page"}],"author":[{"embeddable":true,"href":"https:\/\/webs.uab.cat\/sibhilla\/wp-json\/wp\/v2\/users\/20"}],"replies":[{"embeddable":true,"href":"https:\/\/webs.uab.cat\/sibhilla\/wp-json\/wp\/v2\/comments?post=247"}],"version-history":[{"count":0,"href":"https:\/\/webs.uab.cat\/sibhilla\/wp-json\/wp\/v2\/pages\/247\/revisions"}],"wp:attachment":[{"href":"https:\/\/webs.uab.cat\/sibhilla\/wp-json\/wp\/v2\/media?parent=247"}],"curies":[{"name":"wp","href":"https:\/\/api.w.org\/{rel}","templated":true}]}}