{"id":248,"date":"2012-05-03T15:52:51","date_gmt":"2012-05-03T15:52:51","guid":{"rendered":"https:\/\/webs.uab.cat\/sibhilla\/llenguatges-documentals\/"},"modified":"2012-05-03T15:52:51","modified_gmt":"2012-05-03T15:52:51","slug":"llenguatges-documentals","status":"publish","type":"page","link":"https:\/\/webs.uab.cat\/sibhilla\/llenguatges-documentals\/","title":{"rendered":"Llenguatges documentals"},"content":{"rendered":"<h2>Assessorament en l\u2019elaboraci\u00f3 de llenguatges documentals i vocabularis controlats d\u2019una terminologia especialitzada.<\/h2>\n<p class=\"rtejustify\">\nL\u2019experi\u00e8ncia en la elaboraci\u00f3 del \u201c<strong><a href=\"http:\/\/www.vocabularyserver.com\/historia_catalunya\/\" target=\"_blank\" rel=\"noopener\">Tesaurus d\u2019Hist\u00f2ria de Catalunya<\/a><\/strong>\u201d ens ha perm\u00e8s oferir serveis d\u2019assessorament i realitzaci\u00f3 d\u2019altres llenguatges documentals.<\/p>\n<p class=\"rtejustify\">Aix\u00ed el SDHC va signar l&#8217;any 2009 un conveni de col\u00b7laboraci\u00f3 amb el <strong>Memorial Democr\u00e0tic de la Generalitat de Catalunya <\/strong>per a la realitzaci\u00f3 d\u2019un Tesaurus sobre la mem\u00f2ria democr\u00e0tica a Catalunya: <a href=\"http:\/\/bancmemorial.gencat.cat\/web\/ts_presentacio\/\" target=\"_blank\" rel=\"noopener\"><strong>Tesaurus d\u2019Hist\u00f2ria de Catalunya 1931-1980: Segona Rep\u00fablica, Guerra civil, Franquisme i Transici\u00f3 democr\u00e0tica<\/strong> <\/a>(2. 315 termes) per al <a href=\"http:\/\/bancmemorial.gencat.cat\/web\/home\/#\" target=\"_blank\" rel=\"noopener\">Banc Audiovisual de Testimonis..<\/a><\/p>\n<p>El Servei tamb\u00e9 ha realitzat la traducci\u00f3 al catal\u00e0 del programari internacional \u201cTematres\u201d (versi\u00f3 1.1 i 1.2) . Aquest \u00e9s un programari lliure de creaci\u00f3 de llenguatges documentals (arquitectura Apache-Mysql-PHP).<\/p>\n","protected":false},"excerpt":{"rendered":"<p>Assessorament en l\u2019elaboraci\u00f3 de llenguatges documentals i vocabularis controlats d\u2019una terminologia especialitzada. L\u2019experi\u00e8ncia en la elaboraci\u00f3 del \u201cTesaurus d\u2019Hist\u00f2ria de Catalunya\u201d ens ha perm\u00e8s oferir serveis d\u2019assessorament i realitzaci\u00f3 d\u2019altres llenguatges documentals. Aix\u00ed el SDHC va signar l&#8217;any 2009 un conveni de col\u00b7laboraci\u00f3 amb el Memorial Democr\u00e0tic de la Generalitat de Catalunya per a la [&hellip;]<\/p>\n","protected":false},"author":20,"featured_media":0,"parent":0,"menu_order":0,"comment_status":"closed","ping_status":"closed","template":"","meta":{"footnotes":""},"class_list":["post-248","page","type-page","status-publish","hentry"],"_links":{"self":[{"href":"https:\/\/webs.uab.cat\/sibhilla\/wp-json\/wp\/v2\/pages\/248","targetHints":{"allow":["GET"]}}],"collection":[{"href":"https:\/\/webs.uab.cat\/sibhilla\/wp-json\/wp\/v2\/pages"}],"about":[{"href":"https:\/\/webs.uab.cat\/sibhilla\/wp-json\/wp\/v2\/types\/page"}],"author":[{"embeddable":true,"href":"https:\/\/webs.uab.cat\/sibhilla\/wp-json\/wp\/v2\/users\/20"}],"replies":[{"embeddable":true,"href":"https:\/\/webs.uab.cat\/sibhilla\/wp-json\/wp\/v2\/comments?post=248"}],"version-history":[{"count":0,"href":"https:\/\/webs.uab.cat\/sibhilla\/wp-json\/wp\/v2\/pages\/248\/revisions"}],"wp:attachment":[{"href":"https:\/\/webs.uab.cat\/sibhilla\/wp-json\/wp\/v2\/media?parent=248"}],"curies":[{"name":"wp","href":"https:\/\/api.w.org\/{rel}","templated":true}]}}