{"id":249,"date":"2012-05-03T15:54:23","date_gmt":"2012-05-03T15:54:23","guid":{"rendered":"https:\/\/webs.uab.cat\/sibhilla\/organitzacio-de-fons-documentals\/"},"modified":"2023-06-06T10:22:21","modified_gmt":"2023-06-06T10:22:21","slug":"organitzacio-de-fons-documentals","status":"publish","type":"page","link":"https:\/\/webs.uab.cat\/sibhilla\/organitzacio-de-fons-documentals\/","title":{"rendered":"Organitzaci\u00f3 de fons documentals"},"content":{"rendered":"\n<h2 class=\"wp-block-heading\">Assessorament en l\u2019organitzaci\u00f3, indexaci\u00f3 i visibilitat de fons documentals i digitals.<\/h2>\n\n\n\n<p>El servei ha donat assessorament a diferents entitats per a l\u2019organitzaci\u00f3 dels seus fons documentals (Museu de Badalona, Museu Santa Maria de Matar\u00f3, Fundaci\u00f3 Garcia-Nieto de Cornell\u00e0, Museu del Montsi\u00e0&#8230;).<br>Tamb\u00e9 ha col\u00b7laborat estretament en la creaci\u00f3 de centres de documentaci\u00f3 similars, com el \u201cServei d\u2019Hist\u00f2ria i Documentaci\u00f3 del Departament d\u2019Hist\u00f2ria de la Universitat de Lleida\u201d, o en altres iniciatives d\u2019elaboraci\u00f3 de bibliografies locals com la \u201cBibliografia de la Ciutat de Girona\u201d (2002).<br>La tasca d\u2019assessorament est\u00e0 oberta doncs a l\u2019usuari intern i extern a la UAB.<\/p>\n\n\n\n<p>Pot comportar:<\/p>\n\n\n\n<p>&#8211; Estudi de les caracter\u00edstiques del fons documental i de les necessitats de recuperaci\u00f3 de la informaci\u00f3.<\/p>\n\n\n\n<p>&#8211; Elaboraci\u00f3 de les eines per la descripci\u00f3, an\u00e0lisi i organitzaci\u00f3 dels documents.<\/p>\n\n\n\n<p>&#8211; Disseny de les t\u00e8cniques de difusi\u00f3 de la informaci\u00f3 (cat\u00e0legs en l\u00ednia, bases de dades, etc.)<\/p>\n\n\n","protected":false},"excerpt":{"rendered":"<p>Assessorament en l\u2019organitzaci\u00f3, indexaci\u00f3 i visibilitat de fons documentals i digitals. El servei ha donat assessorament a diferents entitats per a l\u2019organitzaci\u00f3 dels seus fons documentals (Museu de Badalona, Museu Santa Maria de Matar\u00f3, Fundaci\u00f3 Garcia-Nieto de Cornell\u00e0, Museu del Montsi\u00e0&#8230;).Tamb\u00e9 ha col\u00b7laborat estretament en la creaci\u00f3 de centres de documentaci\u00f3 similars, com el \u201cServei [&hellip;]<\/p>\n","protected":false},"author":20,"featured_media":0,"parent":0,"menu_order":0,"comment_status":"closed","ping_status":"closed","template":"","meta":{"footnotes":""},"class_list":["post-249","page","type-page","status-publish","hentry"],"_links":{"self":[{"href":"https:\/\/webs.uab.cat\/sibhilla\/wp-json\/wp\/v2\/pages\/249","targetHints":{"allow":["GET"]}}],"collection":[{"href":"https:\/\/webs.uab.cat\/sibhilla\/wp-json\/wp\/v2\/pages"}],"about":[{"href":"https:\/\/webs.uab.cat\/sibhilla\/wp-json\/wp\/v2\/types\/page"}],"author":[{"embeddable":true,"href":"https:\/\/webs.uab.cat\/sibhilla\/wp-json\/wp\/v2\/users\/20"}],"replies":[{"embeddable":true,"href":"https:\/\/webs.uab.cat\/sibhilla\/wp-json\/wp\/v2\/comments?post=249"}],"version-history":[{"count":1,"href":"https:\/\/webs.uab.cat\/sibhilla\/wp-json\/wp\/v2\/pages\/249\/revisions"}],"predecessor-version":[{"id":3477,"href":"https:\/\/webs.uab.cat\/sibhilla\/wp-json\/wp\/v2\/pages\/249\/revisions\/3477"}],"wp:attachment":[{"href":"https:\/\/webs.uab.cat\/sibhilla\/wp-json\/wp\/v2\/media?parent=249"}],"curies":[{"name":"wp","href":"https:\/\/api.w.org\/{rel}","templated":true}]}}