{"id":48,"date":"2023-05-04T17:48:22","date_gmt":"2023-05-04T15:48:22","guid":{"rendered":"https:\/\/webs.uab.cat\/simmas\/?page_id=48"},"modified":"2023-05-08T23:36:19","modified_gmt":"2023-05-08T21:36:19","slug":"docencia","status":"publish","type":"page","link":"https:\/\/webs.uab.cat\/simmas\/docencia\/","title":{"rendered":"Teaching"},"content":{"rendered":"\n<ul class=\"wp-block-list\"><li>Electromagnetisme<\/li><li>Estat S\u00f2lid<\/li><li>M\u00e8todes Num\u00e8rics<\/li><li>Laboratori d&#8217;Electromagnetisme<\/li><\/ul>\n","protected":false},"excerpt":{"rendered":"<p>Electromagnetisme Estat S\u00f2lid M\u00e8todes Num\u00e8rics Laboratori d&#8217;Electromagnetisme<\/p>\n","protected":false},"author":1832,"featured_media":0,"parent":0,"menu_order":0,"comment_status":"closed","ping_status":"closed","template":"","meta":{"footnotes":""},"class_list":["post-48","page","type-page","status-publish","hentry"],"_links":{"self":[{"href":"https:\/\/webs.uab.cat\/simmas\/wp-json\/wp\/v2\/pages\/48","targetHints":{"allow":["GET"]}}],"collection":[{"href":"https:\/\/webs.uab.cat\/simmas\/wp-json\/wp\/v2\/pages"}],"about":[{"href":"https:\/\/webs.uab.cat\/simmas\/wp-json\/wp\/v2\/types\/page"}],"author":[{"embeddable":true,"href":"https:\/\/webs.uab.cat\/simmas\/wp-json\/wp\/v2\/users\/1832"}],"replies":[{"embeddable":true,"href":"https:\/\/webs.uab.cat\/simmas\/wp-json\/wp\/v2\/comments?post=48"}],"version-history":[{"count":2,"href":"https:\/\/webs.uab.cat\/simmas\/wp-json\/wp\/v2\/pages\/48\/revisions"}],"predecessor-version":[{"id":121,"href":"https:\/\/webs.uab.cat\/simmas\/wp-json\/wp\/v2\/pages\/48\/revisions\/121"}],"wp:attachment":[{"href":"https:\/\/webs.uab.cat\/simmas\/wp-json\/wp\/v2\/media?parent=48"}],"curies":[{"name":"wp","href":"https:\/\/api.w.org\/{rel}","templated":true}]}}