{"id":55,"date":"2023-05-04T18:00:30","date_gmt":"2023-05-04T16:00:30","guid":{"rendered":"https:\/\/webs.uab.cat\/simmas\/?page_id=55"},"modified":"2024-03-18T20:16:35","modified_gmt":"2024-03-18T18:16:35","slug":"divulgacio","status":"publish","type":"page","link":"https:\/\/webs.uab.cat\/simmas\/divulgacio\/","title":{"rendered":"Outreach"},"content":{"rendered":"\n<blockquote class=\"wp-block-quote is-layout-flow wp-block-quote-is-layout-flow\">\n<p>(October 2023) <strong>Nuria Del-Valle<\/strong> interviewed in <a href=\"https:\/\/www.rtve.es\/play\/videos\/orbita-laika\/entrevista-nuria-del-valle-electromagnetismo-orbita-laika\/6985631\/\" target=\"_blank\" rel=\"noreferrer noopener\">\u00d3rbita Laika<\/a>, a science program on the public spanish television (RTVE). <\/p>\n<cite><strong><a href=\"http:\/\/rtve.es\/play\/videos\/orbita-laika\/entrevista-nuria-del-valle-electromagnetismo-orbita-laika\/6985631\/\">Hallazgo cient\u00edfico: Crean campos magn\u00e9ticos a distancia<\/a><\/strong><\/cite><\/blockquote>\n","protected":false},"excerpt":{"rendered":"<p>(October 2023) Nuria Del-Valle interviewed in \u00d3rbita Laika, a science program on the public spanish television (RTVE). Hallazgo cient\u00edfico: Crean campos magn\u00e9ticos a distancia<\/p>\n","protected":false},"author":1832,"featured_media":0,"parent":0,"menu_order":0,"comment_status":"closed","ping_status":"closed","template":"sidebar.php","meta":{"footnotes":""},"class_list":["post-55","page","type-page","status-publish","hentry"],"_links":{"self":[{"href":"https:\/\/webs.uab.cat\/simmas\/wp-json\/wp\/v2\/pages\/55","targetHints":{"allow":["GET"]}}],"collection":[{"href":"https:\/\/webs.uab.cat\/simmas\/wp-json\/wp\/v2\/pages"}],"about":[{"href":"https:\/\/webs.uab.cat\/simmas\/wp-json\/wp\/v2\/types\/page"}],"author":[{"embeddable":true,"href":"https:\/\/webs.uab.cat\/simmas\/wp-json\/wp\/v2\/users\/1832"}],"replies":[{"embeddable":true,"href":"https:\/\/webs.uab.cat\/simmas\/wp-json\/wp\/v2\/comments?post=55"}],"version-history":[{"count":7,"href":"https:\/\/webs.uab.cat\/simmas\/wp-json\/wp\/v2\/pages\/55\/revisions"}],"predecessor-version":[{"id":278,"href":"https:\/\/webs.uab.cat\/simmas\/wp-json\/wp\/v2\/pages\/55\/revisions\/278"}],"wp:attachment":[{"href":"https:\/\/webs.uab.cat\/simmas\/wp-json\/wp\/v2\/media?parent=55"}],"curies":[{"name":"wp","href":"https:\/\/api.w.org\/{rel}","templated":true}]}}