{"id":1209,"date":"2024-07-10T10:01:10","date_gmt":"2024-07-10T08:01:10","guid":{"rendered":"https:\/\/webs.uab.cat\/simposi\/comite-2024\/"},"modified":"2024-07-10T10:01:49","modified_gmt":"2024-07-10T08:01:49","slug":"comite-2024","status":"publish","type":"page","link":"https:\/\/webs.uab.cat\/simposi\/en\/comite-2024\/","title":{"rendered":"Committee 2024"},"content":{"rendered":"\n<h2 class=\"wp-block-heading\"><strong>Steering Committee<\/strong><\/h2>\n\n\n\n<p>Dr. Mari Carmen Esp\u00edn Garc\u00eda, Universitat Aut\u00f2noma de Barcelona<\/p>\n\n\n\n<p>Dr. Simona \u0160krabec, Universitat Aut\u00f2noma de Barcelona<\/p>\n\n\n\n<h2 class=\"wp-block-heading\"><br><strong>Organizing Committee<\/strong><\/h2>\n\n\n\n<p>Laura Bayo, Universitat Aut\u00f2noma de Barcelona<\/p>\n\n\n\n<p>Chen Xi, Universitat Aut\u00f2noma de Barcelona<\/p>\n\n\n\n<p>Jin Yisa, Universitat Aut\u00f2noma de Barcelona<\/p>\n\n\n\n<h2 class=\"wp-block-heading\"><br><strong>Scientific Committee<\/strong><\/h2>\n\n\n\n<p>Dr. Nazir Ahmed, Universitat Aut\u00f2noma de Barcelona<\/p>\n\n\n\n<p>Dr. Marta Arum\u00ed, Universitat Aut\u00f2noma de Barcelona<\/p>\n\n\n\n<p>Dr. Joaqu\u00edn Beltr\u00e1n, Universitat Aut\u00f2noma de Barcelona<\/p>\n\n\n\n<p>Dr. Mar\u00eda Carmen Esp\u00edn, Universitat Aut\u00f2noma de Barcelona<\/p>\n\n\n\n<p>Dr. Francesc Galera, Universitat Aut\u00f2noma de Barcelona<\/p>\n\n\n\n<p>Dra. Sof\u00eda Garc\u00eda-Beyaert, Universitat Aut\u00f2noma de Barcelona<\/p>\n\n\n\n<p>Dr. Amparo Hurtado, Universitat Aut\u00f2noma de Barcelona<\/p>\n\n\n\n<p>Dr. Gonzalo Iturregui, Universitat Aut\u00f2noma de Barcelona<\/p>\n\n\n\n<p>Dr. Artur Lozano M\u00e9ndez, Universitat Aut\u00f2noma de Barcelona<\/p>\n\n\n\n<p>Dr. Carme Mangiron, Universitat Aut\u00f2noma de Barcelona<\/p>\n\n\n\n<p>Dr. Luc\u00eda Molina, Universitat Aut\u00f2noma de Barcelona<\/p>\n\n\n\n<p>Dr. Liudmila Navtanovich, Universitat Aut\u00f2noma de Barcelona<\/p>\n\n\n\n<p>Dr. Estel\u00b7la Oncins, Universitat Aut\u00f2noma de Barcelona<\/p>\n\n\n\n<p>Dr. Antonio Paoliello, Universitat Aut\u00f2noma de Barcelona<\/p>\n\n\n\n<p>Dr. Sara Rovira Esteva, Universitat Aut\u00f2noma de Barcelona<\/p>\n\n\n\n<p>Dra. Amelia S\u00e1iz, Universitat Aut\u00f2noma de Barcelona<\/p>\n\n\n\n<p>Dr. Pilar S\u00e1nchez-Gij\u00f3n, Universitat Aut\u00f2noma de Barcelona<\/p>\n\n\n\n<p>Dr. Simona Skrabec Skrabec, Universitat Aut\u00f2noma de Barcelona<\/p>\n\n\n\n<p>Dr. Olga Torres Hostench, Universitat Aut\u00f2noma de Barcelona<\/p>\n\n\n\n<p>Dr. Mireia Vargas, Universitat Aut\u00f2noma de Barcelona<\/p>\n\n\n\n<p>Dr. Mar\u00eda Eugenia Larreina, Universitat Aut\u00f2noma de Barcelona<\/p>\n","protected":false},"excerpt":{"rendered":"<p>Steering Committee Dr. Mari Carmen Esp\u00edn Garc\u00eda, Universitat Aut\u00f2noma de Barcelona Dr. Simona \u0160krabec, Universitat Aut\u00f2noma de Barcelona Organizing Committee Laura Bayo, Universitat Aut\u00f2noma de Barcelona Chen Xi, Universitat Aut\u00f2noma de Barcelona Jin Yisa, Universitat Aut\u00f2noma de Barcelona Scientific Committee Dr. Nazir Ahmed, Universitat Aut\u00f2noma de Barcelona Dr. Marta Arum\u00ed, Universitat Aut\u00f2noma de Barcelona Dr. [&hellip;]<\/p>\n","protected":false},"author":103,"featured_media":0,"parent":0,"menu_order":0,"comment_status":"closed","ping_status":"closed","template":"","meta":{"footnotes":""},"class_list":["post-1209","page","type-page","status-publish","hentry"],"_links":{"self":[{"href":"https:\/\/webs.uab.cat\/simposi\/en\/wp-json\/wp\/v2\/pages\/1209","targetHints":{"allow":["GET"]}}],"collection":[{"href":"https:\/\/webs.uab.cat\/simposi\/en\/wp-json\/wp\/v2\/pages"}],"about":[{"href":"https:\/\/webs.uab.cat\/simposi\/en\/wp-json\/wp\/v2\/types\/page"}],"author":[{"embeddable":true,"href":"https:\/\/webs.uab.cat\/simposi\/en\/wp-json\/wp\/v2\/users\/103"}],"replies":[{"embeddable":true,"href":"https:\/\/webs.uab.cat\/simposi\/en\/wp-json\/wp\/v2\/comments?post=1209"}],"version-history":[{"count":1,"href":"https:\/\/webs.uab.cat\/simposi\/en\/wp-json\/wp\/v2\/pages\/1209\/revisions"}],"predecessor-version":[{"id":1211,"href":"https:\/\/webs.uab.cat\/simposi\/en\/wp-json\/wp\/v2\/pages\/1209\/revisions\/1211"}],"wp:attachment":[{"href":"https:\/\/webs.uab.cat\/simposi\/en\/wp-json\/wp\/v2\/media?parent=1209"}],"curies":[{"name":"wp","href":"https:\/\/api.w.org\/{rel}","templated":true}]}}