{"id":124,"date":"2018-01-30T13:01:17","date_gmt":"2018-01-30T11:01:17","guid":{"rendered":"https:\/\/webs.uab.cat\/simposi\/committee-2017\/"},"modified":"2018-01-30T13:01:17","modified_gmt":"2018-01-30T11:01:17","slug":"committee-2017","status":"publish","type":"page","link":"https:\/\/webs.uab.cat\/simposi\/en\/committee-2017\/","title":{"rendered":"Committee 2017"},"content":{"rendered":"<p><strong>Steering Committee<\/strong><br \/>\nDr. Merc\u00e8 Altimir, Universitat Aut\u00f2noma de Barcelona<br \/>\nDr. Anabel Gal\u00e1n-Ma\u00f1as, Universitat Aut\u00f2noma de Barcelona<\/p>\n<p><strong>Organizing Committee<\/strong><br \/>\nMarina Arrasate, Universitat Aut\u00f2noma de Barcelona<br \/>\nLaura Asquerino, Universitat Aut\u00f2noma de Barcelona<br \/>\nOlena Blagodarna, Universitat Aut\u00f2noma de Barcelona<br \/>\nLara Estany, Universitat Aut\u00f2noma de Barcelona<br \/>\nLesia Ponomarenko, Universitat Aut\u00f2noma de Barcelona<br \/>\nPep Sanz, Universitat Aut\u00f2noma de Barcelona<br \/>\nFerran Vargas, Universitat Aut\u00f2noma de Barcelona<br \/>\nHong Zhang, Universitat Aut\u00f2noma de Barcelona<br \/>\nDing ZhiShuo, Universitat Aut\u00f2noma de Barcelona<br \/>\nTianqi Zhang, Universitat Aut\u00f2noma de Barcelona<\/p>\n<p><strong>Scientific Committee<\/strong><br \/>\nDr.&nbsp;Marta Arum\u00ed, Universitat Aut\u00f2noma de Barcelona<br \/>\nDr. Joaqu\u00edn Beltr\u00e1n, Universitat Aut\u00f2noma de Barcelona<br \/>\nDr. Carme Bestu\u00e9, Universitat Aut\u00f2noma de Barcelona<br \/>\nDr. Helena Casas, Universitat Aut\u00f2noma de Barcelona<br \/>\nDr. Montserrat Cresp\u00edn, Universitat Aut\u00f2noma de Barcelona<br \/>\nDr. N\u00faria D&#8217;Asprer, Universitat Aut\u00f2noma de Barcelona<br \/>\nDr. Miquel Edo, Universitat Aut\u00f2noma de Barcelona<br \/>\nDr.&nbsp;Mar\u00eda Carmen Esp\u00edn Garc\u00eda, Universitat Aut\u00f2noma de Barcelona<br \/>\nDr.&nbsp;Minkang Zhou Gu, Universitat Aut\u00f2noma de Barcelona<br \/>\nDr. Blai Guarn\u00e9, Universitat Aut\u00f2noma de Barcelona<br \/>\nDr. Mihwa Jo Jeong, Universitat Aut\u00f2noma de Barcelona<br \/>\nDr. Artur Lozano, Universitat Aut\u00f2noma de Barcelona<br \/>\nDr. Carme Mangiron, Universitat Aut\u00f2noma de Barcelona<br \/>\nDr. Adri\u00e0 Martin, Universitat Aut\u00f2noma de Barcelona<br \/>\nDr. Jordi Mas, Universitat Aut\u00f2noma de Barcelona<br \/>\nDr. Anna Matamala, Universitat Aut\u00f2noma de Barcelona<br \/>\nDr. Marisa Presas, Universitat Aut\u00f2noma de Barcelona<br \/>\nDr. Sara Rovira, Universitat Aut\u00f2noma de Barcelona<br \/>\nDr. Amelia Saiz, Universitat Aut\u00f2noma de Barcelona<br \/>\nDr. Laura Santamaria, Universitat Aut\u00f2noma de Barcelona<br \/>\nDr. Olga Torres, Universitat Aut\u00f2noma de Barcelona<\/p>\n","protected":false},"excerpt":{"rendered":"<p>Steering Committee Dr. Merc\u00e8 Altimir, Universitat Aut\u00f2noma de Barcelona Dr. Anabel Gal\u00e1n-Ma\u00f1as, Universitat Aut\u00f2noma de Barcelona Organizing Committee Marina Arrasate, Universitat Aut\u00f2noma de Barcelona Laura Asquerino, Universitat Aut\u00f2noma de Barcelona Olena Blagodarna, Universitat Aut\u00f2noma de Barcelona Lara Estany, Universitat Aut\u00f2noma de Barcelona Lesia Ponomarenko, Universitat Aut\u00f2noma de Barcelona Pep Sanz, Universitat Aut\u00f2noma de Barcelona Ferran [&hellip;]<\/p>\n","protected":false},"author":20,"featured_media":0,"parent":0,"menu_order":0,"comment_status":"closed","ping_status":"closed","template":"","meta":{"footnotes":""},"class_list":["post-124","page","type-page","status-publish","hentry"],"_links":{"self":[{"href":"https:\/\/webs.uab.cat\/simposi\/en\/wp-json\/wp\/v2\/pages\/124","targetHints":{"allow":["GET"]}}],"collection":[{"href":"https:\/\/webs.uab.cat\/simposi\/en\/wp-json\/wp\/v2\/pages"}],"about":[{"href":"https:\/\/webs.uab.cat\/simposi\/en\/wp-json\/wp\/v2\/types\/page"}],"author":[{"embeddable":true,"href":"https:\/\/webs.uab.cat\/simposi\/en\/wp-json\/wp\/v2\/users\/20"}],"replies":[{"embeddable":true,"href":"https:\/\/webs.uab.cat\/simposi\/en\/wp-json\/wp\/v2\/comments?post=124"}],"version-history":[{"count":0,"href":"https:\/\/webs.uab.cat\/simposi\/en\/wp-json\/wp\/v2\/pages\/124\/revisions"}],"wp:attachment":[{"href":"https:\/\/webs.uab.cat\/simposi\/en\/wp-json\/wp\/v2\/media?parent=124"}],"curies":[{"name":"wp","href":"https:\/\/api.w.org\/{rel}","templated":true}]}}