{"id":47,"date":"2015-11-30T12:07:08","date_gmt":"2015-11-30T10:07:08","guid":{"rendered":"https:\/\/webs.uab.cat\/simposi\/contact\/"},"modified":"2026-04-07T11:51:33","modified_gmt":"2026-04-07T09:51:33","slug":"contact","status":"publish","type":"page","link":"https:\/\/webs.uab.cat\/simposi\/en\/contact\/","title":{"rendered":"Contact"},"content":{"rendered":"<p><strong>E-mail:<\/strong><br \/>\n<a class=\"textes\" href=\"mailto:simposi.traduccio@uab.cat\"><strong>Simposi.traduccio@uab.cat<\/strong><\/a><\/p>\n<p><strong>Contact telephone number:<\/strong><br \/>\nDepartament of Translation, Interpreting and East Asian Studies<br \/>\n(+34) 93 581 27 61<\/p>\n<p><strong>Mailing address:<\/strong><br \/>\n<em>International Symposium for Emerging Research in Translation, Interpreting, Intercultural Studies and East Asian Studies<\/em><\/p>\n<p>Facultat de Traducci\u00f3 i d\u2019Interpretaci\u00f3 &#8211; Edifici K<br \/>\nUniversitat Aut\u00f2noma de Barcelona<br \/>\n08193 Bellaterra (Cerdanyola del Vall\u00e8s)<br \/>\nCatalunya<\/p>\n","protected":false},"excerpt":{"rendered":"<p>E-mail: Simposi.traduccio@uab.cat Contact telephone number: Departament of Translation, Interpreting and East Asian Studies (+34) 93 581 27 61 Mailing address: International Symposium for Emerging Research in Translation, Interpreting, Intercultural Studies and East Asian Studies Facultat de Traducci\u00f3 i d\u2019Interpretaci\u00f3 &#8211; Edifici K Universitat Aut\u00f2noma de Barcelona 08193 Bellaterra (Cerdanyola del Vall\u00e8s) Catalunya<\/p>\n","protected":false},"author":20,"featured_media":0,"parent":0,"menu_order":0,"comment_status":"closed","ping_status":"closed","template":"","meta":{"footnotes":""},"class_list":["post-47","page","type-page","status-publish","hentry"],"_links":{"self":[{"href":"https:\/\/webs.uab.cat\/simposi\/en\/wp-json\/wp\/v2\/pages\/47","targetHints":{"allow":["GET"]}}],"collection":[{"href":"https:\/\/webs.uab.cat\/simposi\/en\/wp-json\/wp\/v2\/pages"}],"about":[{"href":"https:\/\/webs.uab.cat\/simposi\/en\/wp-json\/wp\/v2\/types\/page"}],"author":[{"embeddable":true,"href":"https:\/\/webs.uab.cat\/simposi\/en\/wp-json\/wp\/v2\/users\/20"}],"replies":[{"embeddable":true,"href":"https:\/\/webs.uab.cat\/simposi\/en\/wp-json\/wp\/v2\/comments?post=47"}],"version-history":[{"count":1,"href":"https:\/\/webs.uab.cat\/simposi\/en\/wp-json\/wp\/v2\/pages\/47\/revisions"}],"predecessor-version":[{"id":1755,"href":"https:\/\/webs.uab.cat\/simposi\/en\/wp-json\/wp\/v2\/pages\/47\/revisions\/1755"}],"wp:attachment":[{"href":"https:\/\/webs.uab.cat\/simposi\/en\/wp-json\/wp\/v2\/media?parent=47"}],"curies":[{"name":"wp","href":"https:\/\/api.w.org\/{rel}","templated":true}]}}