{"id":50,"date":"2015-11-30T12:11:53","date_gmt":"2015-11-30T10:11:53","guid":{"rendered":"https:\/\/webs.uab.cat\/simposi\/scientific-and-organizing-committee-2016\/"},"modified":"2015-11-30T12:11:53","modified_gmt":"2015-11-30T10:11:53","slug":"scientific-and-organizing-committee-2016","status":"publish","type":"page","link":"https:\/\/webs.uab.cat\/simposi\/en\/scientific-and-organizing-committee-2016\/","title":{"rendered":"Scientific and Organizing Committee 2016"},"content":{"rendered":"<p><strong>Steering Committee<\/strong><br \/>Dr. Artur Lozano, Universitat Aut\u00f2noma de Barcelona<br \/>Dra. Lupe Romero, Universitat Aut\u00f2noma de Barcelona<br \/>Alba Serra, Universitat Aut\u00f2noma de Barcelona<\/p>\n<p><strong>Organizing Committee<\/strong><br \/>Lara Estany, Universitat Aut\u00f2noma de Barcelona<br \/>Tom\u00e1s Grau, Universitat Aut\u00f2noma de Barcelona<br \/>Alberto Mart\u00ednez, Universitat Aut\u00f2noma de Barcelona<br \/>Pep Sanz, Universitat Aut\u00f2noma de Barcelona<\/p>\n<p><strong>Scientific Committee<\/strong><br \/>Dr. Marta Arum\u00ed, Universitat Aut\u00f2noma de Barcelona<br \/>Dr. Montserrat Bacard\u00ed, Universitat Aut\u00f2noma de Barcelona<br \/>Dr. Carme Bestu\u00e9, Universitat Aut\u00f2noma de Barcelona<br \/>Dr. Montserrat Cresp\u00edn, Universitat Aut\u00f2noma de Barcelona<br \/>Dr. Miquel Edo, Universitat Aut\u00f2noma de Barcelona<br \/>Dr. Anabel Gal\u00e1n, Universitat Aut\u00f2noma de Barcelona<br \/>Dr. Anna Gil-Bardaj\u00ed, Universitat Aut\u00f2noma de Barcelona<br \/>Dr. Blai Guarn\u00e9, Universitat Aut\u00f2noma de Barcelona<br \/>Dr. Amparo Hurtado, Universitat Aut\u00f2noma de Barcelona<br \/>Dr. Inna Kozlova, Universitat Aut\u00f2noma de Barcelona<br \/>Dr. Patricia Lopez, Universitat Aut\u00f2noma de Barcelona<br \/>Dr. Artur Lozano, Universitat Aut\u00f2noma de Barcelona<br \/>Dr. Carme Mangiron, Universitat Aut\u00f2noma de Barcelona<br \/>Dr. Jordi Mas, Universitat Aut\u00f2noma de Barcelona<br \/>Dr. Anna Matamala, Universitat Aut\u00f2noma de Barcelona<br \/>Dr. Luc\u00eda Molina, Universitat Aut\u00f2noma de Barcelona<br \/>Dr. Marisa Presas, Universitat Aut\u00f2noma de Barcelona<br \/>Dr. Mar\u00eda Teresa Rodr\u00edguez, Universitat Aut\u00f2noma de Barcelona<br \/>Dr. Lupe Romero, Universitat Aut\u00f2noma de Barcelona<br \/>Dr. Amelia S\u00e1iz, Universitat Aut\u00f2noma de Barcelona<br \/>Dr. Pilar S\u00e1nchez-Gij\u00f3n, Universitat Aut\u00f2noma de Barcelona<br \/>Dr. Olga Torres, Universitat Aut\u00f2noma de Barcelona<\/p>\n","protected":false},"excerpt":{"rendered":"<p>Steering CommitteeDr. Artur Lozano, Universitat Aut\u00f2noma de BarcelonaDra. Lupe Romero, Universitat Aut\u00f2noma de BarcelonaAlba Serra, Universitat Aut\u00f2noma de Barcelona Organizing CommitteeLara Estany, Universitat Aut\u00f2noma de BarcelonaTom\u00e1s Grau, Universitat Aut\u00f2noma de BarcelonaAlberto Mart\u00ednez, Universitat Aut\u00f2noma de BarcelonaPep Sanz, Universitat Aut\u00f2noma de Barcelona Scientific CommitteeDr. Marta Arum\u00ed, Universitat Aut\u00f2noma de BarcelonaDr. Montserrat Bacard\u00ed, Universitat Aut\u00f2noma de BarcelonaDr. [&hellip;]<\/p>\n","protected":false},"author":20,"featured_media":0,"parent":0,"menu_order":0,"comment_status":"closed","ping_status":"closed","template":"","meta":{"footnotes":""},"class_list":["post-50","page","type-page","status-publish","hentry"],"_links":{"self":[{"href":"https:\/\/webs.uab.cat\/simposi\/en\/wp-json\/wp\/v2\/pages\/50","targetHints":{"allow":["GET"]}}],"collection":[{"href":"https:\/\/webs.uab.cat\/simposi\/en\/wp-json\/wp\/v2\/pages"}],"about":[{"href":"https:\/\/webs.uab.cat\/simposi\/en\/wp-json\/wp\/v2\/types\/page"}],"author":[{"embeddable":true,"href":"https:\/\/webs.uab.cat\/simposi\/en\/wp-json\/wp\/v2\/users\/20"}],"replies":[{"embeddable":true,"href":"https:\/\/webs.uab.cat\/simposi\/en\/wp-json\/wp\/v2\/comments?post=50"}],"version-history":[{"count":0,"href":"https:\/\/webs.uab.cat\/simposi\/en\/wp-json\/wp\/v2\/pages\/50\/revisions"}],"wp:attachment":[{"href":"https:\/\/webs.uab.cat\/simposi\/en\/wp-json\/wp\/v2\/media?parent=50"}],"curies":[{"name":"wp","href":"https:\/\/api.w.org\/{rel}","templated":true}]}}