{"id":99,"date":"2017-02-06T11:17:41","date_gmt":"2017-02-06T09:17:41","guid":{"rendered":"https:\/\/webs.uab.cat\/simposi\/plenary-sessions2018\/"},"modified":"2017-02-06T11:17:41","modified_gmt":"2017-02-06T09:17:41","slug":"plenary-sessions2018","status":"publish","type":"page","link":"https:\/\/webs.uab.cat\/simposi\/en\/plenary-sessions2018\/","title":{"rendered":"Plenary Sessions"},"content":{"rendered":"<p><img decoding=\"async\" alt=\"\u00d3scar Jim\u00e9nez Serrano\" src=\"http:\/\/pagines.uab.cat\/simposi\/sites\/pagines.uab.cat.simposi\/files\/oscar-jimenez-serrano.jpg\" style=\"float:left\" \/><\/p>\n<p class=\"rtejustify\">&nbsp;<\/p>\n<p class=\"rtejustify\"><strong>\u00d3scar Jim\u00e9nez Serrano<\/strong><br \/>\nUniversidad de Granada&nbsp;<br \/>\nTitle: <strong><span style=\"font-family:cambria,serif; font-size:12.0pt\">Conference interpreting research as a bridge between training and the profession <\/span><\/strong><\/p>\n<p>In the last few years, conference interpreting has experienced an outstanding development as an independent research domain, and it can even be regarded as one of the main research areas within the general field of Translation and Interpreting Studies.<\/p>\n<p>Relevant research has been carried out through different approaches, although some of them must be highlighted, such as neurolinguistic aspects, cognitive and psycholinguistic models, quality in interpreting, interpreter\u2019s skills, intercultural and communicative aspects, etc. Specific studies have also been aimed at certain interpreting environments such as media and court interpreting.<\/p>\n<p>Likewise, interpreter training has indeed become one of the main fields of research within this domain. In fact, researchers have even studied the interaction between training and research. All this has provided interpreting trainers with more systematic and efficient pedagogic tools, primarily through Computer Assisted Interpreter Training (CAIT).<\/p>\n<p>Technology is precisely the element that stands out from the rest, and it is observed from two main perspectives: technologies to improve interpreting performance and technologies designed to replace human interpreters. Remote conference interpreting, in particular, has become the hottest topic in every discussion forum today and is actually the biggest paradigm shift since Nuremberg.<\/p>\n<p class=\"rtejustify\">In view of all this, we need to understand the connection between research, training and the profession in conference interpreting.<\/p>\n<p><span style=\"color:black; font-family:calibri light,sans-serif\">&nbsp;<\/span>&#8212;&#8212;&#8212;&#8212;&#8212;&#8212;&#8212;<\/p>\n<p><span style=\"color:black; font-family:calibri light,sans-serif; font-size:11.0pt\">\u00d3scar Jim\u00e9nez Serrano is Senior Lecturer at&nbsp;the Faculty of Translation and Interpreting and Head of the Master\u2019s programme in Conference Interpreting at the University of Granada. He defended his PhD thesis with honours. He has published about 60 specialized articles and books in English and Spanish (in Argentina, Germany, Belgium, Spain, France, Italy and Peru), including the only existing monograph on English-Spanish technical translation, <em>La traducci\u00f3n t\u00e9cnica ingl\u00e9s-espa\u00f1ol<\/em> (2002), which is recommended in both Spanish and foreign translation training centres. He carried out research and teaching in numerous Spanish universities and internationally, in Austria, Belgium, Denmark, USA, France, Greece, Ireland, UK and New Zealand. He was a Visiting Scholar at UC Berkeley in the USA and a Visiting Professor in MA in Conference Interpreting at the Middlebury Institute of International Studies at Monterey (California, USA), most renowned formation centre for interpreters in the USA. He participated in the projects CEVU (Collaborative Virtual European University) and OPTIMALE (Optimising Professional Translator Training in a Multilingual Europe). He has almost 30 years of professional experience as a translator <\/span><span style=\"font-family:calibri light,sans-serif; font-size:11.0pt\">and interpreter for leading institutions (European Union, United Nations, Interpol, Olympic Committee), organizations (UNESCO) and companies (Microsoft, Vodafone, Santander Bank, AT&amp;T, Pfizer) worldwide, which allowed him to work in Europe, Africa, Near East, America and Asia. His work has been broadcast on the radio and television and, over the past 12 years, he has been part of the interpreting team of Spain\u2019s Princess of Asturias Foundation created by King Felipe VI. He has interpreted some of the most influential people worldwide: monarchs, presidents, Nobel laureates, leaders of the biggest tech companies (Microsoft, Google, Twitter) as well as renowned artists, writers and sport celebrities. In the last years, his main teaching and research field of expertise was centered on the intersection of interpreting and new technologies. He has been invited to give workshops and specialized seminars on the subject in various Spanish and European institutions, including Imperial College London, University College London and Association of Conference Interpreters of Spain.<\/span><\/p>\n","protected":false},"excerpt":{"rendered":"<p>&nbsp; \u00d3scar Jim\u00e9nez Serrano Universidad de Granada&nbsp; Title: Conference interpreting research as a bridge between training and the profession In the last few years, conference interpreting has experienced an outstanding development as an independent research domain, and it can even be regarded as one of the main research areas within the general field of Translation [&hellip;]<\/p>\n","protected":false},"author":20,"featured_media":0,"parent":0,"menu_order":0,"comment_status":"closed","ping_status":"closed","template":"","meta":{"footnotes":""},"class_list":["post-99","page","type-page","status-publish","hentry"],"_links":{"self":[{"href":"https:\/\/webs.uab.cat\/simposi\/en\/wp-json\/wp\/v2\/pages\/99","targetHints":{"allow":["GET"]}}],"collection":[{"href":"https:\/\/webs.uab.cat\/simposi\/en\/wp-json\/wp\/v2\/pages"}],"about":[{"href":"https:\/\/webs.uab.cat\/simposi\/en\/wp-json\/wp\/v2\/types\/page"}],"author":[{"embeddable":true,"href":"https:\/\/webs.uab.cat\/simposi\/en\/wp-json\/wp\/v2\/users\/20"}],"replies":[{"embeddable":true,"href":"https:\/\/webs.uab.cat\/simposi\/en\/wp-json\/wp\/v2\/comments?post=99"}],"version-history":[{"count":0,"href":"https:\/\/webs.uab.cat\/simposi\/en\/wp-json\/wp\/v2\/pages\/99\/revisions"}],"wp:attachment":[{"href":"https:\/\/webs.uab.cat\/simposi\/en\/wp-json\/wp\/v2\/media?parent=99"}],"curies":[{"name":"wp","href":"https:\/\/api.w.org\/{rel}","templated":true}]}}