{"id":1179,"date":"2024-07-04T13:45:36","date_gmt":"2024-07-04T11:45:36","guid":{"rendered":"https:\/\/webs.uab.cat\/simposi\/llibre-de-resums\/"},"modified":"2026-04-02T12:30:50","modified_gmt":"2026-04-02T10:30:50","slug":"llibre-de-resums","status":"publish","type":"page","link":"https:\/\/webs.uab.cat\/simposi\/es\/llibre-de-resums\/","title":{"rendered":"Libro de res\u00famenes"},"content":{"rendered":"\n<p class=\"has-text-align-center\">El libro de res\u00famenes estar\u00e1 disponible pr\u00f3ximamente.<\/p>\n","protected":false},"excerpt":{"rendered":"<p>El libro de res\u00famenes estar\u00e1 disponible pr\u00f3ximamente.<\/p>\n","protected":false},"author":103,"featured_media":0,"parent":0,"menu_order":0,"comment_status":"closed","ping_status":"closed","template":"","meta":{"footnotes":""},"class_list":["post-1179","page","type-page","status-publish","hentry"],"_links":{"self":[{"href":"https:\/\/webs.uab.cat\/simposi\/es\/wp-json\/wp\/v2\/pages\/1179","targetHints":{"allow":["GET"]}}],"collection":[{"href":"https:\/\/webs.uab.cat\/simposi\/es\/wp-json\/wp\/v2\/pages"}],"about":[{"href":"https:\/\/webs.uab.cat\/simposi\/es\/wp-json\/wp\/v2\/types\/page"}],"author":[{"embeddable":true,"href":"https:\/\/webs.uab.cat\/simposi\/es\/wp-json\/wp\/v2\/users\/103"}],"replies":[{"embeddable":true,"href":"https:\/\/webs.uab.cat\/simposi\/es\/wp-json\/wp\/v2\/comments?post=1179"}],"version-history":[{"count":5,"href":"https:\/\/webs.uab.cat\/simposi\/es\/wp-json\/wp\/v2\/pages\/1179\/revisions"}],"predecessor-version":[{"id":1727,"href":"https:\/\/webs.uab.cat\/simposi\/es\/wp-json\/wp\/v2\/pages\/1179\/revisions\/1727"}],"wp:attachment":[{"href":"https:\/\/webs.uab.cat\/simposi\/es\/wp-json\/wp\/v2\/media?parent=1179"}],"curies":[{"name":"wp","href":"https:\/\/api.w.org\/{rel}","templated":true}]}}