{"id":1191,"date":"2024-07-10T09:51:55","date_gmt":"2024-07-10T07:51:55","guid":{"rendered":"https:\/\/webs.uab.cat\/simposi\/presentacio-2023-2-2\/"},"modified":"2024-07-10T09:53:41","modified_gmt":"2024-07-10T07:53:41","slug":"presentacio-2023-2-2","status":"publish","type":"page","link":"https:\/\/webs.uab.cat\/simposi\/es\/presentacio-2023-2-2\/","title":{"rendered":"Presentaci\u00f3n 2024"},"content":{"rendered":"\n<p>La Universidad Aut\u00f3noma de Barcelona, a trav\u00e9s del Departamento de Traducci\u00f3n, Interpretaci\u00f3n y Estudios de Asia Oriental, organiza el XIV Simposio Internacional de J\u00f3venes Investigadores que se celebrar\u00e1 el d\u00eda 5 de julio de 2024 en la Facultad de Traducci\u00f3n e Interpretaci\u00f3n, en el campus de Bellaterra.&nbsp;<\/p>\n\n\n\n<p>El simposio tiene como objetivo promover la reflexi\u00f3n, el estudio y la investigaci\u00f3n y ofrecer la oportunidad de presentar sus trabajos a j\u00f3venes investigadores.&nbsp;<\/p>\n\n\n\n<p>Las lenguas del congreso ser\u00e1n el catal\u00e1n, el castellano y el ingl\u00e9s.&nbsp;<\/p>\n\n\n\n<p>El simposio ser\u00e1 presencial.<\/p>\n","protected":false},"excerpt":{"rendered":"<p>La Universidad Aut\u00f3noma de Barcelona, a trav\u00e9s del Departamento de Traducci\u00f3n, Interpretaci\u00f3n y Estudios de Asia Oriental, organiza el XIV Simposio Internacional de J\u00f3venes Investigadores que se celebrar\u00e1 el d\u00eda 5 de julio de 2024 en la Facultad de Traducci\u00f3n e Interpretaci\u00f3n, en el campus de Bellaterra.&nbsp; El simposio tiene como objetivo promover la reflexi\u00f3n, [&hellip;]<\/p>\n","protected":false},"author":103,"featured_media":0,"parent":0,"menu_order":0,"comment_status":"closed","ping_status":"closed","template":"","meta":{"footnotes":""},"class_list":["post-1191","page","type-page","status-publish","hentry"],"_links":{"self":[{"href":"https:\/\/webs.uab.cat\/simposi\/es\/wp-json\/wp\/v2\/pages\/1191","targetHints":{"allow":["GET"]}}],"collection":[{"href":"https:\/\/webs.uab.cat\/simposi\/es\/wp-json\/wp\/v2\/pages"}],"about":[{"href":"https:\/\/webs.uab.cat\/simposi\/es\/wp-json\/wp\/v2\/types\/page"}],"author":[{"embeddable":true,"href":"https:\/\/webs.uab.cat\/simposi\/es\/wp-json\/wp\/v2\/users\/103"}],"replies":[{"embeddable":true,"href":"https:\/\/webs.uab.cat\/simposi\/es\/wp-json\/wp\/v2\/comments?post=1191"}],"version-history":[{"count":2,"href":"https:\/\/webs.uab.cat\/simposi\/es\/wp-json\/wp\/v2\/pages\/1191\/revisions"}],"predecessor-version":[{"id":1194,"href":"https:\/\/webs.uab.cat\/simposi\/es\/wp-json\/wp\/v2\/pages\/1191\/revisions\/1194"}],"wp:attachment":[{"href":"https:\/\/webs.uab.cat\/simposi\/es\/wp-json\/wp\/v2\/media?parent=1191"}],"curies":[{"name":"wp","href":"https:\/\/api.w.org\/{rel}","templated":true}]}}